{"id":321,"date":"2016-03-24T12:44:59","date_gmt":"2016-03-24T12:44:59","guid":{"rendered":"http:\/\/uni.hi.is\/jtj\/?page_id=321"},"modified":"2022-01-30T16:20:52","modified_gmt":"2022-01-30T16:20:52","slug":"completed-phd-thesis","status":"publish","type":"page","link":"https:\/\/uni.hi.is\/jtj\/completed-phd-thesis\/","title":{"rendered":"Doktorsverkefnum loki\u00f0"},"content":{"rendered":"<p><\/p>\n<h1><\/h1>\n<p class=\"style19\"><a href=\"http:\/\/starfsfolk.khi.is\/gunn\/\" target=\"_blank\" rel=\"noopener\"><strong> <span class=\"style9\">Gunnhildur \u00d3skarsd\u00f3ttir<\/span><\/strong><\/a><span class=\"style9\">, v\u00f6rn \u00ed n\u00f3vember\u00a02006.<br \/>\nThe development of children\u2019s ideas about the body: How these ideas change in a teaching environment.<\/span><\/p>\n<p class=\"style19\"><strong><a href=\"https:\/\/uni.hi.is\/thuridur\/en\/\" target=\"_blank\" rel=\"noopener\"> <span class=\"style9\">\u00deur\u00ed\u00f0ur J\u00f3hannsd\u00f3ttir<\/span><\/a><\/strong> v\u00f6rn \u00ed desember<span class=\"style9\">\u00a02010.<br \/>\n<\/span> <a href=\"http:\/\/hdl.handle.net\/1946\/7119\"><span class=\"style9\"><em>Teacher education and school-based distance learning: Individual and systemic development in schools and a teacher education programme, <\/em>Kennaramenntun \u00ed fjarn\u00e1mi samhli\u00f0a kennslu \u00ed sk\u00f3la: Einstaklings\u00fer\u00f3un og kerfis\u00fer\u00f3un \u00ed sk\u00f3lum og kennaramenntun<\/span><\/a>.<\/p>\n<p class=\"style17\"><strong>Kolbr\u00fan \u00deorbj\u00f6rg P\u00e1lsd\u00f3ttir, <\/strong>completed Dec 2012. <i>Care, learning and leasure. The organisational identity of after-school centres for six to nine year old children in Reykjav\u00edk<\/i> [Umhyggja, n\u00e1m og t\u00f3mstundir: Hlutverk og sta\u00f0a fr\u00edstundaheimila fyrir sex til n\u00edu \u00e1ra b\u00f6rn \u00ed Reykjav\u00edk].<\/p>\n<p class=\"style17\"><strong>Anna \u00d3lafsd\u00f3ttir, <\/strong>v\u00f6rn \u00ed j\u00fan\u00ed\u00a02014. \u00a0<i>Academics\u2018 conceptions of \"good university teaching\" and perceived institutional and external effects on its implementation<\/i> [Hugmyndir h\u00e1sk\u00f3lakennara um \u201eg\u00f3\u00f0a h\u00e1sk\u00f3lakennslu\u201c og \u00fe\u00e6ttir innan og utan stofnunar sem \u00feeir telja a\u00f0 hafi \u00e1hrif \u00e1 hvernig kennslan fer fram () ].<\/p>\n<p class=\"style17\"><strong>\u00c1sr\u00fan Matth\u00edasd\u00f3ttir, <\/strong>v\u00f6rn \u00ed jan\u00faar 2015. After they turn on the screen. Use of information and communication technology in an upper secondary school in Iceland [Eftir a\u00f0 skj\u00e1rinn er r\u00e6stur. Notkun uppl\u00fdsinga og samskiptat\u00e6kni \u00ed framhaldssk\u00f3la \u00e1 \u00cdslandi].<\/p>\n<p><\/p>","protected":false},"excerpt":{"rendered":"<p>Gunnhildur \u00d3skarsd\u00f3ttir, v\u00f6rn \u00ed n\u00f3vember\u00a02006. The development of children\u2019s ideas about the body: How these ideas change in a teaching environment. \u00deur\u00ed\u00f0ur J\u00f3hannsd\u00f3ttir v\u00f6rn \u00ed desember\u00a02010. Teacher education and school-based distance learning: Individual and systemic development in schools and a &hellip; <a href=\"https:\/\/uni.hi.is\/jtj\/completed-phd-thesis\/\">Continue reading <span class=\"meta-nav\">&rarr;<\/span><\/a><\/p>\n","protected":false},"author":1403,"featured_media":0,"parent":0,"menu_order":0,"comment_status":"closed","ping_status":"closed","template":"","meta":{"footnotes":""},"class_list":["post-321","page","type-page","status-publish","hentry"],"_links":{"self":[{"href":"https:\/\/uni.hi.is\/jtj\/wp-json\/wp\/v2\/pages\/321","targetHints":{"allow":["GET"]}}],"collection":[{"href":"https:\/\/uni.hi.is\/jtj\/wp-json\/wp\/v2\/pages"}],"about":[{"href":"https:\/\/uni.hi.is\/jtj\/wp-json\/wp\/v2\/types\/page"}],"author":[{"embeddable":true,"href":"https:\/\/uni.hi.is\/jtj\/wp-json\/wp\/v2\/users\/1403"}],"replies":[{"embeddable":true,"href":"https:\/\/uni.hi.is\/jtj\/wp-json\/wp\/v2\/comments?post=321"}],"version-history":[{"count":11,"href":"https:\/\/uni.hi.is\/jtj\/wp-json\/wp\/v2\/pages\/321\/revisions"}],"predecessor-version":[{"id":873,"href":"https:\/\/uni.hi.is\/jtj\/wp-json\/wp\/v2\/pages\/321\/revisions\/873"}],"wp:attachment":[{"href":"https:\/\/uni.hi.is\/jtj\/wp-json\/wp\/v2\/media?parent=321"}],"curies":[{"name":"wp","href":"https:\/\/api.w.org\/{rel}","templated":true}]}}