{"id":623,"date":"2018-12-14T12:06:44","date_gmt":"2018-12-14T12:06:44","guid":{"rendered":"http:\/\/uni.hi.is\/jtj\/?page_id=623"},"modified":"2018-12-14T12:57:11","modified_gmt":"2018-12-14T12:57:11","slug":"utvarpsthaettir","status":"publish","type":"page","link":"https:\/\/uni.hi.is\/jtj\/utvarpsthaettir\/","title":{"rendered":"\u00datvarps\u00fe\u00e6ttir"},"content":{"rendered":"<p>Fr\u00e1 september 2018 fram \u00ed n\u00f3vember helga\u00f0i \u00c6var Kjartansson \u00fe\u00e6tti s\u00edna\u00a0<strong>Samtal,\u00a0<\/strong>\u00e1 R\u00e1s 1, R\u00daV, umr\u00e6\u00f0u um <strong>menntun og framt\u00ed\u00f0ina<\/strong>. H\u00e9r er v\u00edsa\u00f0 \u00ed \u00fe\u00e6ttina, sem voru 10 talsins.<\/p>\n<p>2. september 2018. Inngangur a\u00f0 \u00fe\u00e1ttar\u00f6\u00f0inni.\u00a0\u00a0<a href=\"https:\/\/www.podchaser.com\/podcasts\/samtal-495101\/episodes\/jon-torfi-jonasson-31152256\">Vi\u00f0m\u00e6landi J\u00f3n Torfi J\u00f3nasson<\/a><\/p>\n<p>9. september 2018. R\u00e6tt um menntun og atvinnul\u00edf. <a href=\"https:\/\/www.podchaser.com\/podcasts\/samtal-495101\/episodes\/menntun-og-atvinnulif-31344850\">Vi\u00f0m\u00e6lendur Elsa Er\u00edksd\u00f3ttir, Gu\u00f0mundur Hei\u00f0ar Fr\u00edmannsson og Sigur\u00f0ur J\u00f3hannesson<\/a>.<\/p>\n<p>16. september 2018. T\u00e6kni og menntun, me\u00f0 \u00e1herslu \u00e1 gervigreind. <a href=\"https:\/\/www.podchaser.com\/podcasts\/samtal-495101\/episodes\/kristinn-rthorisson-professor-31598630\">Vi\u00f0m\u00e6landi Kristinn \u00de\u00f3risson.<\/a><\/p>\n<p>23. september 2018. Menntun og b\u00f6rn. <a href=\"https:\/\/www.podchaser.com\/podcasts\/samtal-495101\/episodes\/kristin-dyrfjord-32956230\">Vi\u00f0m\u00e6landi Krist\u00edn D\u00fdrfj\u00f6r\u00f0<\/a>.<\/p>\n<p>30. september 2018. Menntun og grunnsk\u00f3linn. <a href=\"https:\/\/www.podchaser.com\/podcasts\/samtal-495101\/episodes\/ingileif-astvaldsdottir-32956229\">Vi\u00f0m\u00e6landi Ingileif \u00c1stvaldsd\u00f3ttir<\/a>.<\/p>\n<p>7. okt\u00f3ber 2018. Menntun og jafnr\u00e6\u00f0i me\u00f0a \u00f3l\u00edkra nemenda. <a href=\"https:\/\/www.podchaser.com\/podcasts\/samtal-495101\/episodes\/berglind-ros-magnusdottir-32956227\">Vi\u00f0m\u00e6landi Berglind R\u00f3s Magn\u00fasd\u00f3ttir.<\/a><\/p>\n<p>14. okt\u00f3ber. Menntun, samskipti og borgarvitund. <a href=\"https:\/\/www.podchaser.com\/podcasts\/samtal-495101\/episodes\/sigrun-adalbjarnardottir-32956226\">Vi\u00f0m\u00e6landi Sigr\u00fan A\u00f0albjarnard\u00f3ttir<\/a>.<\/p>\n<p>21. okt\u00f3ber. Menntun, l\u00fd\u00f0r\u00e6\u00f0i og h\u00e1sk\u00f3lar. <a href=\"https:\/\/www.podchaser.com\/podcasts\/samtal-495101\/episodes\/sigurdur-kristinsson-32956225\">Vi\u00f0m\u00e6landi Sigur\u00f0ur Kristinsson<\/a>.<\/p>\n<p>28. okt\u00f3ber. Menntun og tungum\u00e1li\u00f0. <a href=\"https:\/\/www.podchaser.com\/podcasts\/samtal-495101\/episodes\/hrafnhildur-ragnarsdottir-33017584\">Vi\u00f0m\u00e6landi Hrafnhildur Ragnarsd\u00f3ttir<\/a>.<\/p>\n<p>4. n\u00f3vember. Menntun og sk\u00f3li - og framt\u00ed\u00f0in. <a href=\"https:\/\/www.podchaser.com\/podcasts\/samtal-495101\/episodes\/kolbrun-thorbjorg-palsdottir-33281097\">Vi\u00f0m\u00e6landi Kolbr\u00fan \u00deorbj\u00f6rg P\u00e1lsd\u00f3ttir<\/a>.<\/p>\n<p>&nbsp;<\/p>\n<p>Fyrr \u00fe\u00e1 r\u00e6ddi \u00e9g vi\u00f0 \u00c6var og \u00c1g\u00fast \u00de\u00f3r um menntun\u00a0\u00a0<span class=\"style22\"><strong>Um framt\u00ed\u00f0arhlutverk h\u00e1sk\u00f3la \u00ed l\u00fd\u00f0r\u00e6\u00f0is\u00fer\u00f3un.<\/strong>\u00a0<a href=\"http:\/\/podcast.ruv.is\/framtid_lydraedis\/2009.08.02.mp3\">2. \u00e1g\u00fast 2009. R\u00daV R\u00e1s 1<\/a>.\u00a0<\/span><span class=\"style23\">\u00a0<\/span><\/p>\n<p>Og vi\u00f0 \u00c6var og J\u00f3n Orm Halld\u00f3rsson.\u00a0<strong>Framt\u00ed\u00f0 menntakerfisins.<\/strong>\u00a0<a href=\"http:\/\/podcast.ruv.is\/landid_sem_ris\/Landi%C3%B0_J%C3%B3n_Torfi.mp3\">16. okt\u00f3ber 2011. R\u00daV R\u00e1s 1.\u00a0<\/a><span class=\"style23\">\u00a0<\/span><\/p>","protected":false},"excerpt":{"rendered":"<p>Fr\u00e1 september 2018 fram \u00ed n\u00f3vember helga\u00f0i \u00c6var Kjartansson \u00fe\u00e6tti s\u00edna\u00a0Samtal,\u00a0\u00e1 R\u00e1s 1, R\u00daV, umr\u00e6\u00f0u um menntun og framt\u00ed\u00f0ina. H\u00e9r er v\u00edsa\u00f0 \u00ed \u00fe\u00e6ttina, sem voru 10 talsins. 2. september 2018. Inngangur a\u00f0 \u00fe\u00e1ttar\u00f6\u00f0inni.\u00a0\u00a0Vi\u00f0m\u00e6landi J\u00f3n Torfi J\u00f3nasson 9. september 2018. &hellip; <a href=\"https:\/\/uni.hi.is\/jtj\/utvarpsthaettir\/\">Continue reading <span class=\"meta-nav\">&rarr;<\/span><\/a><\/p>\n","protected":false},"author":1403,"featured_media":0,"parent":0,"menu_order":0,"comment_status":"closed","ping_status":"closed","template":"","meta":{"footnotes":""},"class_list":["post-623","page","type-page","status-publish","hentry"],"_links":{"self":[{"href":"https:\/\/uni.hi.is\/jtj\/wp-json\/wp\/v2\/pages\/623","targetHints":{"allow":["GET"]}}],"collection":[{"href":"https:\/\/uni.hi.is\/jtj\/wp-json\/wp\/v2\/pages"}],"about":[{"href":"https:\/\/uni.hi.is\/jtj\/wp-json\/wp\/v2\/types\/page"}],"author":[{"embeddable":true,"href":"https:\/\/uni.hi.is\/jtj\/wp-json\/wp\/v2\/users\/1403"}],"replies":[{"embeddable":true,"href":"https:\/\/uni.hi.is\/jtj\/wp-json\/wp\/v2\/comments?post=623"}],"version-history":[{"count":7,"href":"https:\/\/uni.hi.is\/jtj\/wp-json\/wp\/v2\/pages\/623\/revisions"}],"predecessor-version":[{"id":631,"href":"https:\/\/uni.hi.is\/jtj\/wp-json\/wp\/v2\/pages\/623\/revisions\/631"}],"wp:attachment":[{"href":"https:\/\/uni.hi.is\/jtj\/wp-json\/wp\/v2\/media?parent=623"}],"curies":[{"name":"wp","href":"https:\/\/api.w.org\/{rel}","templated":true}]}}