{"id":632,"date":"2018-12-14T13:02:07","date_gmt":"2018-12-14T13:02:07","guid":{"rendered":"http:\/\/uni.hi.is\/jtj\/?page_id=632"},"modified":"2018-12-14T13:06:41","modified_gmt":"2018-12-14T13:06:41","slug":"til-minnis","status":"publish","type":"page","link":"https:\/\/uni.hi.is\/jtj\/til-minnis\/","title":{"rendered":"Til minnis"},"content":{"rendered":"<p><\/p>\n<div id=\"haus\"><\/div>\n<div id=\"innihald\">\n<div id=\"vdalkur\">\n<p>&nbsp;<\/p>\n<p><strong>Uppeldi og menntun 2011<\/strong><\/p>\n<p class=\"style33\" align=\"LEFT\"><span class=\"style9\">\"Samf\u00e9lagi\u00f0 ver\u00f0ur a\u00f0 gera upp vi\u00f0 sig til hvers sk\u00f3li er\"\u00a0\u00a0<\/span><a href=\"https:\/\/notendur.hi.is\/jtj\/greinar\/Vidtal%202011%20Uppeldi%20og%20menntun.pdf\">PDF<\/a><\/p>\n<\/div>\n<div id=\"mdalkur\">\n<p class=\"style32\"><a href=\"http:\/\/uni.hi.is\/jtj\/en\/\">See new web updated version<\/a>\u00a0- new web<\/p>\n<p class=\"style24\"><strong>Netla, jan\u00faar 2012,\u00a0<\/strong><a href=\"http:\/\/netla.khi.is\/greinar\/2012\/alm\/001.pdf\">Huglei\u00f0ingar um kennaramenntun.<\/a><\/p>\n<p class=\"style19\"><span class=\"style13\"><strong><span class=\"style16\"><span class=\"style9\">Uppeldi- og menntun<\/span><\/span><\/strong><\/span><strong><span class=\"style9\"><span class=\"style16\">,\u00a0<\/span>2011<\/span><\/strong><span class=\"style9\">,\u00a0<\/span><a href=\"https:\/\/notendur.hi.is\/jtj\/greinar\/Uppeldi%20og%20menntun%20SEJ%20JTJ%20vidtal%202011.pdf\"><span class=\"style9\">Vi\u00f0tal um menntam\u00e1l\u00a0<\/span><\/a><span class=\"style9\">- um hva\u00f0 sn\u00fdst menntun?<\/span><\/p>\n<p class=\"style17\"><span class=\"style13\"><strong><span class=\"style16\">Riti\u00f0<\/span><\/strong><\/span><strong><span class=\"style16\">,\u00a0<\/span>2011<\/strong>\u00a0<a href=\"https:\/\/notendur.hi.is\/jtj\/greinar\/Ritid%202011%20JTJ%20Haskolar%20og%20gagnryni.pdf\">grein um h\u00e1sk\u00f3la, akadem\u00edskt frelsi og gagnr\u00fdna \u00fej\u00f3\u00f0f\u00e9lagsumr\u00e6\u00f0u<\/a><\/p>\n<p class=\"style24\"><span class=\"style11\"><strong><span class=\"style16\">N\u00fdtt:\u00a0<span class=\"style29\">R\u00e1\u00f0stefnur og erindi<\/span><\/span><\/strong><\/span><\/p>\n<p class=\"style28\"><strong>The professional image and ethos of teachers \u2013 Why do we care, and what can it mean? An invited keynote at a conference: The professional image and ethos of teachers, organized by the PESTALOZZI Programme, 24-25 April 2014 - Council of Europe, in Strasbourg, France.<\/strong>\u00a0<strong><a href=\"https:\/\/notendur.hi.is\/jtj\/Erindi-ppt\/JTJ%202014%2004%20Strasbourg%20April%202014.pptx\">Gl\u00e6rur<\/a>.<a href=\"http:\/\/clients.dbee.com\/coe\/webcast\/index.php?id=20140424-1&amp;lang=lang\">Upptaka<\/a>\u00a0(fr\u00e1 24:00). See also\u00a0<a href=\"http:\/\/www.coe.int\/t\/dg4\/education\/pestalozzi\/Source\/Documentation\/T21\/FinRepEn.pdf\">this report\u00a0<\/a>and text on pp 5-10.<\/strong><\/p>\n<p class=\"style17\"><span class=\"style10\">Afm\u00e6lisfyrirlestur 29. sept 2011. Framt\u00ed\u00f0 menntunar.<\/span>\u00a0<span class=\"style10\"><strong><a href=\"https:\/\/notendur.hi.is\/jtj\/Erindi-ppt\/Framtid%20menntunar%20sept%202011.ppt\">Gl\u00e6rur JTJ<\/a>.\u00a0<a href=\"http:\/\/upptokur.hi.is\/player\/?r=25ad0940-ad66-4a46-a44c-4a6b82f960ab\">Upptaka<\/a>.<\/strong><\/span><\/p>\n<\/div>\n<div id=\"hdalkur\">\n<h1>Starfsmenntatorg,\u00a0<span class=\"style16\"><a href=\"http:\/\/starfsmenntun.menntamidja.is\/\">sj\u00e1 vef<\/a><\/span><\/h1>\n<p class=\"style17\">Umr\u00e6\u00f0a um starfsmenntun, sj\u00e1 einnig f\u00e9sb\u00f3kars\u00ed\u00f0a me\u00f0 sama heiti.<\/p>\n<h1>Ranns\u00f3knarstofa um h\u00e1sk\u00f3la,\u00a0<a href=\"http:\/\/vefir.hi.is\/ruh\/\"><span class=\"style16\">sj\u00e1 vef<\/span><\/a><\/h1>\n<p class=\"style17\"><strong>Umr\u00e6\u00f0a um h\u00e1sk\u00f3lam\u00e1l, sj\u00e1 n\u00e1nar undir\u00a0<a href=\"https:\/\/notendur.hi.is\/jtj\/vefurinn\/rannsoknir.html#Haskoli\">ranns\u00f3knir, h\u00e1sk\u00f3lastig<\/a><\/strong><\/p>\n<p class=\"style9\"><a href=\"http:\/\/www3.hi.is\/~jtj\/greinar\/Throun%20haskolastigsins%20Vidhorf%20Uppeldi%20og%20menntun%202005.pdf\"><strong>Hvert stefnir h\u00e1sk\u00f3lastigi\u00f0? Vilja allir vera eins?<\/strong><\/a><\/p>\n<h1>Fundar\u00f6\u00f0 um kennaramenntun<\/h1>\n<p class=\"style18\"><strong><span class=\"style11\"><span class=\"style25\">Sj\u00e1 v<\/span><\/span><\/strong><a href=\"http:\/\/vefir.hi.is\/kennaramenntun\/\"><strong><span class=\"style9\"><span class=\"style16\">ef um kennaramenntun<\/span>.<\/span><\/strong><\/a><span class=\"style9\">\u00a0 Erindi JTJ 26. apr\u00edl 2010.\u00a0<a href=\"https:\/\/notendur.hi.is\/jtj\/Erindi-ppt\/Atakaefni26-4-2010.ppt\">Gl\u00e6rur<\/a>.\u00a0<a href=\"https:\/\/notendur.hi.is\/jtj\/greinar\/Erindi%20um%20Kennaramenntun%20JTJ%2026-10-2010b.pdf\">Grein<\/a>.<\/span><\/p>\n<h1>Um kennaramenntun (eldri umr\u00e6\u00f0a um n\u00fdjar hugmyndir)<\/h1>\n<p class=\"style19\"><a href=\"https:\/\/notendur.hi.is\/jtj\/greinar\/JTJumKennaramenntunagust2007.pdf\"><span class=\"style9\">Vegna umr\u00e6\u00f0u um sameiningu H\u00cd og KH\u00cd set \u00e9g h\u00e9r<\/span><\/a><span class=\"style9\">\u00a0<\/span><a href=\"https:\/\/notendur.hi.is\/jtj\/greinar\/JTJumKennaramenntunagust2007.pdf\"><span class=\"style9\">fram nokkur grundvallarsj\u00f3narmi\u00f0<\/span><\/a><span class=\"style9\">\u00a0m\u00edn\u00a0<a href=\"https:\/\/notendur.hi.is\/jtj\/greinar\/JTJumKennaramenntunagust2007.pdf\">um kennaramenntun og sk\u00f3lastarf<\/a>.<\/span><\/p>\n<p class=\"style17\"><a href=\"https:\/\/notendur.hi.is\/jtj\/greinar\/Kennslumalanefnd1996.pdf\">Till\u00f6gur til umr\u00e6\u00f0u \u00ed H\u00cd um menntun kennara<\/a><a href=\"http:\/\/www3.hi.is\/~jtj\/greinar\/Kennslumalanefnd1996.pdf\">\u00ed st\u00e6r\u00f0fr\u00e6\u00f0i og n\u00e1tt\u00farufr\u00e6\u00f0i fr\u00e1 1992-1996. Yfirlit sent Sveinbirni Bj\u00f6rnssyni h\u00e1sk\u00f3larektor 1996.<\/a><\/p>\n<h1>Meistaraverkefni<\/h1>\n<p><a href=\"https:\/\/notendur.hi.is\/jtj\/vefurinn\/meistaranemendur.html\">Meistaraverkefni skrifu\u00f0 undir lei\u00f0s\u00f6gn J\u00f3ns Torfa<\/a>\u00a0(<a href=\"https:\/\/notendur.hi.is\/jtj\/vefurinn\/meistaranemendur.html\">sum verkefnin eru h\u00e9r \u00ed heild<\/a>).<\/p>\n<h1>Til MA-nemenda sem leita lei\u00f0sagnar JTJ:<\/h1>\n<p><a href=\"https:\/\/notendur.hi.is\/jtj\/kennsla\/ReglurMA-PhD.pdf\">Kr\u00f6fur til MA og PhD-nemenda<\/a><\/p>\n<h1>Kennsla<\/h1>\n<h1>Vefs\u00ed\u00f0ur nemenda ger\u00f0ar \u00ed n\u00e1mskei\u00f0um<\/h1>\n<p><a href=\"http:\/\/www3.hi.is\/~jtj\/vefsidurnemenda\/vefverkefni2004\/forsida.htm\">Mikilv\u00e6gir m\u00e1laflokkar<\/a>, Konur sinna menntam\u00e1lum,\u00a0<a href=\"http:\/\/www3.hi.is\/~jtj\/vefsidurnemenda\/artol\/forsida.htm\">Hva\u00f0 ger\u00f0ist \u00fea\u00f0 \u00e1ri\u00f0<\/a><\/p>\n<h1><\/h1>\n<\/div>\n<\/div>\n<p><\/p>","protected":false},"excerpt":{"rendered":"<p>&nbsp; Uppeldi og menntun 2011 \"Samf\u00e9lagi\u00f0 ver\u00f0ur a\u00f0 gera upp vi\u00f0 sig til hvers sk\u00f3li er\"\u00a0\u00a0PDF See new web updated version\u00a0- new web Netla, jan\u00faar 2012,\u00a0Huglei\u00f0ingar um kennaramenntun. Uppeldi- og menntun,\u00a02011,\u00a0Vi\u00f0tal um menntam\u00e1l\u00a0- um hva\u00f0 sn\u00fdst menntun? Riti\u00f0,\u00a02011\u00a0grein um h\u00e1sk\u00f3la, &hellip; <a href=\"https:\/\/uni.hi.is\/jtj\/til-minnis\/\">Continue reading <span class=\"meta-nav\">&rarr;<\/span><\/a><\/p>\n","protected":false},"author":1403,"featured_media":0,"parent":0,"menu_order":0,"comment_status":"closed","ping_status":"closed","template":"","meta":{"footnotes":""},"class_list":["post-632","page","type-page","status-publish","hentry"],"_links":{"self":[{"href":"https:\/\/uni.hi.is\/jtj\/wp-json\/wp\/v2\/pages\/632","targetHints":{"allow":["GET"]}}],"collection":[{"href":"https:\/\/uni.hi.is\/jtj\/wp-json\/wp\/v2\/pages"}],"about":[{"href":"https:\/\/uni.hi.is\/jtj\/wp-json\/wp\/v2\/types\/page"}],"author":[{"embeddable":true,"href":"https:\/\/uni.hi.is\/jtj\/wp-json\/wp\/v2\/users\/1403"}],"replies":[{"embeddable":true,"href":"https:\/\/uni.hi.is\/jtj\/wp-json\/wp\/v2\/comments?post=632"}],"version-history":[{"count":3,"href":"https:\/\/uni.hi.is\/jtj\/wp-json\/wp\/v2\/pages\/632\/revisions"}],"predecessor-version":[{"id":636,"href":"https:\/\/uni.hi.is\/jtj\/wp-json\/wp\/v2\/pages\/632\/revisions\/636"}],"wp:attachment":[{"href":"https:\/\/uni.hi.is\/jtj\/wp-json\/wp\/v2\/media?parent=632"}],"curies":[{"name":"wp","href":"https:\/\/api.w.org\/{rel}","templated":true}]}}