{"id":69,"date":"2016-01-20T11:31:22","date_gmt":"2016-01-20T11:31:22","guid":{"rendered":"http:\/\/uni.hi.is\/jtj\/?page_id=69"},"modified":"2016-02-02T22:27:26","modified_gmt":"2016-02-02T22:27:26","slug":"mmmm","status":"publish","type":"page","link":"https:\/\/uni.hi.is\/jtj\/research-interests-projects\/mmmm\/","title":{"rendered":"Starf og stefna grunda\u00f0 \u00e1 g\u00f6gnum e\u00f0a ranns\u00f3knum"},"content":{"rendered":"<p><\/p>\n<h2>Misskilningur \u00ed sumri \u00fatf\u00e6rslu hugmyndar um a\u00f0 stefna e\u00f0a starf eigi a\u00f0 byggjast \u00e1 ranns\u00f3knum<\/h2>\n<p>There is little disagreement that research and data are perhaps the most vital ingredients for the dynamics of educational progress. But, the successful use of either, requires \u2013 or rather demands - vision for education and the people involved and the societies they live in. It also demands imagination, insight, honesty and a deep understanding of the field or arena being developed. Also a thorough understanding of the essence of research and the nature, strengths and weaknesses of the available data and the context, in which it has been assembled, is also an absolute necessity. I am attempting to clarify these issues, <em>inter alia<\/em> given the current widespread infatuation with the \u201cwhat works\u201d movement.<\/p>","protected":false},"excerpt":{"rendered":"<p>Misskilningur \u00ed sumri \u00fatf\u00e6rslu hugmyndar um a\u00f0 stefna e\u00f0a starf eigi a\u00f0 byggjast \u00e1 ranns\u00f3knum There is little disagreement that research and data are perhaps the most vital ingredients for the dynamics of educational progress. But, the successful use of &hellip; <a href=\"https:\/\/uni.hi.is\/jtj\/research-interests-projects\/mmmm\/\">Continue reading <span class=\"meta-nav\">&rarr;<\/span><\/a><\/p>\n","protected":false},"author":1403,"featured_media":0,"parent":18,"menu_order":0,"comment_status":"closed","ping_status":"closed","template":"","meta":{"footnotes":""},"class_list":["post-69","page","type-page","status-publish","hentry"],"_links":{"self":[{"href":"https:\/\/uni.hi.is\/jtj\/wp-json\/wp\/v2\/pages\/69","targetHints":{"allow":["GET"]}}],"collection":[{"href":"https:\/\/uni.hi.is\/jtj\/wp-json\/wp\/v2\/pages"}],"about":[{"href":"https:\/\/uni.hi.is\/jtj\/wp-json\/wp\/v2\/types\/page"}],"author":[{"embeddable":true,"href":"https:\/\/uni.hi.is\/jtj\/wp-json\/wp\/v2\/users\/1403"}],"replies":[{"embeddable":true,"href":"https:\/\/uni.hi.is\/jtj\/wp-json\/wp\/v2\/comments?post=69"}],"version-history":[{"count":6,"href":"https:\/\/uni.hi.is\/jtj\/wp-json\/wp\/v2\/pages\/69\/revisions"}],"predecessor-version":[{"id":241,"href":"https:\/\/uni.hi.is\/jtj\/wp-json\/wp\/v2\/pages\/69\/revisions\/241"}],"up":[{"embeddable":true,"href":"https:\/\/uni.hi.is\/jtj\/wp-json\/wp\/v2\/pages\/18"}],"wp:attachment":[{"href":"https:\/\/uni.hi.is\/jtj\/wp-json\/wp\/v2\/media?parent=69"}],"curies":[{"name":"wp","href":"https:\/\/api.w.org\/{rel}","templated":true}]}}