{"id":25,"date":"2019-01-11T14:48:20","date_gmt":"2019-01-11T14:48:20","guid":{"rendered":"http:\/\/uni.hi.is\/jvannahl\/?page_id=25"},"modified":"2021-11-05T09:29:04","modified_gmt":"2021-11-05T09:29:04","slug":"education-positions","status":"publish","type":"page","link":"https:\/\/uni.hi.is\/jvannahl\/education-positions\/","title":{"rendered":"Education &amp; Positions"},"content":{"rendered":"<p>For a complete list of my current and former positions, including academic committees and councils as well as supervised (PhD) students, please get in touch with me.<\/p>\n<ul style=\"list-style-type: square\">\n<li><strong>Academy Member<\/strong>\n<ul style=\"list-style-type: circle\">\n<li><span style=\"font-size: 10pt\">Academy of Sciences and Letters, Agder, Norway since 2021<\/span><\/li>\n<\/ul>\n<\/li>\n<li><strong>D\u00f3sent\/Senior Lecturer\/Associate professor in medieval Iceland studies<\/strong>\n<ul style=\"list-style-type: circle\">\n<li><span style=\"font-size: 10pt\">Faculty of Icelandic and Comparative Cultural Studies, University of Iceland, since 2021<\/span><\/li>\n<\/ul>\n<\/li>\n<li><strong><span style=\"font-size: 12pt\">Postgraduate Diploma: Teaching Studies for Higher Education<\/span><\/strong>\n<ul style=\"list-style-type: circle\">\n<li><span style=\"font-size: 10pt\">University of Iceland, School of Education, Iceland, 2019-2021 (<a href=\"https:\/\/ugla.hi.is\/kennsluskra\/index.php?tab=nam&amp;chapter=namsleid&amp;id=820061_20186&amp;kennsluar=2018\">read more<\/a>)<\/span><\/li>\n<\/ul>\n<\/li>\n<li><strong>PhD Supervisor Course 1, 2 &amp; 3<span style=\"font-size: 10pt\"> (<b>Centre for Teaching and Learning &amp; The Graduate School<\/b>)<\/span><\/strong>\n<ul style=\"list-style-type: circle\">\n<li><span style=\"font-size: 10pt\">Regulations and Standards for Doctoral Education (2020)<\/span><\/li>\n<li><span style=\"font-size: 10pt\">Roles and Interactions of Supervisors and Doctoral Students (2020)<br \/>\n<\/span><\/li>\n<li><span class=\"ITWTqi_23IoOPmK3O6ErT\" style=\"font-size: 10pt\">Challenges in Interaction of Supervisors and Docotral Students (2021)<br \/>\n<\/span><\/li>\n<\/ul>\n<\/li>\n<li><span style=\"font-size: 10pt\"><span style=\"font-size: 12pt\"><strong>Lektor\/Lecturer\/Assistant professor in medieval Iceland studies<\/strong><\/span><\/span>\n<ul style=\"list-style-type: circle\">\n<li><span style=\"font-size: 10pt\">Faculty of Icelandic and Comparative Cultural Studies, University of Iceland, 2019-2021<\/span><\/li>\n<\/ul>\n<\/li>\n<li><strong>Habilitation (Dr. phil. habil.)<\/strong>\n<ul style=\"list-style-type: circle\">\n<li><span style=\"font-size: 10pt\">Ludwig-Maximilians Universit\u00e4t M\u00fcnchen, Germany, 2018-2020 <\/span><a href=\"https:\/\/skandinavistik.org\/laufende-habilitationen\/\"><span style=\"font-size: 10pt\">(read more)<\/span><\/a><\/li>\n<\/ul>\n<\/li>\n<li><strong>Canvas Teacher<\/strong>\n<ul style=\"list-style-type: circle\">\n<li><span style=\"font-size: 10pt\">University of Iceland, School of Education, Iceland, 2019-2020<\/span><\/li>\n<\/ul>\n<\/li>\n<li><span style=\"font-size: 10pt\"><span style=\"font-size: 12pt\"><strong>Project manager: Viking and Medieval Norse Studies (VMNS\/MIS)<\/strong><\/span><\/span>\n<ul style=\"list-style-type: circle\">\n<li><span style=\"font-size: 10pt\">University of Iceland, 2018<\/span><\/li>\n<\/ul>\n<\/li>\n<li><span style=\"font-size: 10pt\"><span style=\"font-size: 12pt\"><strong> Non-tenured teacher<\/strong><\/span><\/span>\n<ul style=\"list-style-type: circle\">\n<li><span style=\"font-size: 10pt\">2015-2018: Faculty of Icelandic and Comparative Cultural Studies, University of Iceland<\/span><\/li>\n<li><span style=\"font-size: 10pt\">2012-2013: Rheinische Friedrich-Wilhelms-Universit\u00e4t Bonn, Germany<\/span><\/li>\n<\/ul>\n<\/li>\n<li><strong><span style=\"font-size: 12pt\">Postdoctoral Researcher <span style=\"font-size: 10pt\">(Recruitment Fund)<\/span><\/span><\/strong>\n<ul style=\"list-style-type: circle\">\n<li><span style=\"font-size: 10pt\">University of Iceland &amp; Stofnun \u00c1rna Magn\u00fassonar \u00ed <span class=\"st\">\u00edslenskum fr\u00e6\u00f0um, 2014-2017<\/span><\/span><\/li>\n<\/ul>\n<\/li>\n<li><strong>Dr. phil. <span style=\"font-size: 10pt\">(1. Scandinavian Studies; 2. Prehistoric and Early Historical Archaeology)<\/span><\/strong>\n<ul style=\"list-style-type: circle\">\n<li><span style=\"font-size: 10pt\">Ludwig-Maximilians Universit\u00e4t M\u00fcnchen, Germany, 2009\u20132012<\/span><\/li>\n<\/ul>\n<\/li>\n<li><strong>PhD-Fellow<\/strong>\n<ul style=\"list-style-type: circle\">\n<li><span style=\"font-size: 10pt\">Evangelisches Studienwerk Villigst, 2010-2012<\/span><\/li>\n<\/ul>\n<\/li>\n<li><strong>Magister Artium <span style=\"font-size: 10pt\">(1. Scandinavian Studies; 2. Prehistoric and Early Historical Archaeology; 3. Cultural Geography)<\/span><\/strong>\n<ul style=\"list-style-type: circle\">\n<li><span style=\"font-size: 10pt\">Rheinische Friedrich-Wilhelms-Universit\u00e4t Bonn, Germany, 2004\u20132009<\/span><\/li>\n<\/ul>\n<\/li>\n<li><span style=\"font-size: 12pt\"><strong> MA-Fellow<\/strong><\/span>\n<ul style=\"list-style-type: circle\">\n<li><span style=\"font-size: 10pt\">Studienstiftung des deutschen Volkes, 2007-2009<\/span><\/li>\n<\/ul>\n<\/li>\n<li><span style=\"font-size: 12pt\"><strong>Erasmus-Fellow<\/strong><\/span>\n<ul style=\"list-style-type: circle\">\n<li><span style=\"font-size: 10pt\">Uppsala Universitet, Sweden, 2006-2007<\/span><\/li>\n<\/ul>\n<\/li>\n<\/ul>\n<p>&nbsp;<\/p>\n","protected":false},"excerpt":{"rendered":"<p>For a complete list of my current and former positions, including academic committees and councils as well as supervised (PhD) students, please get in touch with me. Academy Member Academy of Sciences and Letters, Agder, Norway since 2021 D\u00f3sent\/Senior Lecturer\/Associate professor in medieval Iceland studies Faculty of Icelandic and Comparative Cultural Studies, University of Iceland, &hellip; <\/p>\n<p class=\"link-more\"><a href=\"https:\/\/uni.hi.is\/jvannahl\/education-positions\/\" class=\"more-link\">Continue reading<span class=\"screen-reader-text\"> \"Education &amp; Positions\"<\/span><\/a><\/p>\n","protected":false},"author":1502,"featured_media":0,"parent":0,"menu_order":0,"comment_status":"closed","ping_status":"closed","template":"","meta":{"footnotes":""},"class_list":["post-25","page","type-page","status-publish","hentry"],"_links":{"self":[{"href":"https:\/\/uni.hi.is\/jvannahl\/wp-json\/wp\/v2\/pages\/25","targetHints":{"allow":["GET"]}}],"collection":[{"href":"https:\/\/uni.hi.is\/jvannahl\/wp-json\/wp\/v2\/pages"}],"about":[{"href":"https:\/\/uni.hi.is\/jvannahl\/wp-json\/wp\/v2\/types\/page"}],"author":[{"embeddable":true,"href":"https:\/\/uni.hi.is\/jvannahl\/wp-json\/wp\/v2\/users\/1502"}],"replies":[{"embeddable":true,"href":"https:\/\/uni.hi.is\/jvannahl\/wp-json\/wp\/v2\/comments?post=25"}],"version-history":[{"count":39,"href":"https:\/\/uni.hi.is\/jvannahl\/wp-json\/wp\/v2\/pages\/25\/revisions"}],"predecessor-version":[{"id":800,"href":"https:\/\/uni.hi.is\/jvannahl\/wp-json\/wp\/v2\/pages\/25\/revisions\/800"}],"wp:attachment":[{"href":"https:\/\/uni.hi.is\/jvannahl\/wp-json\/wp\/v2\/media?parent=25"}],"curies":[{"name":"wp","href":"https:\/\/api.w.org\/{rel}","templated":true}]}}