{"id":10,"date":"2016-03-13T08:47:21","date_gmt":"2016-03-13T08:47:21","guid":{"rendered":"http:\/\/uni.hi.is\/kbjorns\/?page_id=10"},"modified":"2020-09-05T01:48:42","modified_gmt":"2020-09-05T01:48:42","slug":"heim","status":"publish","type":"page","link":"https:\/\/uni.hi.is\/kbjorns\/","title":{"rendered":"Heim"},"content":{"rendered":"<p><strong><a href=\"https:\/\/uni.hi.is\/kbjorns\/files\/2016\/03\/Krist\u00edn_Bj\u00f6rnsd\u00f3ttir.jpg\"><img loading=\"lazy\" decoding=\"async\" class=\"alignnone size-medium wp-image-55\" src=\"https:\/\/uni.hi.is\/kbjorns\/files\/2016\/03\/Krist\u00edn_Bj\u00f6rnsd\u00f3ttir-300x227.jpg\" alt=\"\" width=\"300\" height=\"227\" srcset=\"https:\/\/uni.hi.is\/kbjorns\/files\/2016\/03\/Krist\u00edn_Bj\u00f6rnsd\u00f3ttir-300x227.jpg 300w, https:\/\/uni.hi.is\/kbjorns\/files\/2016\/03\/Krist\u00edn_Bj\u00f6rnsd\u00f3ttir-768x581.jpg 768w, https:\/\/uni.hi.is\/kbjorns\/files\/2016\/03\/Krist\u00edn_Bj\u00f6rnsd\u00f3ttir-1024x774.jpg 1024w\" sizes=\"auto, (max-width: 300px) 100vw, 300px\" \/><\/a><\/strong><\/p>\n<p><strong>Dr. Krist\u00edn Bj\u00f6rnsd\u00f3ttir<\/strong> is a Professor of Disability Studies,<br \/>\nFaculty of Education Studies, School of Education, University of Iceland.<\/p>\n<p><strong>Short CV:<\/strong><\/p>\n<blockquote><p>2018 Professor of Disability Studies in Education, School of Education, University of Iceland<\/p>\n<p>2015 - 2018 Associate Professor in Disability Studies, School of Education, University of Iceland<\/p>\n<p>2016 - 2020 Program Coordinator of Special Education<\/p>\n<p>2010 - 2015 Assistant Professor in Disability Studies, School of Education, University of Iceland<\/p>\n<p>2011 - 2015 Program Coordinator of Vocational Diploma for People with Intellectual Disabilities, School of Education<\/p>\n<p>2015 Council for Disability Rights, University of Iceland<\/p>\n<p>2012 - 2014 Department Chair, Social Education, Faculty of Sport, Leisure Studies and Social Education, School of Education<\/p>\n<p>2014 Doctoral Board, School of Education, University of Iceland<\/p>\n<p>2009 - 2010 Adjunct Lecturer in Disability Studies, School of Social Sciences, University of Iceland<\/p>\n<p>2009 Doctoral Student, the Centre for Disability Studies, Eimskip University Fund, University of Iceland<\/p>\n<p>2008 Part-time lecturer, School of Education\/School of Social Sciences, University of Iceland<\/p>\n<p>2007 Visiting Researcher, Centre of Applied Disability Studies, the University of Sheffield<\/p>\n<p>2003-2006 Project Manager, Iceland University of Education Research Centre<\/p>\n<p>2003-2006 Part-time lecturer, Iceland University of Education<\/p><\/blockquote>\n<p><strong>Education:<\/strong><\/p>\n<blockquote><p>2005-2009 PhD in Disability Studies, University of Iceland<\/p>\n<p>2007 Disability Studies at the University of Sheffield<\/p>\n<p>1999-2002 MA in Education, University of Iceland<\/p>\n<p>1998-1999 Diploma for Teaching Certificate, University of Iceland<\/p>\n<p>1995-1998 BM in Music Therapy, East Carolina University<\/p><\/blockquote>\n<p><strong>Academic service:<\/strong><\/p>\n<blockquote><p>2019 Fagr\u00e1\u00f0 um kennaramenntun<\/p>\n<p>2019 Deputy Head of Faculty of Education and Diversity, School of Education, University of Iceland<\/p>\n<p>2017 Doctoral Board, School of Education, University of Iceland (alternate)<\/p>\n<p>2016 Committee on Vacations of Disabled People. Ministry of Welfare.<\/p>\n<p>2016 Doctoral Board, School of Education, University of Iceland<\/p>\n<p>2015- Executive Council of the Benefit Society for Children with Disabilities<\/p>\n<p>2015-2016 Elected board member of the Organisation of Disabled (People) in Iceland<\/p>\n<p>2013-2015 Appointed board member (The Benefit Society for Children with Disabilities) of the Organisation of Disabled (People) in Iceland<\/p>\n<p>2014 Doctoral Board, School of Education, University of Iceland<\/p>\n<p>2013-2014 Committee on F2 Prejudice and social exclusion\/Plan of Action on Disabled Persons' Affairs until 2014. Ministry of Welfare.<\/p>\n<p>2009-2911 Associate Board member of the Nordic Network for Disability Research (NNDR)<\/p><\/blockquote>\n<hr \/>\n<p>Prof. Krist\u00edn Bj\u00f6rnsd\u00f3ttir<br \/>\nUniversity of Iceland<br \/>\nSchool of Education<br \/>\nv\/ Stakkahl\u00ed\u00f0<br \/>\n105 Reykjav\u00edk<br \/>\nIceland<\/p>\n<p>Phone: +354-525-5379<br \/>\nEmail: kbjorns@hi.is<\/p>\n","protected":false},"excerpt":{"rendered":"<p>Dr. Krist\u00edn Bj\u00f6rnsd\u00f3ttir is a Professor of Disability Studies, Faculty of Education Studies, School of Education, University of Iceland. Short CV: 2018 Professor of Disability Studies in Education, School of Education, University of Iceland 2015 - 2018 Associate Professor in Disability Studies, School of Education, University of Iceland 2016 - 2020 Program Coordinator of Special [&hellip;]<\/p>\n","protected":false},"author":1154,"featured_media":0,"parent":0,"menu_order":0,"comment_status":"closed","ping_status":"closed","template":"","meta":{"footnotes":""},"class_list":["post-10","page","type-page","status-publish","hentry"],"_links":{"self":[{"href":"https:\/\/uni.hi.is\/kbjorns\/wp-json\/wp\/v2\/pages\/10","targetHints":{"allow":["GET"]}}],"collection":[{"href":"https:\/\/uni.hi.is\/kbjorns\/wp-json\/wp\/v2\/pages"}],"about":[{"href":"https:\/\/uni.hi.is\/kbjorns\/wp-json\/wp\/v2\/types\/page"}],"author":[{"embeddable":true,"href":"https:\/\/uni.hi.is\/kbjorns\/wp-json\/wp\/v2\/users\/1154"}],"replies":[{"embeddable":true,"href":"https:\/\/uni.hi.is\/kbjorns\/wp-json\/wp\/v2\/comments?post=10"}],"version-history":[{"count":9,"href":"https:\/\/uni.hi.is\/kbjorns\/wp-json\/wp\/v2\/pages\/10\/revisions"}],"predecessor-version":[{"id":87,"href":"https:\/\/uni.hi.is\/kbjorns\/wp-json\/wp\/v2\/pages\/10\/revisions\/87"}],"wp:attachment":[{"href":"https:\/\/uni.hi.is\/kbjorns\/wp-json\/wp\/v2\/media?parent=10"}],"curies":[{"name":"wp","href":"https:\/\/api.w.org\/{rel}","templated":true}]}}