{"id":123,"date":"2021-03-09T19:22:26","date_gmt":"2021-03-09T19:22:26","guid":{"rendered":"https:\/\/uni.hi.is\/kbjorns\/?page_id=123"},"modified":"2022-05-13T20:50:25","modified_gmt":"2022-05-13T20:50:25","slug":"projects","status":"publish","type":"page","link":"https:\/\/uni.hi.is\/kbjorns\/projects\/","title":{"rendered":"Projects"},"content":{"rendered":"<p>F\u00f6tlun \u00e1 t\u00edmum faraldurs: <a href=\"https:\/\/sway.office.com\/WFiv1gIBWp68p9Ay?ref=Link\">https:\/\/sway.office.com\/WFiv1gIBWp68p9Ay?ref=Link<\/a><\/p>\n","protected":false},"excerpt":{"rendered":"<p>F\u00f6tlun \u00e1 t\u00edmum faraldurs: https:\/\/sway.office.com\/WFiv1gIBWp68p9Ay?ref=Link<\/p>\n","protected":false},"author":1154,"featured_media":0,"parent":0,"menu_order":0,"comment_status":"closed","ping_status":"closed","template":"","meta":{"footnotes":""},"class_list":["post-123","page","type-page","status-publish","hentry"],"_links":{"self":[{"href":"https:\/\/uni.hi.is\/kbjorns\/wp-json\/wp\/v2\/pages\/123","targetHints":{"allow":["GET"]}}],"collection":[{"href":"https:\/\/uni.hi.is\/kbjorns\/wp-json\/wp\/v2\/pages"}],"about":[{"href":"https:\/\/uni.hi.is\/kbjorns\/wp-json\/wp\/v2\/types\/page"}],"author":[{"embeddable":true,"href":"https:\/\/uni.hi.is\/kbjorns\/wp-json\/wp\/v2\/users\/1154"}],"replies":[{"embeddable":true,"href":"https:\/\/uni.hi.is\/kbjorns\/wp-json\/wp\/v2\/comments?post=123"}],"version-history":[{"count":4,"href":"https:\/\/uni.hi.is\/kbjorns\/wp-json\/wp\/v2\/pages\/123\/revisions"}],"predecessor-version":[{"id":145,"href":"https:\/\/uni.hi.is\/kbjorns\/wp-json\/wp\/v2\/pages\/123\/revisions\/145"}],"wp:attachment":[{"href":"https:\/\/uni.hi.is\/kbjorns\/wp-json\/wp\/v2\/media?parent=123"}],"curies":[{"name":"wp","href":"https:\/\/api.w.org\/{rel}","templated":true}]}}