{"id":11,"date":"2016-08-21T18:10:58","date_gmt":"2016-08-21T18:10:58","guid":{"rendered":"http:\/\/uni.hi.is\/khschram\/?page_id=11"},"modified":"2016-09-06T12:34:20","modified_gmt":"2016-09-06T12:34:20","slug":"rannsoknir","status":"publish","type":"page","link":"https:\/\/uni.hi.is\/khschram\/rannsoknir\/","title":{"rendered":"Ranns\u00f3knir"},"content":{"rendered":"<p>Helsta ranns\u00f3knarsvi\u00f0 Kristins\u00a0er \u00fej\u00f3\u00f0fr\u00e6\u00f0i \u00ed \u00fever\u00fej\u00f3\u00f0legum samskiptum og \u00fej\u00f3\u00f0ernislegum sj\u00e1lfsmyndum. \u00cd ranns\u00f3knum hans er fr\u00e1sagnar- og efnismenning hreyfanlegra h\u00f3pa \u00ed borgum Vestur-Evr\u00f3pu og \u00e1 vestnorr\u00e6na sv\u00e6\u00f0inu sko\u00f0u\u00f0 \u00ed menningarlegu samhengi \u00ed tengslum vi\u00f0 menningarp\u00f3lit\u00edk \u00edslenskrar \u00fatr\u00e1sar, efnahagshruns og nor\u00f0ursl\u00f3\u00f0astefnu. Etn\u00f3graf\u00edskar ranns\u00f3knir Kristins taka mi\u00f0 af hlj\u00f3\u00f0-og sj\u00f3nr\u00e6\u00f0um a\u00f0fer\u00f0um og kenningum. \u00a0Kristinn hefur umsj\u00f3n me\u00f0 ranns\u00f3knum, \u00fatg\u00e1fu, vi\u00f0bur\u00f0um og tengslanetum \u00e1 svi\u00f0i nor\u00f0ursl\u00f3\u00f0a me\u00f0 \u00e1herslu \u00e1 samf\u00e9lag, menningu og stefnum\u00f3tun.<\/p>\n","protected":false},"excerpt":{"rendered":"<p>Helsta ranns\u00f3knarsvi\u00f0 Kristins\u00a0er \u00fej\u00f3\u00f0fr\u00e6\u00f0i \u00ed \u00fever\u00fej\u00f3\u00f0legum samskiptum og \u00fej\u00f3\u00f0ernislegum sj\u00e1lfsmyndum. \u00cd ranns\u00f3knum hans er fr\u00e1sagnar- og efnismenning hreyfanlegra h\u00f3pa \u00ed borgum Vestur-Evr\u00f3pu og \u00e1 vestnorr\u00e6na sv\u00e6\u00f0inu sko\u00f0u\u00f0 \u00ed menningarlegu samhengi \u00ed tengslum vi\u00f0 menningarp\u00f3lit\u00edk \u00edslenskrar \u00fatr\u00e1sar, efnahagshruns og nor\u00f0ursl\u00f3\u00f0astefnu. Etn\u00f3graf\u00edskar &hellip; <a href=\"https:\/\/uni.hi.is\/khschram\/rannsoknir\/\">Halda \u00e1fram a\u00f0 lesa <span class=\"meta-nav\">&rarr;<\/span><\/a><\/p>\n","protected":false},"author":1390,"featured_media":0,"parent":0,"menu_order":0,"comment_status":"closed","ping_status":"closed","template":"","meta":{"footnotes":""},"class_list":["post-11","page","type-page","status-publish","hentry"],"_links":{"self":[{"href":"https:\/\/uni.hi.is\/khschram\/wp-json\/wp\/v2\/pages\/11","targetHints":{"allow":["GET"]}}],"collection":[{"href":"https:\/\/uni.hi.is\/khschram\/wp-json\/wp\/v2\/pages"}],"about":[{"href":"https:\/\/uni.hi.is\/khschram\/wp-json\/wp\/v2\/types\/page"}],"author":[{"embeddable":true,"href":"https:\/\/uni.hi.is\/khschram\/wp-json\/wp\/v2\/users\/1390"}],"replies":[{"embeddable":true,"href":"https:\/\/uni.hi.is\/khschram\/wp-json\/wp\/v2\/comments?post=11"}],"version-history":[{"count":6,"href":"https:\/\/uni.hi.is\/khschram\/wp-json\/wp\/v2\/pages\/11\/revisions"}],"predecessor-version":[{"id":99,"href":"https:\/\/uni.hi.is\/khschram\/wp-json\/wp\/v2\/pages\/11\/revisions\/99"}],"wp:attachment":[{"href":"https:\/\/uni.hi.is\/khschram\/wp-json\/wp\/v2\/media?parent=11"}],"curies":[{"name":"wp","href":"https:\/\/api.w.org\/{rel}","templated":true}]}}