{"id":16,"date":"2016-08-21T18:20:13","date_gmt":"2016-08-21T18:20:13","guid":{"rendered":"http:\/\/uni.hi.is\/khschram\/?page_id=16"},"modified":"2016-09-06T16:45:40","modified_gmt":"2016-09-06T16:45:40","slug":"baekur-og-greinar","status":"publish","type":"page","link":"https:\/\/uni.hi.is\/khschram\/baekur-og-greinar\/","title":{"rendered":"B\u00e6kur og greinar"},"content":{"rendered":"<p>&nbsp;<\/p>\n<h1>Riti\u00f0:1\/2015<\/h1>\n<hgroup>\n<h1 class=\"page-header product-title\"><a href=\"http:\/\/uni.hi.is\/khschram\/files\/2016\/08\/Screenshot-2016-09-06-15.33.22.png\"><img loading=\"lazy\" decoding=\"async\" class=\"size-medium wp-image-100 alignleft\" src=\"http:\/\/uni.hi.is\/khschram\/files\/2016\/08\/Screenshot-2016-09-06-15.33.22-195x300.png\" alt=\"Screenshot 2016-09-06 15.33.22\" width=\"195\" height=\"300\" srcset=\"https:\/\/uni.hi.is\/khschram\/files\/2016\/08\/Screenshot-2016-09-06-15.33.22-195x300.png 195w, https:\/\/uni.hi.is\/khschram\/files\/2016\/08\/Screenshot-2016-09-06-15.33.22.png 282w\" sizes=\"auto, (max-width: 195px) 100vw, 195px\" \/><\/a>\u00a0Tv\u00eds\u00e6i\/\u00edron\u00eda\/launh\u00e6\u00f0ni\/ kaldh\u00e6\u00f0ni\/\u00f3l\u00edkindi<\/h1>\n<h2 class=\"page-header product-title\">Ritstj\u00f3rar: Kristinn Schram og J\u00f3n \u00d3lafsson<\/h2>\n<\/hgroup>\n<h2><\/h2>\n<p><a href=\"http:\/\/hugras.is\/2016\/05\/ritid12015-tvisaei-ironia-launhaedni-kaldhaedni-olikindi\/\">Sj\u00e1 umfj\u00f6llun \u00e1 Hugr\u00e1s<\/a><\/p>\n<p>&nbsp;<\/p>\n<p>&nbsp;<\/p>\n<hgroup>\n<h2 class=\"page-header product-title\"><a href=\"https:\/\/www.routledge.com\/Performing-Nordic-Heritage-Everyday-Practices-and-Institutional-Culture\/Graden-Aronsson\/p\/book\/9781409448341\">Performing Nordic Heritage<\/a><\/h2>\n<\/hgroup>\n<hgroup>\n<h1 class=\"page-header product-title\"><a href=\"http:\/\/uni.hi.is\/khschram\/files\/2016\/08\/9781409448341.jpg\"><img loading=\"lazy\" decoding=\"async\" class=\"size-medium wp-image-78 alignleft\" src=\"http:\/\/uni.hi.is\/khschram\/files\/2016\/08\/9781409448341-198x300.jpg\" alt=\"9781409448341\" width=\"198\" height=\"300\" srcset=\"https:\/\/uni.hi.is\/khschram\/files\/2016\/08\/9781409448341-198x300.jpg 198w, https:\/\/uni.hi.is\/khschram\/files\/2016\/08\/9781409448341.jpg 280w\" sizes=\"auto, (max-width: 198px) 100vw, 198px\" \/><\/a><\/h1>\n<h2 class=\"product-subtitle\">Everyday Practices and Institutional Culture<\/h2>\n<\/hgroup>\n<p>Edited by Peter Aronsson and Lizette Grad\u00e9n<\/p>\n<div id=\"productDetailsImg\" class=\"col-sm-8 col-md-5\">\n<p><abbr title=\"Copyright\">\u00a9<\/abbr> 2013 \u2013 Routledge<\/p>\n<p>368 pages<\/p>\n<p>&nbsp;<\/p>\n<\/div>\n<p>&nbsp;<\/p>\n<p><em>Reviewed by<\/em><\/p>\n<div class=\"contrib\"><a href=\"https:\/\/muse.jhu.edu\/results?searchtype=regular&amp;filtered_content=author&amp;search_term=%22Timothy%20R.%20Tangherlini%22\">Timothy R. Tangherlini<\/a><\/div>\n<div class=\"contrib\">\"In the next chapter, by Katla Kjartansd\u00f3ttir and Kristinn Schram, the focus shifts to Icelanders \u201cabroad\u201d and how they negotiate their positionality as slightly exotic outsiders even in other Nordic countries such as Denmark. The discussions of food and the practice of navigation in the urban\/suburban environment are intriguing\u2014even amusing\u2014highlighting the differential understanding of the Nordic among people from different countries...<\/div>\n<div class=\"contrib\">\n<hr \/>\n<\/div>\n<div class=\"book_info\">\n<h1 class=\"title\"><a href=\"http:\/\/www.akademia.is\/images\/stories\/pdf\/ioftn.pdf\">Iceland and Images of the North<\/a><\/h1>\n<p class=\"author\">Edited by Sumarlidi Isleifsson<\/p>\n<p class=\"pubdate\">Publication Year: 2011<\/p>\n<div class=\"description\">With a radical<a href=\"http:\/\/www.akademia.is\/images\/stories\/pdf\/ioftn.pdf\"><img loading=\"lazy\" decoding=\"async\" class=\"size-medium wp-image-81 alignleft\" src=\"http:\/\/uni.hi.is\/khschram\/files\/2016\/08\/Screenshot-2016-09-05-23.53.14-232x300.png\" alt=\"Screenshot 2016-09-05 23.53.14\" width=\"232\" height=\"300\" srcset=\"https:\/\/uni.hi.is\/khschram\/files\/2016\/08\/Screenshot-2016-09-05-23.53.14-232x300.png 232w, https:\/\/uni.hi.is\/khschram\/files\/2016\/08\/Screenshot-2016-09-05-23.53.14.png 407w\" sizes=\"auto, (max-width: 232px) 100vw, 232px\" \/><\/a>ly changing world, cultural identity and images have emerged as one of the most challenging issues in the social and cultural sciences. These changes provide an occasion for a thorough reexamination of cultural, historical, political, and economic aspects of society. The INOR (Iceland and Images of the North) group is an interdisciplinary group of Icelandic and non-Icelandic scholars whose recent research on contemporary and historical images of Iceland and the North seeks to analyze the forms these images assume, as well as their function and dynamics. The 21 articles in this book allow readers to seize the variety and complexity of the issues related to images of Iceland.\u00a0<a href=\"http:\/\/inor.is\">See also project website<\/a><\/div>\n<\/div>\n<p class=\"publisher\">Published by: <a href=\"https:\/\/muse.jhu.edu\/browse\/publishers\/quebec\">Presses de l'Universit\u00e9 du Qu\u00e9bec<\/a><\/p>\n<p class=\"publisher\">Series: <a href=\"https:\/\/muse.jhu.edu\/browse\/series\/434\">Droit au P\u00f4le<\/a><\/p>\n<div class=\"navigation_tab_bar\"><\/div>\n<div class=\"navigation_tab_bar\"><\/div>\n<table style=\"height: 231px\" width=\"576\">\n<tbody>\n<tr>\n<td style=\"width: 0px\"><a href=\"http:\/\/uni.hi.is\/khschram\/files\/2016\/08\/1-829f95500e.jpg\"><img loading=\"lazy\" decoding=\"async\" class=\"alignnone size-medium wp-image-83\" src=\"http:\/\/uni.hi.is\/khschram\/files\/2016\/08\/1-829f95500e-209x300.jpg\" alt=\"1-829f95500e\" width=\"209\" height=\"300\" srcset=\"https:\/\/uni.hi.is\/khschram\/files\/2016\/08\/1-829f95500e-209x300.jpg 209w, https:\/\/uni.hi.is\/khschram\/files\/2016\/08\/1-829f95500e.jpg 630w\" sizes=\"auto, (max-width: 209px) 100vw, 209px\" \/><\/a><a href=\"http:\/\/uni.hi.is\/khschram\/files\/2016\/08\/1-829f95500e.jpg\"><img loading=\"lazy\" decoding=\"async\" class=\"alignnone size-medium wp-image-83\" src=\"http:\/\/uni.hi.is\/khschram\/files\/2016\/08\/1-829f95500e-209x300.jpg\" alt=\"1-829f95500e\" width=\"209\" height=\"300\" srcset=\"https:\/\/uni.hi.is\/khschram\/files\/2016\/08\/1-829f95500e-209x300.jpg 209w, https:\/\/uni.hi.is\/khschram\/files\/2016\/08\/1-829f95500e.jpg 630w\" sizes=\"auto, (max-width: 209px) 100vw, 209px\" \/><\/a><a href=\"http:\/\/uni.hi.is\/rastrick\/files\/2011\/07\/Fors%C3%AD%C3%B0a-1.jpg\"><img loading=\"lazy\" decoding=\"async\" class=\"wp-image-229 aligncenter\" src=\"http:\/\/uni.hi.is\/rastrick\/files\/2011\/07\/Fors%C3%AD%C3%B0a-1-203x300.jpg\" alt=\"Fors\u00ed\u00f0a 1\" width=\"155\" height=\"229\" \/><\/a><\/td>\n<td style=\"width: 542px\"><strong>Menningararfur \u00e1 \u00cdslandi: Gagnr\u00fdni og greining<\/strong><\/p>\n<p>Rits<a href=\"http:\/\/uni.hi.is\/khschram\/files\/2016\/08\/1-829f95500e.jpg\"><img loading=\"lazy\" decoding=\"async\" class=\"size-medium wp-image-83 alignleft\" src=\"http:\/\/uni.hi.is\/khschram\/files\/2016\/08\/1-829f95500e-209x300.jpg\" alt=\"1-829f95500e\" width=\"209\" height=\"300\" srcset=\"https:\/\/uni.hi.is\/khschram\/files\/2016\/08\/1-829f95500e-209x300.jpg 209w, https:\/\/uni.hi.is\/khschram\/files\/2016\/08\/1-829f95500e.jpg 630w\" sizes=\"auto, (max-width: 209px) 100vw, 209px\" \/><\/a>tj. \u00d3lafur Rastrick og Valdimar Tr. Hafstein.<br \/>\n\u00cd b\u00f3kinni spyrja fj\u00f3rt\u00e1n h\u00f6fundar gagnr\u00fdninna spurninga um menningararf, hvernig hann er nota\u00f0ur, af hverju og til hvers: Torfb\u00e6ir og timburh\u00fas, handrit og h\u00e1rlokkar, b\u00e1tar og b\u00faningar, s\u00farmatur og skyr, s\u00f6guskilti og s\u00f6gufr\u00e6gir kvensk\u00f6rungar. Hvernig stendur \u00e1 \u00fev\u00ed a\u00f0 sumu g\u00f6mlu er hampa\u00f0 sem \u00f3metanlegum menningararfi \u00e1 me\u00f0an anna\u00f0 er l\u00e9ttv\u00e6gt fundi\u00f0 og leyft a\u00f0 drabbast ni\u00f0ur?\u00a0 H\u00f6fundarnir l\u00fdsa menningararfi sem sameiningar- og sundrungarafli, hugtaki sem f\u00f3lk tekur til handargagns, hreyfiafli er dr\u00edfur \u00e1fram athafnir \u00feess, sj\u00f3narhorni \u00e1 daglegt l\u00edf og umhverfi, hugsj\u00f3n, au\u00f0lind og \u00fer\u00e6tuepli. <a href=\"http:\/\/haskolautgafan.hi.is\/\">http:\/\/haskolautgafan.hi.is\/<\/a><\/p>\n<p>EFNISYFIRLIT<\/p>\n<div class=\"ff1\"><span class=\"a\">Gagnr\u00fdnin menningararfsfr\u00e6\u00f0i\u00a0<\/span><span class=\"a\">Ranns\u00f3knarsvi\u00f0 \u00ed m\u00f3tun\u00a0<\/span><\/div>\n<div class=\"ff4\"><span class=\"a\">\u00d3lafur Rastrick og Valdimar Tr. Hafstein<\/span><\/div>\n<div class=\"ff1\"><span class=\"a\">Menning \u00ed \u00f6\u00f0ru veldi\u00a0<\/span><span class=\"a\">Skipan menningararfsins\u00a0<\/span><\/div>\n<div class=\"ff4\"><span class=\"a\">Valdimar Tr. Hafstein<\/span><\/div>\n<div class=\"ff1\"><span class=\"a\">\u00dej\u00f3\u00f0n\u00fdting menningararfsins\u00a0<\/span><span class=\"a\">Norr\u00e6n mi\u00f0aldamenning og<\/span><span class=\"a\">sk\u00f6pun n\u00fat\u00edma\u00fej\u00f3\u00f0ernis\u00a0<\/span><\/div>\n<div class=\"ff4\"><span class=\"a\">Gu\u00f0mundur H\u00e1lfdanarson<\/span><\/div>\n<div class=\"ff1\"><span class=\"a\">Breytileg merking menningararfs\u00a0<\/span><span class=\"a\">Skautb\u00faningurinn, konurnar, landi\u00f0 og \u00fej\u00f3\u00f0in\u00a0<\/span><\/div>\n<div class=\"ff4\"><span class=\"a\">Karl Aspelund<\/span><\/div>\n<div class=\"ff1\"><span class=\"a\">\u00cd h\u00fa\u00f0 og h\u00e1r\u00a0<\/span><span class=\"a\">Arfurinn, kvenleikinn og \u00f6gun l\u00edkamans\u00a0<\/span><\/div>\n<div class=\"ff4\"><span class=\"a\">\u00d3lafur Rastrick<\/span><\/div>\n<div class=\"ff1\"><span class=\"a\">\u201e\u00deetta er fyrir tv\u00f6hundru\u00f0 \u00e1rum!\u201c\u00a0<\/span><span class=\"a\">Um svi\u00f0setningu menningararfs\u00a0<\/span><\/div>\n<div class=\"ff4\"><span class=\"a\">Brynd\u00eds Bj\u00f6rgvinsd\u00f3ttir<\/span><\/div>\n<div class=\"ff1\"><span class=\"a\">Menningararfur \u00e1 skiltum\u00a0<\/span><span class=\"a\">G\u00f6mlum s\u00f6guskilningi hafna\u00f0 og li\ufb01r \u00fe\u00f3\u00a0<\/span><\/div>\n<div class=\"ff4\"><span class=\"a\">Helgi \u00deorl\u00e1ksson<\/span><\/div>\n<div class=\"ff1\"><span class=\"a\">Moldargreni og menningararfur\u00a0<\/span><span class=\"a\">\u00datr\u00fdming og ar\ufb02eif\u00f0 \u00edslenska b\u00e6jarins\u00a0<\/span><\/div>\n<div class=\"ff4\"><span class=\"a\">Sigurj\u00f3n Baldur Hafsteinsson<\/span><span class=\"a\">og Marta Gu\u00f0r\u00fan J\u00f3hannesd\u00f3ttir<\/span><\/div>\n<div class=\"ff1\"><span class=\"a\">\u00d3r\u00e6\u00f0ur arfur\u00a0<\/span><span class=\"a\">\u00dej\u00f3\u00f0- og kyngervi dullendunnar \u00ed nor\u00f0ri\u00a0<\/span><\/div>\n<div class=\"ff4\"><span class=\"a\">Katla Kjartansd\u00f3ttir og Kristinn Schram<\/span><\/div>\n<div class=\"ff1\"><span class=\"a\">R\u00f3b\u00f3tar og gamalt skyr\u00a0<\/span><span class=\"a\">Framlei\u00f0sla \u00e1 menningarar\ufb01 og sta\u00f0bundnum mat\u00a0<\/span><\/div>\n<div class=\"ff4\"><span class=\"a\">J\u00f3n \u00de\u00f3r P\u00e9tursson<\/span><\/div>\n<div class=\"ff1\"><span class=\"a\">\u00dej\u00f3\u00f0ard\u00fdrlingur heldur til R\u00f3mar\u00a0<\/span><span class=\"a\">Hagn\u00fdting Gu\u00f0r\u00ed\u00f0ar \u00deorbjarnard\u00f3ttur 1980\u20132011<\/span><\/div>\n<div class=\"ff4\"><span class=\"a\">Sigr\u00ed\u00f0ur Helga \u00deorsteinsd\u00f3ttir<\/span><\/div>\n<div class=\"ff1\"><span class=\"a\">Menningararfur \u00ed \u00f3lgusj\u00f3\u00a0<\/span><span class=\"a\">Norsku tein\u00e6ringarnir \u00d6rn og Hrafn\u00a0<\/span><\/div>\n<div class=\"ff4\"><span class=\"a\">\u00c1ki Gu\u00f0ni Karlsson<\/span><\/div>\n<div class=\"ff1\"><span class=\"a\">Athafnahyggja og menningararfur\u00a0<\/span><\/div>\n<div class=\"ff4\"><span class=\"a\">Tinna Gr\u00e9tarsd\u00f3ttir<\/span><\/div>\n<\/td>\n<\/tr>\n<\/tbody>\n<\/table>\n<h1 class=\"navigation_tab_bar\"><a href=\"http:\/\/www.kas.de\/lettland\/en\/publications\/37521\/\">Perceptions and Strategies of Arcticness in Sub-Arctic Europe\u00a0<\/a><\/h1>\n<p><a href=\"http:\/\/www.kas.de\/upload\/Publikationen\/2014\/Perceptions_and_Strategies_of_Arcticness_in_Sub-Arctic_Europe\/Perceptions_and_Strategies_of_Arcticness_in_Sub-Arctic_Europe_bailes_cela_kjartansdottir_scharm.pdf\"><img loading=\"lazy\" decoding=\"async\" class=\"size-medium wp-image-105 alignleft\" src=\"http:\/\/uni.hi.is\/khschram\/files\/2016\/08\/Screenshot-2016-09-06-16.19.00-254x300.png\" alt=\"Screenshot 2016-09-06 16.19.00\" width=\"254\" height=\"300\" srcset=\"https:\/\/uni.hi.is\/khschram\/files\/2016\/08\/Screenshot-2016-09-06-16.19.00-254x300.png 254w, https:\/\/uni.hi.is\/khschram\/files\/2016\/08\/Screenshot-2016-09-06-16.19.00.png 490w\" sizes=\"auto, (max-width: 254px) 100vw, 254px\" \/><\/a>Edited Andris Spr\u016bds and Toms Rostoks<\/p>\n<p>Latvian Institute of International Affairs, 2014. Supported by the Konrad Adenauer Stiftung<\/p>\n<p>&nbsp;<\/p>\n<p>&nbsp;<\/p>\n<p>&nbsp;<\/p>\n<p>&nbsp;<\/p>\n<p>&nbsp;<\/p>\n<h1><em>Landscape Research<\/em>. Vol. 40:1 (2015)<\/h1>\n<p><a href=\"http:\/\/www.tandfonline.com\/doi\/full\/10.1080\/01426397.2013.875987?scroll=top&amp;needAccess=true\"><img loading=\"lazy\" decoding=\"async\" class=\"size-medium wp-image-108 alignleft\" src=\"http:\/\/uni.hi.is\/khschram\/files\/2016\/08\/Screenshot-2016-09-06-16.38.38-229x300.png\" alt=\"Screenshot 2016-09-06 16.38.38\" width=\"229\" height=\"300\" srcset=\"https:\/\/uni.hi.is\/khschram\/files\/2016\/08\/Screenshot-2016-09-06-16.38.38-229x300.png 229w, https:\/\/uni.hi.is\/khschram\/files\/2016\/08\/Screenshot-2016-09-06-16.38.38.png 286w\" sizes=\"auto, (max-width: 229px) 100vw, 229px\" \/><\/a>\u201eSpeeding Towards the Future through the Past: Landscape, Movement and National Identity.\u201c Landscape Research. Vol. 40:1 (2015). Taylor and Francis.\u00a0Arnar \u00c1rnason, Tinna Gr\u00e9tarsd\u00f3ttir, Sigurj\u00f3n Baldur Hafsteinsson, Katla Kjartansd\u00f3ttir og Kristinn Schram<\/p>\n","protected":false},"excerpt":{"rendered":"<p>&nbsp; Riti\u00f0:1\/2015 \u00a0Tv\u00eds\u00e6i\/\u00edron\u00eda\/launh\u00e6\u00f0ni\/ kaldh\u00e6\u00f0ni\/\u00f3l\u00edkindi Ritstj\u00f3rar: Kristinn Schram og J\u00f3n \u00d3lafsson Sj\u00e1 umfj\u00f6llun \u00e1 Hugr\u00e1s &nbsp; &nbsp; Performing Nordic Heritage Everyday Practices and Institutional Culture Edited by Peter Aronsson and Lizette Grad\u00e9n \u00a9 2013 \u2013 Routledge 368 pages &nbsp; &nbsp; Reviewed &hellip; <a href=\"https:\/\/uni.hi.is\/khschram\/baekur-og-greinar\/\">Halda \u00e1fram a\u00f0 lesa <span class=\"meta-nav\">&rarr;<\/span><\/a><\/p>\n","protected":false},"author":1390,"featured_media":0,"parent":0,"menu_order":0,"comment_status":"closed","ping_status":"closed","template":"","meta":{"footnotes":""},"class_list":["post-16","page","type-page","status-publish","hentry"],"_links":{"self":[{"href":"https:\/\/uni.hi.is\/khschram\/wp-json\/wp\/v2\/pages\/16","targetHints":{"allow":["GET"]}}],"collection":[{"href":"https:\/\/uni.hi.is\/khschram\/wp-json\/wp\/v2\/pages"}],"about":[{"href":"https:\/\/uni.hi.is\/khschram\/wp-json\/wp\/v2\/types\/page"}],"author":[{"embeddable":true,"href":"https:\/\/uni.hi.is\/khschram\/wp-json\/wp\/v2\/users\/1390"}],"replies":[{"embeddable":true,"href":"https:\/\/uni.hi.is\/khschram\/wp-json\/wp\/v2\/comments?post=16"}],"version-history":[{"count":12,"href":"https:\/\/uni.hi.is\/khschram\/wp-json\/wp\/v2\/pages\/16\/revisions"}],"predecessor-version":[{"id":109,"href":"https:\/\/uni.hi.is\/khschram\/wp-json\/wp\/v2\/pages\/16\/revisions\/109"}],"wp:attachment":[{"href":"https:\/\/uni.hi.is\/khschram\/wp-json\/wp\/v2\/media?parent=16"}],"curies":[{"name":"wp","href":"https:\/\/api.w.org\/{rel}","templated":true}]}}