{"id":2,"date":"2015-09-14T16:13:10","date_gmt":"2015-09-14T16:13:10","guid":{"rendered":"http:\/\/uni.hi.is\/khschram\/?page_id=2"},"modified":"2016-08-22T01:15:20","modified_gmt":"2016-08-22T01:15:20","slug":"daemi-sida","status":"publish","type":"page","link":"https:\/\/uni.hi.is\/khschram\/daemi-sida\/","title":{"rendered":"\u00datgefi\u00f0 efni"},"content":{"rendered":"<p><em>Doktorsritger\u00f0: <\/em><\/p>\n<ul>\n<li><em>Borealism: Folkloristic Perspectives on Transnational Performances and the Exoticism of the North. <\/em>Edinburgh: The University of Edinburgh, 2010.<\/li>\n<\/ul>\n<p><em>Greinar og b\u00f3karkaflar: <\/em><\/p>\n<ul>\n<li>\u201e\u00d3r\u00e6\u00f0ur Arfur.\u201c <em>Menningararfur \u00e1 \u00cdslandi: gagnr\u00fdni og greining.<\/em> Valdimar Hafstein og \u00d3lafur Rastrick. Reykjav\u00edk: H\u00e1sk\u00f3la\u00fatg\u00e1fan, 2015. (Me\u00f0h\u00f6fundur Katla Kjartansd\u00f3ttir)<\/li>\n<li>\u201eSpeeding Towards the Future through the Past: Landscape, Movement and National Identity.\u201c <em>Landscape Research<\/em>. Vol. 40:1 (2015). [Taylor and Francis - ISC skr\u00e1\u00f0 t\u00edmarit \u00ed opnum a\u00f0gangi]. (Me\u00f0h\u00f6fundar Arnar \u00c1rnason, Tinna Gr\u00e9tarsd\u00f3ttir, Sigurj\u00f3n Baldur Hafsteinsson og Katla Kjartansd\u00f3ttir )<\/li>\n<li>\u201eIceland: small but central.\u201c <em>Perceptions and Strategies of Arcticness in the sub-Arctic Europe<\/em>. Ritstj. Andris Spruds og Toms Rostoks. Riga: Latvian Institute of International Affairs, 2014. (Me\u00f0h\u00f6fundar Alyson Bailes, Margr\u00e9t Cela og Katla Kjartansd\u00f3ttir)<\/li>\n<li>\u201eSomething in the Air.\u201c <em>Performing Nordic Heritage.<\/em> Peter Aronsson og Lizette Grad\u00e9n. London: Ashgate, 2013. (Me\u00f0h\u00f6fundur Katla Kjartansd\u00f3ttir)<\/li>\n<li>\u201eBanking on Borealism: Eating, Smelling, and Performing the North.\u201c <em>Iceland and Images of the North. <\/em><em>Imaginaire du Nord Series<\/em>. Daniel Chartier og Sumarli\u00f0i \u00cdsleifsson. Qu\u00e9bec: Presses de l'Universit\u00e9 Qu\u00e9bec, \u00a02011.<\/li>\n<li>\u201eHandan nor\u00f0ursins.\u201c <em>Ranns\u00f3knir \u00ed f\u00e9lagsv\u00edsindum XII: F\u00e9lags- og mannv\u00edsindadeild. <\/em> \u00c1sa Gu\u00f0n\u00fd \u00c1sgeirsd\u00f3ttir, Helga Bj\u00f6rnsd\u00f3ttir og Helga \u00d3lafs. Reykjav\u00edk: F\u00e9lagsv\u00edsindastofnun H\u00e1sk\u00f3la \u00cdslands, 2011.<\/li>\n<\/ul>\n<ul>\n<li>\u201eObscurity as heritage: The \u00feorrabl\u00f3t revisited.\u201c <em>Ranns\u00f3knir \u00ed f\u00e9lagsv\u00edsindum XI: F\u00e9lags- og mannv\u00edsindadeild.<\/em> Helga\u2028\u00d3lafs og Hulda Propp\u00e9. Reykjav\u00edk: F\u00e9lagsv\u00edsindastofnun H\u00e1sk\u00f3la \u00cdslands. 2010. S\u00f3tt af <a href=\"http:\/\/skemman.is\/handle\/1946\/6841\">http:\/\/skemman.is\/handle\/1946\/6841<\/a><\/li>\n<\/ul>\n<ul>\n<li>\u201eA\u00f0 innbyr\u00f0a \u00fatr\u00e1sina.\u201c <em>Ranns\u00f3knir \u00ed F\u00e9lagsv\u00edsindum X<\/em><em>: F\u00e9lags- og mannv\u00edsindadeild<\/em>. Ritstj. Gunnar \u00de\u00f3r J\u00f3hannesson og Helga\u2028Bj\u00f6rnsd\u00f3ttir. Reykjav\u00edk: F\u00e9lagsv\u00edsindastofnun H\u00e1sk\u00f3la \u00cdslands. 2009.<\/li>\n<\/ul>\n<ul>\n<li>\u201ePerforming the North.\u201c <em> Nordic Yearbook of Folklore<\/em>. 65:1 (2009): 50-71.<\/li>\n<\/ul>\n<ul>\n<li>\u201eThe Wild Wild North: The Narrative Cultures of Image Construction in Media and Everyday Life.\u201c <em>Images of the North: Histories, Identities, Ideas. <\/em><em>Studia Imagologica 14.<\/em> Sverrir Jakobsson. Rodopi: Amsterdam, 2009.<\/li>\n<\/ul>\n<ul>\n<li>\u201eRe-Negotiating Identity in the National Museum of Iceland.\u201c <em>Scandinavian Museums and Cultural Diversity. <\/em> Katherine Goodnow og Haci Akman. Oxford: Berghahn Books, 2008. (Me\u00f0h\u00f6fundur Katla Kjartansd\u00f3ttir)<\/li>\n<\/ul>\n<ul>\n<li>\u201eA\u00f0 safna s\u00f6gum: nokkrar p\u00e6lingar \u00fat fr\u00e1 \u00fej\u00f3\u00f0sagnas\u00f6fnun \u00e1 19. \u00d6ld. \u201c <em>Kistan, <\/em>http:\/\/www.kistan.is\/ [Birt 2005. S\u00ed\u00f0ast sko\u00f0a\u00f0 \u00ed febr\u00faar 2008].<\/li>\n<\/ul>\n<ul>\n<li>\u2028\u201eUm afdalab\u00e6ndur, Reykjav\u00edkurpakk og allra\u00fej\u00f3\u00f0akvikindi.\u201c <em>\u00dej\u00f3\u00f0erni \u00ed \u00fe\u00fasund \u00e1r?<\/em> Sverrir Jakobsson et. al. Reykjav\u00edk: H\u00e1sk\u00f3la\u00fatg\u00e1fan, 2002.<\/li>\n<\/ul>\n<ul>\n<li>\u201eMunnleg fr\u00e1s\u00f6gn og hversdagsmenning: s\u00fdnishorn af hugt\u00f6kum og n\u00e1lgunum.\u201c http:\/\/www.akademia.is\/imagesofthenorth\/english\/events.htm [Birt 2006. S\u00ed\u00f0ast sko\u00f0a\u00f0 \u00ed febr\u00faar 2008].<\/li>\n<\/ul>\n<ul>\n<li>\u201eHver var Edward W. Said og hvert var hans framlag til v\u00edsinda og fr\u00e6\u00f0a?\u201d, V\u00edsindavefur H\u00e1sk\u00f3la \u00cdslands. Ritstj. J\u00f3n Gunnar \u00deorsteinsson http:\/\/www.visindavefur.is\/svar.php?id=58286, 2011.<\/li>\n<\/ul>\n<p><strong><em>Ritstj\u00f3rn\u2028 og umsj\u00f3n me\u00f0 \u00fatg\u00e1fu<\/em><\/strong><\/p>\n<ul>\n<li><em>Riti\u00f0 (2015:1)1. Tv\u00eds\u00e6i\/\u00edron\u00eda\/launh\u00e6\u00f0ni\/kaldh\u00e6\u00f0ni\/\u00f3l\u00edkindi. Ritstj. \u00e1samt J\u00f3ni \u00d3lafssyni.\u00a0<\/em><\/li>\n<\/ul>\n<ul>\n<li><em>\u00datg\u00e1fa Ranns\u00f3knarseturs um nor\u00f0ursl\u00f3\u00f0ir CAPS Series Occasional and Working Papers<\/em> [Umsj\u00f3n me\u00f0 \u00fatg\u00e1fu] Ritstj\u00f3rar eru Dr. Lassi Heininen, pr\u00f3fessor vi\u00f0 H\u00e1sk\u00f3lann \u00ed Lapplandi og Dr. Timo Koivurova, pr\u00f3fessor vi\u00f0 H\u00e1sk\u00f3lann \u00ed Lapplandi og Arctic Centre (\u00d6ll \u00fatg\u00e1fa Ranns\u00f3knaseturs um nor\u00f0ursl\u00f3\u00f0ir er ritr\u00fdnd og a\u00f0gengileg \u00e1 www.caps.hi.is)<\/li>\n<\/ul>\n<ul>\n<li><em>\u00a0 \u00a0 \u00a0 \u00a0 Egill \u00de\u00f3r N\u00edelsson<\/em>:<em> The West Nordic Council in the Global Arctic.\u00a02014<\/em><\/li>\n<li><em>\u00a0 \u00a0 \u00a0 \u00a0Alyson JK Bailes<\/em>:<em>Understanding the Arctic Council: A \u2018Sub-Regional\u2019 <\/em><em>Perspective.\u00a02014<\/em><\/li>\n<\/ul>\n<ul>\n<li><em>\u00a0 \u00a0 \u00a0 Helga Haftendorn: The Case for Arctic Governance: The Arctic Puzzle.\u00a0\u00a0 2013<\/em><\/li>\n<li><em>\u00a0 \u00a0 \u00a0 Alyson JK Bailes &amp; Lassi Heininen: Strategy Papers on the Arctic or High North: A comparative study and analysis.\u00a0\u00a0 2013<br \/>\n<\/em><\/li>\n<\/ul>\n<ul>\n<li><strong><em>\u2028<\/em><\/strong><em>Landabr\u00e9fi\u00f0 \u2013 Journal of the Association of Icelandic Geographers<\/em>, 25 [\u00ed ritnefnd]<\/li>\n<li><em>Images of the North: Histories \u2013 Identities \u2013 Ideas <\/em>(Studia Imagologica 14), rits. Sverrir Jakobsson et al. Amsterdam: Rodopi, 2009. [\u00ed ritnefnd]<\/li>\n<\/ul>\n<p><em>Sk\u00fdrslur:<\/em><\/p>\n<ul>\n<li><em>Samstarf \u00ed menningarm\u00e1lum: \u00dattekt \u00e1 menningarstarfsemi og samstarfsm\u00f6guleikum \u00e1 svi\u00f0i menningarm\u00e1la \u00ed Reykjav\u00edk, \u00c1rborg, Hafnarfir\u00f0i, Reykjanesb\u00e6 og \u00e1 Akranesi. <\/em>Reykjav\u00edkurborg. 2006. (Me\u00f0h\u00f6fundar \u00d3lafur Rastrick og \u00d3l\u00f6f Ger\u00f0ur Sigf\u00fasd\u00f3ttir).<\/li>\n<\/ul>\n<ul>\n<li><em>\u201eIn summa vinno manna giolld\u201c:<\/em> <em>Starfst\u00e9ttir og \u00fe\u00e9ttb\u00fdlismenninga \u00e1 H\u00f3lum \u00ed Hjaltadal \u00e1 s\u00ed\u00f0mi\u00f0\u00f6ldum. <\/em>Sk\u00fdrsla unnin fyrir H\u00f3laranns\u00f3knina. H\u00f3lask\u00f3li \/\u00dej\u00f3\u00f0minjasafn \u00cdslands. 2006.<\/li>\n<\/ul>\n<ul>\n<li><em>Brautry\u00f0jendur \u00ed g\u00e6ruskinns\u00falpum<\/em>: <em>Upphafs\u00e1r dagvistunar \u00ed Reykjav\u00edk<\/em>. Sk\u00fdrsla unnin fyrir \u00c1rb\u00e6jarsafn. Reykjav\u00edk 2003 (Me\u00f0h\u00f6fundur Katla Kjartansd\u00f3ttir)<\/li>\n<\/ul>\n<ul>\n<li><em>T\u00e6kniminjasafn Austurlands: Sey\u00f0isfj\u00f6r\u00f0ur - vagga t\u00e6kninnar \u00e1 \u00cdslandi<\/em>. S\u00f6gusmi\u00f0jan. Sey\u00f0isfj\u00f6r\u00f0ur 2002. Sk\u00fdrsla unnin fyrir T\u00e6kniminjasafn Austurlands. (Me\u00f0h\u00f6fundur J\u00f3n J\u00f3nsson)<\/li>\n<\/ul>\n<p><em>Ritd\u00f3mar:<\/em><\/p>\n<ul>\n<li>\u00cd eina s\u00e6ng: \u00edslenskir br\u00fa\u00f0kaupssi\u00f0ir. Rit \u00dej\u00f3\u00f0minjasafns \u00cdslands 4. <em>Saga <\/em>43:2 (2005).<\/li>\n<\/ul>\n<ul>\n<li>Hlutavelta t\u00edmans: menningararfur \u00e1 \u00dej\u00f3\u00f0minjasafni. <em>Saga <\/em>43:2 (2005).<\/li>\n<\/ul>\n<p>&nbsp;<\/p>\n<p>&nbsp;<\/p>\n<p>&nbsp;<\/p>\n<p>&nbsp;<\/p>\n<p>&nbsp;<\/p>\n","protected":false},"excerpt":{"rendered":"<p>Doktorsritger\u00f0: Borealism: Folkloristic Perspectives on Transnational Performances and the Exoticism of the North. Edinburgh: The University of Edinburgh, 2010. Greinar og b\u00f3karkaflar: \u201e\u00d3r\u00e6\u00f0ur Arfur.\u201c Menningararfur \u00e1 \u00cdslandi: gagnr\u00fdni og greining. Valdimar Hafstein og \u00d3lafur Rastrick. Reykjav\u00edk: H\u00e1sk\u00f3la\u00fatg\u00e1fan, 2015. (Me\u00f0h\u00f6fundur Katla &hellip; <a href=\"https:\/\/uni.hi.is\/khschram\/daemi-sida\/\">Halda \u00e1fram a\u00f0 lesa <span class=\"meta-nav\">&rarr;<\/span><\/a><\/p>\n","protected":false},"author":1390,"featured_media":0,"parent":0,"menu_order":0,"comment_status":"closed","ping_status":"open","template":"","meta":{"footnotes":""},"class_list":["post-2","page","type-page","status-publish","hentry"],"_links":{"self":[{"href":"https:\/\/uni.hi.is\/khschram\/wp-json\/wp\/v2\/pages\/2","targetHints":{"allow":["GET"]}}],"collection":[{"href":"https:\/\/uni.hi.is\/khschram\/wp-json\/wp\/v2\/pages"}],"about":[{"href":"https:\/\/uni.hi.is\/khschram\/wp-json\/wp\/v2\/types\/page"}],"author":[{"embeddable":true,"href":"https:\/\/uni.hi.is\/khschram\/wp-json\/wp\/v2\/users\/1390"}],"replies":[{"embeddable":true,"href":"https:\/\/uni.hi.is\/khschram\/wp-json\/wp\/v2\/comments?post=2"}],"version-history":[{"count":4,"href":"https:\/\/uni.hi.is\/khschram\/wp-json\/wp\/v2\/pages\/2\/revisions"}],"predecessor-version":[{"id":56,"href":"https:\/\/uni.hi.is\/khschram\/wp-json\/wp\/v2\/pages\/2\/revisions\/56"}],"wp:attachment":[{"href":"https:\/\/uni.hi.is\/khschram\/wp-json\/wp\/v2\/media?parent=2"}],"curies":[{"name":"wp","href":"https:\/\/api.w.org\/{rel}","templated":true}]}}