{"id":9,"date":"2016-08-21T18:10:05","date_gmt":"2016-08-21T18:10:05","guid":{"rendered":"http:\/\/uni.hi.is\/khschram\/?page_id=9"},"modified":"2016-09-06T16:10:34","modified_gmt":"2016-09-06T16:10:34","slug":"namskeid","status":"publish","type":"page","link":"https:\/\/uni.hi.is\/khschram\/namskeid\/","title":{"rendered":"N\u00e1mskei\u00f0"},"content":{"rendered":"<p>&nbsp;<\/p>\n<h2>N\u00e1mskei\u00f0 kennd 2016 - 2017<\/h2>\n<ul>\n<li><a href=\"https:\/\/ugla.hi.is\/kennsluskra\/index.php?tab=nam&amp;chapter=namskeid&amp;id=70835520170&amp;lang=is\" target=\"_blank\">\u00deJ\u00d3439G - \u00cdmyndu\u00f0 samf\u00e9l\u00f6g og \u00fej\u00f3\u00f0menning: \u00dej\u00f3\u00f0ir, \u00edmyndir og al\u00fe\u00fd\u00f0uhef\u00f0ir<\/a><\/li>\n<li><a href=\"https:\/\/ugla.hi.is\/kennsluskra\/index.php?tab=nam&amp;chapter=namskeid&amp;id=10101520166&amp;lang=is\" target=\"_blank\">\u00deJ\u00d3104G - Sagnir, \u00e6vint\u00fdri og sagnamenn: \u00dej\u00f3\u00f0sagnafr\u00e6\u00f0i<\/a><\/li>\n<li><a href=\"https:\/\/ugla.hi.is\/kennsluskra\/index.php?tab=nam&amp;chapter=namskeid&amp;id=10107020166&amp;lang=is\" target=\"_blank\">\u00deJ\u00d3004G - Being Icelandic: Icelandic Folktales, Beliefs and Popular Culture Past and Present<\/a><\/li>\n<li><a href=\"https:\/\/ugla.hi.is\/kennsluskra\/index.php?tab=nam&amp;chapter=namskeid&amp;id=70063520166&amp;lang=is\" target=\"_blank\">\u00deJ\u00d3102F - M\u00e1lstofa MA nema \u00ed \u00fej\u00f3\u00f0fr\u00e6\u00f0i I<\/a><\/li>\n<li><a href=\"https:\/\/ugla.hi.is\/kennsluskra\/index.php?tab=nam&amp;chapter=namskeid&amp;id=70626520166&amp;lang=is\" target=\"_blank\">\u00deJ\u00d3307F - M\u00e1lstofa MA nema \u00ed \u00fej\u00f3\u00f0fr\u00e6\u00f0i II<\/a><\/li>\n<li><a href=\"https:\/\/ugla.hi.is\/kennsluskra\/index.php?tab=nam&amp;chapter=namskeid&amp;id=70759020166&amp;lang=is\" target=\"_blank\">UAU018M - The Arctic Circle<\/a><\/li>\n<\/ul>\n<p>\u00d6nnur n\u00e1mskei\u00f0<\/p>\n<p>\u00deJ\u00d3507M Sj\u00f3narspil nor\u00f0ursl\u00f3\u00f0a: Vald og daglegt l\u00edf<\/p>\n<p>LAN214F Fer\u00f0amennska \u00e1 Nor\u00f0ursl\u00f3\u00f0um<\/p>\n<p>\u00deJ\u00d3314G \u00cdslenskar kvikmyndir: \u00cdmynd og sj\u00e1lfsmynd \u00fej\u00f3\u00f0arinnar<\/p>\n<p>\u00deJ\u00d3314G Icelandic Film: Image and Identity<\/p>\n<p>05.40.20 M\u00e1lstofa: Reimleikar \u00ed \u00edslenskum b\u00f3kmenntum<\/p>\n<p>10.10.67 Efnismenning: Hlutirnir, heimili\u00f0, l\u00edkaminn<\/p>\n<p>&nbsp;<\/p>\n","protected":false},"excerpt":{"rendered":"<p>&nbsp; N\u00e1mskei\u00f0 kennd 2016 - 2017 \u00deJ\u00d3439G - \u00cdmyndu\u00f0 samf\u00e9l\u00f6g og \u00fej\u00f3\u00f0menning: \u00dej\u00f3\u00f0ir, \u00edmyndir og al\u00fe\u00fd\u00f0uhef\u00f0ir \u00deJ\u00d3104G - Sagnir, \u00e6vint\u00fdri og sagnamenn: \u00dej\u00f3\u00f0sagnafr\u00e6\u00f0i \u00deJ\u00d3004G - Being Icelandic: Icelandic Folktales, Beliefs and Popular Culture Past and Present \u00deJ\u00d3102F - M\u00e1lstofa MA &hellip; <a href=\"https:\/\/uni.hi.is\/khschram\/namskeid\/\">Halda \u00e1fram a\u00f0 lesa <span class=\"meta-nav\">&rarr;<\/span><\/a><\/p>\n","protected":false},"author":1390,"featured_media":0,"parent":0,"menu_order":0,"comment_status":"closed","ping_status":"closed","template":"","meta":{"footnotes":""},"class_list":["post-9","page","type-page","status-publish","hentry"],"_links":{"self":[{"href":"https:\/\/uni.hi.is\/khschram\/wp-json\/wp\/v2\/pages\/9","targetHints":{"allow":["GET"]}}],"collection":[{"href":"https:\/\/uni.hi.is\/khschram\/wp-json\/wp\/v2\/pages"}],"about":[{"href":"https:\/\/uni.hi.is\/khschram\/wp-json\/wp\/v2\/types\/page"}],"author":[{"embeddable":true,"href":"https:\/\/uni.hi.is\/khschram\/wp-json\/wp\/v2\/users\/1390"}],"replies":[{"embeddable":true,"href":"https:\/\/uni.hi.is\/khschram\/wp-json\/wp\/v2\/comments?post=9"}],"version-history":[{"count":6,"href":"https:\/\/uni.hi.is\/khschram\/wp-json\/wp\/v2\/pages\/9\/revisions"}],"predecessor-version":[{"id":102,"href":"https:\/\/uni.hi.is\/khschram\/wp-json\/wp\/v2\/pages\/9\/revisions\/102"}],"wp:attachment":[{"href":"https:\/\/uni.hi.is\/khschram\/wp-json\/wp\/v2\/media?parent=9"}],"curies":[{"name":"wp","href":"https:\/\/api.w.org\/{rel}","templated":true}]}}