{"id":23,"date":"2016-09-21T20:35:44","date_gmt":"2016-09-21T20:35:44","guid":{"rendered":"http:\/\/uni.hi.is\/loftur\/?page_id=23"},"modified":"2016-09-21T20:35:44","modified_gmt":"2016-09-21T20:35:44","slug":"starfsferill","status":"publish","type":"page","link":"https:\/\/uni.hi.is\/loftur\/starfsferill\/","title":{"rendered":"Starfsferill"},"content":{"rendered":"<p><strong>Kennslust\u00f6rf <\/strong><\/p>\n<p>&nbsp;<\/p>\n<p>2008\u2013\u00a0\u00a0\u00a0\u00a0\u00a0\u00a0\u00a0\u00a0\u00a0\u00a0\u00a0\u00a0\u00a0 Pr\u00f3fessor emeritus vi\u00f0 Menntav\u00edsindasvi\u00f0 H\u00cd.<\/p>\n<p>2002\u20132008\u00a0\u00a0\u00a0\u00a0\u00a0 Pr\u00f3fessor \u00ed sagnfr\u00e6\u00f0i vi\u00f0 Kennarah\u00e1sk\u00f3la \u00cdslands (KH\u00cd)<\/p>\n<p>1998\u20132002\u00a0\u00a0\u00a0\u00a0\u00a0 Pr\u00f3fessor \u00ed sagnfr\u00e6\u00f0i vi\u00f0 H\u00e1sk\u00f3la \u00cdslands (H\u00cd)<\/p>\n<p>1991\u20131998\u00a0\u00a0\u00a0\u00a0\u00a0 Pr\u00f3fessor \u00ed sagnfr\u00e6\u00f0i vi\u00f0 KH\u00cd<\/p>\n<p>1983\u20131991\u00a0\u00a0\u00a0\u00a0\u00a0 D\u00f3sent \u00ed sagnfr\u00e6\u00f0i vi\u00f0 KH\u00cd<\/p>\n<p>1972\u20131983\u00a0\u00a0\u00a0\u00a0\u00a0 Lektor \u00ed f\u00e9lagsfr\u00e6\u00f0i vi\u00f0 KH\u00cd<\/p>\n<p>1968\u20131972\u00a0\u00a0\u00a0\u00a0\u00a0 Fastr\u00e1\u00f0inn kennari \u00ed s\u00f6gu og f\u00e9lagsfr\u00e6\u00f0i vi\u00f0 Kennarask\u00f3la \u00cdslands (K\u00cd)<\/p>\n<p>1967\u20131968\u00a0\u00a0\u00a0\u00a0\u00a0 Stundakennari \u00ed s\u00f6gu og f\u00e9lagsfr\u00e6\u00f0i vi\u00f0 K\u00cd<\/p>\n<p>1965\u20131968\u00a0\u00a0\u00a0\u00a0\u00a0 Stundakennari \u00ed fr\u00f6nsku vi\u00f0 Verzlunarsk\u00f3la \u00cdslands<\/p>\n<p>1964\u20131967\u00a0\u00a0\u00a0 \u00a0\u00a0Kennari vi\u00f0 sk\u00f3la gagnfr\u00e6\u00f0astigsins \u00ed Reykjav\u00edk (Lindarg\u00f6tusk\u00f3la, Vogask\u00f3la)<\/p>\n<p>1962\u20131964\u00a0\u00a0\u00a0\u00a0\u00a0 Lektor \u00ed \u00edslensku\u00a0 vi\u00f0 Skandinav\u00edsku stofnunina, h\u00e1sk\u00f3lanum \u00ed Caen \u00ed Frakklandi<\/p>\n<p>1957\u20131958\u00a0\u00a0 \u00a0\u00a0 Stundakennari vi\u00f0 R\u00e9ttarholtssk\u00f3la \u00ed Reykjav\u00edk<\/p>\n<p>&nbsp;<\/p>\n<p><strong>Stj\u00f3rnun, r\u00e1\u00f0gj\u00f6f og f\u00e9lagsst\u00f6rf<\/strong><\/p>\n<p>&nbsp;<\/p>\n<p><em>Stj\u00f3rnunarst\u00f6rf vi\u00f0 KH\u00cd\/K\u00cd <\/em><\/p>\n<p>2003\u20132004\u00a0\u00a0\u00a0\u00a0\u00a0 Umsj\u00f3narma\u00f0ur framhaldsn\u00e1ms<\/p>\n<p>1996\u20131998\u00a0\u00a0\u00a0\u00a0\u00a0 Forst\u00f6\u00f0uma\u00f0ur Ranns\u00f3knarstofnunar KH\u00cd<\/p>\n<p>1993\u20131997\u00a0\u00a0\u00a0\u00a0\u00a0 \u00cd deildarr\u00e1\u00f0i uppeldisv\u00edsindadeildar<\/p>\n<p>1993\u20131996\u00a0\u00a0\u00a0\u00a0\u00a0 Fulltr\u00fai kennara \u00ed sk\u00f3lar\u00e1\u00f0i<\/p>\n<p>1992\u20131997\u00a0\u00a0\u00a0\u00a0\u00a0 Stj\u00f3rnarma\u00f0ur \u00ed Ranns\u00f3knarstofnun KH\u00cd<\/p>\n<p>1989\u20131990\u00a0\u00a0\u00a0\u00a0\u00a0 \u00cd starfsh\u00f3pi N\u00e1msgagnastofnunar til r\u00e1\u00f0gjafar um \u00fatg\u00e1fu n\u00e1msefnis \u00ed\u00a0samf\u00e9lagsgreinum<\/p>\n<p>1985\u20131987\u00a0\u00a0\u00a0\u00a0\u00a0 \u00cd nefnd \u00e1 vegum sk\u00f3lar\u00e1\u00f0s um samningu n\u00fdrrar n\u00e1mskr\u00e1r fyrir B.Ed.-n\u00e1mi\u00f0<\/p>\n<p>1978\u20131990\u00a0\u00a0\u00a0\u00a0\u00a0 Misserisstj\u00f3ri \u00feeman\u00e1ms (\u201eSk\u00f3li og samf\u00e9lag\u201c) \u00e1 1. misseri almenns kennaran\u00e1ms<\/p>\n<p>1977\u20131978\u00a0\u00a0\u00a0\u00a0\u00a0 \u00cd samr\u00e1\u00f0snefnd kennara og nemenda sem m\u00f3ta\u00f0i till\u00f6gur um n\u00fdskipan B.Ed.-n\u00e1msins (\u00feeman\u00e1m)<\/p>\n<p>1972\u20131996\u00a0\u00a0\u00a0\u00a0\u00a0 Skorarstj\u00f3ri f\u00e9lagsskorar KH\u00cd \u00ed 12 \u00e1r \u00e1 \u00feessu t\u00edmabili og sat \u00fe\u00e1 jafnframt \u00ed sk\u00f3lar\u00e1\u00f0i<\/p>\n<p>1971\u20131973\u00a0\u00a0\u00a0\u00a0\u00a0 Fagstj\u00f3ri \u00ed\u00a0 f\u00e9lagsfr\u00e6\u00f0i og s\u00f6gu vi\u00f0 KH\u00cd<\/p>\n<p>1970\u20131971\u00a0\u00a0\u00a0\u00a0\u00a0 Ritari stj\u00f3rnskipa\u00f0rar nefndar um samningu frumvarps til laga um KH\u00cd<\/p>\n<p>1967\u20131971\u00a0\u00a0\u00a0\u00a0\u00a0 Skipulag\u00f0i fr\u00e1 grunni kennslu \u00ed f\u00e9lagsfr\u00e6\u00f0i (valgrein) \u00ed almennu kennaran\u00e1mi, \u00ed f\u00e9lagsfr\u00e6\u00f0i og s\u00f6gu (kjarnagrein) \u00ed menntadeild og \u00ed f\u00e9lagsfr\u00e6\u00f0i (kjarnagrein) \u00ed n\u00fdrri tveggja \u00e1ra st\u00fadentadeild<\/p>\n<p>&nbsp;<\/p>\n<p><em>Stj\u00f3rnunarst\u00f6rf vi\u00f0 H\u00cd<\/em><\/p>\n<p>1999\u20132001\u00a0\u00a0\u00a0\u00a0\u00a0 Forst\u00f6\u00f0uma\u00f0ur Sagnfr\u00e6\u00f0istofnunar og stj\u00f3rnarma\u00f0ur \u00ed Hugv\u00edsindastofnun<\/p>\n<p>&nbsp;<\/p>\n<p><em>R\u00e1\u00f0gjafarst\u00f6rf hj\u00e1 sk\u00f3laranns\u00f3knadeild menntam\u00e1lar\u00e1\u00f0uneytisins<\/em><\/p>\n<p>1974\u20131984\u00a0\u00a0\u00a0\u00a0\u00a0 \u00cd starfsh\u00f3pi um samf\u00e9lagsfr\u00e6\u00f0i (vinna a\u00f0 n\u00e1mskr\u00e1r- og n\u00e1msefnisger\u00f0)<\/p>\n<p>1972\u20131973\u00a0\u00a0\u00a0\u00a0\u00a0 Forst\u00f6\u00f0uma\u00f0ur starfsh\u00f3ps um samf\u00e9lagsfr\u00e6\u00f0i<\/p>\n<p>1970\u20131971\u00a0\u00a0\u00a0\u00a0\u00a0 \u00cd stj\u00f3rnskipa\u00f0ri\u00a0 nefnd um endursko\u00f0un n\u00e1ms og kennslu \u00ed samf\u00e9lagsfr\u00e6\u00f0um<\/p>\n<p>1968\u20131972\u00a0\u00a0\u00a0\u00a0\u00a0 \u00cd stj\u00f3rnskipa\u00f0ri nefnd um n\u00e1mskr\u00e1 \u00ed s\u00f6gu og samf\u00e9lagsfr\u00e6\u00f0i fyrir framhaldsdeildir gagnfr\u00e6\u00f0ask\u00f3la; \u00ed pr\u00f3fanefnd \u00ed s\u00f6mu greinum<\/p>\n<p>&nbsp;<\/p>\n<p><em>D\u00f3mnefndarst\u00f6rf <\/em>(opinberar d\u00f3mnefndir)<\/p>\n<p>2006 \u00a0 \u00a0 \u00a0 \u00a0 \u00a0 \u00a0 \u00a0 \u00a0\u00cd d\u00f3mnefnd um h\u00e6fi Sigur\u00f0ar Gylfa Magn\u00fassonar til a\u00f0 verja doktorsritger\u00f0 \u00ed sagnfr\u00e6\u00f0i vi\u00f0 H\u00cd<\/p>\n<p>2004\u00a0\u00a0\u00a0\u00a0\u00a0\u00a0\u00a0\u00a0\u00a0\u00a0\u00a0\u00a0\u00a0\u00a0\u00a0 Pr\u00f3fessorsstarf \u00ed sagnfr\u00e6\u00f0i vi\u00f0 H\u00cd<\/p>\n<p>2001\u00a0\u00a0\u00a0\u00a0\u00a0\u00a0\u00a0\u00a0\u00a0\u00a0\u00a0\u00a0\u00a0\u00a0\u00a0 Pr\u00f3fessorsstarf \u00ed mannfr\u00e6\u00f0i vi\u00f0 H\u00cd (forma\u00f0ur)<\/p>\n<p>2000\u00a0\u00a0\u00a0\u00a0\u00a0\u00a0\u00a0\u00a0\u00a0\u00a0\u00a0\u00a0\u00a0\u00a0\u00a0 D\u00f3sentsstarf \u00a0\u00ed sagnfr\u00e6\u00f0i vi\u00f0 H\u00cd (forma\u00f0ur)<\/p>\n<p>2000\u00a0\u00a0\u00a0\u00a0\u00a0\u00a0\u00a0\u00a0\u00a0\u00a0\u00a0\u00a0\u00a0\u00a0\u00a0 Pr\u00f3fessorsstarf vi\u00f0 f\u00e9lagsv\u00edsindadeild H\u00cd (forma\u00f0ur)<\/p>\n<p>1994\u00a0\u00a0\u00a0\u00a0\u00a0\u00a0\u00a0\u00a0\u00a0\u00a0\u00a0\u00a0\u00a0\u00a0\u00a0 Lektorssta\u00f0a \u00ed uppeldis- og menntunarfr\u00e6\u00f0um vi\u00f0 H\u00cd<\/p>\n<p>1993\u00a0\u00a0\u00a0\u00a0\u00a0\u00a0\u00a0\u00a0\u00a0\u00a0\u00a0\u00a0\u00a0\u00a0\u00a0 Lektorssta\u00f0a \u00ed sagnfr\u00e6\u00f0i vi\u00f0 H\u00cd<\/p>\n<p>1992\u00a0\u00a0\u00a0\u00a0\u00a0\u00a0\u00a0\u00a0\u00a0\u00a0\u00a0\u00a0\u00a0\u00a0\u00a0 Pr\u00f3fessorssta\u00f0a \u00ed mannfr\u00e6\u00f0i vi\u00f0 H\u00cd (forma\u00f0ur)<\/p>\n<p>1991\u00a0\u00a0\u00a0\u00a0\u00a0\u00a0\u00a0\u00a0\u00a0\u00a0\u00a0\u00a0\u00a0\u00a0\u00a0 Lektorssta\u00f0a \u00ed sagnfr\u00e6\u00f0i vi\u00f0 H\u00cd<\/p>\n<p>1990\u00a0\u00a0\u00a0\u00a0\u00a0\u00a0\u00a0\u00a0\u00a0\u00a0\u00a0\u00a0\u00a0\u00a0\u00a0 D\u00f3sentssta\u00f0a \u00ed f\u00e9lagsfr\u00e6\u00f0i vi\u00f0 KH\u00cd (forma\u00f0ur)<\/p>\n<p>1989\u00a0\u00a0\u00a0\u00a0\u00a0\u00a0\u00a0\u00a0\u00a0\u00a0\u00a0\u00a0\u00a0\u00a0\u00a0 D\u00f3sentssta\u00f0a \u00ed sagnfr\u00e6\u00f0i vi\u00f0 KH\u00cd (forma\u00f0ur)<\/p>\n<p>1986\u00a0\u00a0\u00a0\u00a0\u00a0\u00a0\u00a0\u00a0\u00a0\u00a0\u00a0\u00a0\u00a0\u00a0\u00a0 Lektorssta\u00f0a \u00ed sagnfr\u00e6\u00f0i vi\u00f0 KH\u00cd (forma\u00f0ur)<\/p>\n<p>1984\u00a0\u00a0\u00a0\u00a0\u00a0\u00a0\u00a0\u00a0\u00a0\u00a0\u00a0\u00a0\u00a0\u00a0\u00a0 D\u00f3sentssta\u00f0a \u00ed sagnfr\u00e6\u00f0i vi\u00f0 KH\u00cd (forma\u00f0ur)<\/p>\n<p>1982\u00a0\u00a0\u00a0\u00a0\u00a0\u00a0\u00a0\u00a0\u00a0\u00a0\u00a0\u00a0\u00a0\u00a0\u00a0 Lektorssta\u00f0a \u00ed f\u00e9lagsfr\u00e6\u00f0i vi\u00f0 H\u00cd<\/p>\n<p>&nbsp;<\/p>\n<p>&nbsp;<\/p>\n<p><em>Nefndarst\u00f6rf hj\u00e1 Ranns\u00f3knar\u00e1\u00f0i \u00cdslands<\/em><\/p>\n<p>1994\u20131996\u00a0\u00a0\u00a0\u00a0\u00a0 \u00dathlutunarnefnd Ranns\u00f3knar\u00e1\u00f0s \u00cdslands (V\u00edsindasj\u00f3\u00f0s)<\/p>\n<p>&nbsp;<\/p>\n<p><em>Pr\u00f3fd\u00f3marast\u00f6rf<\/em><\/p>\n<p>2005\u20132006\u00a0\u00a0\u00a0\u00a0\u00a0 N\u00e1mskei\u00f0i\u00f0 \u201e\u00cdslenskt menntakerfi IMK\/155\u201c, Kennaradeild H\u00e1sk\u00f3lans \u00e1 Akureyri (HA)<\/p>\n<p>1986\u20131994\u00a0\u00a0\u00a0\u00a0\u00a0 N\u00e1mskei\u00f0i\u00f0 \u201e\u00cdslenska \u00fej\u00f3\u00f0f\u00e9lagi\u00f0 A\u201c vi\u00f0 f\u00e9lagsv\u00edsindadeild H\u00cd<\/p>\n<p>1977\u20131986\u00a0\u00a0\u00a0\u00a0\u00a0 N\u00e1mskei\u00f0i\u00f0 \u201e\u00der\u00f3un \u00edslenska st\u00e9tta\u00fej\u00f3\u00f0f\u00e9lagsins\u201c vi\u00f0<\/p>\n<p>f\u00e9lagsv\u00edsindadeild H\u00cd<\/p>\n<p>1976\u20131982\u00a0\u00a0\u00a0\u00a0\u00a0 N\u00e1mskei\u00f0i\u00f0 \u201eMarxismi\u201c vi\u00f0 f\u00e9lagsv\u00edsindadeild H\u00cd<\/p>\n<p>1971\u20131989\u00a0\u00a0\u00a0\u00a0\u00a0 N\u00e1mskei\u00f0i\u00f0 \u201eAlmenn f\u00e9lagsfr\u00e6\u00f0i\u201c vi\u00f0 f\u00e9lagsv\u00edsindadeild H\u00cd<\/p>\n<p>1967\u20131972\u00a0\u00a0\u00a0\u00a0\u00a0 St\u00fadentspr\u00f3f \u00ed fr\u00f6nsku, fyrst vi\u00f0 MA og s\u00ed\u00f0an MR<\/p>\n<p><em>\u00a0<\/em><\/p>\n<p><em>Skipulagning og undirb\u00faningur r\u00e1\u00f0stefna\/m\u00e1lstofa<\/em><\/p>\n<p>2006\u00a0\u00a0\u00a0\u00a0\u00a0\u00a0\u00a0\u00a0\u00a0\u00a0\u00a0\u00a0\u00a0\u00a0\u00a0 M\u00e1lstofan \u201eAlmenningsfr\u00e6\u00f0sla og samf\u00e9lag 1900\u20131946\u201c \u00e1 3. \u00edslenska<\/p>\n<p>s\u00f6gu\u00feinginu<\/p>\n<p>2005\u00a0\u00a0\u00a0\u00a0\u00a0\u00a0\u00a0\u00a0\u00a0\u00a0\u00a0\u00a0\u00a0\u00a0\u00a0 M\u00e1l\u00feing \u00e1 vegum S\u00f6guf\u00e9lags \u00ed \u00dej\u00f3\u00f0minjasafni, 1. febr\u00faar, um riti\u00f0 Stj\u00f3rnarr\u00e1\u00f0 \u00cdslands 1964\u20132004, 1.\u20132. b. (\u00e1samt Gu\u00f0mundi J\u00f3nssyni)<\/p>\n<p>2003\u00a0\u00a0\u00a0\u00a0\u00a0\u00a0\u00a0\u00a0\u00a0\u00a0\u00a0\u00a0\u00a0\u00a0\u00a0 Manntali\u00f0 1703. M\u00e1l\u00feing \u00ed\u00a0 Reykjav\u00edk \u00ed tilefni 300 \u00e1ra afm\u00e6lis manntalsins 1703, 15. n\u00f3v. (\u00e1samt \u00d3l\u00f6fu Gar\u00f0arsd\u00f3ttur o.fl.).<\/p>\n<p>2002\u00a0\u00a0\u00a0\u00a0\u00a0\u00a0\u00a0\u00a0\u00a0\u00a0\u00a0\u00a0\u00a0\u00a0\u00a0 R\u00e1\u00f0stefna \u00e1 vegum Sagnfr\u00e6\u00f0istofnunar H\u00e1sk\u00f3la \u00cdslands \u00ed apr\u00edl um ger\u00f0 og n\u00fdtingu gagnagrunna \u00ed f\u00f3lksfj\u00f6ldas\u00f6gu (\u00e1samt Gu\u00f0mundi J\u00f3nssyni).<\/p>\n<p>2001\u00a0\u00a0\u00a0\u00a0\u00a0\u00a0\u00a0\u00a0\u00a0\u00a0\u00a0\u00a0\u00a0\u00a0\u00a0 M\u00e1lstofan \u201eRitmenning, lestur og samf\u00e9lag\u201c \u00e1 2. \u00edslenska s\u00f6gu\u00feinginu<\/p>\n<p>1997\u00a0\u00a0\u00a0\u00a0\u00a0\u00a0\u00a0\u00a0\u00a0\u00a0\u00a0\u00a0\u00a0\u00a0\u00a0 M\u00e1lstofan \u201eAu\u00f0ur, vald og menning\u201c \u00e1 1. \u00edslenska s\u00f6gu\u00feinginu<\/p>\n<p>1991\u00a0\u00a0\u00a0\u00a0\u00a0\u00a0\u00a0\u00a0\u00a0\u00a0\u00a0\u00a0\u00a0\u00a0\u00a0 20. a\u00f0fer\u00f0afr\u00e6\u00f0i\u00feing norr\u00e6nna sagnfr\u00e6\u00f0inga \u00e1 Laugarvatni (\u00e1samt G\u00edsla \u00c1.\u00a0Gunnlaugssyni)<\/p>\n<p>&nbsp;<\/p>\n<p><em>Andm\u00e6li vi\u00f0 doktorsvarnir<\/em><\/p>\n<p>2005\u00a0\u00a0\u00a0\u00a0\u00a0\u00a0\u00a0\u00a0\u00a0\u00a0\u00a0\u00a0\u00a0\u00a0\u00a0 Andm\u00e6landi (fakultetsopponent) vi\u00f0 doktorsv\u00f6rn vi\u00f0 Department of historical studies, Ume\u00e5 Universitet, 19. ma\u00ed. Doktorsefni: Elisabeth Engberg. Ph.D.- ritger\u00f0: I fattiga omst\u00e4ndigheter: Fattigv\u00e5rdens former och underst\u00f6dstagare i Skellefte\u00e5 socken under 1800-talet.<\/p>\n<p>2004 \u00a0\u00a0\u00a0\u00a0\u00a0\u00a0\u00a0\u00a0\u00a0\u00a0\u00a0\u00a0\u00a0\u00a0 Annar andm\u00e6landi vi\u00f0 doktorsv\u00f6rn vi\u00f0 Kaupmannahafnarh\u00e1sk\u00f3la, Det Humanistiske Fakultet, 6. ma\u00ed. Doktorsefni: Christina Folk Ax. Ph.D.-ritger\u00f0: De uregerlige. Den islandske almue og \u00f8vrighedens reformfors\u00f8g 1700\u20131870.<\/p>\n<p>&nbsp;<\/p>\n<p><em>Lei\u00f0s\u00f6gn \u00ed doktorsn\u00e1mi<\/em><\/p>\n<p>2003\u20132013\u00a0\u00a0\u00a0\u00a0\u00a0 J\u00f3n \u00c1rni Fri\u00f0j\u00f3nsson: Sk\u00f3lab\u00f3kasagan. Um s\u00f6gukennslu \u00ed framhaldssk\u00f3lum \u00e1 \u00cdslandi \u00e1 s\u00ed\u00f0ari hluta 20. aldar (vi\u00f0 Menntav\u00edsindasvi\u00f0 H\u00cd).<\/p>\n<p>2008\u00a0\u00a0\u00a0\u00a0\u00a0\u00a0\u00a0\u00a0\u00a0\u00a0\u00a0\u00a0\u00a0\u00a0\u00a0 Gu\u00f0r\u00fan V. Stef\u00e1nsd\u00f3ttir: \u201e\u00c9g hef svo miki\u00f0 a\u00f0 segja.\u201c L\u00edfss\u00f6gur \u00cdslendinga me\u00f0 \u00feroskah\u00f6mlun \u00e1 20. \u00d6ld (vi\u00f0 f\u00e9lagsv\u00edsindadeild H\u00cd).<\/p>\n<p>2002\u20132008\u00a0\u00a0\u00a0\u00a0\u00a0 Sigur\u00f0ur P\u00e1lsson: Kirkja og sk\u00f3li \u00e1 20. \u00d6ld (vi\u00f0 Menntav\u00edsindasvi\u00f0 H\u00cd).<\/p>\n<p><strong>\u00a0<\/strong><\/p>\n<p><em>F\u00e9lagsst\u00f6rf \u00e1 svi\u00f0i sagnfr\u00e6\u00f0i<\/em><\/p>\n<p>2001\u20132005\u00a0\u00a0\u00a0\u00a0\u00a0 Forseti S\u00f6guf\u00e9lags<\/p>\n<p>1999\u20132001\u00a0\u00a0\u00a0\u00a0\u00a0 Forma\u00f0ur Landsnefndar sagnfr\u00e6\u00f0inga<\/p>\n<p>1988\u20132001\u00a0\u00a0\u00a0\u00a0\u00a0 Stj\u00f3rnarma\u00f0ur (gjaldkeri) \u00ed S\u00f6guf\u00e9lagi<\/p>\n<p>1992\u2013\u00a0\u00a0\u00a0\u00a0\u00a0\u00a0\u00a0\u00a0\u00a0\u00a0\u00a0\u00a0\u00a0 Stj\u00f3rnarma\u00f0ur \u00ed sk\u00f3laminjanefnd (samstarfsvettvangur nokkurra stofnana)<\/p>\n<p>1985\u20131994\u00a0\u00a0\u00a0\u00a0\u00a0 \u00cd stj\u00f3rnarnefnd a\u00f0fer\u00f0afr\u00e6\u00f0i\u00feinga norr\u00e6nna sagnfr\u00e6\u00f0inga<\/p>\n<p>1985\u20131987\u00a0\u00a0\u00a0\u00a0\u00a0 Forma\u00f0ur Sagnfr\u00e6\u00f0ingaf\u00e9lags \u00cdslands<\/p>\n<p>1982\u20131984<strong>\u00a0\u00a0\u00a0\u00a0\u00a0 <\/strong>Stj\u00f3rnarma\u00f0ur \u00ed samstarfsnefnd Sagnfr\u00e6\u00f0istofnunar H\u00cd og Sagnfr\u00e6\u00f0ingaf\u00e9lags \u00cdslands um al\u00fej\u00f3\u00f0asamskipti.<\/p>\n<p>1976\u20131978\u00a0\u00a0\u00a0\u00a0\u00a0 Stj\u00f3rnarma\u00f0ur \u00ed Sagnfr\u00e6\u00f0ingaf\u00e9lagi \u00cdslands<\/p>\n<p>1970\u20131971<strong>\u00a0\u00a0\u00a0\u00a0\u00a0 <\/strong>\u00cd undirb\u00faningsnefnd fyrir stofnun F\u00e9lags \u00edslenskra sagnfr\u00e6\u00f0inga (s\u00ed\u00f0ar Sagnfr\u00e6\u00f0ingaf\u00e9lags \u00cdslands)<\/p>\n","protected":false},"excerpt":{"rendered":"<p>Kennslust\u00f6rf &nbsp; 2008\u2013\u00a0\u00a0\u00a0\u00a0\u00a0\u00a0\u00a0\u00a0\u00a0\u00a0\u00a0\u00a0\u00a0 Pr\u00f3fessor emeritus vi\u00f0 Menntav\u00edsindasvi\u00f0 H\u00cd. 2002\u20132008\u00a0\u00a0\u00a0\u00a0\u00a0 Pr\u00f3fessor \u00ed sagnfr\u00e6\u00f0i vi\u00f0 Kennarah\u00e1sk\u00f3la \u00cdslands (KH\u00cd) 1998\u20132002\u00a0\u00a0\u00a0\u00a0\u00a0 Pr\u00f3fessor \u00ed sagnfr\u00e6\u00f0i vi\u00f0 H\u00e1sk\u00f3la \u00cdslands (H\u00cd) 1991\u20131998\u00a0\u00a0\u00a0\u00a0\u00a0 Pr\u00f3fessor \u00ed sagnfr\u00e6\u00f0i vi\u00f0 KH\u00cd 1983\u20131991\u00a0\u00a0\u00a0\u00a0\u00a0 D\u00f3sent \u00ed sagnfr\u00e6\u00f0i vi\u00f0 KH\u00cd 1972\u20131983\u00a0\u00a0\u00a0\u00a0\u00a0 Lektor \u00ed f\u00e9lagsfr\u00e6\u00f0i vi\u00f0 KH\u00cd 1968\u20131972\u00a0\u00a0\u00a0\u00a0\u00a0 Fastr\u00e1\u00f0inn kennari \u00ed s\u00f6gu og f\u00e9lagsfr\u00e6\u00f0i vi\u00f0 Kennarask\u00f3la \u00cdslands (K\u00cd) 1967\u20131968\u00a0\u00a0\u00a0\u00a0\u00a0 Stundakennari [&hellip;]<\/p>\n","protected":false},"author":1019,"featured_media":0,"parent":0,"menu_order":0,"comment_status":"closed","ping_status":"closed","template":"","meta":{"footnotes":""},"class_list":["post-23","page","type-page","status-publish","hentry"],"_links":{"self":[{"href":"https:\/\/uni.hi.is\/loftur\/wp-json\/wp\/v2\/pages\/23","targetHints":{"allow":["GET"]}}],"collection":[{"href":"https:\/\/uni.hi.is\/loftur\/wp-json\/wp\/v2\/pages"}],"about":[{"href":"https:\/\/uni.hi.is\/loftur\/wp-json\/wp\/v2\/types\/page"}],"author":[{"embeddable":true,"href":"https:\/\/uni.hi.is\/loftur\/wp-json\/wp\/v2\/users\/1019"}],"replies":[{"embeddable":true,"href":"https:\/\/uni.hi.is\/loftur\/wp-json\/wp\/v2\/comments?post=23"}],"version-history":[{"count":1,"href":"https:\/\/uni.hi.is\/loftur\/wp-json\/wp\/v2\/pages\/23\/revisions"}],"predecessor-version":[{"id":24,"href":"https:\/\/uni.hi.is\/loftur\/wp-json\/wp\/v2\/pages\/23\/revisions\/24"}],"wp:attachment":[{"href":"https:\/\/uni.hi.is\/loftur\/wp-json\/wp\/v2\/media?parent=23"}],"curies":[{"name":"wp","href":"https:\/\/api.w.org\/{rel}","templated":true}]}}