{"id":29,"date":"2016-09-21T20:40:48","date_gmt":"2016-09-21T20:40:48","guid":{"rendered":"http:\/\/uni.hi.is\/loftur\/?page_id=29"},"modified":"2016-09-21T20:40:48","modified_gmt":"2016-09-21T20:40:48","slug":"islenskir-barnakennarar-sem-felagsflokkur-og-faghopur-1910-1960","status":"publish","type":"page","link":"https:\/\/uni.hi.is\/loftur\/rannsoknir-og-ritstorf\/islenskir-barnakennarar-sem-felagsflokkur-og-faghopur-1910-1960\/","title":{"rendered":"\u00cdslenskir barnakennarar sem f\u00e9lagsflokkur og fagh\u00f3pur 1910\u20131960"},"content":{"rendered":"<p>\u00c1ri\u00f0 2003 hleyptum vi\u00f0 Helgi Sk\u00fali Kjartansson af stokkunum verkefninu \u201e\u00cdslenskir barnakennarar sem f\u00e9lagsflokkur og fagh\u00f3pur 1910\u20131960\u201c. Tilgangurinn var m.a. a\u00f0 afla \u00feekkingar \u00e1 h\u00f3pnum \u00ed \u00fe\u00e1gu almenningsfr\u00e6\u00f0sluverkefnisins (sj\u00e1 h\u00e9r aftar).\u00a0 \u00c1 grundvelli einstaklingsgagna um starfandi kennara \u00e1 t\u00edmabilinu,\u00a0 sem einkum voru s\u00f3tt \u00ed <em>Kennaratal, <\/em>I.\u20132. b.), var b\u00fainn til gagnagrunnur \u00fear sem fram koma uppl\u00fdsingar um menntun, uppruna og starfsferil kennara sem starfandi voru \u00e1 landinu sk\u00f3la\u00e1rin 1910\u20131911, 1930\u20131931 og 1940\u20131941. Verkefni\u00f0 var fr\u00e1 upphafi styrkt af Ranns\u00f3knarsj\u00f3\u00f0i KH\u00cd. A\u00f0sto\u00f0arma\u00f0ur var Guttormur Helgi J\u00f3hannesson, BA. \u00c1ri\u00f0 2008 gekk \u00d3l\u00f6f Gar\u00f0arsd\u00f3ttir d\u00f3sent til samstarfs vi\u00f0 okkur Helga Sk\u00fala um a\u00f0 \u00fer\u00f3a gagnagrunninn \u00e1fram. Hefur \u00d3l\u00f6f haft umsj\u00f3n me\u00f0 \u00fev\u00ed verki s\u00ed\u00f0an 2010.<\/p>\n<p>&nbsp;<\/p>\n<p><strong>Ritaskr\u00e1 <\/strong>(Publications)<\/p>\n<p>&nbsp;<\/p>\n<p><strong>T\u00edmaritsgreinar, ritger\u00f0ir og b\u00f3karkaflar<\/strong><\/p>\n<p>(Articles and book chapters)<\/p>\n<p>2014\u00a0\u00a0\u00a0\u00a0\u00a0 Changes in schooling arrangements and in the Demographic and Social Profile of Teachers in Iceland, 1930\u20131960. <em>Nordic Journal of Educational History <\/em>1(1):7\u201320 (\u00e1samt \u00d3l\u00f6fu Gar\u00f0arsd\u00f3ttur)<\/p>\n<p>2012\u00a0\u00a0\u00a0\u00a0\u00a0 \u00cdslenskir barnakennarar 1930 og 1960: f\u00e9lagsleg og l\u00fd\u00f0fr\u00e6\u00f0ileg einkenni. Menntakvika. R\u00e1\u00f0stefnurit Netlu \u2013 Menntakvika 2012 (\u00e1samt \u00d3l\u00f6fu Gar\u00f0arsd\u00f3ttur)<\/p>\n<p>&nbsp;<\/p>\n<p><strong>\u00d3prentu\u00f0 erindi\/fyrirlestrar<\/strong><\/p>\n<p>(Unpublished papers)<\/p>\n<p>&nbsp;<\/p>\n<p>2003 \u00a0 \u00a0 \u00cdslenskir barnakennarar 1910\u20131940 \u00ed f\u00e9lagsfr\u00e6\u00f0ilegu lj\u00f3si. Opinber fyrirlestur \u00e1 vegum Ranns\u00f3knarstofnunar KH\u00cd 4. ma\u00ed. Endurfluttur \u00ed bo\u00f0i Kennaradeildar H\u00e1sk\u00f3lans \u00e1 Akureyri 6. ma\u00ed.<\/p>\n<p>2003\u00a0\u00a0\u00a0\u00a0\u00a0 Kvinder og m\u00e6nd i den islandske folkeskole 1910\u20131945. Nordisk pdagogiskhistorisk konferens, session 10: Genus i pedagogikhistorien Stokkh\u00f3lmi, 26. sept.\u00a0 .<\/p>\n<p>2007\u00a0\u00a0\u00a0\u00a0\u00a0 Islandske folkeskolel\u00e6rere 1909\u20131940: en sociologisk analyse. Norr\u00e6na s\u00f6gu\u00feingi\u00f0, Reykjav\u00edk, \u00e1g\u00fast.<\/p>\n<p>2012\u00a0\u00a0\u00a0\u00a0\u00a0 Changes in schooling arrangements and in the Demographic and Social Profile of School-teachers in Iceland 1930\u20131960. <em>\u00a0<\/em>Conference of the History of Education., session: Politisk aktiva l\u00e4rare , Ume\u00e5 26.\u201328. Sept. (\u00e1samt \u00d3l\u00f6fu Gar\u00f0arsd\u00f3ttur).<\/p>\n<p>2012\u00a0\u00a0\u00a0\u00a0\u00a0 \u00cdslenskir barnakennarar 1930 og 1960: f\u00e9lagsleg og l\u00fd\u00f0fr\u00e6\u00f0ileg einkenni. Menntakvika, Menntav\u00edsindasvi\u00f0 H\u00cd, 4. okt. (\u00e1samt \u00d3l\u00f6fu Gar\u00f0arsd\u00f3ttur)<\/p>\n<p>2016\u00a0\u00a0\u00a0\u00a0\u00a0 Kennslukonur \u00ed Reykjav\u00edk 1900\u20131940. M\u00e1l\u00feing \u00e1 Menntav\u00edsindasvi\u00f0i H\u00cd. M\u00e1l\u00feing \u00ed m\u00e1lstofur\u00f6\u00f0inni Konur \u00ed \u00fe\u00e1gu barna, skipul\u00f6g\u00f0 af Ranns\u00f3knarstofu \u00ed Bernsku og \u00e6skul\u00fd\u00f0sfr\u00e6\u00f0um, Reykjav\u00edk, 15. J\u00fan\u00ed (\u00e1samt \u00d3l\u00f6fu Gar\u00f0arsd\u00f3ttur).<\/p>\n","protected":false},"excerpt":{"rendered":"<p>\u00c1ri\u00f0 2003 hleyptum vi\u00f0 Helgi Sk\u00fali Kjartansson af stokkunum verkefninu \u201e\u00cdslenskir barnakennarar sem f\u00e9lagsflokkur og fagh\u00f3pur 1910\u20131960\u201c. Tilgangurinn var m.a. a\u00f0 afla \u00feekkingar \u00e1 h\u00f3pnum \u00ed \u00fe\u00e1gu almenningsfr\u00e6\u00f0sluverkefnisins (sj\u00e1 h\u00e9r aftar).\u00a0 \u00c1 grundvelli einstaklingsgagna um starfandi kennara \u00e1 t\u00edmabilinu,\u00a0 sem einkum voru s\u00f3tt \u00ed Kennaratal, I.\u20132. b.), var b\u00fainn til gagnagrunnur \u00fear sem fram koma [&hellip;]<\/p>\n","protected":false},"author":1019,"featured_media":0,"parent":26,"menu_order":0,"comment_status":"closed","ping_status":"closed","template":"","meta":{"footnotes":""},"class_list":["post-29","page","type-page","status-publish","hentry"],"_links":{"self":[{"href":"https:\/\/uni.hi.is\/loftur\/wp-json\/wp\/v2\/pages\/29","targetHints":{"allow":["GET"]}}],"collection":[{"href":"https:\/\/uni.hi.is\/loftur\/wp-json\/wp\/v2\/pages"}],"about":[{"href":"https:\/\/uni.hi.is\/loftur\/wp-json\/wp\/v2\/types\/page"}],"author":[{"embeddable":true,"href":"https:\/\/uni.hi.is\/loftur\/wp-json\/wp\/v2\/users\/1019"}],"replies":[{"embeddable":true,"href":"https:\/\/uni.hi.is\/loftur\/wp-json\/wp\/v2\/comments?post=29"}],"version-history":[{"count":1,"href":"https:\/\/uni.hi.is\/loftur\/wp-json\/wp\/v2\/pages\/29\/revisions"}],"predecessor-version":[{"id":30,"href":"https:\/\/uni.hi.is\/loftur\/wp-json\/wp\/v2\/pages\/29\/revisions\/30"}],"up":[{"embeddable":true,"href":"https:\/\/uni.hi.is\/loftur\/wp-json\/wp\/v2\/pages\/26"}],"wp:attachment":[{"href":"https:\/\/uni.hi.is\/loftur\/wp-json\/wp\/v2\/media?parent=29"}],"curies":[{"name":"wp","href":"https:\/\/api.w.org\/{rel}","templated":true}]}}