{"id":36,"date":"2016-09-21T20:48:03","date_gmt":"2016-09-21T20:48:03","guid":{"rendered":"http:\/\/uni.hi.is\/loftur\/?page_id=36"},"modified":"2016-09-21T20:49:25","modified_gmt":"2016-09-21T20:49:25","slug":"sagnritun-a-19-og-20-old-og-tengsl-vid-adrar-fraedigreinar","status":"publish","type":"page","link":"https:\/\/uni.hi.is\/loftur\/rannsoknir-og-ritstorf\/sagnritun-a-19-og-20-old-og-tengsl-vid-adrar-fraedigreinar\/","title":{"rendered":"Sagnritun \u00e1 19. og 20. \u00f6ld og tengsl vi\u00f0 a\u00f0rar fr\u00e6\u00f0igreinar"},"content":{"rendered":"<p>\u00deessu vi\u00f0fangsefni sinnti \u00e9g nokku\u00f0 \u00e1 \u00e1runum 1977\u20131981 og s\u00ed\u00f0an aftur fr\u00e1 1997 a\u00f0 telja.\u00a0 \u00cd millit\u00ed\u00f0inni var \u00e9g ri\u00f0inn vi\u00f0 undirb\u00faning og skipulagningu fj\u00f6gurra s\u00ed\u00f0ustu a\u00f0fer\u00f0afr\u00e6\u00f0ir\u00e1\u00f0stefna norr\u00e6nna sagnfr\u00e6\u00f0inga 1985\u20131991 (sem h\u00e9ldu m\u00e9r vi\u00f0 efni\u00f0 ef svo m\u00e6tti segja). Um aldam\u00f3tin t\u00f3k \u00e9g \u00fe\u00e1tt \u00ed tveimur verkefnum \u00e1 \u00feessu svi\u00f0i, \u00f6\u00f0ru samnorr\u00e6nu, <em>Nordic Historiography in the Twentieth Century<\/em>, sem Jan Eyvind Myhre, pr\u00f3fessor \u00ed \u00d3sl\u00f3, \u00e1tti frumkv\u00e6\u00f0i a\u00f0, hinu \u00edslensku, <em>\u00cdslensk sagnritun \u00e1 20. \u00f6ld<\/em>, sem dr. Gu\u00f0mundur J\u00f3nsson d\u00f3sent haf\u00f0i forg\u00f6ngu um. B\u00e1\u00f0um verkefnunum lauk me\u00f0 birtingu ni\u00f0ursta\u00f0na \u00ed ritger\u00f0arformi.<\/p>\n<p><strong>\u00a0<\/strong><\/p>\n<p><strong>Ritaskr\u00e1 <\/strong>(Publications)<\/p>\n<p><strong>\u00a0<\/strong><\/p>\n<p><strong>T\u00edmaritsgreinar, ritger\u00f0ir og b\u00f3kakarflar<\/strong><\/p>\n<p>(Articles and book chapters)<\/p>\n<p>&nbsp;<\/p>\n<p>1972\u00a0\u00a0\u00a0\u00a0\u00a0\u00a0 Form\u00e1li. \u00cd Albert Mathiez: <em>Franska byltingin<\/em>. 1. b. Loftur Guttormsson \u00fe\u00fdddi. Rv, M\u00e1l og menning. S. 3\u20135.<\/p>\n<p>1978-1979 \u00a0 \u00a0Saga og f\u00e9lagsfr\u00e6\u00f0i. Samb\u00fa\u00f0arvandam\u00e1l \u00feeirra sko\u00f0u\u00f0 \u00ed s\u00f6gulegu lj\u00f3si. Fyrri hluti; s\u00ed\u00f0ari hluti. <em>Saga, T\u00edmarit S\u00f6guf\u00e9lags<\/em> 16:197\u2013221, 17:199\u2013237.<\/p>\n<p>1982\u00a0\u00a0\u00a0\u00a0\u00a0\u00a0 Franska byltingin \u00ed Evr\u00f3pu. <em>Andvari 107: <\/em>87\u2013103.<\/p>\n<p>1982\u00a0\u00a0\u00a0\u00a0\u00a0 Samstarf norr\u00e6nna sagnfr\u00e6\u00f0inga. <em>Saga<\/em>. <em>T\u00edmarit S\u00f6guf\u00e9lags <\/em>20:286\u2013291.<\/p>\n<p>1985\u00a0\u00a0\u00a0\u00a0\u00a0 N\u00fdjar stefnur og straumar \u00ed sagnfr\u00e6\u00f0i. <em>Saga og sk\u00f3li<\/em> 2(2):13\u201322.<\/p>\n<p>1987\u00a0\u00a0\u00a0\u00a0\u00a0\u00a0 Setningarr\u00e6\u00f0a. <em>I\u00f0nbylting \u00e1 \u00cdslandi. Umsk\u00f6pun atvinnul\u00edfs um 1880 til 1940<\/em> (Ritr\u00f6\u00f0 Sagnfr\u00e6\u00f0istofnunar 25). Rv. 1987. S. 7\u20138.<\/p>\n<p>1989\u00a0\u00a0\u00a0\u00a0\u00a0 Franska byltingin \u00ed ums\u00f6gn Magn\u00fasar Stephensens. <em>N\u00fd saga<\/em> 3:12\u201319.<\/p>\n<p>1996\u00a0\u00a0\u00a0\u00a0\u00a0 G\u00edsli \u00c1g\u00fast Gunnlaugsson. 6. j\u00fan\u00ed 1953\u20133. febr\u00faar 1996. <em>Saga. T\u00edmarit S\u00f6guf\u00e9lags <\/em>34 :21\u201326.<\/p>\n<p>1998\u00a0\u00a0\u00a0\u00a0\u00a0 Nogle tr\u00e6k af historieforskningen i Island 1990\u20131996. <em>Historisk tidskrift f\u00f6r Finland<\/em> 83(1):84\u201395.<\/p>\n<p>1999\u00a0\u00a0\u00a0\u00a0\u00a0\u00a0 Nokkrar athugagreinar um upphaf s\u00f6gukennslu \u00ed \u00edslenskum barnask\u00f3lum. <em>Helgispj\u00f6ll framin Helga Sk\u00fala Kjartanssyni fimmtugum, 1. febr\u00faar 1999. <\/em>Rv. S. 7\u201313.<\/p>\n<p>2000\u00a0\u00a0\u00a0\u00a0\u00a0\u00a0 The breakthrough of social history in Icelandic historiography. <em>Nordic historiography in the 20<sup>th<\/sup> century <\/em>(Tid og tanke 5)<em>. <\/em>Ritstj. F. Meyer og Jan E. Myhre. Oslo, University of Oslo. S. 265\u2013279.<\/p>\n<p>2000\u00a0\u00a0\u00a0\u00a0\u00a0 Ranns\u00f3knir \u00ed f\u00e9lagss\u00f6gu 19. og 20. aldar. <em>Saga. T\u00edmarit S\u00f6guf\u00e9lags<\/em> 38:136\u2013160.<\/p>\n<p>2001\u00a0\u00a0\u00a0\u00a0\u00a0\u00a0 Sm\u00e1tt og st\u00f3rt \u00ed sagnfr\u00e6\u00f0i. Athugasemdir \u00ed tilefni af eins\u00f6guskrifum Sigur\u00f0ar Gylfa Magn\u00fassonar sagnfr\u00e6\u00f0ings. <em>Sk\u00edrnir. T\u00edmarit Hins \u00edslenzka b\u00f3kmenntaf\u00e9lags<\/em> 175(2):452\u2013471.<\/p>\n<p>2002\u00a0\u00a0\u00a0\u00a0\u00a0\u00a0 Fr\u00e6\u00f0igreinin: E\u00f0li og a\u00f0fer\u00f0ir. <em>\u00cdslenskir sagnfr\u00e6\u00f0ingar<\/em>. Seinna bindi. <em>Vi\u00f0horf og ranns\u00f3knir. <\/em>Ritstj. Loftur Guttormsson, P\u00e1ll Bj\u00f6rnsson, Sigr\u00fan P\u00e1lsd\u00f3ttir, Sigur\u00f0ur Gylfi\u00a0 Magn\u00fasson. Rv. M\u00e1l og mynd. S. 11\u201313.<\/p>\n<p>2002\u00a0\u00a0\u00a0\u00a0\u00a0 Horft til beggja \u00e1tta. <em>Saga. T\u00edmarit S\u00f6guf\u00e9lags<\/em> 40(1):9\u201314.<\/p>\n<p>2003\u00a0\u00a0\u00a0\u00a0\u00a0 Eftirm\u00e1li vi\u00f0 or\u00f0askipti: t\u00edu punktar. <em>Sk\u00edrnir. T\u00edmarit Hins \u00edslenzka b\u00f3kmenntaf\u00e9lags<\/em> 177(2):373\u2013388.<\/p>\n<p>2003\u00a0\u00a0\u00a0\u00a0\u00a0\u00a0 Sagnfr\u00e6\u00f0i og samt\u00ed\u00f0arm\u00e1l. R\u00e6tt vi\u00f0 Knut Kjeldstadli, \u00a0pr\u00f3fessor \u00ed n\u00fat\u00edmas\u00f6gu vi\u00f0 \u00d3sl\u00f3arh\u00e1sk\u00f3la. <em>Saga. T\u00edmarit S\u00f6guf\u00e9lags<\/em> 41(2):7\u201314.<\/p>\n<p><strong>\u00a0<\/strong><\/p>\n<p><strong>Ritd\u00f3mar<\/strong><\/p>\n<p>(Book reviews)<\/p>\n<p>&nbsp;<\/p>\n<p>1984 \u00a0 \u00a0Uppl\u00fdsing og saga. S\u00fdnisb\u00f3k sagnaritunar \u00cdslendinga \u00e1 uppl\u00fdsingar\u00f6ld. Ingi Sigur\u00f0sson bj\u00f3 til prentunar. 1982. \u2013 <em>Saga. T\u00edmarit S\u00f6guf\u00e9lags<\/em> 22:346\u2013353.<\/p>\n<p>1986\u00a0\u00a0\u00a0\u00a0\u00a0\u00a0 P\u00e9tur P\u00e9tursson: Church and Social Change, A Study of the Secularization Process in Iceland 1830\u20131930. V\u00e4nersborg 1983. \u2013 <em>Saga. T\u00edmarit S\u00f6guf\u00e9lags<\/em> 24: 255\u2013267.<\/p>\n<p>1990\u00a0\u00a0\u00a0\u00a0\u00a0\u00a0 \u00de\u00f3runn Valdimarsd\u00f3ttir: <em>Snorri \u00e1 H\u00fasafelli. Saga fr\u00e1 18. \u00f6ld<\/em>. Rv. 1989. \u2013 <em>Saga. T\u00edmarit S\u00f6guf\u00e9lags<\/em> 28:244\u2013254.<\/p>\n<p>1995\u00a0\u00a0\u00a0\u00a0\u00a0\u00a0 J\u00f6rn R\u00fcsen: Lifandi saga. Framsetning og hlutverk s\u00f6gulegrar \u00feekkingar. Rv. 1994 \u2013 <em>Saga. T\u00edmarit S\u00f6guf\u00e9lags<\/em> 33:247\u2013250.<\/p>\n<p>2005\u00a0\u00a0\u00a0\u00a0\u00a0\u00a0 Georg. G. Iggers: Sagnfr\u00e6\u00f0i \u00e1 20. \u00f6ld. Fr\u00e1 v\u00edsindalegri hlutl\u00e6gni til p\u00f3stm\u00f3dern\u00edskrar gagnr\u00fdni. <em>Saga. T\u00edmarit S\u00f6guf\u00e9lags<\/em> 43(2):239\u2013243.<\/p>\n<p><strong>\u00a0<\/strong><\/p>\n<p><strong>Ritstj\u00f3rn <\/strong><\/p>\n<p>(Editorial work)<\/p>\n<p>&nbsp;<\/p>\n<p>2002\u00a0\u00a0\u00a0\u00a0\u00a0\u00a0 <em>\u00cdslenskir sagnfr\u00e6\u00f0ingar<\/em>. Seinna bindi. <em>Vi\u00f0horf og ranns\u00f3knir. <\/em>Rv. M\u00e1l og menning. 476 s. (\u00e1samt P\u00e1li Bj\u00f6rnssyni, Sigr\u00fanu P\u00e1lsd\u00f3ttur, Sigur\u00f0i Gylfa Magn\u00fassyni).<\/p>\n<p><strong>\u00a0<\/strong><\/p>\n<p><strong>\u00d3prentu\u00f0 erindi og handrit<\/strong><\/p>\n<p>(Unpublished papers)<\/p>\n<p>&nbsp;<\/p>\n<p>1978 \u00a0 \u00a0 \u00a0 Samb\u00fa\u00f0arvandam\u00e1l sagnfr\u00e6\u00f0i og \u00fej\u00f3\u00f0f\u00e9lagsfr\u00e6\u00f0i. Erindi \u00e1 r\u00e1\u00f0stefnu um \u00edslenska \u00fej\u00f3\u00f0f\u00e9lagss\u00f6gu 20. aldar. \u00c1rnagar\u00f0i, Reykjav\u00edk, 30. apr\u00edl.<\/p>\n<p>1981\u00a0\u00a0\u00a0\u00a0\u00a0 Sagnfr\u00e6\u00f0i og v\u00edsindaleg kennimi\u00f0. \u00d3fullgert handrit a\u00f0 grein. 39 s.<\/p>\n","protected":false},"excerpt":{"rendered":"<p>\u00deessu vi\u00f0fangsefni sinnti \u00e9g nokku\u00f0 \u00e1 \u00e1runum 1977\u20131981 og s\u00ed\u00f0an aftur fr\u00e1 1997 a\u00f0 telja.\u00a0 \u00cd millit\u00ed\u00f0inni var \u00e9g ri\u00f0inn vi\u00f0 undirb\u00faning og skipulagningu fj\u00f6gurra s\u00ed\u00f0ustu a\u00f0fer\u00f0afr\u00e6\u00f0ir\u00e1\u00f0stefna norr\u00e6nna sagnfr\u00e6\u00f0inga 1985\u20131991 (sem h\u00e9ldu m\u00e9r vi\u00f0 efni\u00f0 ef svo m\u00e6tti segja). Um aldam\u00f3tin t\u00f3k \u00e9g \u00fe\u00e1tt \u00ed tveimur verkefnum \u00e1 \u00feessu svi\u00f0i, \u00f6\u00f0ru samnorr\u00e6nu, Nordic Historiography in [&hellip;]<\/p>\n","protected":false},"author":1019,"featured_media":0,"parent":26,"menu_order":0,"comment_status":"closed","ping_status":"closed","template":"","meta":{"footnotes":""},"class_list":["post-36","page","type-page","status-publish","hentry"],"_links":{"self":[{"href":"https:\/\/uni.hi.is\/loftur\/wp-json\/wp\/v2\/pages\/36","targetHints":{"allow":["GET"]}}],"collection":[{"href":"https:\/\/uni.hi.is\/loftur\/wp-json\/wp\/v2\/pages"}],"about":[{"href":"https:\/\/uni.hi.is\/loftur\/wp-json\/wp\/v2\/types\/page"}],"author":[{"embeddable":true,"href":"https:\/\/uni.hi.is\/loftur\/wp-json\/wp\/v2\/users\/1019"}],"replies":[{"embeddable":true,"href":"https:\/\/uni.hi.is\/loftur\/wp-json\/wp\/v2\/comments?post=36"}],"version-history":[{"count":3,"href":"https:\/\/uni.hi.is\/loftur\/wp-json\/wp\/v2\/pages\/36\/revisions"}],"predecessor-version":[{"id":39,"href":"https:\/\/uni.hi.is\/loftur\/wp-json\/wp\/v2\/pages\/36\/revisions\/39"}],"up":[{"embeddable":true,"href":"https:\/\/uni.hi.is\/loftur\/wp-json\/wp\/v2\/pages\/26"}],"wp:attachment":[{"href":"https:\/\/uni.hi.is\/loftur\/wp-json\/wp\/v2\/media?parent=36"}],"curies":[{"name":"wp","href":"https:\/\/api.w.org\/{rel}","templated":true}]}}