{"id":4,"date":"2016-09-21T20:03:44","date_gmt":"2016-09-21T20:03:44","guid":{"rendered":"http:\/\/uni.hi.is\/loftur\/?page_id=4"},"modified":"2016-09-21T20:32:59","modified_gmt":"2016-09-21T20:32:59","slug":"4-2","status":"publish","type":"page","link":"https:\/\/uni.hi.is\/loftur\/","title":{"rendered":"Fors\u00ed\u00f0a"},"content":{"rendered":"<p>\u00c9g er f\u00e6ddur \u00e1 Hallormssta\u00f0 \u00ed Sk\u00f3gum 1938. \u00c9g starfa\u00f0i vi\u00f0 Kennarask\u00f3la \u00cdslands, s\u00ed\u00f0ar Kennarah\u00e1sk\u00f3la \u00cdslands, samfellt fr\u00e1 1967 nema \u00e1rin 1998\u20132002 \u00feegar \u00e9g gegndi pr\u00f3fessorsst\u00f6\u00f0u vi\u00f0 H\u00e1sk\u00f3la \u00cdslands. \u00c9g l\u00e9t af f\u00f6stu starfi \u00ed apr\u00edl 2008.<\/p>\n<p>Eiginkona m\u00edn er Hanna Krist\u00edn Stef\u00e1nsd\u00f3ttir kennari og deildarstj\u00f3ri. Vi\u00f0 eigum vi\u00f0 \u00ferj\u00fa b\u00f6rn, Hrafn, Arnald og H\u00f6nnu.<\/p>\n<p>Skrifstofa m\u00edn er \u00ed E-203.<\/p>\n<p>Vinnus\u00edmi: 525 3836. Fars\u00edmi 899 5554.<\/p>\n<p>Netfang: <a href=\"mailto:loftur@hi.is\">loftur@hi.is<\/a><\/p>\n","protected":false},"excerpt":{"rendered":"<p>\u00c9g er f\u00e6ddur \u00e1 Hallormssta\u00f0 \u00ed Sk\u00f3gum 1938. \u00c9g starfa\u00f0i vi\u00f0 Kennarask\u00f3la \u00cdslands, s\u00ed\u00f0ar Kennarah\u00e1sk\u00f3la \u00cdslands, samfellt fr\u00e1 1967 nema \u00e1rin 1998\u20132002 \u00feegar \u00e9g gegndi pr\u00f3fessorsst\u00f6\u00f0u vi\u00f0 H\u00e1sk\u00f3la \u00cdslands. \u00c9g l\u00e9t af f\u00f6stu starfi \u00ed apr\u00edl 2008. Eiginkona m\u00edn er Hanna Krist\u00edn Stef\u00e1nsd\u00f3ttir kennari og deildarstj\u00f3ri. Vi\u00f0 eigum vi\u00f0 \u00ferj\u00fa b\u00f6rn, Hrafn, Arnald og H\u00f6nnu. [&hellip;]<\/p>\n","protected":false},"author":1019,"featured_media":0,"parent":0,"menu_order":0,"comment_status":"closed","ping_status":"closed","template":"","meta":{"footnotes":""},"class_list":["post-4","page","type-page","status-publish","hentry"],"_links":{"self":[{"href":"https:\/\/uni.hi.is\/loftur\/wp-json\/wp\/v2\/pages\/4","targetHints":{"allow":["GET"]}}],"collection":[{"href":"https:\/\/uni.hi.is\/loftur\/wp-json\/wp\/v2\/pages"}],"about":[{"href":"https:\/\/uni.hi.is\/loftur\/wp-json\/wp\/v2\/types\/page"}],"author":[{"embeddable":true,"href":"https:\/\/uni.hi.is\/loftur\/wp-json\/wp\/v2\/users\/1019"}],"replies":[{"embeddable":true,"href":"https:\/\/uni.hi.is\/loftur\/wp-json\/wp\/v2\/comments?post=4"}],"version-history":[{"count":2,"href":"https:\/\/uni.hi.is\/loftur\/wp-json\/wp\/v2\/pages\/4\/revisions"}],"predecessor-version":[{"id":22,"href":"https:\/\/uni.hi.is\/loftur\/wp-json\/wp\/v2\/pages\/4\/revisions\/22"}],"wp:attachment":[{"href":"https:\/\/uni.hi.is\/loftur\/wp-json\/wp\/v2\/media?parent=4"}],"curies":[{"name":"wp","href":"https:\/\/api.w.org\/{rel}","templated":true}]}}