{"id":41,"date":"2016-09-21T21:16:41","date_gmt":"2016-09-21T21:16:41","guid":{"rendered":"http:\/\/uni.hi.is\/loftur\/?page_id=41"},"modified":"2016-09-21T21:16:41","modified_gmt":"2016-09-21T21:16:41","slug":"althydumenntun-midlun-og-menningarskil-a-islandi-1830-1930","status":"publish","type":"page","link":"https:\/\/uni.hi.is\/loftur\/rannsoknir-og-ritstorf\/althydumenntun-midlun-og-menningarskil-a-islandi-1830-1930\/","title":{"rendered":"Al\u00fe\u00fd\u00f0umenntun, mi\u00f0lun og menningarskil \u00e1 \u00cdslandi 1830\u20131930"},"content":{"rendered":"<p>\u00deessu verkefni hleypti \u00e9g af stokkunum \u00e1samt dr. Inga Sigur\u00f0ssyni 1996. Markmi\u00f0i\u00f0 var a\u00f0 rekja og sk\u00fdra hin dj\u00fapt\u00e6ku \u00e1hrif sem al\u00fe\u00fd\u00f0umenntun, formleg og \u00f3formleg, samfara st\u00f3raukinni mi\u00f0lun \u00ed ritu\u00f0u og prentu\u00f0u m\u00e1li, haf\u00f0i \u00e1 hugmyndaheim, f\u00e9lagslega \u00fe\u00e1ttt\u00f6ku og f\u00e9lagslega vitund almennings \u00e1 \u00cdslandi fr\u00e1 lokum uppl\u00fdsingaraldar \u00fear til fyrsti lj\u00f3svakami\u00f0illinn, \u00fatvarpi\u00f0, kom til s\u00f6gunnar. V\u00edsindasj\u00f3\u00f0ur styrkti verkefni\u00f0 \u00fer\u00edvegis, 1997-1999, sem og Ranns\u00f3knasj\u00f3\u00f0ur H\u00cd og Ranns\u00f3knasj\u00f3\u00f0ur KH\u00cd. Auk okkar Inga t\u00f3ku eftirtaldir \u00fe\u00e1tt \u00ed verkefninu: Eir\u00edkur \u00deorm\u00f3\u00f0sson cand. mag., Erla Hulda Halld\u00f3rsd\u00f3ttir MA, Hulda S. Sigtryggsd\u00f3ttir cand. mag., J\u00f3n J\u00f3nsson BA og \u00d3lafur Rastrick MA. Verkefninu lauk formlega me\u00f0 \u00fatg\u00e1fu b\u00f3kar 2003.<\/p>\n<p><strong>\u00a0<\/strong><\/p>\n<p><strong>Ritaskr\u00e1<\/strong><\/p>\n<p>Publications<\/p>\n<p>&nbsp;<\/p>\n<p><strong>T\u00edmaritsgreinar, ritger\u00f0ir og b\u00f3karkaflar<\/strong><\/p>\n<p>Articles and book chapters<\/p>\n<p>&nbsp;<\/p>\n<p>2013\u00a0\u00a0\u00a0\u00a0\u00a0\u00a0 Education: <a href=\"http:\/\/www.spinnet.eu\/wiki-instructions\/index.php\/1U_grm09_(Education_:_Icelandic)\">Icelandic. http:\/\/www.spinnet.eu\/wiki-ernie\/index.php\/1U_grm09_(Education_:_Icelandic)<\/a><\/p>\n<p>2002\u00a0\u00a0\u00a0\u00a0\u00a0\u00a0 Ritmenning og samf\u00e9lag. 1830\u20131930. <em>2. \u00edslenska s\u00f6gu\u00feingi\u00f0 30. ma\u00ed\u20132. j\u00fan\u00ed 2002. R\u00e1\u00f0stefnurit<\/em>. Ritstj. Erla Hulda Halld\u00f3rsd\u00f3ttir. Rv., Sagnfr\u00e6\u00f0istofnun H\u00e1sk\u00f3la \u00cdslands, Sagnfr\u00e6\u00f0ingaf\u00e9lag \u00cdslands. S. 396\u2013413.<\/p>\n<p>2003\u00a0\u00a0\u00a0\u00a0\u00a0\u00a0 Framlei\u00f0sla og dreifing rita\u00f0s m\u00e1ls. <em>Al\u00fe\u00fd\u00f0umenning \u00e1 \u00cdslandi 1830\u20131930. Rita\u00f0 m\u00e1l, menntun og f\u00e9lagshreyfingar <\/em>(Sagnfr\u00e6\u00f0iranns\u00f3knir 18). Ritstj. Ingi Sigur\u00f0sson og Loftur Guttormsson.\u00a0 Rv. H\u00e1sk\u00f3la\u00fatg\u00e1fan, Sagnfr\u00e6\u00f0istofnun H\u00e1sk\u00f3la \u00cdslands. S. 37\u201365.<\/p>\n<p>2003\u00a0\u00a0\u00a0\u00a0\u00a0\u00a0 Lestrarh\u00e6ttir og b\u00f3kmenning. <em>Al\u00fe\u00fd\u00f0umenning \u00e1 \u00cdslandi 1830\u20131930. Rita\u00f0 m\u00e1l, menntun og f\u00e9lagshreyfingar <\/em>(Sagnfr\u00e6\u00f0iranns\u00f3knir 18). Ritstj. Ingi Sigur\u00f0sson og Loftur Guttormsson.\u00a0 Rv. H\u00e1sk\u00f3la\u00fatg\u00e1fan, Sagnfr\u00e6\u00f0istofnun H\u00e1sk\u00f3la \u00cdslands. S. 195\u2013214.<\/p>\n<p>2003\u00a0\u00a0\u00a0\u00a0\u00a0\u00a0 Inngangur. <em>Al\u00fe\u00fd\u00f0umenning \u00e1 \u00cdslandi 1830\u20131930. Rita\u00f0 m\u00e1l, menntun og f\u00e9lagshreyfingar\u00a0\u00a0\u00a0\u00a0\u00a0\u00a0\u00a0\u00a0\u00a0 <\/em>(Sagnfr\u00e6\u00f0iranns\u00f3knir 18). Ritstj. Ingi Sigur\u00f0sson og Loftur Guttormsson.\u00a0 Rv. H\u00e1sk\u00f3la\u00fatg\u00e1fan\/Sagnfr\u00e6\u00f0istofnun H\u00e1sk\u00f3la \u00cdslands. S. 9\u201334. (\u00e1samt Inga Sigur\u00f0ssyni).<\/p>\n<p>2003\u00a0\u00a0\u00a0\u00a0\u00a0\u00a0 Ni\u00f0urlag. <em>Al\u00fe\u00fd\u00f0umenning \u00e1 \u00cdslandi 1830\u20131930. Rita\u00f0 m\u00e1l, menntun og f\u00e9lagshreyfingar\u00a0\u00a0\u00a0\u00a0\u00a0\u00a0\u00a0\u00a0\u00a0\u00a0\u00a0\u00a0 <\/em>(Sagnfr\u00e6\u00f0iranns\u00f3knir 18). Ritstj. Ingi Sigur\u00f0sson og Loftur Guttormsson.\u00a0 Rv. H\u00e1sk\u00f3la\u00fatg\u00e1fan\/Sagnfr\u00e6\u00f0istofnun H\u00e1sk\u00f3la \u00cdslands. S. 291\u2013294.(\u00e1samt Inga Sigur\u00f0ssyni).<\/p>\n<p><strong>\u00a0<\/strong><\/p>\n<p><strong>Ritd\u00f3mar<\/strong><\/p>\n<p>2015\u00a0\u00a0\u00a0 Anne Katrine Gjerl\u00f8ff og Anette Faye Jacobsen, <em>Da skolen blev sat i system: 1850\u20131920. Dansk skolehistorie 3: Hverdag, vilk<\/em><em>\u00e5r og visioner gennem 500 \u00e5r, <\/em>ed. Charlotte Appel og Ning de Conninck-Smith, Aarhus, Aarhus Universitetsforlag, s. 81\u201383.<\/p>\n<p>&nbsp;<\/p>\n<p><strong>Ritstj\u00f3rn <\/strong><\/p>\n<p>Editorial work<\/p>\n<p>&nbsp;<\/p>\n<p>2003\u00a0\u00a0\u00a0\u00a0\u00a0\u00a0 <em>Al\u00fe\u00fd\u00f0umenning \u00e1 \u00cdslandi 1830\u20131930. Rita\u00f0 m\u00e1l, menntun og f\u00e9lagshreyfingar <\/em>(Sagnfr\u00e6\u00f0iranns\u00f3knir 18). Rv. H\u00e1sk\u00f3la\u00fatg\u00e1fan\/Sagnfr\u00e6\u00f0istofnun H\u00e1sk\u00f3la \u00cdslands. 350 s. (\u00e1samt Inga Sigur\u00f0ssyni).<\/p>\n<p><strong>\u00a0<\/strong><\/p>\n<p><strong>\u00d3prentu\u00f0 erindi\/fyrirlestrar<\/strong><\/p>\n<p>Unpublished papers<\/p>\n<p>&nbsp;<\/p>\n<p>2001\u00a0\u00a0\u00a0\u00a0\u00a0\u00a0 B\u00f3kv\u00e6\u00f0ing, lestur og al\u00fe\u00fd\u00f0umenning \u00e1 19. \u00f6ld. Opnunarfyrirlestur\u00a0 26. ma\u00ed \u00ed bo\u00f0i Sagnfr\u00e6\u00f0ingaf\u00e9lags \u00cdslands \u00e1 r\u00e1\u00f0stefnu f\u00e9lagsins, B\u00f3kmenning og daglegt l\u00edf vi\u00f0 Brei\u00f0afj\u00f6r\u00f0. Stykkish\u00f3lmi 25.\u201327. ma\u00ed<\/p>\n<p>2002\u00a0\u00a0\u00a0\u00a0\u00a0\u00a0 Publishing and Reading in Nineteenth-century Iceland. Erindi flutt \u00e1 The Tenth Annual Conference of the Society for the History of Authorship, Reading and Publishing (SHARP) 10.\u201313. j\u00fal\u00ed. M\u00e1lstofan \u201ePublishing and Reading in Eastern Europe and Scandinavia\u201c. London, 12. j\u00fal\u00ed.<\/p>\n","protected":false},"excerpt":{"rendered":"<p>\u00deessu verkefni hleypti \u00e9g af stokkunum \u00e1samt dr. Inga Sigur\u00f0ssyni 1996. Markmi\u00f0i\u00f0 var a\u00f0 rekja og sk\u00fdra hin dj\u00fapt\u00e6ku \u00e1hrif sem al\u00fe\u00fd\u00f0umenntun, formleg og \u00f3formleg, samfara st\u00f3raukinni mi\u00f0lun \u00ed ritu\u00f0u og prentu\u00f0u m\u00e1li, haf\u00f0i \u00e1 hugmyndaheim, f\u00e9lagslega \u00fe\u00e1ttt\u00f6ku og f\u00e9lagslega vitund almennings \u00e1 \u00cdslandi fr\u00e1 lokum uppl\u00fdsingaraldar \u00fear til fyrsti lj\u00f3svakami\u00f0illinn, \u00fatvarpi\u00f0, kom til s\u00f6gunnar. [&hellip;]<\/p>\n","protected":false},"author":1019,"featured_media":0,"parent":26,"menu_order":0,"comment_status":"closed","ping_status":"closed","template":"","meta":{"footnotes":""},"class_list":["post-41","page","type-page","status-publish","hentry"],"_links":{"self":[{"href":"https:\/\/uni.hi.is\/loftur\/wp-json\/wp\/v2\/pages\/41","targetHints":{"allow":["GET"]}}],"collection":[{"href":"https:\/\/uni.hi.is\/loftur\/wp-json\/wp\/v2\/pages"}],"about":[{"href":"https:\/\/uni.hi.is\/loftur\/wp-json\/wp\/v2\/types\/page"}],"author":[{"embeddable":true,"href":"https:\/\/uni.hi.is\/loftur\/wp-json\/wp\/v2\/users\/1019"}],"replies":[{"embeddable":true,"href":"https:\/\/uni.hi.is\/loftur\/wp-json\/wp\/v2\/comments?post=41"}],"version-history":[{"count":1,"href":"https:\/\/uni.hi.is\/loftur\/wp-json\/wp\/v2\/pages\/41\/revisions"}],"predecessor-version":[{"id":42,"href":"https:\/\/uni.hi.is\/loftur\/wp-json\/wp\/v2\/pages\/41\/revisions\/42"}],"up":[{"embeddable":true,"href":"https:\/\/uni.hi.is\/loftur\/wp-json\/wp\/v2\/pages\/26"}],"wp:attachment":[{"href":"https:\/\/uni.hi.is\/loftur\/wp-json\/wp\/v2\/media?parent=41"}],"curies":[{"name":"wp","href":"https:\/\/api.w.org\/{rel}","templated":true}]}}