{"id":45,"date":"2016-09-21T21:22:54","date_gmt":"2016-09-21T21:22:54","guid":{"rendered":"http:\/\/uni.hi.is\/loftur\/?page_id=45"},"modified":"2016-09-21T21:22:54","modified_gmt":"2016-09-21T21:22:54","slug":"saga-kristni-a-islandi","status":"publish","type":"page","link":"https:\/\/uni.hi.is\/loftur\/rannsoknir-og-ritstorf\/saga-kristni-a-islandi\/","title":{"rendered":"Saga kristni \u00e1 \u00cdslandi"},"content":{"rendered":"<p>\u00c1ri\u00f0 1992 ger\u00f0ist \u00e9g \u00fe\u00e1tttakandi \u00ed samnefndu verkefni sem stofna\u00f0 var til a\u00f0 tilhlutan Al\u00feingis \u00ed tilefni af \u00fe\u00fasund \u00e1ra afm\u00e6li kristnit\u00f6ku \u00ed landinu. Markmi\u00f0i\u00f0 var a\u00f0 semja fj\u00f6gurra binda yfirlitsverk um s\u00f6gulega \u00fer\u00f3un og samb\u00fa\u00f0 kristni og menningar \u00ed landinu. Fj\u00f6gurra manna ritnefnd undir forystu Hjalta Hugasonar pr\u00f3fessors ritstj\u00f3ra haf\u00f0i umsj\u00f3n me\u00f0 verkinu. \u00c9g var r\u00e1\u00f0inn a\u00f0alh\u00f6fundur 3. bindis, Fr\u00e1 si\u00f0askiptum til uppl\u00fdsingar. Verkefninu lauk me\u00f0 \u00fatg\u00e1fu verksins \u00e1ri\u00f0 2000. Nokkrum minni verkefnum tengdum s\u00f6gu kristni og kirkju sinnti \u00e9g samhli\u00f0a \u00feessu og s\u00ed\u00f0an.<\/p>\n<p>&nbsp;<\/p>\n<p><strong>Ritaskr\u00e1<\/strong><\/p>\n<p>Publications<\/p>\n<p><strong>B\u00e6kur<\/strong><\/p>\n<p>Books<\/p>\n<p>&nbsp;<\/p>\n<p><em>2000 \u00a0 \u00a0 Fr\u00e1 si\u00f0askiptum til uppl\u00fdsingar<\/em>. <em>Kristni \u00e1 \u00cdslandi \u00ed 1000 \u00e1r. <\/em> b<em>. <\/em>Ritstj. Hjalti Hugason. Rv.,\u00a0Al\u00feingi. [Me\u00f0h\u00f6fundar: Einar Sigurbj\u00f6rnsson, Inga Huld H\u00e1konard\u00f3ttir, Nj\u00e1ll Sigur\u00f0sson og \u00de\u00f3ra\u00a0Kristj\u00e1nsd\u00f3ttir]. 418 s.<\/p>\n<p><strong>\u00a0<\/strong><\/p>\n<p><strong>T\u00edmaritsgreinar, ritger\u00f0ir og b\u00f3karkaflar<\/strong><\/p>\n<p>Articles and book chapters<\/p>\n<p>&nbsp;<\/p>\n<p>1992\u00a0\u00a0\u00a0\u00a0\u00a0\u00a0 Si\u00f0breytingin sem menningarsaga. G\u00f6mul og n\u00fd ranns\u00f3knarvi\u00f0horf. M\u00e1l\u00feing um s\u00f6gu kristni \u00e1 \u00cdslandi \u00ed 1000 \u00e1r. <em>Erindi og umr\u00e6\u00f0ur \u00e1 m\u00e1l\u00feingi um S\u00f6gu kristni \u00e1 \u00cdslandi \u00ed 1000 \u00e1r, haldi\u00f0 \u00ed Vi\u00f0ey 31. okt\u00f3ber 1992<\/em>. Rv., Al\u00feingi. S. 21\u201326.<\/p>\n<p>1998\u00a0\u00a0\u00a0\u00a0\u00a0\u00a0 \u00c1 andlegu fer\u00f0alagi um evr\u00f3pska menningu. <em>Frumkv\u00f6\u00f0ull v\u00edsinda og mennta. \u00de\u00f3r\u00f0ur \u00deorl\u00e1ksson biskup \u00ed Sk\u00e1lholti<\/em>. Ritstj. J\u00f3n P\u00e1lsson. Rv., H\u00e1sk\u00f3la\u00fatg\u00e1fan. S. 27\u201343.<\/p>\n<p>1998\u00a0\u00a0\u00a0\u00a0\u00a0\u00a0 Kunn\u00e1tta og vald: Um menningartogstreitu \u00e1 17. og 18. \u00f6ld. <em>\u00cdslenska s\u00f6gu\u00feingi\u00f0. R\u00e1\u00f0stefnurit II<\/em>. Ritstj. Gu\u00f0mundur J. Gu\u00f0mundsson, Eir\u00edkur K. Bj\u00f6rnsson. Rv., Sagnfr\u00e6\u00f0istofnun H\u00cd, Sagnfr\u00e6\u00f0ingaf\u00e9lag \u00cdslands. S. 146\u2013157.<\/p>\n<p>1998 \u00a0 \u00a0Var s\u00f6gu klaustranna loki\u00f0 me\u00f0 si\u00f0askiptunum? Erindi flutt \u00e1 r\u00e1\u00f0stefnu sem haldin var a\u00f0 tilhlutan<\/p>\n<p>Kirkjub\u00e6jarstofu og Skaftafellspr\u00f3fastsd\u00e6mis \u00ed tilefni af 1000 \u00e1ra afm\u00e6li kristnit\u00f6ku \u00e1 \u00cdslandi 13. og<\/p>\n<ol start=\"14\">\n<li>mars 1999. S\u00e9rprent \u00far <em>Dynsk\u00f3gum<\/em>. S. 158\u2013178.<\/li>\n<\/ol>\n<p>2001\u00a0\u00a0\u00a0\u00a0\u00a0\u00a0 Islandske forestillingsverdener i brudfladen mellem ortodoksi og folkekultur. <em>Mellem Gud og Dj\u00e6velen. Religi\u00f8se og magiske verdensbilleder i Norden 1500\u20131800<\/em>. Ritstj. Hanne Sanders (Nord 2001: 19). K\u00f8benhavn. S. 87\u2013104.<\/p>\n<p>2005\u00a0\u00a0\u00a0\u00a0\u00a0 Kirkjusta\u00f0ur og prestsetur. <em>Hallormssta\u00f0ur \u00ed Sk\u00f3gum. N\u00e1tt\u00fara og saga h\u00f6fu\u00f0b\u00f3ls og \u00a0<\/em><em>\u00fej\u00f3\u00f0sk\u00f3gar<\/em>. Ritstj. Hj\u00f6rleifur Guttormsson. Rv., M\u00e1l og menning. S. 121\u2013128.<\/p>\n<p>2005\u00a0\u00a0\u00a0\u00a0\u00a0\u00a0 Fr\u00ed\u00feenkjarinn Hj\u00e1lmar Gu\u00f0mundsson. <em>Hallormssta\u00f0ur \u00ed Sk\u00f3gum. N\u00e1tt\u00fara og saga h\u00f6fu\u00f0b\u00f3ls og\u00a0 \u00fej\u00f3\u00f0sk\u00f3gar<\/em>. Ritstj. Hj\u00f6rleifur Guttormsson. Rv., M\u00e1l og menning. S. 129\u2013135.<\/p>\n<p><strong>\u00a0<\/strong><\/p>\n<p><strong>Ritd\u00f3mar<\/strong><\/p>\n<p>Book reviews<\/p>\n<p>1986\u00a0\u00a0\u00a0\u00a0\u00a0\u00a0 P\u00e9tur P\u00e9tursson: Church and Social Change. V\u00e4nersborg 1984. \u2013 <em>Saga. T\u00edmarit S\u00f6guf\u00e9lags <\/em>24: 255\u2013267.<\/p>\n<p><strong>\u00a0<\/strong><\/p>\n<p><strong>\u00d3prentu\u00f0 erindi\/fyrirlestrar<\/strong><\/p>\n<p>Unpublished papers<\/p>\n<p>&nbsp;<\/p>\n<p>1990\u00a0\u00a0\u00a0\u00a0\u00a0\u00a0\u00a0 Menningarhugtaki\u00f0 og f\u00e9lagslegur veruleiki.\u00a0 Erindi \u00e1 or\u00f0vanginum \u201eMenning og ranns\u00f3knara\u00f0fer\u00f0ir\u201c. Sk\u00e1lholtssk\u00f3la, Sk\u00e1lholti, 3. febr\u00faar.<\/p>\n<p>1994\u00a0\u00a0\u00a0\u00a0\u00a0\u00a0 Ums\u00f6gn um efni erinda \u00e1 r\u00e1\u00f0stefnu F\u00e9lags um \u00e1tj\u00e1ndu aldar fr\u00e6\u00f0i, \u201eN\u00e1tt\u00faruv\u00edsindi og heimsmynd \u00cdslendinga 1700\u20131850\u201c. Odda, H\u00e1sk\u00f3la \u00cdslands, 15. okt\u00f3ber.<\/p>\n<p>1996\u00a0\u00a0\u00a0\u00a0\u00a0\u00a0 Kulturelle perspektiver p\u00e5 tidig modern kirkehistoria. Seminarerindi vi\u00f0 sagnfr\u00e6\u00f0istofnun Lundarh\u00e1sk\u00f3la. Lundi, 18. n\u00f3vember.<\/p>\n<p>2000\u00a0\u00a0\u00a0\u00a0\u00a0\u00a0 Islands kultur i brudfladen mellem ortodoksi og folkelig religion. Erindi \u00e1 r\u00e1\u00f0stefnunni Det f\u00f8rsekulariserede verdensbillede i Norden 1500\u20131800. Lundi, 1.\u20132. desember.<\/p>\n<p>2001\u00a0\u00a0\u00a0\u00a0\u00a0\u00a0 Tro og overtro: nogle tr\u00e6k af islandsk forestillingsverden i tidlig moderne tid. Fyrirlestur 13. \u00e1g\u00fast \u00e1 m\u00e1lstofunni, \u201eDet f\u00f8rsekulariserede verdensbillede i Norden 1500\u20131800\u201c, 24. \u00feingi norr\u00e6nna sagnfr\u00e6\u00f0inga. \u00c1r\u00f3sum, 9\u201313. \u00e1g\u00fast.<\/p>\n<p>2001<strong>\u00a0\u00a0\u00a0\u00a0 <\/strong>J\u00f3n \u00deorkelsson (Thorchillius): forg\u00f6nguma\u00f0ur e\u00f0a sporg\u00f6nguma\u00f0ur p\u00edet\u00edskrar endurb\u00f3tar \u00e1 \u00cdslandi?\u00a0 Erindi \u00e1 m\u00e1l\u00feingi F\u00e9lags um \u00e1tj\u00e1ndu aldar fr\u00e6\u00f0i, \u00dej\u00f3\u00f0arb\u00f3khl\u00f6\u00f0u, Reykjav\u00edk, 24. febr\u00faar.<\/p>\n<p>2003\u00a0\u00a0\u00a0\u00a0\u00a0\u00a0 Sta\u00f0bundinn menningarmunur \u00ed \u00cdslandsl\u00fdsingum \u00e1rn\u00fdaldar. Erindi flutt\u00a0 30. ma\u00ed \u00e1 Landsbygg\u00f0arr\u00e1\u00f0stefnu F\u00e9lags \u00fej\u00f3\u00f0fr\u00e6\u00f0inga og Sagnfr\u00e6\u00f0ingaf\u00e9lags \u00cdslands, \u00c1tthagar og umhverfi. Sta\u00f0arvitund \u00ed s\u00f6gu(m) og s\u00f6gnum, haldinni \u00ed samstarfi vi\u00f0 H\u00e1sk\u00f3lann \u00e1 Akureyri, H\u00e9ra\u00f0sskjalasafni\u00f0 \u00e1 Akureyri og Minjasafni\u00f0 \u00e1 Akureyri, 30. ma\u00ed. Akureyri, 29.\u201331. ma\u00ed.<\/p>\n<p>2004 \u00a0 \u00a0Biskup \u00e1 yfirrei\u00f0: V\u00edsitastionssk\u00fdrslur og umbur\u00f0arbr\u00e9f 1755\u20131763. Erindi \u00e1 m\u00e1l\u00feingi\u00a0 F\u00e9lags um \u00e1tj\u00e1ndu aldar fr\u00e6\u00f0i um Finn J\u00f3nsson Sk\u00e1lholtsbiskup 1704\u20131789. \u00dej\u00f3\u00f0arb\u00f3khl\u00f6\u00f0u, Reykjav\u00edk, 6. n\u00f3vember. [Svavar Sigmundsson flutti \u00ed forf\u00f6llum h\u00f6fundar].<\/p>\n<p>2005 \u00a0 Fr\u00e1 \u00fej\u00f3\u00f0tr\u00fa til \u00fej\u00f3\u00f0sagna: hugarfarsbreyting \u00ed langt\u00edma. Erindi \u00e1 m\u00e1l\u00feingi um \u00fej\u00f3\u00f0tr\u00fa \u00cdslendinga 1650\u20131850. F\u00e9lag um \u00e1tj\u00e1ndu aldar fr\u00e6\u00f0i. \u00dej\u00f3\u00f0arb\u00f3khl\u00f6\u00f0u, Reykjav\u00edk, 9. apr\u00edl.<\/p>\n<p>2005\u00a0\u00a0\u00a0\u00a0\u00a0\u00a0 Af v\u00edsitas\u00edub\u00f3kum og m\u00e1ldaga Brynj\u00f3lfs biskups. Fyrirlestur \u00ed bo\u00f0i Hugv\u00edsindastofnunar H\u00e1sk\u00f3la \u00cdslands o.fl. R\u00e1\u00f0stefna um Brynj\u00f3lf Sveinsson og 17. \u00f6ldina \u00ed s\u00f6gu \u00cdslendinga. \u00dej\u00f3\u00f0arb\u00f3khl\u00f6\u00f0u, Reykjav\u00edk, 17. september.<\/p>\n<p>2016\u00a0\u00a0\u00a0\u00a0\u00a0 Sj\u00e1lfs\u00e6visaga s\u00e9ra \u00deorsteins P\u00e9turssonar \u00e1 Sta\u00f0arbakka: Til varnar p\u00edetisma. M\u00e1l\u00feingi\u00f0 \u00c6vir og \u00e1stir \u00e1 \u00e1tj\u00e1ndu \u00f6ld \u00e1 vegum F\u00e9lags um \u00e1tj\u00e1ndu aldar fr\u00e6\u00f0i og G\u00f3\u00f0vina Grunnav\u00edkur-J\u00f3ns, Reykjav\u00edk, 6. febr.<\/p>\n","protected":false},"excerpt":{"rendered":"<p>\u00c1ri\u00f0 1992 ger\u00f0ist \u00e9g \u00fe\u00e1tttakandi \u00ed samnefndu verkefni sem stofna\u00f0 var til a\u00f0 tilhlutan Al\u00feingis \u00ed tilefni af \u00fe\u00fasund \u00e1ra afm\u00e6li kristnit\u00f6ku \u00ed landinu. Markmi\u00f0i\u00f0 var a\u00f0 semja fj\u00f6gurra binda yfirlitsverk um s\u00f6gulega \u00fer\u00f3un og samb\u00fa\u00f0 kristni og menningar \u00ed landinu. Fj\u00f6gurra manna ritnefnd undir forystu Hjalta Hugasonar pr\u00f3fessors ritstj\u00f3ra haf\u00f0i umsj\u00f3n me\u00f0 verkinu. \u00c9g [&hellip;]<\/p>\n","protected":false},"author":1019,"featured_media":0,"parent":26,"menu_order":0,"comment_status":"closed","ping_status":"closed","template":"","meta":{"footnotes":""},"class_list":["post-45","page","type-page","status-publish","hentry"],"_links":{"self":[{"href":"https:\/\/uni.hi.is\/loftur\/wp-json\/wp\/v2\/pages\/45","targetHints":{"allow":["GET"]}}],"collection":[{"href":"https:\/\/uni.hi.is\/loftur\/wp-json\/wp\/v2\/pages"}],"about":[{"href":"https:\/\/uni.hi.is\/loftur\/wp-json\/wp\/v2\/types\/page"}],"author":[{"embeddable":true,"href":"https:\/\/uni.hi.is\/loftur\/wp-json\/wp\/v2\/users\/1019"}],"replies":[{"embeddable":true,"href":"https:\/\/uni.hi.is\/loftur\/wp-json\/wp\/v2\/comments?post=45"}],"version-history":[{"count":1,"href":"https:\/\/uni.hi.is\/loftur\/wp-json\/wp\/v2\/pages\/45\/revisions"}],"predecessor-version":[{"id":46,"href":"https:\/\/uni.hi.is\/loftur\/wp-json\/wp\/v2\/pages\/45\/revisions\/46"}],"up":[{"embeddable":true,"href":"https:\/\/uni.hi.is\/loftur\/wp-json\/wp\/v2\/pages\/26"}],"wp:attachment":[{"href":"https:\/\/uni.hi.is\/loftur\/wp-json\/wp\/v2\/media?parent=45"}],"curies":[{"name":"wp","href":"https:\/\/api.w.org\/{rel}","templated":true}]}}