{"id":47,"date":"2016-09-21T21:23:46","date_gmt":"2016-09-21T21:23:46","guid":{"rendered":"http:\/\/uni.hi.is\/loftur\/?page_id=47"},"modified":"2016-09-21T21:23:46","modified_gmt":"2016-09-21T21:23:46","slug":"folksfjoldi-fjolskylduferli-og-felagstengsl","status":"publish","type":"page","link":"https:\/\/uni.hi.is\/loftur\/rannsoknir-og-ritstorf\/folksfjoldi-fjolskylduferli-og-felagstengsl\/","title":{"rendered":"F\u00f3lksfj\u00f6ldi, fj\u00f6lskylduferli og f\u00e9lagstengsl"},"content":{"rendered":"<p>\u00deessu svi\u00f0i hef \u00e9g sinnt sumpart me\u00f0 \u00fe\u00e1ttt\u00f6ku \u00ed nokkrum fj\u00f6l\u00fej\u00f3\u00f0legum ranns\u00f3knarverkefnum, sumpart \u00ed samvinnu vi\u00f0 dr. G\u00edsla \u00c1. Gunnlaugsson heitinn, sumpart \u00e1 eigin vegum. H\u00e9r hef \u00e9g fengist vi\u00f0 eftirtalin vi\u00f0fangsefni:<\/p>\n<p><u>\u00a0<\/u><\/p>\n<p><strong>Hj\u00faskaparmyndun og fj\u00f6lskylduferli \u00ed \u00edslensku samf\u00e9lagi 1750\u20131870<\/strong><\/p>\n<p>\u00deetta vi\u00f0fangsefni tengdist n\u00e1i\u00f0 ranns\u00f3knarsvi\u00f0inu \u201eUppeldi og samf\u00e9lag\u201c. Meginmarkmi\u00f0 var a\u00f0 varpa lj\u00f3si \u00e1 hj\u00faskaparstofnun \u00ed \u00edslensku sveitasamf\u00e9lagi, b\u00e6\u00f0i \u00ed f\u00e9lagslegu og menningarlegu tilliti, og rekja \u00fat fr\u00e1 henni vaxtarferli fj\u00f6lskyldna, einkum barneignir, me\u00f0 a\u00f0fer\u00f0 fj\u00f6lskylduendurger\u00f0ar (family reconstitution). Verkefni\u00f0 naut styrks \u00far V\u00edsindasj\u00f3\u00f0i \u00a0\u00cdslands 1986 og 1987.<\/p>\n<p><u>\u00a0<\/u><\/p>\n<p><strong>Nordisk civilisationshistorie<\/strong><\/p>\n<p>\u00c1rin 1985\u20131989 var \u00e9g ri\u00f0inn vi\u00f0 ranns\u00f3knarverkefni\u00f0 Nordisk civilisationshistorie sem Kirsten Hastrup, pr\u00f3fessor \u00ed f\u00e9lagsmannfr\u00e6\u00f0i vi\u00f0 \u00c1r\u00f3sarh\u00e1sk\u00f3la, veitti forystu og styrkt var af NOS-H. Samstarfsmenn hennar voru sj\u00f6 talsins fr\u00e1 \u00f6llum Nor\u00f0url\u00f6ndum. Meginmarkmi\u00f0i\u00f0 var a\u00f0 varpa lj\u00f3si \u00e1 sj\u00e1lfs\u00edmynd Nor\u00f0urlandab\u00faa (det nordiske identitet) eins og h\u00fan hefur \u00fer\u00f3ast \u00ed t\u00edmans r\u00e1s. \u00cd minn hlut kom a\u00f0 fjalla um heimili og fj\u00f6lskyldu. Verkefninu lauk me\u00f0 \u00fatg\u00e1fu tveggja binda verks, <em>Den nordiske verden<\/em> (1992).<\/p>\n<p><u>\u00a0<\/u><\/p>\n<p><strong>Strandbygg\u00f0ir \u00e1 Nor\u00f0url\u00f6ndum 1650\u20131950<\/strong><\/p>\n<p>\u00deetta var samnorr\u00e6nt verkefni, styrkt af NOS-H, undir forystu \u00feriggja sagnfr\u00e6\u00f0inga, Beatrice Moring, John Rogers og G\u00edsla \u00c1. Gunnlaugssonar. Meginmarkmi\u00f0i\u00f0 var a\u00f0 kanna tengsl b\u00faskaparh\u00e1tta og fj\u00f6lskylduh\u00e1tta (einkum heimilisger\u00f0a) vi\u00f0 sj\u00e1vars\u00ed\u00f0una me\u00f0 hli\u00f0sj\u00f3n af\u00a0 breytingum \u00e1 svi\u00f0i t\u00e6kni og vi\u00f0skipta \u00ed t\u00edmans r\u00e1s. Verkefninu lauk formlega 1994 me\u00f0 \u00fatg\u00e1fu sameiginlegrar ranns\u00f3knarsk\u00fdrslu jafnframt \u00fev\u00ed sem ni\u00f0urst\u00f6\u00f0ur fyrir hvert land birtust s\u00e9rstaklega. Samningu sk\u00fdrslunnar fyrir \u00cdsland var ekki loki\u00f0 \u00feegar G\u00edsli \u00c1. Gunnlaugsson f\u00e9ll fr\u00e1 (1996). \u00cd handriti liggur fyrir minn hluti sk\u00fdrslunnar, Family, household and fisheries in south-western Iceland. Ranns\u00f3knarsj\u00f3\u00f0ur KH\u00cd styrkti \u00fe\u00e1tt minn \u00ed verkefninu. \u00deess skal geti\u00f0 a\u00f0 eitt hefti af <em>Journal of Family History<\/em>, 1993, 4. tbl., var helga\u00f0 ni\u00f0urst\u00f6\u00f0um \u00feessa samnorr\u00e6na verkefnis; m.a. birtist \u00fear grein eftir okkur G\u00edsla \u00c1. Gunnlaugsson. \u00c1fangani\u00f0urst\u00f6\u00f0ur verkefnisins voru kynntar m.a. \u00e1 21. \u00feingi norr\u00e6nna sagnfr\u00e6\u00f0inga \u00ed Ume\u00e5 \u00ed j\u00fan\u00ed 1991.<\/p>\n<p>&nbsp;<\/p>\n<p><strong>Fj\u00f6lskyldur og f\u00e9lagstengsl 1750\u20131900<\/strong><\/p>\n<p>Tvo \u00fe\u00e6tti \u00feessa verkefnis vann \u00e9g \u00ed samvinnu vi\u00f0 G\u00edsla \u00c1. Gunnlaugsson \u00e1 t\u00edmabilinu 1989\u20131994 (sj\u00e1 t\u00edmaritsgreinar og b\u00f3karkaflar 1994 og 2000). \u00c1ri\u00f0 1995 ger\u00f0ist \u00e9g svo \u00fe\u00e1tttakandi \u00ed verkefninu <em>History of the European Family<\/em> sem stj\u00f3rna\u00f0 var af David I. Kertzner og Marzio Barbagli. Markmi\u00f0i\u00f0 var a\u00f0 semja \u00feriggja binda yfirlitsrit um evr\u00f3pska fj\u00f6lskyldus\u00f6gu fr\u00e1 upphafi n\u00fdaldar til okkar daga. \u00cd hlut minn kom a\u00f0 semja einn kafla \u00ed 2. bindi ritsins, \u201eParent-child relations\u201c; \u00fea\u00f0 kom \u00fat \u00e1 ensku \u00e1ri\u00f0 2002 og \u00e1 \u00edt\u00f6lsku 2003.<\/p>\n<p>&nbsp;<\/p>\n<p><strong>Ritaskr\u00e1<\/strong><\/p>\n<p>Publications<\/p>\n<p>&nbsp;<\/p>\n<p><strong>F\u00f3lksfj\u00f6ldi, fj\u00f6lskylduferli og f\u00e9lagstengsl<\/strong><\/p>\n<p>Population, family processes and social relations<\/p>\n<p><strong>\u00a0<\/strong><\/p>\n<p><strong>T\u00edmaritsgreinar, ritger\u00f0ir og b\u00f3karkaflar<\/strong><\/p>\n<p>Articles and book chapters<\/p>\n<p>&nbsp;<\/p>\n<p>1980\u00a0\u00a0\u00a0\u00a0\u00a0 F\u00f3lksfj\u00f6ldasaga og s\u00f6guleg l\u00fd\u00f0fr\u00e6\u00f0i. <em>Sagnir<\/em> 1:15\u201329.<\/p>\n<p>1982\u00a0\u00a0\u00a0\u00a0\u00a0\u00a0 I\u00f0nbyltingin. <em>Ma\u00f0ur og stj\u00f3rnm\u00e1l. Erindi flutt \u00e1 r\u00e1\u00f0stefnu L\u00edfs og lands 12. j\u00fan\u00ed 1982<\/em>. Rv., L\u00edf og land . 5 s.<\/p>\n<p>1987\u00a0\u00a0\u00a0\u00a0\u00a0\u00a0 Vi\u00f0 r\u00e6tur kirkjulegs regluveldis \u00e1 \u00cdslandi. Athugun \u00e1 skr\u00e1ningu s\u00f3knarmanna um mi\u00f0bik 18. aldar. <em>Saga. T\u00edmarit S\u00f6guf\u00e9lags<\/em> 25:47\u201387.<\/p>\n<p>1988\u00a0\u00a0\u00a0\u00a0\u00a0\u00a0 Il servizio come istituzione sociale in Islandia e nei paesi nordici. <em>Quaderni storici. Nuova serie<\/em> 68(2):355\u2013379.<\/p>\n<p>1989\u00a0\u00a0\u00a0\u00a0\u00a0\u00a0 Sta\u00f0festi \u00ed fl\u00f6kkusamf\u00e9lagi. \u00c1b\u00fa\u00f0arh\u00e6ttir \u00ed Reykholtsprestakalli \u00e1 18. \u00f6ld. <em>Sk\u00edrnir. T\u00edmarit Hins \u00edslenzka b\u00f3kmenntaf\u00e9lags<\/em> 163(1):9\u201340.<\/p>\n<p>1992\u00a0\u00a0\u00a0\u00a0\u00a0 Husholdet. Familien. <em>Den nordiske verden<\/em>. 2. b. Ritstj. Kirsten Hastrup. Kbh., Gyldendal. S. 167\u2013201.<\/p>\n<p>1992\u00a0\u00a0\u00a0\u00a0\u00a0\u00a0 Hj\u00faskapur og hugarfar. \u00c1rst\u00ed\u00f0asveiflur hj\u00f3nav\u00edgslna 1660\u20131860. Samanbur\u00f0arathugun. <em>Saga. T\u00edmarit S\u00f6guf\u00e9lags<\/em> 30:157\u2013196.<\/p>\n<p>1993\u00a0\u00a0\u00a0\u00a0\u00a0\u00a0 Urbanization and household structure in three Icelandic fishing communities 1880\u20131930. <em>Journal of Family History<\/em> 18(4):315\u2013340\u00a0 (\u00e1samt G\u00edsla \u00c1. Gunnlaugssyni).<\/p>\n<p>1994\u00a0\u00a0\u00a0\u00a0\u00a0\u00a0 Transitions into old age: poverty and retirement possibilities in late eighteenth and nineteenth century Iceland. <em>Poor Women and Children<\/em>. Ritstj. J. Henderson and R. Wall. London, Routledge. S. 251\u2013268 \u00a0(\u00e1samt G\u00edsla \u00c1. Gunnlaugssyni).<\/p>\n<p>1997\u00a0\u00a0\u00a0\u00a0\u00a0\u00a0 A\u00f0 treysta b\u00f6ndin? Hj\u00f3nav\u00edgslu- og sk\u00edrnarvottar \u00ed \u00edslensku samf\u00e9lagi \u00e1 fyrri hluta 19. aldar. [\u00cdslensk \u00fe\u00fd\u00f0ing \u00e1 \u201eCementing alliances\u201c (2000)]. \u00cd G\u00edsli \u00c1g\u00fast Gunnlaugsson: <em>Saga og samf\u00e9lag. \u00de\u00e6ttir \u00far f\u00e9lagss\u00f6gu 19. og 20. aldar<\/em>. Rv., Sagnfr\u00e6\u00f0istofnun H\u00e1sk\u00f3la \u00cdslands og S\u00f6guf\u00e9lag. S. 315\u2013326.<\/p>\n<p>1997\u00a0\u00a0\u00a0\u00a0\u00a0\u00a0 Heimilisger\u00f0 og \u00fe\u00e9ttb\u00fdlismyndun \u00ed \u00feremur sj\u00e1varbygg\u00f0um \u00e1 \u00cdslandi 1880\u20131930. [\u00cdslensk \u00fe\u00fd\u00f0ing \u00e1 \u201eUrbanization and household structure\u201c (1993)].\u00a0 \u00cd G\u00edsli \u00c1g\u00fast Gunnlaugsson: <em>Saga og samf\u00e9lag. \u00de\u00e6ttir \u00far f\u00e9lagss\u00f6gu 19. og 20. aldar<\/em>. Rv., Sagnfr\u00e6\u00f0istofnun H\u00e1sk\u00f3la \u00cdslands og S\u00f6guf\u00e9lag. S. 159\u2013183.<\/p>\n<p>2000\u00a0\u00a0\u00a0\u00a0\u00a0\u00a0 Cementing alliances? Witnesses to marriage and baptism in early nineteenth century Iceland. <em>History of the Family. An\u00a0 International Quarterly<\/em> 5 (3):259\u2013272 (\u00e1samt G\u00edsla \u00c1. Gunnnlaugssyni).<\/p>\n<p>2002\u00a0\u00a0\u00a0\u00a0\u00a0\u00a0 Parent-child Relations. <em>Family Life in the Long Nineteenth Century 1789\u20131913. <\/em>\u00a02. b.<em>. The History of the European Family<\/em>. Ritstj. David I. Kertzer og Marzio Barbagli. New Haven, Yale University Press. S. 251\u2013281, 360\u2013363.<\/p>\n<p>2003\u00a0\u00a0\u00a0\u00a0\u00a0\u00a0 I rapporti fra genitore e figli. <em>Storia della famiglia in Europa. Il lungo Ottocento<\/em>. A cura di M. Barbagli e D.I. Kertzer. Editori Laterza. S. 354\u2013395. [\u00cdt\u00f6lsk \u00fatg\u00e1fa \u00e1 \u201eParent-child Relations\u201c (2002)].<\/p>\n<p>2005\u00a0\u00a0\u00a0\u00a0\u00a0\u00a0 \u00deurfamenn \u00ed manntalinu 1703. <em>Manntali\u00f0 1703 \u00ferj\u00fa hundru\u00f0 \u00e1ra. Greinar \u00ed tilefni afm\u00e6lis. <\/em>Ritstj. \u00d3l\u00f6f Gar\u00f0arsd\u00f3ttir og Eir\u00edkur Gu\u00f0mundsson. Rv., Hagstofa \u00cdslands \u2013 \u00dej\u00f3\u00f0skjalasafn \u00cdslands. S. 77\u2013121 (\u00e1samt \u00d3l\u00f6fu Gar\u00f0arsd\u00f3ttur).<\/p>\n<p>2005\u00a0\u00a0\u00a0\u00a0\u00a0\u00a0 St\u00f3rb\u00fdli um aldam\u00f3tin 1900. <em>Hallormssta\u00f0ur \u00ed Sk\u00f3gum. N\u00e1tt\u00fara og saga h\u00f6fu\u00f0b\u00f3ls og \u00fej\u00f3\u00f0sk\u00f3gar<\/em>. Ritstj. Hj\u00f6rleifur Guttormsson. Rv., M\u00e1l og menning. S. 144\u2013149.<\/p>\n<p>&nbsp;<\/p>\n<p><strong>\u00a0<\/strong><\/p>\n<p><strong>Ritstj\u00f3rn <\/strong><\/p>\n<p>Editorial work<\/p>\n<p>&nbsp;<\/p>\n<p>1997\u00a0\u00a0\u00a0\u00a0\u00a0\u00a0 G\u00edsli \u00c1g\u00fast Gunnlaugsson: <em>Saga og samf\u00e9lag. \u00de\u00e6ttir \u00far f\u00e9lagss\u00f6gu 19. og 20. aldar<\/em>. Rv., Sagnfr\u00e6\u00f0istofnun H\u00e1sk\u00f3la \u00cdslands og S\u00f6guf\u00e9lag. 350 s. (\u00e1samt Gu\u00f0mundi H\u00e1ldanarsyni og \u00d3l\u00f6fu Gar\u00f0arsd\u00f3ttur).<\/p>\n<p><strong>\u00a0<\/strong><\/p>\n<p><strong>\u00d3prentu\u00f0 erindi og handrit<\/strong><\/p>\n<p>Unpublished papers and manuscripts<\/p>\n<p>&nbsp;<\/p>\n<p>1991\u00a0\u00a0\u00a0\u00a0\u00a0\u00a0 Demografi og social struktur i Hvalsnes \u2013 et kystomr\u00e5de i 1700-tallets Island. Erindi flutt \u00ed m\u00e1lstofunni \u201eKystbygder i Norden 1650\u20131950\u201c, 17. \u00feingi norr\u00e6nna sagnfr\u00e6\u00f0inga. Ume\u00e5, j\u00fan\u00ed.<\/p>\n<p>1992\u00a0\u00a0\u00a0\u00a0\u00a0\u00a0 Hvers m\u00e1 s\u00edn uppl\u00fdsing? Heg\u00f0unarmynstur og uppl\u00fdst gagnr\u00fdni 1750\u20131850. Opinber fyrirlestur \u00e1 vegum Ranns\u00f3knarstofnunar KH\u00cd, 12. ma\u00ed.<\/p>\n<p>1994\u00a0\u00a0\u00a0\u00a0\u00a0\u00a0 Family, household and fisheries in south-western Iceland. Handrit upprunalega \u00e6tla\u00f0 til birtingar \u00ed sk\u00fdrslu um verkefni\u00f0 \u201eStandbygg\u00f0ir \u00e1 Nor\u00f0url\u00f6ndum\u201c.<\/p>\n<p>1998\u00a0\u00a0\u00a0\u00a0\u00a0\u00a0 A\u00f0 hva\u00f0a notum kemur s\u00f6guleg l\u00fd\u00f0fr\u00e6\u00f0i vi\u00f0 f\u00e9lagss\u00f6gulegar ranns\u00f3knir? Erindi flutt \u00e1 vegum Sagnfr\u00e6\u00f0ingaf\u00e9lags \u00cdslands. \u00dej\u00f3\u00f0arb\u00f3khl\u00f6\u00f0u, Reykjav\u00edk, 7. apr\u00edl.<\/p>\n<p>1999\u00a0\u00a0\u00a0\u00a0\u00a0\u00a0 Husstand og familie i 1800-tallets Island. Erindi flutt \u00e1 Nordisk historisk seminar. Middelfart, Fj\u00f3ni, 25. september.<\/p>\n<p>2003\u00a0\u00a0\u00a0\u00a0\u00a0\u00a0 \u00deurfamenn \u00ed manntalinu 1703. Erindi flutt \u00e1 m\u00e1l\u00feingi \u00ed tilefni af \u00fev\u00ed a\u00f0 300 \u00e1r voru fr\u00e1 t\u00f6ku manntalsins 1703. Hagstofa \u00cdslands 15 n\u00f3vember (\u00e1samt \u00d3l\u00f6fu Gar\u00f0arsd\u00f3ttur).<\/p>\n<p>2008\u00a0\u00a0\u00a0\u00a0\u00a0\u00a0 Poor, paupers and vagrants in the light of the Icelandic census of 1703 century. Paper at the 7<sup>th<\/sup> European Social Science History Conference (ESSHC) Lisboa 26 Feb\u22121 March (With Loftur Guttormsson)<\/p>\n<p><strong>\u00a0<\/strong><\/p>\n","protected":false},"excerpt":{"rendered":"<p>\u00deessu svi\u00f0i hef \u00e9g sinnt sumpart me\u00f0 \u00fe\u00e1ttt\u00f6ku \u00ed nokkrum fj\u00f6l\u00fej\u00f3\u00f0legum ranns\u00f3knarverkefnum, sumpart \u00ed samvinnu vi\u00f0 dr. G\u00edsla \u00c1. Gunnlaugsson heitinn, sumpart \u00e1 eigin vegum. H\u00e9r hef \u00e9g fengist vi\u00f0 eftirtalin vi\u00f0fangsefni: \u00a0 Hj\u00faskaparmyndun og fj\u00f6lskylduferli \u00ed \u00edslensku samf\u00e9lagi 1750\u20131870 \u00deetta vi\u00f0fangsefni tengdist n\u00e1i\u00f0 ranns\u00f3knarsvi\u00f0inu \u201eUppeldi og samf\u00e9lag\u201c. Meginmarkmi\u00f0 var a\u00f0 varpa lj\u00f3si \u00e1 hj\u00faskaparstofnun [&hellip;]<\/p>\n","protected":false},"author":1019,"featured_media":0,"parent":26,"menu_order":0,"comment_status":"closed","ping_status":"closed","template":"","meta":{"footnotes":""},"class_list":["post-47","page","type-page","status-publish","hentry"],"_links":{"self":[{"href":"https:\/\/uni.hi.is\/loftur\/wp-json\/wp\/v2\/pages\/47","targetHints":{"allow":["GET"]}}],"collection":[{"href":"https:\/\/uni.hi.is\/loftur\/wp-json\/wp\/v2\/pages"}],"about":[{"href":"https:\/\/uni.hi.is\/loftur\/wp-json\/wp\/v2\/types\/page"}],"author":[{"embeddable":true,"href":"https:\/\/uni.hi.is\/loftur\/wp-json\/wp\/v2\/users\/1019"}],"replies":[{"embeddable":true,"href":"https:\/\/uni.hi.is\/loftur\/wp-json\/wp\/v2\/comments?post=47"}],"version-history":[{"count":1,"href":"https:\/\/uni.hi.is\/loftur\/wp-json\/wp\/v2\/pages\/47\/revisions"}],"predecessor-version":[{"id":48,"href":"https:\/\/uni.hi.is\/loftur\/wp-json\/wp\/v2\/pages\/47\/revisions\/48"}],"up":[{"embeddable":true,"href":"https:\/\/uni.hi.is\/loftur\/wp-json\/wp\/v2\/pages\/26"}],"wp:attachment":[{"href":"https:\/\/uni.hi.is\/loftur\/wp-json\/wp\/v2\/media?parent=47"}],"curies":[{"name":"wp","href":"https:\/\/api.w.org\/{rel}","templated":true}]}}