{"id":58,"date":"2016-09-21T21:37:51","date_gmt":"2016-09-21T21:37:51","guid":{"rendered":"http:\/\/uni.hi.is\/loftur\/?page_id=58"},"modified":"2016-09-21T21:37:51","modified_gmt":"2016-09-21T21:37:51","slug":"saga-og-felagsfraedi-fyrir-skola-og-almenning","status":"publish","type":"page","link":"https:\/\/uni.hi.is\/loftur\/rannsoknir-og-ritstorf\/saga-og-felagsfraedi-fyrir-skola-og-almenning\/","title":{"rendered":"Saga og f\u00e9lagsfr\u00e6\u00f0i fyrir sk\u00f3la og almenning"},"content":{"rendered":"<p>\u00c1\u00f0ur en \u00e9g h\u00f3f a\u00f0 marki a\u00f0 sinna fr\u00e6\u00f0ilegum ranns\u00f3knum \u00ed sagnfr\u00e6\u00f0i t\u00f3k \u00e9g virkan \u00fe\u00e1tt \u00ed stefnum\u00f3tun og framkv\u00e6mdum \u00e1 svi\u00f0i s\u00f6gu- og samf\u00e9lagsfr\u00e6\u00f0ikennslu \u00ed K\u00cd og s\u00ed\u00f0an KH\u00cd og samdi rit fyrir sk\u00f3la og almenning \u00ed almennri s\u00f6gu og f\u00e9lagsfr\u00e6\u00f0i. Mest f\u00e9kkst \u00e9g vi\u00f0 \u00feetta \u00e1 t\u00edmabilinu 1965\u20131980. Jafnframt t\u00f3k \u00e9g \u00fe\u00e1tt \u00ed n\u00e1mskr\u00e1r- og n\u00e1msefnisger\u00f0 \u00ed samf\u00e9lagsfr\u00e6\u00f0i \u00e1 vegum menntam\u00e1lar\u00e1\u00f0uneytisins (sk\u00f3laranns\u00f3knadeildar). \u00deessum verkefnum tengist nokku\u00f0 umfj\u00f6llun m\u00edn um samt\u00edmastj\u00f3rnm\u00e1l \u00e1 fyrri hluta umr\u00e6dds t\u00edmabils.<\/p>\n<p><strong>\u00a0<\/strong><\/p>\n<p><strong>Ritaskr\u00e1<\/strong><\/p>\n<p>Publications<\/p>\n<p><strong>B\u00e6kur<\/strong><\/p>\n<p>Books<\/p>\n<p>&nbsp;<\/p>\n<p>1970<em>\u00a0\u00a0\u00a0\u00a0\u00a0\u00a0 F\u00e9lagsfr\u00e6\u00f0i \u2013 Kynning \u00e1 nokkrum hugt\u00f6kum. <\/em>Rv<em>. <\/em>Fj\u00f6lrit<em>. <\/em>53 s.<\/p>\n<p>1973\u00a0\u00a0\u00a0\u00a0\u00a0\u00a0 <em>Mannkynssaga 1914\u20131956 handa framhaldssk\u00f3lum. <\/em>Fyrra hefti og s\u00ed\u00f0ara hefti. Rv., Hi\u00f0 \u00edslenzka b\u00f3kmenntaf\u00e9lag. 144 s. og 322 s. (\u00e1samt Einari M\u00e1 J\u00f3nssyni\u00a0 og\u00a0 Sk\u00fala \u00de\u00f3r\u00f0arsyni).<\/p>\n<p>1977\u00a0\u00a0\u00a0\u00a0\u00a0\u00a0 <em>Samf\u00e9lagsfr\u00e6\u00f0i. A\u00f0aln\u00e1mskr\u00e1 grunnsk\u00f3la<\/em>. Rv., Menntam\u00e1lar\u00e1\u00f0uneyti\u00f0, sk\u00f3laranns\u00f3knadeild. 84 s. (\u00e1samt fleiri h\u00f6fundum).<\/p>\n<p>1981\u00a0\u00a0\u00a0\u00a0\u00a0\u00a0 <em>Mannkynssaga<\/em>. <em>Tuttugasta \u00f6ldin<\/em>. Fyrra\u00a0 bindi. <em>1914\u20131945<\/em>. Rv., Hi\u00f0 \u00edslenzka\u00a0 b\u00f3kmenntaf\u00e9lag. 397 s.<\/p>\n<p><strong>\u00a0\u00a0\u00a0\u00a0\u00a0\u00a0\u00a0\u00a0\u00a0\u00a0\u00a0\u00a0\u00a0\u00a0\u00a0 <\/strong>(\u00e1samt Einari M\u00e1 J\u00f3nssyni og Sk\u00fala \u00de\u00f3r\u00f0arsyni).<\/p>\n<p><strong>T\u00edmaritsgreinar, ritger\u00f0ir og b\u00f3kakaflar<\/strong><\/p>\n<p>Articles and book chapters<\/p>\n<p>&nbsp;<\/p>\n<p>1965\u00a0\u00a0\u00a0\u00a0\u00a0 Firring \u00ed \u00fej\u00f3\u00f0f\u00e9lagi n\u00fat\u00edmans. <em>R\u00e9ttur <\/em>48 (4):282\u2013296.<\/p>\n<p>1965\u00a0\u00a0\u00a0\u00a0\u00a0\u00a0 Verkal\u00fd\u00f0shreyfingin \u00ed Vestur-Evr\u00f3pu andsp\u00e6nis n\u00fdkap\u00edtalisma. <em>T\u00edmarit M\u00e1ls og menningar <\/em>27(4):323\u2013347.<\/p>\n<p>1968\u00a0\u00a0\u00a0\u00a0\u00a0 Heimsvaldastefnan \u2013 Hin gamla og hin n\u00fdja. <em>R\u00e9ttur <\/em>51 (1):2\u201314.<\/p>\n<p>1968\u00a0\u00a0\u00a0\u00a0\u00a0 Pax americana. L\u00edftrygging fyrir bandar\u00edskan kap\u00edtalisma. <em>R\u00e9ttur <\/em>51(1 og 2):45\u201354 og 91\u201397.<\/p>\n<p>1970 \u00a0 \u00a0 \u00a0Menntun kennara \u00e1 skyldun\u00e1msstigi. <em>Menntam\u00e1l<\/em> 43(3):218\u2013223.<\/p>\n<p>1971 \u00a0 \u00a0 \u00a0 \u00a0Bandar\u00edkin og K\u00edna (1) og (2). <em>R\u00e9ttur<\/em> 55 (4):218\u2013223; 56 (1):52\u201355.<\/p>\n<p>1972 \u00a0 \u00a0 \u00a0 Par\u00edsarkomm\u00fanan 100 \u00e1ra. <em>R\u00e9ttur<\/em> 54 (1):11\u201316.<\/p>\n<p>1977\u00a0\u00a0\u00a0\u00a0\u00a0\u00a0 Historieundervisning og nationalistisk ideologi. Et eksempel fra den islandske folkeskoles f\u00f8rste tid. <em>Aktuelt ... f\u00f6r historiel\u00e4raren<\/em> 3&amp;4.<strong>:<\/strong>35\u201336, 43.<\/p>\n<p>1978\u00a0\u00a0\u00a0\u00a0\u00a0 Um \u00feeman\u00e1m. <em>H\u00f6\u00f0ur<\/em> 2(2):13\u201317.<\/p>\n<p>1978\u00a0\u00a0\u00a0\u00a0\u00a0 Sk\u00f3li og st\u00e9ttaskipting. S\u00f3s\u00edal\u00edsk gagnr\u00fdni. <em>H\u00f6\u00f0ur<\/em> 2(1):25\u201328.<\/p>\n<p>1982\u00a0\u00a0\u00a0\u00a0\u00a0\u00a0 Franska byltingin \u00ed Evr\u00f3pu 1789\u20131794. <em>Andvari <\/em>107(1), 87\u2013103.<\/p>\n<p>1982\u00a0\u00a0\u00a0\u00a0\u00a0\u00a0 I\u00f0nbyltingin. <em>Ma\u00f0ur og stj\u00f3rnm\u00e1l. Erindi flutt \u00e1 r\u00e1\u00f0stefnu L\u00edfs og lands 12. j\u00fan\u00ed 1982<\/em>. \u00c1byrg\u00f0arma\u00f0ur Hulda \u00d3lafsd\u00f3ttir. Rv. [fj\u00f6lrit], 5 s.<\/p>\n<p>1984<strong>\u00a0\u00a0\u00a0\u00a0\u00a0\u00a0 <\/strong>\u00cdslandss\u00f6gukennsla \u00a0\u00ed grunnsk\u00f3la<strong>: <\/strong>markmi\u00f0 og lei\u00f0ir. <em>Saga og sk\u00f3li <\/em>1(1):18\u201320.<\/p>\n<p>2013\u00a0\u00a0\u00a0\u00a0\u00a0\u00a0 \u00cdslandssaga \u00ed grunnsk\u00f3la \u2013 Athugasemdir vi\u00f0 dagbla\u00f0sumr\u00e6\u00f0u. Fyrri hluti. <em>S\u00f6gukennsluskammdegi\u00f0. <\/em>Rv., H\u00e1sk\u00f3la\u00fatg\u00e1fan. S. 161\u2013169.<\/p>\n<p>2013\u00a0\u00a0\u00a0\u00a0\u00a0\u00a0 \u00cdslandssaga \u00ed grunnsk\u00f3la \u2013 Athugasemdir vi\u00f0 dagbla\u00f0sumr\u00e6\u00f0u. S\u00ed\u00f0ari hluti, 1\u20132. <em>S\u00f6gukennsluskammdegi\u00f0. <\/em>Rv., H\u00e1sk\u00f3la\u00fatg\u00e1fan. S. 172\u2013191.<\/p>\n<p>2015\u00a0\u00a0\u00a0\u00a0\u00a0\u00a0 A\u00f0dragandi \u00feeman\u00e1ms \u00ed Kennarah\u00e1sk\u00f3la \u00cdslands. \u00c1taka\u00fe\u00e1ttur \u00ed s\u00f6gu kennaramenntunar 1975\u20131978. <em>Uppeldi og menntun 24<\/em>(1): 9\u201323.<\/p>\n<p>&nbsp;<\/p>\n<p><strong>\u00a0<\/strong><\/p>\n<p><strong>Ritd\u00f3mar<\/strong><\/p>\n<p>Book reviews<\/p>\n<p>&nbsp;<\/p>\n<p>1964\u00a0\u00a0\u00a0\u00a0\u00a0\u00a0 Bergsteinn J\u00f3nsson: Mannkynssaga 1648\u20131788. Rv., M\u00e1l og menning, 1962. \u2013 <em>T\u00edmarit M\u00e1ls og menningar <\/em>25(1):95\u201398.<\/p>\n<p>1964\u00a0\u00a0\u00a0\u00a0\u00a0\u00a0 \u00deorsteinn Thorarensen: De Gaulle. Rv. Setberg, 1963. \u2013 <em>T\u00edmarit M\u00e1ls og menningar <\/em>25(4): 408\u2013413.<\/p>\n<p>1965\u00a0\u00a0\u00a0\u00a0\u00a0 Will Durant: R\u00f3maveldi. Fyrri og s\u00ed\u00f0ari hluti. J\u00f3nas Kristj\u00e1nsson \u00edslenska\u00f0i. Rv. 1963 og 1964. \u2013<strong>\u00a0<\/strong><em>T\u00edmarit M\u00e1ls og menningar<\/em> 26 (2):222\u2013229.<\/p>\n<p>1976\u00a0\u00a0\u00a0\u00a0\u00a0 Peter Worsley: F\u00e9lagsfr\u00e6\u00f0i. Rv. 1976. \u00a0\u2013 <em>T\u00edmarit M\u00e1ls og menningar<\/em> 37(4):407\u2013411.<\/p>\n<p>1988\u00a0\u00a0\u00a0\u00a0\u00a0\u00a0 \u00deorsteinn Vilhj\u00e1lmsson: Heimsmynd \u00e1 hverfanda hveli, 1\u20132. Rv. 1988. \u2013 <em>Saga. T\u00edmarit S\u00f6guf\u00e9lags<\/em> 26:210\u2013216.<\/p>\n<p><strong>\u00a0<\/strong><\/p>\n<p><strong>Sk\u00fdrslur<\/strong><\/p>\n<p>Reports<\/p>\n<p>&nbsp;<\/p>\n<p>1969\u00a0\u00a0\u00a0\u00a0\u00a0 Greinarger\u00f0 fyrir tveimur kennslub\u00f3kum \u00ed f\u00e9lagsfr\u00e6\u00f0i. Sk\u00fdrsla tekin saman fyrir sk\u00f3laranns\u00f3knadeild<\/p>\n<p>menntam\u00e1lar\u00e1\u00f0uneytisins. 45 s.<\/p>\n<p>1971 \u00a0 \u00a0 \u00a0\u00c1litsger\u00f0 um endursko\u00f0un n\u00e1msefnis og kennsku \u00ed samf\u00e9lagsfr\u00e6\u00f0um. Rv., Menntam\u00e1lar\u00e1\u00f0uneyti\u00f0<\/p>\n<p>[fj\u00f6lrit]. 66 s. (\u00e1samt \u00feremur \u00f6\u00f0rum h\u00f6fundum).<\/p>\n<p>1979 \u00a0 \u00a0 \u00a0\u00deeman\u00e1m. Kennslufr\u00e6\u00f0ilegt \u00fer\u00f3unarverkefni. Sk\u00fdrsla til menntam\u00e1lar\u00e1\u00f0uneytisins. 22 s. (\u00e1samt \u00f6\u00f0rum\u00a0h\u00f6fundum).<\/p>\n<p>1991\u00a0\u00a0\u00a0\u00a0\u00a0\u00a0 Sk\u00fdrsla um \u00fatg\u00e1fu n\u00e1msefnis \u00ed samf\u00e9lagsfr\u00e6\u00f0i og samf\u00e9lagsgreinum fyrir 1.\u201310. bekk grunnsk\u00f3la. Rv., N\u00e1msgagnastofnun, 31. s. (\u00e1samt \u00c1g\u00fastu Oddsd\u00f3ttur o.fl.).<\/p>\n<p><strong>\u00a0<\/strong><\/p>\n<p><strong>Ritstj\u00f3rn<\/strong><\/p>\n<p>Editorial work<\/p>\n<p>&nbsp;<\/p>\n<p>1991\u00a0\u00a0\u00a0\u00a0\u00a0 N\u00e1mskr\u00e1 fyrir almennt kennaran\u00e1m. Rv., KH\u00cd, 43. s. (\u00e1samt Sigurj\u00f3ni M\u00fdrdal o.fl.).<\/p>\n<p>1999\u00a0\u00a0\u00a0\u00a0\u00a0 Birt verk [Kennarah\u00e1sk\u00f3la \u00cdslands] 1992\u20131994. Ranns\u00f3knir vi\u00f0 KH\u00cd. Rv., Ranns\u00f3knarstofnun KH\u00cd. 92 s. (\u00e1samt Berki Hansen og \u00d3lafi Propp\u00e9.<\/p>\n<p>2013\u00a0\u00a0\u00a0\u00a0\u00a0 <em>S\u00f6gukennsluskammdegi\u00f0. Rimman um s\u00f6gukennslu og samf\u00e9lagsfr\u00e6\u00f0i 1983\u20131984. <\/em>Heimildarit \u00ed \u00edslenskri sk\u00f3las\u00f6gu. 3. b. Ritstj. Loftur Guttormsson. Rv., H\u00e1sk\u00f3la\u00fatg\u00e1fan. 334 s.<\/p>\n<p><strong>\u00a0<\/strong><\/p>\n<p><strong>\u00d3prentu\u00f0 erindi\/fyrirlestrar<\/strong><\/p>\n<p>Unpublished papers<\/p>\n<p>&nbsp;<\/p>\n<p>1965\u00a0\u00a0\u00a0\u00a0\u00a0 Sta\u00f0a kvenna \u00ed fort\u00ed\u00f0 og n\u00fat\u00ed\u00f0. \u00derj\u00fa erindi flutt \u00ed R\u00edkis\u00fatvarpinu.<\/p>\n<p>1965\u00a0\u00a0\u00a0\u00a0\u00a0 Van\u00fer\u00f3un og i\u00f0nv\u00e6\u00f0ing: s\u00f6gulegur bakgrunnur. Fyrirlestur \u00e1 r\u00e1\u00f0stefnu UNESCO-nefndarinnar \u00e1<\/p>\n<p>\u00cdslandi\u00a0 um \u00fer\u00f3unarhj\u00e1lp.<\/p>\n<p>1971\u00a0\u00a0\u00a0\u00a0\u00a0 S\u00f6gukennsla og s\u00f6gub\u00e6kur \u00ed \u00edslenskum sk\u00f3lum. Erindi \u00e1 f\u00e9lagsfundi Sagnfr\u00e6\u00f0ingaf\u00e9lags \u00cdslands.\u00a0Reykjav\u00edk, 28. okt\u00f3ber.<\/p>\n<p>1977\u00a0\u00a0\u00a0\u00a0\u00a0\u00a0 Ums\u00f6gn um riti\u00f0 30. mars. Innganga \u00cdslands \u00ed Atlantshafsbandalagi\u00f0 og \u00f3eir\u00f0irnar \u00e1 Austurvelli eftir Baldur Gu\u00f0laugsson og P\u00e1l Hei\u00f0ar J\u00f3nsson. Rv. 1976. Frams\u00f6guerindi \u00e1 f\u00e9lagsfundi Sagnfr\u00e6\u00f0ingaf\u00e9lags \u00cdslands. Reykjav\u00edk, 18. jan\u00faar.<\/p>\n<p><strong>\u00de\u00fd\u00f0ingar<\/strong><\/p>\n<p>Translations<\/p>\n<p>&nbsp;<\/p>\n<p>1966\u00a0\u00a0\u00a0\u00a0\u00a0\u00a0 Andr\u00e9 Gorz: Stj\u00f3rnlist verkal\u00fd\u00f0shreyfingarinnar \u00ed n\u00fdkap\u00edtal\u00edskum \u00fej\u00f3\u00f0f\u00e9l\u00f6gum. [Inngangur eftir \u00fe\u00fd\u00f0anda]. <em>R\u00e9ttur <\/em>49(4):284\u2013293.<\/p>\n<p>1966\u00a0\u00a0\u00a0\u00a0\u00a0 [H\u00f6fundur \u00f3nefndur] Bandar\u00edkjamenn \u00ed V\u00edetnam. <em>T\u00edmarit M\u00e1ls og menningar<\/em> 27(2):105\u2013127.<\/p>\n<p>1968 \u00a0 \u00a0 \u00a0Peter Berger: <em>Inngangur a\u00f0 f\u00e9lagsfr\u00e6\u00f0i<\/em>. [Eftirm\u00e1li eftir LG]. Rv., M\u00e1l og menning. 216 s. (\u00e1samt Her\u00f0i<\/p>\n<p>Bergmann].<\/p>\n<p>1970\u00a0\u00a0\u00a0\u00a0\u00a0\u00a0 Wolfgang Edelstein: S\u00f6gulegar forsendur breyttra vi\u00f0horfa til sk\u00f3lakerfisins \u00e1 \u00cdslandi. <em>Sk\u00f3li\u2013n\u00e1m\u2013samf\u00e9lag.<\/em> (Ritr\u00f6\u00f0 I\u00f0unnar og KH\u00cd 10). Rv. 1988. S. 43\u201361.<\/p>\n<p>1972-73 Albert Mathiez: <em>Franska byltingin<\/em>. [Inngangur og sk\u00fdringar eftir \u00fe\u00fd\u00f0anda]. Fyrra og s\u00ed\u00f0ara bindi Rv., M\u00e1l og menning,. 296 og\u00a0 359 s.<\/p>\n","protected":false},"excerpt":{"rendered":"<p>\u00c1\u00f0ur en \u00e9g h\u00f3f a\u00f0 marki a\u00f0 sinna fr\u00e6\u00f0ilegum ranns\u00f3knum \u00ed sagnfr\u00e6\u00f0i t\u00f3k \u00e9g virkan \u00fe\u00e1tt \u00ed stefnum\u00f3tun og framkv\u00e6mdum \u00e1 svi\u00f0i s\u00f6gu- og samf\u00e9lagsfr\u00e6\u00f0ikennslu \u00ed K\u00cd og s\u00ed\u00f0an KH\u00cd og samdi rit fyrir sk\u00f3la og almenning \u00ed almennri s\u00f6gu og f\u00e9lagsfr\u00e6\u00f0i. Mest f\u00e9kkst \u00e9g vi\u00f0 \u00feetta \u00e1 t\u00edmabilinu 1965\u20131980. Jafnframt t\u00f3k \u00e9g \u00fe\u00e1tt \u00ed [&hellip;]<\/p>\n","protected":false},"author":1019,"featured_media":0,"parent":26,"menu_order":0,"comment_status":"closed","ping_status":"closed","template":"","meta":{"footnotes":""},"class_list":["post-58","page","type-page","status-publish","hentry"],"_links":{"self":[{"href":"https:\/\/uni.hi.is\/loftur\/wp-json\/wp\/v2\/pages\/58","targetHints":{"allow":["GET"]}}],"collection":[{"href":"https:\/\/uni.hi.is\/loftur\/wp-json\/wp\/v2\/pages"}],"about":[{"href":"https:\/\/uni.hi.is\/loftur\/wp-json\/wp\/v2\/types\/page"}],"author":[{"embeddable":true,"href":"https:\/\/uni.hi.is\/loftur\/wp-json\/wp\/v2\/users\/1019"}],"replies":[{"embeddable":true,"href":"https:\/\/uni.hi.is\/loftur\/wp-json\/wp\/v2\/comments?post=58"}],"version-history":[{"count":1,"href":"https:\/\/uni.hi.is\/loftur\/wp-json\/wp\/v2\/pages\/58\/revisions"}],"predecessor-version":[{"id":59,"href":"https:\/\/uni.hi.is\/loftur\/wp-json\/wp\/v2\/pages\/58\/revisions\/59"}],"up":[{"embeddable":true,"href":"https:\/\/uni.hi.is\/loftur\/wp-json\/wp\/v2\/pages\/26"}],"wp:attachment":[{"href":"https:\/\/uni.hi.is\/loftur\/wp-json\/wp\/v2\/media?parent=58"}],"curies":[{"name":"wp","href":"https:\/\/api.w.org\/{rel}","templated":true}]}}