{"id":9,"date":"2016-09-21T20:30:04","date_gmt":"2016-09-21T20:30:04","guid":{"rendered":"http:\/\/uni.hi.is\/loftur\/?page_id=9"},"modified":"2016-09-21T20:30:04","modified_gmt":"2016-09-21T20:30:04","slug":"menntun","status":"publish","type":"page","link":"https:\/\/uni.hi.is\/loftur\/menntun\/","title":{"rendered":"Menntun"},"content":{"rendered":"<p><em>N\u00e1m til pr\u00f3fgr\u00e1\u00f0u<\/em><\/p>\n<p>1990\u00a0\u00a0\u00a0 \u00a0\u00a0\u00a0\u00a0\u00a0\u00a0\u00a0\u00a0\u00a0\u00a0\u00a0 Doktorspr\u00f3f (dr. phil.) \u00ed sagnfr\u00e6\u00f0i fr\u00e1 H\u00e1sk\u00f3la \u00cdslands<\/p>\n<p>1968\u00a0\u00a0\u00a0 \u00a0\u00a0\u00a0\u00a0\u00a0\u00a0\u00a0\u00a0\u00a0\u00a0\u00a0 Pr\u00f3f \u00ed almennum m\u00e1lv\u00edsindum og fr\u00f6nsku (1. og 2. stig) fr\u00e1 H\u00e1sk\u00f3la \u00cdslands<\/p>\n<p>1967\u00a0\u00a0 \u00a0\u00a0\u00a0\u00a0\u00a0\u00a0\u00a0\u00a0\u00a0\u00a0\u00a0\u00a0 Pr\u00f3f til kennslur\u00e9ttinda fr\u00e1 H\u00e1sk\u00f3la \u00cdslands<\/p>\n<p>1964\u00a0\u00a0\u00a0 \u00a0\u00a0\u00a0\u00a0\u00a0\u00a0\u00a0\u00a0\u00a0\u00a0\u00a0 Licence-\u00e8s-lettres \u00ed sagnfr\u00e6\u00f0i (a\u00f0algrein) og f\u00e9lagsfr\u00e6\u00f0i (aukagrein) fr\u00e1 Par\u00edsarh\u00e1sk\u00f3la \u2013 la Sorbonne<\/p>\n<p>1957\u00a0\u00a0\u00a0 \u00a0\u00a0\u00a0\u00a0\u00a0\u00a0\u00a0\u00a0\u00a0\u00a0\u00a0 St\u00fadentspr\u00f3f (m\u00e1ladeild) fr\u00e1 Menntask\u00f3lanum \u00e1 Akureyri<\/p>\n<p>&nbsp;<\/p>\n<p><em>N\u00e1m \u00e1n pr\u00f3fgr\u00e1\u00f0u og n\u00e1mskei\u00f0<\/em><\/p>\n<p>1980\u00a0\u00a0\u00a0\u00a0\u00a0\u00a0\u00a0\u00a0\u00a0\u00a0\u00a0\u00a0\u00a0\u00a0\u00a0 Ranns\u00f3knarn\u00e1mskei\u00f0 (Nordisk forskarkursus) \u00ed s\u00f6gulegri mannfr\u00e6\u00f0i \u00ed Kaupmannah\u00f6fn<\/p>\n<p>1977\u00a0\u00a0\u00a0\u00a0\u00a0\u00a0\u00a0\u00a0\u00a0\u00a0\u00a0\u00a0\u00a0\u00a0\u00a0 Ranns\u00f3knarn\u00e1mskei\u00f0 (Nordisk forskarkursus) \u00ed m\u00edkr\u00f3-l\u00fd\u00f0fr\u00e6\u00f0ilegum a\u00f0fer\u00f0um \u00ed Ume\u00e5-Haparanda<\/p>\n<p>1973\u20131974\u00a0\u00a0\u00a0\u00a0\u00a0 N\u00e1m vi\u00f0 Danmarks L\u00e6rerh\u00f8jskole \u00ed sagnfr\u00e6\u00f0ilegum a\u00f0fer\u00f0um og kennslufr\u00e6\u00f0i s\u00f6gu<\/p>\n<p>1971\u20131973 \u00a0\u00a0\u00a0\u00a0 N\u00e1mskei\u00f0 \u00e1 Laugarvatni og Hrafnagili \u00e1 vegum sk\u00f3laranns\u00f3knadeildar menntam\u00e1lam\u00e1lar\u00e1\u00f0uneytisins \u00ed n\u00e1mskr\u00e1rfr\u00e6\u00f0um og pr\u00f3fager\u00f0<\/p>\n","protected":false},"excerpt":{"rendered":"<p>N\u00e1m til pr\u00f3fgr\u00e1\u00f0u 1990\u00a0\u00a0\u00a0 \u00a0\u00a0\u00a0\u00a0\u00a0\u00a0\u00a0\u00a0\u00a0\u00a0\u00a0 Doktorspr\u00f3f (dr. phil.) \u00ed sagnfr\u00e6\u00f0i fr\u00e1 H\u00e1sk\u00f3la \u00cdslands 1968\u00a0\u00a0\u00a0 \u00a0\u00a0\u00a0\u00a0\u00a0\u00a0\u00a0\u00a0\u00a0\u00a0\u00a0 Pr\u00f3f \u00ed almennum m\u00e1lv\u00edsindum og fr\u00f6nsku (1. og 2. stig) fr\u00e1 H\u00e1sk\u00f3la \u00cdslands 1967\u00a0\u00a0 \u00a0\u00a0\u00a0\u00a0\u00a0\u00a0\u00a0\u00a0\u00a0\u00a0\u00a0\u00a0 Pr\u00f3f til kennslur\u00e9ttinda fr\u00e1 H\u00e1sk\u00f3la \u00cdslands 1964\u00a0\u00a0\u00a0 \u00a0\u00a0\u00a0\u00a0\u00a0\u00a0\u00a0\u00a0\u00a0\u00a0\u00a0 Licence-\u00e8s-lettres \u00ed sagnfr\u00e6\u00f0i (a\u00f0algrein) og f\u00e9lagsfr\u00e6\u00f0i (aukagrein) fr\u00e1 Par\u00edsarh\u00e1sk\u00f3la \u2013 la Sorbonne 1957\u00a0\u00a0\u00a0 \u00a0\u00a0\u00a0\u00a0\u00a0\u00a0\u00a0\u00a0\u00a0\u00a0\u00a0 St\u00fadentspr\u00f3f (m\u00e1ladeild) fr\u00e1 [&hellip;]<\/p>\n","protected":false},"author":1019,"featured_media":0,"parent":0,"menu_order":0,"comment_status":"closed","ping_status":"closed","template":"","meta":{"footnotes":""},"class_list":["post-9","page","type-page","status-publish","hentry"],"_links":{"self":[{"href":"https:\/\/uni.hi.is\/loftur\/wp-json\/wp\/v2\/pages\/9","targetHints":{"allow":["GET"]}}],"collection":[{"href":"https:\/\/uni.hi.is\/loftur\/wp-json\/wp\/v2\/pages"}],"about":[{"href":"https:\/\/uni.hi.is\/loftur\/wp-json\/wp\/v2\/types\/page"}],"author":[{"embeddable":true,"href":"https:\/\/uni.hi.is\/loftur\/wp-json\/wp\/v2\/users\/1019"}],"replies":[{"embeddable":true,"href":"https:\/\/uni.hi.is\/loftur\/wp-json\/wp\/v2\/comments?post=9"}],"version-history":[{"count":1,"href":"https:\/\/uni.hi.is\/loftur\/wp-json\/wp\/v2\/pages\/9\/revisions"}],"predecessor-version":[{"id":10,"href":"https:\/\/uni.hi.is\/loftur\/wp-json\/wp\/v2\/pages\/9\/revisions\/10"}],"wp:attachment":[{"href":"https:\/\/uni.hi.is\/loftur\/wp-json\/wp\/v2\/media?parent=9"}],"curies":[{"name":"wp","href":"https:\/\/api.w.org\/{rel}","templated":true}]}}