{"id":105,"date":"2013-11-13T21:51:25","date_gmt":"2013-11-13T21:51:25","guid":{"rendered":"http:\/\/uni.hi.is\/marj\/?page_id=105"},"modified":"2013-11-13T21:58:39","modified_gmt":"2013-11-13T21:58:39","slug":"rit","status":"publish","type":"page","link":"https:\/\/uni.hi.is\/marj\/rit\/","title":{"rendered":"Rit - Writings"},"content":{"rendered":"<p align=\"center\">Ritaskr\u00e1 1. jan\u00faar 2011<\/p>\n<p><b>B\u00e6kur<\/b><\/p>\n<p>- <i>Bl\u00f3\u00f0sk\u00f6mm \u00e1 \u00cdslandi 1270-1870<\/i>. Reykjav\u00edk 1993.<\/p>\n<p>- <i>\u00c1rni Magn\u00fasson. \u00c6visaga<\/i>. Reykjav\u00edk 1998.<\/p>\n<p>- <i>Dulsm\u00e1l 1600-1900: fj\u00f3rt\u00e1n d\u00f3mar og skr\u00e1<\/i>. M\u00e1r J\u00f3nsson bj\u00f3 til prentunar og skrifar inngang. Heimildasafn Sagnfr\u00e6\u00f0istofnunar 2. Reykjav\u00edk 2000.<\/p>\n<p>- <i>Skjalalestur. S\u00fdnishorn ritheimilda<\/i>. Reykjav\u00edk 2001 og 2003 (me\u00f0h\u00f6fundur Kristjana Kristinsd\u00f3ttir).<\/p>\n<p>- <i>Til merkis mitt nafn. D\u00f3mab\u00e6kur Mark\u00fasar Bergssonar s\u00fdslumanns \u00cdsafjar\u00f0ars\u00fdslu 1711-1729<\/i>. M\u00e1r J\u00f3nsson t\u00f3k saman. S\u00fdnisb\u00f3k \u00edslenskrar al\u00fe\u00fd\u00f0umenningar 6. Reykjav\u00edk 2002.<\/p>\n<p>- <i>J\u00f3nsb\u00f3k. L\u00f6gb\u00f3k \u00cdslendinga. <\/i>M\u00e1r J\u00f3nsson t\u00f3k saman. S\u00fdnisb\u00f3k \u00edslenskrar al\u00fe\u00fd\u00f0umenningar 8. Reykjav\u00edk 2004.<\/p>\n<p>- <i>Gu\u00f0s d\u00fdr\u00f0 og s\u00e1lnanna velfer\u00f0. Prestastefnud\u00f3mar Brynj\u00f3lfs biskups Sveinssonar 1639-1674<\/i>. M\u00e1r J\u00f3nsson t\u00f3k saman. S\u00fdnisb\u00f3k \u00edslenskrar al\u00fe\u00fd\u00f0umenningar 10. Reykjav\u00edk 2005.<\/p>\n<p>- <i>J\u00e1rns\u00ed\u00f0a og kristinr\u00e9ttur \u00c1rna \u00deorl\u00e1kssonar. <\/i>Haraldur Bernhar\u00f0sson, Magn\u00fas Lyngdal Magn\u00fasson og M\u00e1r J\u00f3nsson t\u00f3ku saman. Sm\u00e1rit S\u00f6guf\u00e9lags. Reykjav\u00edk 2005.<\/p>\n<p>- <i>\u00cd nafni heilagrar gu\u00f0d\u00f3msins \u00ferenningar. Prestastefnud\u00f3mar J\u00f3ns biskups V\u00eddal\u00edns \u00e1rin 1698-1720. <\/i>M\u00e1r J\u00f3nsson og Sk\u00fali \u00d3lafsson t\u00f3ku saman. S\u00fdnisb\u00f3k \u00edslenskrar al\u00fe\u00fd\u00f0umenningar 12. Reykjav\u00edk 2006.<\/p>\n<p>- <i>Eftir skyldu m\u00edns emb\u00e6ttis.<\/i> <i>Prestastefnud\u00f3mar \u00de\u00f3r\u00f0ar biskups \u00deorl\u00e1kssonar \u00e1rin 1675-1697. <\/i>M\u00e1r J\u00f3nsson og Gunnar \u00d6rn Hannesson t\u00f3ku saman. S\u00fdnisb\u00f3k \u00edslenskrar al\u00fe\u00fd\u00f0umenningar 12. Reykjav\u00edk 2008.<\/p>\n<p>- <i>Galdrar og si\u00f0fer\u00f0i \u00ed Strandas\u00fdslu \u00e1 s\u00ed\u00f0ari hluta 17. aldar.<\/i> M\u00e1r J\u00f3nsson t\u00f3k saman. H\u00f3lmav\u00edk 2008.<\/p>\n<p>&nbsp;<\/p>\n<p><b>\u00de\u00fd\u00f0ingar<\/b><\/p>\n<p>Ezio Ornato, <i>Lofr\u00e6\u00f0a um handritamerg\u00f0. Huglei\u00f0ingar um b\u00f3ks\u00f6gu mi\u00f0alda<\/i>. \u00de\u00fd\u00f0endur Bj\u00f6rg Birgisd\u00f3ttir og M\u00e1r J\u00f3nsson. Ritsafn Sagnfr\u00e6\u00f0istofnunar 36. Reykjav\u00edk 2003.<\/p>\n<p>Jean-Jacques Rousseau, <i>Samf\u00e9lagss\u00e1ttm\u00e1linn<\/i>. \u00cdslensk \u00fe\u00fd\u00f0ing eftir Bj\u00f6rn \u00deorsteinsson og M\u00e1 J\u00f3nsson sem einnig ritar inngang. L\u00e6rd\u00f3msrit B\u00f3kmenntaf\u00e9lagsins. Reykjav\u00edk 2004.<\/p>\n<p>Patricia Boulhosa, <i>Gamli s\u00e1ttm\u00e1li. Tilur\u00f0 og tilgangur. <\/i>Sm\u00e1rit S\u00f6guf\u00e9lags. Reykjav\u00edk 2006.<\/p>\n<p>Selma Huxley Barkham, \u201eHver var Mart\u00edn de Villafranca?\u201c <i>\u00c1rsrit S\u00f6guf\u00e9lags \u00cdsfir\u00f0inga<\/i> 46 (2006), bls. 21-25.<\/p>\n<p>Henrike Kn\u00f6rr, \u201eBaskneskir hvalvei\u00f0imenn vi\u00f0 \u00cdsland. Tv\u00edtyngd or\u00f0as\u00f6fn fr\u00e1 17. og 18. \u00f6ld.\u201c <i>\u00c1rsrit S\u00f6guf\u00e9lags \u00cdsfir\u00f0inga<\/i> 46 (2006), bls. 27-34.<\/p>\n<p><strong><i>\u00a0<\/i><\/strong><\/p>\n<p><strong>\u00a0<\/strong><\/p>\n<p><strong>Ritstj\u00f3rn<\/strong><\/p>\n<p>Patricia Boulhosa, <i>Gamli s\u00e1ttm\u00e1li. Tilur\u00f0 og tilgangur. <\/i>Sm\u00e1rit S\u00f6guf\u00e9lags. Reykjav\u00edk 2006.<\/p>\n<p>Hildur Biering, <i>Barnauppeldisins heilaga skylda. <\/i><i>Barnavernd \u00e1 fyrri hluta 19. aldar. <\/i>Sm\u00e1rit S\u00f6guf\u00e9lags. Reykjav\u00edk 2006.<\/p>\n<p><b><i>\u00a0<\/i><\/b><\/p>\n<p><b>Fr\u00e6\u00f0igreinar <\/b><\/p>\n<p>- \u201eKonur fyrirgefa k\u00f6rlum h\u00f3r.\u201c <i>N\u00fd saga<\/i> 1 (1987), bls. 70-78.<\/p>\n<p>- \u201eBarnsfe\u00f0ranir og ei\u00f0at\u00f6kur \u00e1 17. \u00f6ld.\u201c <i>N\u00fd saga<\/i> 3 (1989), bls. 34-46.<\/p>\n<p>- \u201e\u00c9g er a\u00f0 gefa \u00fej\u00f3\u00f0inni s\u00f6gu.\u201c Vi\u00f0tal vi\u00f0 Gunnar Karlsson \u00ed samvinnu vi\u00f0 Ragnhei\u00f0i M\u00f3sesd\u00f3ttur. <i>N\u00fd saga<\/i> 3 (1989), bls. 29-33. Endurprenta\u00f0 \u00ed Gunnar Karlsson, <i>A\u00f0 l\u00e6ra af s\u00f6gu. Greinasafn um s\u00f6gun\u00e1m<\/i>. Ritsafn Sagnfr\u00e6\u00f0istofnunar 30. Reykjav\u00edk 1992, bls. 88-94.<\/p>\n<p>- \u201e\u00dej\u00f3\u00f0f\u00e9l\u00f6g sem ekki hir\u00f0a um s\u00f6gu s\u00edna eru minnislaus og blind. M\u00e1r J\u00f3nsson r\u00e6\u00f0ir vi\u00f0 franska sagnfr\u00e6\u00f0inginn Jacques Le Goff.\u201c <i>N\u00fd saga<\/i> 3 (1989), bls. 75-81.<\/p>\n<p>- \u201eSkagfirskir h\u00f3rkarlar og barnsm\u00e6\u00f0ur \u00feeirra \u00e1 fyrri hluta 19. aldar.\u201c <i>Skagfir\u00f0ingab\u00f3k<\/i> 19 (1990), bls. 103-27.<\/p>\n<p>- \u201eSautj\u00e1n konur. Forbo\u00f0nir li\u00f0ir \u00ed kristinr\u00e9tti \u00c1rna \u00deorl\u00e1kssonar 1275.\u201c <i>Yfir \u00cdslands\u00e1la. Afm\u00e6lisrit til hei\u00f0urs Magn\u00fasi Stef\u00e1nssyni<\/i>. Reykjav\u00edk 1991, bls. 147-66.<\/p>\n<p>- \u201e\u00d3heft kynhv\u00f6t karla \u00e1 fyrri t\u00ed\u00f0.\u201c <i>N\u00fd saga<\/i> 5 (1991), bls. 4-10.<\/p>\n<p>- \u201eDulsm\u00e1l \u00ed Landn\u00e1mi Ing\u00f3lfs 1600-1900.\u201c <i>Landn\u00e1m Ing\u00f3lfs<\/i> 4 (1991), bls. 22-41.<\/p>\n<p>- \u201eSannleikar sagnfr\u00e6\u00f0i.\u201c <i>Sk\u00edrnir <\/i>167 (1992), bls. 440-50.<\/p>\n<p>- \u201eOfbr\u00e1\u00f0ar barneignir.\u201c <i>Sagnir<\/i> 13 (1992), bls. 64-67.<\/p>\n<p>- \u201eBl\u00f3\u00f0sk\u00f6mm og dulsm\u00e1l \u00ed Su\u00f0ureyjum 1610.\u201c <i>Brei\u00f0fir\u00f0ingur <\/i>50 (1992), bls. 128-41.<\/p>\n<p>- \u201eSetningar og s\u00f6gu\u00fer\u00e6\u00f0ir e\u00f0a um sagnfr\u00e6\u00f0i, sk\u00e1ldskap og b\u00f3kmenntafr\u00e6\u00f0i.\u201c <i>Sagnir<\/i> 14 (1993), bls. 63-66.<\/p>\n<p>- \u201eDefining Incest by the Word of God: Northern Europe 1520-1740.\u201c <i>History of European Ideas <\/i>18 (1994), bls. 853-67.<\/p>\n<p>- \u201eIncest and the Word of God: Early Sixteenth Century Protestant Debates.\u201c <i>Archiv f\u00fcr Reformationsgeschichte <\/i>85 (1994), bls. 96-118.<\/p>\n<p>- \u201eStafr\u00e9tt og bandr\u00e9tt a\u00f0 heita m\u00e1: alelstu uppskriftir \u00c1rna Magn\u00fassonar.\u201c <i>V\u00f6ruvo\u00f0 ofin Helga \u00deorl\u00e1kssyni fimmtugum<\/i>. Reykjav\u00edk 1995, bls. 52-56.<\/p>\n<p>- \u201eVar \u00fear moka\u00f0 af miklum usla. Fyrsta atrenna a\u00f0 Gullskinnutexta Nj\u00e1lu.\u201c <i>\u00deorl\u00e1kst\u00ed\u00f0ir sungnar \u00c1sd\u00edsi Egilsd\u00f3ttur fimmtugri<\/i>. Reykjav\u00edk 1996, bls. 52-55.<\/p>\n<p>- \u201eVinur vina sinna. \u00c1rni Magn\u00fasson leggur \u00e1 r\u00e1\u00f0in og falsar br\u00e9f.\u201c <i>B\u00f3kahn\u00fatur brug\u00f0inn \u00d3l\u00f6fu Benediktsd\u00f3ttur fimmtugri<\/i>. Reykjav\u00edk 1997, bls. 57-60.<\/p>\n<p>- \u201eScribal inexactitude and scholarly misunderstanding: a contribution to the study of Vatnshyrna.\u201c <i>Frejas Psalter. En psalter i 40 afdelinger til brug for Jonna Louis-Jensen<\/i>. Kaupmannah\u00f6fn 1997, bls. 119-27.<\/p>\n<p>- \u201eS\u00ed\u00f0ustu misseri \u00c1rna Magn\u00fassonar.\u201c <i>N\u00fd saga <\/i>9 (1997), bls. 87-94.<\/p>\n<p>- \u201eSagnfr\u00e6\u00f0iranns\u00f3knir og almannaheill.\u201c <i>Sk\u00edrnir <\/i>171 (haust 1997), bls. 487-95.<\/p>\n<p>- \u00c1rni Magn\u00fasson, \u201eUm s\u00f6gu - De histori\u00e2.\u201c Hanna \u00d3lad\u00f3ttir \u00fe\u00fdddi, M\u00e1r J\u00f3nsson ritar form\u00e1la. <i>T\u00edmarit M\u00e1ls og menningar <\/i>59, 1 (1998), bls. 66-72.<\/p>\n<p>- \u201eMembrana Magnussen e\u00f0a kvenmannsleysi fr\u00e6\u00f0imanns.\u201c <i>\u00cdslenska s\u00f6gu\u00feingi\u00f0 1997. R\u00e1\u00f0stefnurit<\/i> II. Reykjav\u00edk 1998, bls. 15-24.<\/p>\n<p>- \u201e\u00de\u00f3r\u00f0ur biskup \u00deorl\u00e1ksson og s\u00f6fnun \u00edslenskra handrita \u00e1 s\u00ed\u00f0ari hluta 17. aldar.\u201c <i>Frumkv\u00f6\u00f0ull v\u00edsinda og mennta. \u00de\u00f3r\u00f0ur \u00deorl\u00e1ksson biskup \u00ed Sk\u00e1lholti<\/i>. Ritstj\u00f3ri J\u00f3n P\u00e1lsson. Reykjav\u00edk 1998, bls. 179-96.<\/p>\n<p>- \u201eVer\u00f0m\u00e6ti \u00e6ttart\u00f6lurita \u00ed vitund \u00c1rna Magn\u00fassonar.\u201c <i>Gu\u00f0r\u00fanarhv\u00f6t kve\u00f0in Gu\u00f0r\u00fanu \u00c1su Gr\u00edmsd\u00f3ttur fimmtugri<\/i>. Reykjav\u00edk 1998, bls 70-71.<\/p>\n<p>- \u201eEins hans helsta s\u00f6gub\u00f3k. \u00deorsteinn Bj\u00f6rnssons tabte bind.\u201c <i>Petersillie dyrket til Peter Springborg den 28. januar 1998<\/i>. Amager 1998, bls. 1-3.<\/p>\n<p>-\u00a0 \u201eLorenzo Valla, \u00c1rni Magn\u00fasson og erlent samhengi \u00edslenskra fr\u00e6\u00f0a.\u201c <i>T\u00edmarit M\u00e1ls og menningar<\/i> 60, 3 (1999), bls. 100-107.<\/p>\n<p>- \u201eFort\u00ed\u00f0in \u00e1 hreyfimynd.\u201c <i>Heimur kvikmyndanna<\/i>. Ritstj\u00f3ri Gu\u00f0ni El\u00edsson. Reykjav\u00edk 1999, bls. 969-72.<\/p>\n<p>- \u201eArnas Magn\u00e6us Islandus. A visiting scholar in Leipzig, 1694-96.\u201c <i>Lias <\/i>26 (1999), bls. 213-32.<\/p>\n<p>- \u201eRecent trends (or their lack) in Icelandic manuscript studies.\u201c <i>Gazette du livre m\u00e9di\u00e9val<\/i> 36 (2000), bls. 11-16.<\/p>\n<p>- \u201eSt\u00falkur lifa \u00fatbur\u00f0 barna af fyrir li\u00f0veislu presta: tv\u00e6r s\u00f6gur.\u201c <i>\u00c6gisif reist Berglj\u00f3tu Soff\u00edu Kristj\u00e1nsd\u00f3ttur fimmtugri<\/i>. Reykjav\u00edk 2000, bls. 68-69.<\/p>\n<p>- \u201eUm Eddurit J\u00f3ns Gu\u00f0mundssonar l\u00e6r\u00f0a.\u201c Andm\u00e6lar\u00e6\u00f0a vi\u00f0 doktorsv\u00f6rn Einars Gunnars P\u00e9turssonar 13. j\u00fan\u00ed 1998. <i>Gripla<\/i> 11 (2000), bls. 284-99.<\/p>\n<p>- \u201eGetuleysi \u00fatgefenda?\u201c <i>Sk\u00edrnir <\/i>175 (haust 2001), bls. 510-29.<\/p>\n<p>- \u201eTextatengsl nokkurra elstu handrita J\u00f3nsb\u00f3kar.\u201c <i>L\u00ednd\u00e6la. Sigur\u00f0ur L\u00edndal sj\u00f6tugur<\/i>. Reykjav\u00edk 2001, bls. 373-89.<\/p>\n<p>- \u201eForskeyttar forsetningar \u00ed mi\u00f0aldahandritum.\u201c <i>\u00cdslenskt m\u00e1l <\/i>22 (2001), bls. 167-76.<\/p>\n<p>- \u201eKrist\u00edn H\u00e1konard\u00f3ttir og l\u00f6ggj\u00f6f \u00e1 s\u00ed\u00f0ari hluta 13. aldar.\u201c <i>Jocoseria Arna-Mariniana. Seksogtyve udvalgte dels kortvillige, dels alvorlige Historier, hvorved Mariane Overgaard kan opbygges<\/i>. Kaupmannah\u00f6fn 2001, bls. 49-51.<\/p>\n<p>- \u201eT\u00f6lvuskr\u00e1ning fornbr\u00e9fa og ap\u00f3grafa.\u201c <i>Anna\u00f0 \u00edslenska s\u00f6gu\u00feingi\u00f0. R\u00e1\u00f0stefnurit <\/i>II. Ritstj\u00f3ri Erla Hulda Halld\u00f3rsd\u00f3ttir. Reykjav\u00edk 2002, bls. 33-41.<\/p>\n<p>- \u201eHallgr\u00edmur me\u00f0 linan flibba. Nau\u00f0syn n\u00fat\u00edmastafsetningar.\u201c <i>Anna\u00f0 \u00edslenska s\u00f6gu\u00feingi\u00f0. R\u00e1\u00f0stefnurit <\/i>II. Ritstj\u00f3ri Erla Hulda Halld\u00f3rsd\u00f3ttir. Reykjav\u00edk 2002, bls. 124-33.<\/p>\n<p>- \u201eKynnisfer\u00f0 um kr\u00f3kalei\u00f0ir handrita og skjala.\u201c <i>Sk\u00edrnir <\/i>177 (haust 2002), bls. bls. 423-38.<\/p>\n<p>- \u201eFyrstu l\u00ednur \u00e1 bla\u00f0s\u00ed\u00f0um skinnhandrita: fyrir ofan e\u00f0a ne\u00f0an efsta strik?\u201c <i>Gripla<\/i> 13 (2002), bls. 217-30.<\/p>\n<p>- \u201e\u00cdslensk handrit fr\u00e1 mi\u00f0\u00f6ldum.\u201c <i>Morgunbla\u00f0i\u00f0<\/i>, sunnudagur 13. okt\u00f3ber 2002, bls. 18-19.<\/p>\n<p>- \u201eHandritin heima. Af s\u00fdningu og b\u00f3k.\u201c <i>Saga<\/i> 41, 2 (2002), bls. 187-98.<\/p>\n<p>- \u201eAn Icelandic medieval manuscript in the Firestone Library: Princeton MS. 62.\u201c<i> The Princeton University Library Chronicle<\/i> 64:1 (Autumn 2002), bls. 163-74.<\/p>\n<p>- \u201eGuds ord og d\u00f6den. Danske teologer og blodskam 1690-1730.\u201c <i>Kirkehistoriske Samlinger<\/i> 2003, bls. 63-80.<\/p>\n<p>- \u201eSigur\u00f3p andskotans e\u00f0a rei\u00f0i gu\u00f0s? Tv\u00e6r b\u00e6kur um galdra \u00e1 17. \u00f6ld.\u201c <i>Sk\u00edrnir<\/i> 177 (vor 2003), bls. 185-206.<\/p>\n<p>- \u201eMegindlegar handritaranns\u00f3knir\u201c [Inngangur]. Ezio Ornato, <i>Lofr\u00e6\u00f0a um handritamerg\u00f0. Huglei\u00f0ingar um b\u00f3ks\u00f6gu mi\u00f0alda<\/i>. Reykjav\u00edk 2003, bls. 7-34.<\/p>\n<p>- \u201eForm\u00e1lsor\u00f0.\u201c <i>Saga <\/i>42:1 (2004), bls. 131-32. (Einnig umsj\u00f3n me\u00f0 sex greinum \u00ed m\u00e1lstofu um kosti og \u00f3kosti yfirlitsrita \u00e1 bls. 133-75.)<\/p>\n<p>- \u201eInngangur.\u201c Jean-Jacques Rousseau, <i>Samf\u00e9lagss\u00e1ttm\u00e1linn<\/i>. \u00cdslensk \u00fe\u00fd\u00f0ing eftir Bj\u00f6rn \u00deorsteinsson og M\u00e1 J\u00f3nsson sem einnig ritar inngang. L\u00e6rd\u00f3msrit B\u00f3kmenntaf\u00e9lagsins. Reykjav\u00edk 2004, bls. 9-56 og 255-58.<\/p>\n<p>- \u201eGrunnav\u00edkur-J\u00f3n sem heimild um \u00c1rna Magn\u00fasson.\u201c <i>Glerhar\u00f0ar hugvekjur \u00fe\u00e9nandi til \u00feess a\u00f0 \u00f6rva og upptendra \u00de\u00f3runni Sigur\u00f0ard\u00f3ttur fimmtuga.<\/i> Reykjav\u00edk 2005, bls. 48-51.<\/p>\n<p>- \u201eLa faible participation des morisques expuls\u00e9s dans la course barbaresque.\u201c <i>Revue d\u2019histoire maghr\u00e9bine<\/i> 32:119 (j\u00fan\u00ed 2005), bls. 7-16.<\/p>\n<p>- \u201eEndurreisn \u00dej\u00f3\u00f0minjasafns = Endurmat \u00e1 s\u00f6gunni?\u201c <i>Saga<\/i> 43:1 (2005), bls. 168-74.<\/p>\n<p>- \u201eFj\u00e1rrei\u00f0ur hj\u00f3na \u00e1 17. og 18. \u00f6ld.\u201c <i>Vefnir<\/i> 2006 \u2013 sj\u00e1 <a href=\"http:\/\/vefnir.bok.hi.is\/\">http:\/\/vefnir.bok.hi.is\/<\/a><\/p>\n<p>- \u201eGamli s\u00e1ttm\u00e1li - er hann ekki til?\u201c <i>Lesb\u00f3k Morgunbla\u00f0sins <\/i>9. september 2006, bls. 10.<\/p>\n<p>- \u201eR\u00e9ttarfar og refsil\u00f6ggj\u00f6f.\u201c Bjarki Bjarnason, <i>\u00cdsland \u00ed aldanna r\u00e1s 1800-1899. Saga lands og \u00fej\u00f3\u00f0ar \u00e1r fr\u00e1 \u00e1ri.<\/i> Reykjav\u00edk 2006, bls. 270-71.<\/p>\n<p>- \u201eGamli s\u00e1ttm\u00e1li 1862.\u201c <i>Var\u00f0i reistur Gu\u00f0var\u00f0i M\u00e1 Gunnlaugssyni fimmtugum. <\/i>Reykjav\u00edk 2006, bls. 87-89.<\/p>\n<p>- \u201eSk\u00fdringar \u00c1rna Magn\u00fassonar vi\u00f0 eigi\u00f0 dr\u00f3ttkv\u00e6\u00f0i fr\u00e1 1689.\u201c <i>Lesi\u00f0 \u00ed hlj\u00f3\u00f0i fyrir Kristj\u00e1n \u00c1rnason sextugan.<\/i> Reykjav\u00edk 2006, bls. 163-65.<\/p>\n<p>- \u201eA\u00f0dragandi og \u00e1st\u00e6\u00f0a Sp\u00e1nverjav\u00edga hausti\u00f0 1615.\u201c <i>\u00c1rsrit S\u00f6guf\u00e9lags \u00cdsfir\u00f0inga<\/i> 46 (2006), bls. 57-96.<\/p>\n<p>- \u201eElsta hreppsb\u00f3k \u00e1 \u00cdslandi: Reykholtsdalur 1643-1785.\u201c <i>Borgfir\u00f0ingab\u00f3k<\/i> 8 (2007), bls. 65-76.<\/p>\n<p>- \u201eHva\u00f0 tekur vi\u00f0? A\u00f0dragandi um upplausnarhugtaki\u00f0.\u201c <i>\u00deri\u00f0ja \u00edslenska s\u00f6gu\u00feingi\u00f0. R\u00e1\u00f0stefnurit.<\/i> Ritstj\u00f3rar Benedikt Ey\u00fe\u00f3rsson og Hrafnkell L\u00e1russon. Reykjav\u00edk 2007, bls. 154-57.<\/p>\n<p>- \u201eMenningartengd fer\u00f0a\u00fej\u00f3nusta og sagnfr\u00e6\u00f0iranns\u00f3knir.\u201c <i>\u00deri\u00f0ja \u00edslenska s\u00f6gu\u00feingi\u00f0. R\u00e1\u00f0stefnurit<\/i>, bls. 327-32.<\/p>\n<p>- \u201eEfasemdir um s\u00e1ttm\u00e1la \u00cdslendinga og Noregskonungs \u00e1ri\u00f0 1262.\u201c <i>\u00deri\u00f0ja \u00edslenska s\u00f6gu\u00feingi\u00f0. R\u00e1\u00f0stefnurit<\/i>, bls. 399-406.<\/p>\n<p>- \u201eThe expulsion of the last Muslims from Spain in 1609-1614: the destruction of an Islamic periphery.\u201c <i>Journal of Global History<\/i> 2:2 (2007), bls. 195-212.<\/p>\n<p>- \u201e\u00a1Que salgan todos! The dire need for a political history of the expulsion of the moriscos.\u201c <i>Aljam\u00eda<\/i> 19 (2007), bls. 105-10.<\/p>\n<p>- \u201eOr\u00f0afar og afdrif Halld\u00f3rs Finnbogasonar \u00e1rin 1684-1685.\u201c <i>\u00cdslenzk menning II. Til hei\u00f0urs Sigur\u00f0i Gylfa Magn\u00fassyni \u00e1 fimmtugsafm\u00e6li hans<\/i>. Ritstj\u00f3ri Magn\u00fas \u00de\u00f3r Sn\u00e6bj\u00f6rnsson. Reykjav\u00edk 2007, bls. 129-36.<\/p>\n<p>- \u201e\u00cdslensk handrit fr\u00e1 mi\u00f0\u00f6ldum me\u00f0 s\u00e9rst\u00f6ku tilliti til Austfjar\u00f0a.\u201c <i>Skri\u00f0uklaustur. Evr\u00f3pskt mi\u00f0aldaklaustur \u00ed Flj\u00f3tsdal<\/i>. Ritstj\u00f3rar Hrafnkell L\u00e1russon og Steinunn Kristj\u00e1nsd\u00f3ttir. Fr\u00e6\u00f0irit Gunnarsstofnunar 1. Skri\u00f0uklaustri 2008, bls. 83-91.<\/p>\n<p>- \u201e\u00c1kv\u00e6\u00f0i J\u00f3nsb\u00f3kar um galdra. Uppruni og \u00e1hrif.\u201c <i>Galdramenn. Galdrar og samf\u00e9lag \u00e1 mi\u00f0\u00f6ldum.<\/i> Ritstj\u00f3ri Torfi H. Tulinius. Reykjav\u00edk 2008, bls. 85-94.<\/p>\n<p>- \u201eSorgarsaga Reykjarfjar\u00f0arb\u00f3kar.\u201c <i>Sturla\u00f0ar s\u00f6gur sag\u00f0ar \u00dalfari Bragasyni sextugum<\/i>. Reykjav\u00edk 2009, bls. 94-96.<\/p>\n<p>- \u201eSkrifarinn \u00c1sgeir J\u00f3nsson fr\u00e1 Gullberast\u00f6\u00f0um \u00ed Lundarreykjadal.\u201c <i>Heimtur. Ritger\u00f0ir til hei\u00f0urs Gunnari Karlssyni sj\u00f6tugum<\/i>. Ritstj\u00f3rar Gu\u00f0mundur J\u00f3nsson, Helgi Sk\u00fali Kjartansson og V\u00e9steinn \u00d3lason. Reykjav\u00edk 2009, bls. 282-97.<\/p>\n<p>- \u201eDenmark-Norway as a Potential World Power in the Early Seventeenth Century.\u201c <i>Itinerario<\/i> 2009\/2, bls. 17-27.<\/p>\n<p>- \u201eFr\u00e1sagnir mi\u00f0alda og s\u00f6gu\u00fer\u00e1 samt\u00edmans. \u00c1drepa um \u00e6skilegt \u00fatg\u00e1fu\u00e1tak.\u201c <i>Saga<\/i> 47:2 (2009), bls. 147-57.<\/p>\n<p>- \u201eBarneignir utan hj\u00f3nabands.\u201c Bjarki Bjarnason, <i>\u00cdsland \u00ed aldanna r\u00e1s 1700-1799<\/i>. Reykjav\u00edk 2009, bls. 277.<\/p>\n<p>- \u201eManuscript Hunting and the Challenge of Textual Variance in Late Seventeenth-Century Icelandic Studies.\u201c <i>The Making of the Humanities<\/i>. Ritstj\u00f3rar Rens Bod, Jaap Maat og Thijs Weststeijn. Amsterdam: Amsterdam University Press, 2010, bls. 309-21.<\/p>\n<p><b><i>\u00a0<\/i><\/b><\/p>\n<p><b><i>Ritd\u00f3mar \u00ed t\u00edmaritum<\/i><\/b><\/p>\n<p>- J\u00f3n \u00d3skar, Konur fyrir r\u00e9tti. Reykjav\u00edk 1987. <i>T\u00edmarit M\u00e1ls og menningar <\/i>48, 2 (1987), bls. 255-58.<\/p>\n<p>- Trausti Einarsson, Hvalvei\u00f0ar vi\u00f0 \u00cdsland 1600-1939. Reykjav\u00edk 1987. <i>T\u00edmarit M\u00e1ls og menningar <\/i>49, 2 (1988), bls. 252-55.<\/p>\n<p>- \u00de\u00f3runn Valdimarsd\u00f3ttir, Snorri \u00e1 H\u00fasafelli. Saga fr\u00e1 18. \u00f6ld. Reykjav\u00edk 1989. <i>T\u00edmarit M\u00e1ls og menningar <\/i>51, 3 (1990), bls. 103-10.<\/p>\n<p>- Til varnar kynhv\u00f6tinni. Inga Huld H\u00e1konard\u00f3ttir, Fjarri hl\u00fdju hj\u00f3nas\u00e6ngur. \u00d6\u00f0ruv\u00edsi \u00cdslandssaga. Reykjav\u00edk 1993. <i>Sk\u00edrnir <\/i>168 (vor 1994), bls. 248-55.<\/p>\n<p>- Gunnar Har\u00f0arson, Litt\u00e9rature et spiritualit\u00e9 en Scandinavie medi\u00e9vale. La traduction norroise de De arrha animae de Hugues de Saint-Victor. \u00c9tude historique et \u00e9dition critique. Par\u00eds-Turnhout 1995. <i>Saga<\/i> 34 (1996), bls. 355-59.<\/p>\n<p>- G\u00edsli P\u00e1lsson, The Textual Life of Savants. Ethnography, Iceland and the Linguistic Turn. Chur (Sviss) 1995. <i>Saga <\/i>35 (1997), bls. 275-78.<\/p>\n<p>- William Ian Miller, Bloodtaking and Peacemaking: Feud, Law, and Society in Saga Iceland. Chicago og London 1990 (Paperback edition 1996). <i>The European Legacy<\/i> 13 (1998), bls. 113-14.<\/p>\n<p>- Eva \u00d6sterberg (\u00fatg.), Socialt och politisk v\u00e5ld. Perspektiv p\u00e5 svensk historia. Lund 2002. <i>Scandinavian Journal of History <\/i>28 (2003), bls. 135-36.<\/p>\n<p>- Hrefna R\u00f3bertsd\u00f3ttir, Landsins forbetran. Innr\u00e9ttingarnar og verk\u00feekking \u00ed ullarverksmi\u00f0jum \u00e1tj\u00e1ndu aldar. Reykjav\u00edk 2001. <i>Scandinavian Journal of History<\/i> 28 (2003), bls. 285-86.<\/p>\n<p>- Writing Peasants. Studies on Peasant Literacy in early modern Northern Europe. Edited by Klaus-Joachim Lorenzen-Schmidt and Bj\u00f8rn Poulsen. Aarhus 2002. <i>Journal of Social History<\/i> 2004, bls. 277-79.<\/p>\n<p>- Los moriscos de Cortes y los Pall\u00e1s. Documentos para su estudio. \u00datgefendur Jorge Antonio Catal\u00e1 Sanz og Pablo P\u00e9rez Garc\u00eda. Valencia 2002. <i>Aljam\u00eda <\/i>16 (2004)., bls. 266-72.<\/p>\n<p>- Jens Rydstr\u00f6m, Sinners and Citizens. Bestiality and Homosexuality in Sweden, 1880-1950. Chicago og London 2003. <i>American Historical Review<\/i> 2004, bls. 1659-60.<\/p>\n<p>- Peter Ericsson, Stora nordiska kriget. Karl XII och det ideologiska tilltalet. Uppsala 2002. <i>Scandinavian Journal of History<\/i> 29 (2004), bls. 295-96.<\/p>\n<p>- J\u00f3n \u00d3lafsson \u00far Grunnav\u00edk, Relatio af Kaupinhafnarbrunanum sem ske\u00f0i \u00ed okt\u00f3ber 1728. Dagb\u00f3k 1725-1731 og fleiri skrif. \u00datgefandi Sigurgeir Steingr\u00edmsson. Reykjav\u00edk 2005. <i>Saga<\/i> 44:1 (2006), bls. 256-58.<\/p>\n<p>- Rodrigo de Zayas, Los moriscos y el racismo de estado. Creaci\u00f3n, persecuci\u00f3n y deportaci\u00f3n (1499-1612), C\u00f3rdoba (Editorial Almuzara), 2006, 671 p\u00e1gs. <i>Aljam\u00eda<\/i> 19 (2007), bls. 532-35.<\/p>\n<p>- Leonard Patrick Harvey, Muslims in Spain, 1500 to 1614. Chicago and London 2005; Mary Elizabeth Perry, The Handless Maiden: Moriscos and the Politics of Religion in Early Modern Spain. Princeton and Oxford 2005; Benjamin Ehlers, Between Christians and Moriscos: Juan de Ribera and Religious Reform in Valencia, 1568-1614. <i>Journal of Social History<\/i> 2007, bls. 223-28.<\/p>\n<p>- F\u00e6reyinga saga. \u00d3lafs saga Tryggvasonar eftir Odd munk Snorrason. \u00d3lafur Halld\u00f3rsson gaf \u00fat. \u00cdslenzk fornrit XXV. Reykjav\u00edk 2006; Sverris saga. \u00deorleifur Hauksson gaf \u00fat. \u00cdslenzk fornrit XXX. Reykjav\u00edk 2007. <i>Saga<\/i> 46:1 (2008), bls. 217-19.<\/p>\n<p>- J\u00f3n Ma. \u00c1sgeirsson og \u00de\u00f3r\u00f0ur Ingi Gu\u00f0j\u00f3nsson, Fr\u00e1 S\u00fdrlandi til \u00cdslands. Arfur T\u00f3masar postula. Reykjav\u00edk 2007. <i>Saga<\/i> 47:1 (2009), bls. 258-59.<\/p>\n<p>- Henri Lapeyre, G\u00e9ographie de l\u2019Espagne morisque. Par\u00eds 1959. <i>Saga<\/i> 48:2 (2010), bls. 30-31.<\/p>\n<p>- Agnes Arn\u00f3rsd\u00f3ttir, Property and Virginity. The Christianization of Marriage in medieval Iceland 1200-1600. \u00c1r\u00f3sum 2010. <i>Saga<\/i> 48:2 (2010), bls. 241-44.<\/p>\n<p><b>\u00a0<\/b><\/p>\n<p><b>V\u00edsindavefur H\u00e1sk\u00f3la \u00cdslands<\/b><\/p>\n<p>- Erf\u00f0aefni \u00ed \u00edslenskum skinnhandritum, mars 2001 (me\u00f0 Gu\u00f0mundi Eggertssyni).<\/p>\n<p>- Bl\u00f3\u00f0sk\u00f6mm fyrr \u00e1 \u00f6ldum, n\u00f3vember 2003.<\/p>\n<p>- \u00c1rni Magn\u00fasson, \u00e1g\u00fast 2004.<\/p>\n<p>- St\u00f3rid\u00f3mur, \u00e1g\u00fast 2004.<\/p>\n<p>- Er einhver s\u00e9rst\u00f6k fr\u00e6\u00f0igrein sem f\u00e6st vi\u00f0 ranns\u00f3knir \u00e1 handritum? Birt 26. apr\u00edl 2006.<\/p>\n<p>- Hva\u00f0a handrit \u00cdslendinga t\u00f6pu\u00f0ust \u00ed brunanum \u00ed Kaupmannah\u00f6fn? Birt 2. ma\u00ed 2006.<\/p>\n<p>- Hven\u00e6r komu handritin aftur til \u00cdslands og var \u00fea\u00f0 sj\u00e1lfsagt m\u00e1l a\u00f0 f\u00e1 \u00feau hinga\u00f0? Birt 4. ma\u00ed 2006.<\/p>\n<p>- Er \u00fea\u00f0 si\u00f0laust e\u00f0a \u00f3heilbrigt a\u00f0 systkinab\u00f6rn gifti sig og eignist b\u00f6rn? Birt 23. apr\u00edl 2008.<\/p>\n<p>- Getur \u00fea\u00f0 sta\u00f0ist a\u00f0 Gamli s\u00e1ttm\u00e1li s\u00e9 bara seinni t\u00edma tilb\u00faningur? Birt 24. n\u00f3vember 2010.<\/p>\n<p>&nbsp;<\/p>\n","protected":false},"excerpt":{"rendered":"<p>Ritaskr\u00e1 1. jan\u00faar 2011 B\u00e6kur - Bl\u00f3\u00f0sk\u00f6mm \u00e1 \u00cdslandi 1270-1870. Reykjav\u00edk 1993. - \u00c1rni Magn\u00fasson. \u00c6visaga. Reykjav\u00edk 1998. - Dulsm\u00e1l 1600-1900: fj\u00f3rt\u00e1n d\u00f3mar og skr\u00e1. M\u00e1r J\u00f3nsson bj\u00f3 til prentunar og skrifar inngang. Heimildasafn Sagnfr\u00e6\u00f0istofnunar 2. Reykjav\u00edk 2000. - Skjalalestur. &hellip; <a href=\"https:\/\/uni.hi.is\/marj\/rit\/\">Halda \u00e1fram a\u00f0 lesa <span class=\"meta-nav\">&rarr;<\/span><\/a><\/p>\n","protected":false},"author":421,"featured_media":41,"parent":0,"menu_order":0,"comment_status":"closed","ping_status":"closed","template":"","meta":{"footnotes":""},"class_list":["post-105","page","type-page","status-publish","has-post-thumbnail","hentry"],"_links":{"self":[{"href":"https:\/\/uni.hi.is\/marj\/wp-json\/wp\/v2\/pages\/105","targetHints":{"allow":["GET"]}}],"collection":[{"href":"https:\/\/uni.hi.is\/marj\/wp-json\/wp\/v2\/pages"}],"about":[{"href":"https:\/\/uni.hi.is\/marj\/wp-json\/wp\/v2\/types\/page"}],"author":[{"embeddable":true,"href":"https:\/\/uni.hi.is\/marj\/wp-json\/wp\/v2\/users\/421"}],"replies":[{"embeddable":true,"href":"https:\/\/uni.hi.is\/marj\/wp-json\/wp\/v2\/comments?post=105"}],"version-history":[{"count":4,"href":"https:\/\/uni.hi.is\/marj\/wp-json\/wp\/v2\/pages\/105\/revisions"}],"predecessor-version":[{"id":121,"href":"https:\/\/uni.hi.is\/marj\/wp-json\/wp\/v2\/pages\/105\/revisions\/121"}],"wp:featuredmedia":[{"embeddable":true,"href":"https:\/\/uni.hi.is\/marj\/wp-json\/wp\/v2\/media\/41"}],"wp:attachment":[{"href":"https:\/\/uni.hi.is\/marj\/wp-json\/wp\/v2\/media?parent=105"}],"curies":[{"name":"wp","href":"https:\/\/api.w.org\/{rel}","templated":true}]}}