{"id":150,"date":"2018-01-19T23:40:06","date_gmt":"2018-01-19T23:40:06","guid":{"rendered":"http:\/\/uni.hi.is\/marj\/?page_id=150"},"modified":"2021-03-21T16:23:05","modified_gmt":"2021-03-21T16:23:05","slug":"reviews","status":"publish","type":"page","link":"https:\/\/uni.hi.is\/marj\/rit\/reviews\/","title":{"rendered":"Ritd\u00f3mar - Reviews"},"content":{"rendered":"<p>- Bergsveinn Birgisson, MANNEN FRA MIDDELALDEREN. HISTORIKEREN OG MORDEREN TORMOD TORF\u00c6US. Bj\u00f6rgvin: Vigmostad &amp; Bj\u00f8rke 2020. <i>Saga<\/i> 79:1 (2021), bls. ??-??.<br \/>\n- LOV OG LOVGIVNING I MIDDELALDEREN. NYE STUDIER AV MAGNUS LAGAB\u00d8TES LANDSLOV. Ritstj\u00f3rar Anna Catharina Horn og Karen Arup Seip. Osl\u00f3: Nasjonalbiblioteket 2020. <i>Saga<\/i> 79:1 (2021), bls. ??-??.<br \/>\n- Landsnefndin fyrri V. Fundarger\u00f0ir og br\u00e9f nefndarinnar. Ritstj\u00f3rar Hrefna R\u00f3bertsd\u00f3ttir og J\u00f3hanna \u00de. Gu\u00f0mundsd\u00f3ttir. Reykjav\u00edk: \u00dej\u00f3\u00f0skjalasafn \u00cdslands 2020. birtist 21. desember 2020 \u00e1 <a href=\"http:\/\/hugras.is\/2020\/12\/skjol-landsnefndarinnar\">hugras.is\/2020\/12\/skjol-landsnefndarinnar<\/a><br \/>\n- \u00de\u00f3rir Stephensen, STEF\u00c1N STERKI. MYNDBROT \u00daR MANNS\u00c6VI. Reykjav\u00edk: h\u00f6fundur 2018. <i>Saga<\/i> 78:1 (2020), bls. 153-155.<br \/>\n- MIRRORS OF VIRTUE. MANUSCRIPT AND PRINT IN LATE PREMODERN ICELAND. Ritstj. Margr\u00e9t Eggertsd\u00f3ttir og Matthew James Driscoll. Kaupmannah\u00f6fn 2017. <i>Saga<\/i> 57:2 (2019), bls. 214-218.<br \/>\n- Eggert \u00d3lafsson og Bjarni P\u00e1lsson, FER\u00d0ADAGB\u00c6KUR 1752\u20131757 OG \u00d6NNUR G\u00d6GN TENGD V\u00cdSINDAF\u00c9LAGINU DANSKA. Sigurj\u00f3n P\u00e1ll \u00cdsaksson bj\u00f3 til prentunar. H\u00f6fundur. Reykjav\u00edk 2017.<i>Saga<\/i> 56:2 (2018), bls. 165-167.<br \/>\n- Marc Bloch, Til varnar sagnfr\u00e6\u00f0inni e\u00f0a starf sagnfr\u00e6\u00f0ingsins. Gu\u00f0mundur J. Gu\u00f0mundsson \u00fe\u00fdddi og rita\u00f0i a\u00f0faraor\u00f0. Selfossi: S\u00e6mundur 2017. <i>Saga<\/i> 55:2 (2017), bls. 251-253.<br \/>\n- Vi\u00f0ar Hreinsson, J\u00f3n l\u00e6r\u00f0i og n\u00e1tt\u00farur n\u00e1tt\u00farunnar. Reykjav\u00edk: Lesstofan 2016. <i>Saga<\/i> 55:1 (2017), bls. 189-194.<br \/>\n- \u00de\u00f3r Magn\u00fasson, \u00cdslenzk silfursm\u00ed\u00f0. Tv\u00f6 bindi. \u00dej\u00f3\u00f0minjasafn \u00cdslands. Reykjav\u00edk 2013. <i>Saga<\/i> 51:2 (2013), bls. 207-211.<br \/>\n- Stef\u00e1n P\u00e1lsson, Anton Kaldal \u00c1g\u00fastsson, Gunnar Vilhj\u00e1lmsson og Steinar Ingi Farestveit, \u00d0 \u00c6VISAGA. Crymogea. Reykjav\u00edk 2012. <i>Saga<\/i> 51:1 (2013), bls. 169-174.<br \/>\n- Morkinskinna. \u00c1rmann Jakobsson og \u00de\u00f3r\u00f0ur Ingi Gu\u00f0j\u00f3nsson g\u00e1fu \u00fat. Tv\u00f6 bindi. \u00cdslenzk fornrit XXIII\u2013XXIV. Reykjav\u00edk 2011. <i>Saga<\/i> 49:2 (2011), bls. 223-226.<br \/>\n- Agnes Arn\u00f3rsd\u00f3ttir, Property and Virginity. The Christianization of Marriage in medieval Iceland 1200-1600. \u00c1r\u00f3sum 2010. <i>Saga<\/i> 48:2 (2010), bls. 241-244.<br \/>\n- Henri Lapeyre, G\u00e9ographie de l\u2019Espagne morisque. Par\u00eds 1959. <i>Saga<\/i> 48:2 (2010), bls. 30-31.<br \/>\n- J\u00f3n Ma. \u00c1sgeirsson og \u00de\u00f3r\u00f0ur Ingi Gu\u00f0j\u00f3nsson, Fr\u00e1 S\u00fdrlandi til \u00cdslands. Arfur T\u00f3masar postula. Reykjav\u00edk 2007. <i>Saga<\/i> 47:1 (2009), bls. 258-259.<br \/>\n- F\u00e6reyinga saga. \u00d3lafs saga Tryggvasonar eftir Odd munk Snorrason. \u00d3lafur Halld\u00f3rsson gaf \u00fat. \u00cdslenzk fornrit XXV. Reykjav\u00edk 2006; Sverris saga. \u00deorleifur Hauksson gaf \u00fat. \u00cdslenzk fornrit XXX. Reykjav\u00edk 2007. <i>Saga<\/i> 46:1 (2008), bls. 217-219.<br \/>\n- Leonard Patrick Harvey, Muslims in Spain, 1500 to 1614. Chicago and London 2005; Mary Elizabeth Perry, The Handless Maiden: Moriscos and the Politics of Religion in Early Modern Spain. Princeton and Oxford 2005; Benjamin Ehlers, Between Christians and Moriscos: Juan de Ribera and Religious Reform in Valencia, 1568-1614. <i>Journal of Social History<\/i> 2007, bls. 223-228.<br \/>\n- Rodrigo de Zayas, Los moriscos y el racismo de estado. Creaci\u00f3n, persecuci\u00f3n y deportaci\u00f3n (1499-1612). C\u00f3rdoba: Almuzara 2006. <i>Aljam\u00eda<\/i> 19 (2007), bls. 532-535.<br \/>\n- J\u00f3n \u00d3lafsson \u00far Grunnav\u00edk, Relatio af Kaupinhafnarbrunanum sem ske\u00f0i \u00ed okt\u00f3ber 1728. Dagb\u00f3k 1725-1731 og fleiri skrif. \u00datgefandi Sigurgeir Steingr\u00edmsson. Reykjav\u00edk 2005. <i>Saga<\/i> 44:1 (2006), bls. 256-258.<br \/>\n- Los moriscos de Cortes y los Pall\u00e1s. Documentos para su estudio. \u00datgefendur Jorge Antonio Catal\u00e1 Sanz og Pablo P\u00e9rez Garc\u00eda. Valencia 2002. <i>Aljam\u00eda <\/i>16 (2004)., bls. 266-272.<br \/>\n- Jens Rydstr\u00f6m, Sinners and Citizens. Bestiality and Homosexuality in Sweden, 1880-1950. Chicago og London 2003. <i>American Historical Review<\/i> 2004, bls. 1659-1660.<br \/>\n- Peter Ericsson, Stora nordiska kriget. Karl XII och det ideologiska tilltalet. Uppsala 2002. <i>Scandinavian Journal of History<\/i> 29 (2004), bls. 295-296.<br \/>\n- Writing Peasants. Studies on Peasant Literacy in early modern Northern Europe. Edited by Klaus-Joachim Lorenzen-Schmidt and Bj\u00f8rn Poulsen. Aarhus 2002. <i>Journal of Social History<\/i> 2004, bls. 277-279.<br \/>\n- Hrefna R\u00f3bertsd\u00f3ttir, Landsins forbetran. Innr\u00e9ttingarnar og verk\u00feekking \u00ed ullarverksmi\u00f0jum \u00e1tj\u00e1ndu aldar. Reykjav\u00edk 2001. <i>Scandinavian Journal of History<\/i> 28 (2003), bls. 285-286.<br \/>\n- Eva \u00d6sterberg (\u00fatg.), Socialt och politisk v\u00e5ld. Perspektiv p\u00e5 svensk historia. Lund 2002. <i>Scandinavian Journal of History <\/i>28 (2003), bls. 135-136.<br \/>\n- William Ian Miller, Bloodtaking and Peacemaking: Feud, Law, and Society in Saga Iceland. Chicago og London 1990 (Paperback edition 1996). <i>The European Legacy<\/i> 13 (1998), bls. 113-114.<br \/>\n- G\u00edsli P\u00e1lsson, The Textual Life of Savants. Ethnography, Iceland and the Linguistic Turn. Chur (Sviss) 1995. <i>Saga<\/i> 35 (1997), bls. 275-278.<br \/>\n- Gunnar Har\u00f0arson, Litt\u00e9rature et spiritualit\u00e9 en Scandinavie medi\u00e9vale. La traduction norroise de De arrha animae de Hugues de Saint-Victor. \u00c9tude historique et \u00e9dition critique. Par\u00eds-Turnhout 1995. <i>Saga<\/i> 34 (1996), bls. 355-359.<br \/>\n- Inga Huld H\u00e1konard\u00f3ttir, Fjarri hl\u00fdju hj\u00f3nas\u00e6ngur. \u00d6\u00f0ruv\u00edsi \u00cdslandssaga. Reykjav\u00edk 1993. <i>Sk\u00edrnir <\/i>168 (vor 1994), bls. 248-255.<br \/>\n- \u00de\u00f3runn Valdimarsd\u00f3ttir, Snorri \u00e1 H\u00fasafelli. Saga fr\u00e1 18. \u00f6ld. Reykjav\u00edk 1989. <i>T\u00edmarit M\u00e1ls og menningar <\/i>51, 3 (1990), bls. 103-110.<br \/>\n- Trausti Einarsson, Hvalvei\u00f0ar vi\u00f0 \u00cdsland 1600-1939. Reykjav\u00edk 1987. <i>T\u00edmarit M\u00e1ls og menningar <\/i>49, 2 (1988), bls. 252-255.<br \/>\n- J\u00f3n \u00d3skar, Konur fyrir r\u00e9tti. Reykjav\u00edk 1987. <i>T\u00edmarit M\u00e1ls og menningar <\/i>48, 2 (1987), bls. 255-258.<\/p>\n","protected":false},"excerpt":{"rendered":"<p>- Bergsveinn Birgisson, MANNEN FRA MIDDELALDEREN. HISTORIKEREN OG MORDEREN TORMOD TORF\u00c6US. Bj\u00f6rgvin: Vigmostad &amp; Bj\u00f8rke 2020. Saga 79:1 (2021), bls. ??-??. - LOV OG LOVGIVNING I MIDDELALDEREN. NYE STUDIER AV MAGNUS LAGAB\u00d8TES LANDSLOV. Ritstj\u00f3rar Anna Catharina Horn og Karen Arup &hellip; <a href=\"https:\/\/uni.hi.is\/marj\/rit\/reviews\/\">Halda \u00e1fram a\u00f0 lesa <span class=\"meta-nav\">&rarr;<\/span><\/a><\/p>\n","protected":false},"author":421,"featured_media":0,"parent":105,"menu_order":0,"comment_status":"closed","ping_status":"closed","template":"","meta":{"footnotes":""},"class_list":["post-150","page","type-page","status-publish","hentry"],"_links":{"self":[{"href":"https:\/\/uni.hi.is\/marj\/wp-json\/wp\/v2\/pages\/150","targetHints":{"allow":["GET"]}}],"collection":[{"href":"https:\/\/uni.hi.is\/marj\/wp-json\/wp\/v2\/pages"}],"about":[{"href":"https:\/\/uni.hi.is\/marj\/wp-json\/wp\/v2\/types\/page"}],"author":[{"embeddable":true,"href":"https:\/\/uni.hi.is\/marj\/wp-json\/wp\/v2\/users\/421"}],"replies":[{"embeddable":true,"href":"https:\/\/uni.hi.is\/marj\/wp-json\/wp\/v2\/comments?post=150"}],"version-history":[{"count":12,"href":"https:\/\/uni.hi.is\/marj\/wp-json\/wp\/v2\/pages\/150\/revisions"}],"predecessor-version":[{"id":257,"href":"https:\/\/uni.hi.is\/marj\/wp-json\/wp\/v2\/pages\/150\/revisions\/257"}],"up":[{"embeddable":true,"href":"https:\/\/uni.hi.is\/marj\/wp-json\/wp\/v2\/pages\/105"}],"wp:attachment":[{"href":"https:\/\/uni.hi.is\/marj\/wp-json\/wp\/v2\/media?parent=150"}],"curies":[{"name":"wp","href":"https:\/\/api.w.org\/{rel}","templated":true}]}}