{"id":156,"date":"2013-11-19T23:57:41","date_gmt":"2013-11-19T23:57:41","guid":{"rendered":"http:\/\/uni.hi.is\/marj\/?page_id=156"},"modified":"2021-03-21T16:35:27","modified_gmt":"2021-03-21T16:35:27","slug":"english-cv","status":"publish","type":"page","link":"https:\/\/uni.hi.is\/marj\/cv\/english-cv\/","title":{"rendered":"English CV"},"content":{"rendered":"<p><a href=\"http:\/\/uni.hi.is\/marj\/files\/2021\/03\/marjonsson_CV_english.pdf\">marjonsson_CV_english<\/a><\/p>\n<p>M\u00e1r J\u00f3nsson<br \/>\nInstitute of History<br \/>\n\u00c1rnagar\u00f0ur 403<br \/>\nUniversity of Iceland<br \/>\n101 Reykjav\u00edk, Iceland<br \/>\nTel.: +354 525 42 45<br \/>\nMobile: +354 862 06 06<br \/>\nE-mail: marj@hi.is<\/p>\n<p>EDUCATION<br \/>\n- University of Iceland: BA in history and sociology in 1980.<br \/>\n- University of Bergen, Norway: mellomfag in history, Fall 1978.<br \/>\n- Universit\u00e9 de Paris I. Sorbonne: French and history, 1980-83.<br \/>\n- University of Iceland: Cand.mag. in history in 1985.<br \/>\n- \u00c9cole des Hautes \u00c9tudes en Sciences Sociales in Paris: Social and demographic history, 1985-86.<br \/>\n- University of Iceland: Dr.Phil. in history in 1993.<\/p>\n<p>WORK<br \/>\n1987-1990. Journalist, foreign news, Icelandic State Radio.<br \/>\n1995-1998. Forskningslektor at the University of Copenhagen on a grant from Carlsbergfondet.<br \/>\n1998 and onwards. Professor of history at the University of Iceland.<br \/>\n2000-2002 and 2010-2012. Head of Section, Department of History and Philosophy.<br \/>\n2006\u20132009 and 2021-2023. Director of the Institute of History, University of Iceland.<br \/>\nSpring 2015. Fellow at Center of Advanced Study (CAS) at the Academy of Sciences, Oslo.<\/p>\n","protected":false},"excerpt":{"rendered":"<p>marjonsson_CV_english M\u00e1r J\u00f3nsson Institute of History \u00c1rnagar\u00f0ur 403 University of Iceland 101 Reykjav\u00edk, Iceland Tel.: +354 525 42 45 Mobile: +354 862 06 06 E-mail: marj@hi.is EDUCATION - University of Iceland: BA in history and sociology in 1980. - University &hellip; <a href=\"https:\/\/uni.hi.is\/marj\/cv\/english-cv\/\">Halda \u00e1fram a\u00f0 lesa <span class=\"meta-nav\">&rarr;<\/span><\/a><\/p>\n","protected":false},"author":421,"featured_media":0,"parent":77,"menu_order":0,"comment_status":"closed","ping_status":"closed","template":"","meta":{"footnotes":""},"class_list":["post-156","page","type-page","status-publish","hentry"],"_links":{"self":[{"href":"https:\/\/uni.hi.is\/marj\/wp-json\/wp\/v2\/pages\/156","targetHints":{"allow":["GET"]}}],"collection":[{"href":"https:\/\/uni.hi.is\/marj\/wp-json\/wp\/v2\/pages"}],"about":[{"href":"https:\/\/uni.hi.is\/marj\/wp-json\/wp\/v2\/types\/page"}],"author":[{"embeddable":true,"href":"https:\/\/uni.hi.is\/marj\/wp-json\/wp\/v2\/users\/421"}],"replies":[{"embeddable":true,"href":"https:\/\/uni.hi.is\/marj\/wp-json\/wp\/v2\/comments?post=156"}],"version-history":[{"count":5,"href":"https:\/\/uni.hi.is\/marj\/wp-json\/wp\/v2\/pages\/156\/revisions"}],"predecessor-version":[{"id":262,"href":"https:\/\/uni.hi.is\/marj\/wp-json\/wp\/v2\/pages\/156\/revisions\/262"}],"up":[{"embeddable":true,"href":"https:\/\/uni.hi.is\/marj\/wp-json\/wp\/v2\/pages\/77"}],"wp:attachment":[{"href":"https:\/\/uni.hi.is\/marj\/wp-json\/wp\/v2\/media?parent=156"}],"curies":[{"name":"wp","href":"https:\/\/api.w.org\/{rel}","templated":true}]}}