{"id":77,"date":"2013-11-13T00:32:00","date_gmt":"2013-11-13T00:32:00","guid":{"rendered":"http:\/\/uni.hi.is\/marj\/?page_id=77"},"modified":"2021-03-21T16:38:13","modified_gmt":"2021-03-21T16:38:13","slug":"cv","status":"publish","type":"page","link":"https:\/\/uni.hi.is\/marj\/cv\/","title":{"rendered":"CV"},"content":{"rendered":"<p><a href=\"http:\/\/uni.hi.is\/marj\/files\/2021\/03\/marjonsson_CV_english.pdf\">English CV, May 2021<\/a><\/p>\n<p>M\u00e1r J\u00f3nsson<br \/>\npr\u00f3fessor \u00ed sagnfr\u00e6\u00f0i vi\u00f0 H\u00e1sk\u00f3la \u00cdslands<br \/>\nF\u00e6ddur \u00ed Reykjav\u00edk 19. jan\u00faar 1959<br \/>\nHeimilisfang: Birkimelur 10a, 107 Reykjav\u00edk<br \/>\nVinnus\u00edmi: 5254245; fars\u00edmi 8620606.<br \/>\nVinnusta\u00f0ur: \u00c1rnagar\u00f0ur, herbergi 403<br \/>\nP\u00f3stur: Gimli 107, H\u00e1sk\u00f3li \u00cdslands, 107 Reykjav\u00edk<br \/>\nNetfang: marj@hi.is<br \/>\nHeimas\u00ed\u00f0a: www.uni.hi.is\/marj<\/p>\n<p>MENNTUN<br \/>\n- St\u00fadentspr\u00f3f fr\u00e1 Ulrikke Pihls skole \u00ed Bj\u00f6rgvin, Noregi, vori\u00f0 1977.<br \/>\n- BA fr\u00e1 H\u00e1sk\u00f3la \u00cdslands, j\u00fan\u00ed 1980. Sagnfr\u00e6\u00f0i og f\u00e9lagsfr\u00e6\u00f0i. Heiti ritger\u00f0ar: Jar\u00f0eignir og jar\u00f0eigendur \u00ed Vestur-\u00cdsafjar\u00f0ars\u00fdslu 1658-1805.<br \/>\n- Cand.mag. fr\u00e1 H\u00e1sk\u00f3la \u00cdslands, okt\u00f3ber 1985. Sagnfr\u00e6\u00f0i. Heiti ritger\u00f0ar: Dulsm\u00e1l \u00e1 \u00cdslandi 1600-1920.<br \/>\n- Dr.Phil. fr\u00e1 H\u00e1sk\u00f3la \u00cdslands, j\u00fal\u00ed 1993. Sagnfr\u00e6\u00f0i. Heiti ritger\u00f0ar: Bl\u00f3\u00f0sk\u00f6mm \u00e1 \u00cdslandi 1270-1870.<\/p>\n<p><i>Anna\u00f0 n\u00e1m<\/i><br \/>\n- H\u00e1sk\u00f3linn \u00ed Bj\u00f6rgvin, haustmisseri 1978. Fj\u00f6lskyldu- og kvennasaga (mellomfag).<br \/>\n- Universit\u00e9 de Paris I. Sorbonne, 1980-1983. Franska og sagnfr\u00e6\u00f0i.<br \/>\n- \u00c9cole des Hautes \u00c9tudes en Sciences Sociales \u00ed Par\u00eds sem <i>\u00e9tudiant libre<\/i> veturinn 1985-1986. F\u00e9lagssaga og s\u00f6guleg l\u00fd\u00f0fr\u00e6\u00f0i.<\/p>\n","protected":false},"excerpt":{"rendered":"<p>English CV, May 2021 M\u00e1r J\u00f3nsson pr\u00f3fessor \u00ed sagnfr\u00e6\u00f0i vi\u00f0 H\u00e1sk\u00f3la \u00cdslands F\u00e6ddur \u00ed Reykjav\u00edk 19. jan\u00faar 1959 Heimilisfang: Birkimelur 10a, 107 Reykjav\u00edk Vinnus\u00edmi: 5254245; fars\u00edmi 8620606. Vinnusta\u00f0ur: \u00c1rnagar\u00f0ur, herbergi 403 P\u00f3stur: Gimli 107, H\u00e1sk\u00f3li \u00cdslands, 107 Reykjav\u00edk Netfang: marj@hi.is &hellip; <a href=\"https:\/\/uni.hi.is\/marj\/cv\/\">Halda \u00e1fram a\u00f0 lesa <span class=\"meta-nav\">&rarr;<\/span><\/a><\/p>\n","protected":false},"author":421,"featured_media":0,"parent":0,"menu_order":0,"comment_status":"closed","ping_status":"closed","template":"","meta":{"footnotes":""},"class_list":["post-77","page","type-page","status-publish","hentry"],"_links":{"self":[{"href":"https:\/\/uni.hi.is\/marj\/wp-json\/wp\/v2\/pages\/77","targetHints":{"allow":["GET"]}}],"collection":[{"href":"https:\/\/uni.hi.is\/marj\/wp-json\/wp\/v2\/pages"}],"about":[{"href":"https:\/\/uni.hi.is\/marj\/wp-json\/wp\/v2\/types\/page"}],"author":[{"embeddable":true,"href":"https:\/\/uni.hi.is\/marj\/wp-json\/wp\/v2\/users\/421"}],"replies":[{"embeddable":true,"href":"https:\/\/uni.hi.is\/marj\/wp-json\/wp\/v2\/comments?post=77"}],"version-history":[{"count":13,"href":"https:\/\/uni.hi.is\/marj\/wp-json\/wp\/v2\/pages\/77\/revisions"}],"predecessor-version":[{"id":265,"href":"https:\/\/uni.hi.is\/marj\/wp-json\/wp\/v2\/pages\/77\/revisions\/265"}],"wp:attachment":[{"href":"https:\/\/uni.hi.is\/marj\/wp-json\/wp\/v2\/media?parent=77"}],"curies":[{"name":"wp","href":"https:\/\/api.w.org\/{rel}","templated":true}]}}