{"id":12,"date":"2010-11-15T14:49:00","date_gmt":"2010-11-15T14:49:00","guid":{"rendered":"http:\/\/uni.hi.is\/mc\/recent-publications\/"},"modified":"2022-09-16T09:39:16","modified_gmt":"2022-09-16T09:39:16","slug":"recent-publications","status":"publish","type":"page","link":"https:\/\/uni.hi.is\/mc\/recent-publications\/","title":{"rendered":"Selected publications"},"content":{"rendered":"<p><strong>Forthcoming edited volume:<\/strong><\/p>\n<p><a href=\"https:\/\/link.springer.com\/book\/9783031136931\">\"Europe in the Age of Post-Truth Politics: Populism, Disinformation and the Public Sphere\"<\/a>, co-edited with Gu\u00f0mundur H\u00e1lfdanarson, Asimina Michilidou, Charlotte Galpin and Niko Pyrh\u00f6nen. To be published in October 2022 as part of <a href=\"https:\/\/link.springer.com\/series\/14630\"><em>Palgrave Studies in European Political Sociology<\/em><\/a>.<\/p>\n<p>&nbsp;<\/p>\n<p><strong>Recent and forthcoming peer-reviewed articles:<\/strong><\/p>\n<p><a href=\"https:\/\/www.berghahnjournals.com\/view\/journals\/gps\/40\/1\/gps400104.xml\">\"A Post-Truth Campaign? The Alternative for Germany in the 2019 European Parliament Elections\"<\/a> (2022), <em>German Politics and Society.<\/em><\/p>\n<p><a href=\"https:\/\/www.cogitatiopress.com\/politicsandgovernance\/article\/view\/3985\/3985\">\"Post-Truth Politics, Digital Media and the Politicization of the Global Compact for Migration\"<\/a> (2021),\u00a0<em>Politics and Governance.<\/em><\/p>\n<p><a href=\"https:\/\/www.frontiersin.org\/articles\/10.3389\/fpos.2020.00004\/full\">\"From the Eurozone Debt Crisis to the Alternative for Germany\"<\/a> (2020),\u00a0<em>Frontiers in Political Science.<\/em><\/p>\n<p><a href=\"https:\/\/www.cairn.info\/revue-politique-europeenne-2019-4-page-96.htm\">\"The Heroes and Villains of an Alternative Europe: How EU Contestation shapes Narratives of Europe in Germany\"<\/a> (2019),\u00a0<em>Politique europ\u00e9enne.<\/em><\/p>\n<p><span lang=\"EN-GB\"><a href=\"https:\/\/www.tandfonline.com\/doi\/full\/10.1080\/07036337.2019.1658754\">\"Framing TTIP in the Wake of the Greenpeace Leaks: Agonistic and Deliberative Perspectives on Frame Resonance and Communicative Power\"<\/a> (2019, co-authored with Alvaro Oleart),\u00a0<em>Journal of European Integration.<\/em><\/span><\/p>\n<p><a href=\"https:\/\/www.berghahnjournals.com\/view\/journals\/gps\/35\/4\/gps350401.xml?\">\"Understanding Germany's Shortlived Culture of Welcome: Images of Refugees in Three Leading German Quality Newspapers\"<\/a> (2017, co-authored with Hugr\u00fan A\u00f0alsteinsd\u00f3ttir), \u00a0<em>German Politics and Society.<\/em><\/p>\n<p>&nbsp;<\/p>\n<p><strong>Book:<\/strong><\/p>\n<p><a href=\"https:\/\/cup.columbia.edu\/book\/europeans-and-the-public-sphere\/9783838206851\"><em>Europeans and the Public Sphere: Communication without community? <\/em><\/a>(2014). Stuttgart &amp; Hannover: Ibidem Press.<\/p>\n<p><strong>Edited volumes:<\/strong><\/p>\n<p><a href=\"http:\/\/www.nomos-shop.de\/Conrad-Knaut-B\u00f6ttger-Bridging-Gap\/productview.aspx?product=26051\"><em>Bridging the Gap? Opportunities and Constraints of the European Citizens' Initiative\u00a0<\/em><\/a>(with Annette Knaut and Katrin B\u00f6ttger, 2016),\u00a0<em>Europ\u00e4ische Schriften.\u00a0<\/em>Baden-Baden: Nomos.<\/p>\n<p><strong>Doctoral Dissertation:<\/strong><\/p>\n<p><a href=\"https:\/\/www.lu.se\/lup\/publication\/42bb77fc-d232-46aa-b4be-270c13fe7a85\"><em>Between Communication and Community. EU Constitution Making, a European Public Sphere and the (Un-)Likelihood of Transnational Debate <\/em><\/a>(2009), Lund Political Studies 158.<\/p>\n<p>&nbsp;<\/p>\n<p><strong>Earlier Articles:<\/strong><\/p>\n<p><a href=\"http:\/\/www.irpa.is\/article\/view\/1321\/pdf_319\">\"The EU's Post-Lisbon Democratic Development: What Lessons for Iceland?\"<\/a>, <em>Stj\u00f3rnm\u00e1l go stj\u00f3rns\u00fdsla - Icelandic Review of Politics and Administration<\/em>\u00a0(June 2014).<\/p>\n<p><a href=\"http:\/\/www.irpa.is\/article\/view\/1209\/pdf_287\">\"A Small-States Perspective on the European Citizens' Initiative\"<\/a>, <em>Stj\u00f3rnm\u00e1l go stj\u00f3rns\u00fdsla - Icelandic Review of Politics and Administration<\/em>\u00a0(Dec. 2013).<\/p>\n<p><a href=\"http:\/\/www.stjornmalogstjornsysla.is\/?p=1150\">\"F-Word or Blueprint for Institutional Reform? European Integration and the Continued Relevance of Federalism\"<\/a>, <em>Stj\u00f3rnm\u00e1l go stj\u00f3rns\u00fdsla - Icelandic Review of Politics and Administration<\/em>\u00a0(Dec. 2012; co-authored with Freyja Steingr\u00edmsd\u00f3ttir).<\/p>\n<p><a href=\"http:\/\/www.stjornmalogstjornsysla.is\/?p=589\">\"The European Citizens' Initiative. Transnational Democracy in the EU at last?\"<\/a>, <em>Stj\u00f3rnm\u00e1l go stj\u00f3rns\u00fdsla - Icelandic Review of Politics and Administration<\/em>\u00a0(June 2011).<\/p>\n<p><a href=\"http:\/\/skemman.is\/en\/item\/view\/1946\/9657\">\"A Global Civilian Power? The Future Role of the European Union in International Politics\"<\/a>, <em>Stj\u00f3rnm\u00e1l go stj\u00f3rns\u00fdsla - Icelandic Review of Politics and Administration<\/em>\u00a0(June 2011; co-authored with <a href=\"http:\/\/independent.academia.edu\/BedrudinBrljavac\">Bedrudin Brljavac.<\/a><\/p>\n<p><a href=\"http:\/\/stjornmalogstjornsysla.is\/index.php?option=com_content&amp;task=view&amp;id=520&amp;Itemid=47\">\"The Missing Link in EU Democracy? Why a Transnational Public Sphere Matters\"<\/a>, <em>Stj\u00f3rnm\u00e1l go stj\u00f3rns\u00fdsla - Icelandic Review of Politics and Administration<\/em>\u00a0(Dec. 2010).<\/p>\n<p>&nbsp;<\/p>\n<p>&nbsp;<\/p>\n","protected":false},"excerpt":{"rendered":"<p>Forthcoming edited volume: \"Europe in the Age of Post-Truth Politics: Populism, Disinformation and the Public Sphere\", co-edited with Gu\u00f0mundur H\u00e1lfdanarson, Asimina Michilidou, Charlotte Galpin and Niko Pyrh\u00f6nen. To be published in October 2022 as part of Palgrave Studies in European &hellip; <a href=\"https:\/\/uni.hi.is\/mc\/recent-publications\/\">Continue reading <span class=\"meta-nav\">&rarr;<\/span><\/a><\/p>\n","protected":false},"author":378,"featured_media":0,"parent":0,"menu_order":0,"comment_status":"open","ping_status":"closed","template":"","meta":{"footnotes":""},"class_list":["post-12","page","type-page","status-publish","hentry"],"_links":{"self":[{"href":"https:\/\/uni.hi.is\/mc\/wp-json\/wp\/v2\/pages\/12","targetHints":{"allow":["GET"]}}],"collection":[{"href":"https:\/\/uni.hi.is\/mc\/wp-json\/wp\/v2\/pages"}],"about":[{"href":"https:\/\/uni.hi.is\/mc\/wp-json\/wp\/v2\/types\/page"}],"author":[{"embeddable":true,"href":"https:\/\/uni.hi.is\/mc\/wp-json\/wp\/v2\/users\/378"}],"replies":[{"embeddable":true,"href":"https:\/\/uni.hi.is\/mc\/wp-json\/wp\/v2\/comments?post=12"}],"version-history":[{"count":22,"href":"https:\/\/uni.hi.is\/mc\/wp-json\/wp\/v2\/pages\/12\/revisions"}],"predecessor-version":[{"id":161,"href":"https:\/\/uni.hi.is\/mc\/wp-json\/wp\/v2\/pages\/12\/revisions\/161"}],"wp:attachment":[{"href":"https:\/\/uni.hi.is\/mc\/wp-json\/wp\/v2\/media?parent=12"}],"curies":[{"name":"wp","href":"https:\/\/api.w.org\/{rel}","templated":true}]}}