{"id":571,"date":"2019-11-07T20:11:51","date_gmt":"2019-11-07T20:11:51","guid":{"rendered":"http:\/\/uni.hi.is\/mfg1\/?page_id=571"},"modified":"2022-02-20T11:27:57","modified_gmt":"2022-02-20T11:27:57","slug":"conf1","status":"publish","type":"page","link":"https:\/\/uni.hi.is\/mfg1\/conf1","title":{"rendered":"Refereed Conference Presentations"},"content":{"rendered":"<ul>\n<li>Gonzalez Rodriguez, M. F. (speaker) (<span style=\"color: #33cccc\">14-10-2021<\/span>). <em>Remedial Nature: Medicinal Efficacy in Images and Words<\/em>, Health Humanities Research Seminar. KU Leuven.<\/li>\n<li>Gonzalez Rodriguez, M. F. (speaker) (<span style=\"color: #33cccc\">8-09-2021<\/span>). <em>Entheogenic Visions: Latin American Indigenous Psychoactive Substances in Images and Words.<\/em>\u00a0Biennial Conference: Faith, Medicine and Religion, <em>\u00a0<\/em>European Association for the History of Medicine and Health.<\/li>\n<li>Gonzalez Rodriguez, M. F. (speaker) (<span style=\"color: #33cccc\">22-07-2021<\/span>). <em>Visual Healing: Circulation of Ideas about Indigenous Knowledges in Visual Culture<\/em>, Ontologies of Nature, Indigenous Spirituality and Human\/Non-Human Health in Contemporary Latin American Cultures. <em>ASLE<\/em>.<span style=\"color: #008080\"> <a style=\"color: #008080\" href=\"https:\/\/conference.asle.org\/?page_id=567\"><span style=\"color: #33cccc\">Link<\/span><\/a>.<\/span><\/li>\n<li>Gonzalez Rodriguez, M. F. (speaker) (<span style=\"color: #33cccc\">17-01-2020<\/span>). <span style=\"font-size: 1rem\"><em>Cosmetic Anthropomorphism and Visual Framing of the Zoomorphic Self<\/em>, Feminist Canine <\/span>Ethnography Conference, Amsterdam, The Netherlands.<\/li>\n<li><span style=\"font-size: 1rem\">Gonzalez Rodriguez, M. F. (speaker) (<span style=\"color: #33cccc\">17-10-2019<\/span>). <\/span><i style=\"font-size: 1rem\">Consumable Indigeneity: A Visual Strategy in the Promotion of Natural Products<\/i><span style=\"font-size: 1rem\">, Visual Framing of Food Technologies, Wageningen, Netherlands.<\/span><\/li>\n<li>Gonzalez Rodriguez, M. F. (speaker) (<span style=\"color: #33cccc\">4-7-2019<\/span>). <i>Dystopia and Utopia in the Futuristic Portrayals of Gender<\/i>, LOVA International Summer School 2019, Amterdam, Netherlands.<\/li>\n<li>Gonzalez Rodriguez, M. F. (speaker) (<span style=\"color: #33cccc\">8-3-2019<\/span>). <i>Frida: Accidental Icon<\/i>, Female Frame, Amsterdam, Netherlands.<\/li>\n<li>Gonzalez Rodriguez, M. F. (speaker) (<span style=\"color: #33cccc\">29-6-2018<\/span>). <i>Staging Indigeneity: Indigenous Audiences vis-\u00e0-vis Representations of Indigeneity in Latin American Cinema<\/i>, Media tactics and engagements. , Amsterdam, Netherlands.<\/li>\n<li>Gonzalez Rodriguez, M. F. (speaker) (<span style=\"color: #33cccc\">21-9-2017<\/span>). <i>Faces and Sounds of Cinematic Indigeneity: Recent Cases in Bolivian, Mexican and Peruvian Cinemas<\/i>, Small Cinemas Conference, Bilbao, Spain.<\/li>\n<li>Gonzalez Rodriguez, M. F. (speaker) (<span style=\"color: #33cccc\">8-7-2017<\/span>). <i>The Latin American Telenovela as a South-South Cultural Artefact<\/i>, Film and Media, London, United Kingdom<\/li>\n<li>Gonzalez Rodriguez, M. F. (speaker) (<span style=\"color: #33cccc\">16-6-2017<\/span>). <i>Staging Gendered Alterity: Indigenous Women in Latin American Cinema<\/i>, NOLAN2017, Gothemburg, Sweden.<\/li>\n<li>Gonzalez Rodriguez, M. F. (speaker) (<span style=\"color: #33cccc\">29-4-2017<\/span>). <i>La indigenidad cinem\u00e1tica y el transnacionalismo de sus audiencias<\/i>, LASA Conference, Lima, Peru.<\/li>\n<li>Gonzalez Rodriguez, M. F. (speaker) (<span style=\"color: #33cccc\">28-10-2016<\/span>). <i>Minorities in the Americas: Social and Cultural Identity in Contemporary Narratives<\/i>, \u00dej\u00f3\u00f0arspegill, Reykjavik, Iceland.<\/li>\n<li>Gonzalez Rodriguez, M. F. (speaker) (<span style=\"color: #33cccc\">16-6-2016<\/span>). <i>Linguistic Landscapes in Lima, Mexico DF and Santiago<\/i>, NALACS Conference 2016: Cities and Citizenship , Delft, Netherlands.<\/li>\n<li>Gonzalez Rodriguez, M. F. (speaker) (<span style=\"color: #33cccc\">28-5-2015<\/span>). <i>\u00a1Esa india!: Mediatized Precariousness in Soap Operas<\/i>, LASA, San Juan, Puerto Rico.<\/li>\n<li>Gonzalez Rodriguez, M. F. (speaker) (<span style=\"color: #33cccc\">17-5-2014<\/span>). <i>Heroes or Victims? Contrasting Representations of Indigenous Children in Animated and Non-Animated Fiction Films<\/i>, The Figure of the Child, Cambridge, United Kingdom.<\/li>\n<li>Gonzalez Rodriguez, M. F. (speaker) (<span style=\"color: #33cccc\">23-5-2013<\/span>). <i>Drawing Realities: Amerindians in Animated Feature Films<\/i>, Latin America Conference Ireland (LACI) , Dublin, Ireland.<\/li>\n<\/ul>\n","protected":false},"excerpt":{"rendered":"<p>Gonzalez Rodriguez, M. F. (speaker) (14-10-2021). Remedial Nature: Medicinal Efficacy in Images and Words, Health Humanities Research Seminar. KU Leuven. Gonzalez Rodriguez, M. F. (speaker) (8-09-2021). Entheogenic Visions: Latin American Indigenous Psychoactive Substances in Images and Words.\u00a0Biennial Conference: Faith, Medicine and Religion, \u00a0European Association for the History of Medicine and Health. Gonzalez Rodriguez, M. F. &hellip; <\/p>\n<p class=\"link-more\"><a href=\"https:\/\/uni.hi.is\/mfg1\/conf1\" class=\"more-link\">Continue reading<span class=\"screen-reader-text\"> \"Refereed Conference Presentations\"<\/span><\/a><\/p>\n","protected":false},"author":1044,"featured_media":0,"parent":0,"menu_order":0,"comment_status":"closed","ping_status":"closed","template":"","meta":{"footnotes":""},"class_list":["post-571","page","type-page","status-publish","hentry"],"_links":{"self":[{"href":"https:\/\/uni.hi.is\/mfg1\/wp-json\/wp\/v2\/pages\/571","targetHints":{"allow":["GET"]}}],"collection":[{"href":"https:\/\/uni.hi.is\/mfg1\/wp-json\/wp\/v2\/pages"}],"about":[{"href":"https:\/\/uni.hi.is\/mfg1\/wp-json\/wp\/v2\/types\/page"}],"author":[{"embeddable":true,"href":"https:\/\/uni.hi.is\/mfg1\/wp-json\/wp\/v2\/users\/1044"}],"replies":[{"embeddable":true,"href":"https:\/\/uni.hi.is\/mfg1\/wp-json\/wp\/v2\/comments?post=571"}],"version-history":[{"count":10,"href":"https:\/\/uni.hi.is\/mfg1\/wp-json\/wp\/v2\/pages\/571\/revisions"}],"predecessor-version":[{"id":641,"href":"https:\/\/uni.hi.is\/mfg1\/wp-json\/wp\/v2\/pages\/571\/revisions\/641"}],"wp:attachment":[{"href":"https:\/\/uni.hi.is\/mfg1\/wp-json\/wp\/v2\/media?parent=571"}],"curies":[{"name":"wp","href":"https:\/\/api.w.org\/{rel}","templated":true}]}}