{"id":575,"date":"2019-11-07T20:28:30","date_gmt":"2019-11-07T20:28:30","guid":{"rendered":"http:\/\/uni.hi.is\/mfg1\/?page_id=575"},"modified":"2022-05-02T06:17:59","modified_gmt":"2022-05-02T06:17:59","slug":"pub1","status":"publish","type":"page","link":"https:\/\/uni.hi.is\/mfg1\/pub1","title":{"rendered":"Publications"},"content":{"rendered":"<p><strong>Peer-reviewed publications<\/strong><\/p>\n<ul style=\"list-style-type: disc\">\n<li>Gonzalez Rodriguez, M.F. <strong>(2022)<\/strong>,<em> Indigeneity in Latin American Cinema. <\/em>London: Bloomsbury.<span style=\"color: #33cccc\"> <a style=\"color: #33cccc\" href=\"https:\/\/www.bloomsbury.com\/uk\/indigeneity-in-latin-american-cinema-9781501384684\/\">Link to publisher.<\/a><\/span><\/li>\n<li>Gonzalez Rodriguez, M.F. (<strong>2022<\/strong>), Encoded Panacea: Infographics about Natural Medicines at the Crossroads between Communication, Innovation and Utopia. <em>Interfaces num\u00e9riques<\/em> 11(1). <span style=\"color: #33cccc\"><a style=\"color: #33cccc\" href=\"https:\/\/www.unilim.fr\/interfaces-numeriques\/4777\">DOI Open access<\/a>\u00a0<\/span><\/li>\n<li>Gonzalez Rodriguez, M.F. <strong>(2022)<\/strong>, Gender, Ideology and Latin American Children's Animated Television. In: Olson, D. and Schober, A. (eds), <em>Children, Youth and International Television<\/em>. London: Routledge. <span style=\"color: #33cccc\"><a style=\"color: #33cccc\" href=\"https:\/\/www.routledge.com\/Children-Youth-and-International-Television\/Olson-Schober\/p\/book\/9781032150734\">Link to publisher.<\/a><\/span><\/li>\n<li>Gonzalez Rodriguez, M. F. <strong>(2020)<\/strong>, Latin American Indigenous Media Outlets: Digital Artefacts of Contestation. In: Ram\u00edrez Plascencia, D., Carvalho Gurgel B. and Plaw, A. (eds), <em>The Politics of Technology in Latin America<\/em> (Volume 2), p. 96-110. London: Routledge.<span style=\"color: #33cccc\"> <a style=\"font-size: 1rem;color: #33cccc\" href=\"https:\/\/doi.org\/10.4324\/9780429343247\">DOI.<\/a><\/span><\/li>\n<li>Gonzalez Rodriguez, M. F. <strong>(2020)<\/strong>, Consumable Indigeneity: A Visual Strategy in the Promotion of Natural Products.\u00a0<span style=\"font-size: 1rem\">Pre-print. <\/span><span style=\"color: #33cccc\"><a style=\"font-size: 1rem;color: #33cccc\" href=\"https:\/\/www.cambridge.org\/engage\/coe\/article-details\/5fedd945c8dcf80018d95640\">DOI.<\/a><\/span><\/li>\n<li>Gonzalez Rodriguez, M. F. <strong>(2020)<\/strong>, Lego\u00ae Minifigures: Reflections of Human Diversity through the Materialization of Archetypes, <em>Denkste Puppe<\/em> 3(1.2): 45-51.<span style=\"font-size: 1rem\">\u00a0<\/span><span style=\"color: #33cccc\"><a style=\"font-size: 1rem;color: #33cccc\" href=\"https:\/\/dspace.ub.uni-siegen.de\/handle\/ubsi\/1723\">DOI.<\/a><\/span><\/li>\n<li><span style=\"font-size: 1rem\">Gonzalez Rodriguez, M. F. <\/span><strong style=\"font-size: 1rem\">(2020)<\/strong><span style=\"font-size: 1rem\">, Compliment Responses in Icelandic. <\/span><em style=\"font-size: 1rem\">Language and Dialogue<\/em><span style=\"font-size: 1rem\">, 10(2):194-214.\u00a0<\/span><span style=\"font-size: 1rem;color: #33cccc\"><a style=\"color: #33cccc\" href=\"https:\/\/doi.org\/10.1075\/ld.00066.gon\">DOI.<\/a><\/span><\/li>\n<li><span style=\"font-size: 1rem\">Gonzalez Rodriguez, M. F. <\/span><strong style=\"font-size: 1rem\">(2019)<\/strong><span style=\"font-size: 1rem\">, N\u00f8rdic-ness: Perception and Positionality of Scandinavian Taste as Good Taste, <\/span><em style=\"font-size: 1rem\">Intervalla<\/em><span style=\"font-size: 1rem\"> 7, 56-63.<span style=\"color: #ffcc00\">\u00a0<\/span><\/span><span style=\"font-size: 1rem;color: #33cccc\"><a style=\"color: #33cccc\" href=\"https:\/\/www.fus.edu\/intervalla-files\/vol7\/7_Gonzalez_Rodriguez_Nordic-ness.pdf\">Permanent link.<\/a><\/span><\/li>\n<li><span style=\"font-size: 1rem\">Gonzalez Rodriguez, M. F. <\/span><strong style=\"font-size: 1rem\">(2019)<\/strong><span style=\"font-size: 1rem\">, <\/span><em style=\"font-size: 1rem\">Histrionic Indigeneity: Ethnotypes in Latin American Cinema<\/em><span style=\"font-size: 1rem\">. <\/span><span style=\"font-size: 1rem\">PhD Thesis, University of Amsterdam.\u00a0<\/span><span style=\"font-size: 1rem;color: #33cccc\"><a style=\"color: #33cccc\" href=\"https:\/\/hdl.handle.net\/11245.1\/30d37fa1-b12b-45c9-a228-5ae3b21b72b6\">Persistent identifier.<\/a><\/span><\/li>\n<li><span style=\"font-size: 1rem\">Gar\u00f0arsd\u00f3ttir, H., Gonzalez Rodriguez, M.F. and \u00d3lafsson, R. <\/span><strong style=\"font-size: 1rem\">(2018), <\/strong><em style=\"font-size: 1rem\">Voces de <\/em><em style=\"font-size: 1rem\">Islandia II: Micro-Antolog\u00eda<\/em><em style=\"font-size: 1rem\">. <\/em><span style=\"font-size: 1rem\">Buenos Aires: Milena Caserola. 130 p. (ISBN: 978-987-4010-58-2).<\/span><\/li>\n<li><span style=\"font-size: 1rem\">Gonzalez Rodriguez, M. F. <\/span><strong style=\"font-size: 1rem\">(2018)<\/strong><span style=\"font-size: 1rem\">, Beyond Pink or Blue: Portrayals of Adolescence in Latin American Animated Film. In: Maguire, G. and Randall, R. (eds), <\/span><em style=\"font-size: 1rem\">New Visions of Adolescence in Contemporary Latin American Cinema<\/em><span style=\"font-size: 1rem\">, p. 145-161. Cham: Palgrave Macmillan.\u00a0<\/span><span style=\"font-size: 1rem;color: #33cccc\"><a style=\"color: #33cccc\" href=\"https:\/\/doi.org\/10.1007\/978-3-319-89381-5_7\">DOI.<\/a><\/span><\/li>\n<li><span style=\"font-size: 1rem\">Gonzalez Rodriguez, M.F. <\/span><strong style=\"font-size: 1rem\">(2018), <\/strong><span style=\"font-size: 1rem\">Paisajes ling\u00fc\u00edsticos en Latinoam\u00e9rica: El caso de las lenguas ind\u00edgenas en los escenarios urbanos. In: R. Rocco and S. da Silva (eds), <\/span><em style=\"font-size: 1rem\">Cities and Citizenship in Latin America and the Caribbean<\/em><span style=\"font-size: 1rem\">, <\/span><em style=\"font-size: 1rem\">NALACS C<\/em><em style=\"font-size: 1rem\">onference 2016<\/em><span style=\"font-size: 1rem\">, p. 128-136. Delft: TU.\u00a0<\/span><span style=\"color: #33cccc\"><a style=\"color: #33cccc\" href=\"http:\/\/pure.tudelft.nl\/ws\/portalfiles\/portal\/51430141\/NALACS_Proceedings_Book.pdf\"><span style=\"font-size: 1rem\">Permanent link<\/span><\/a><\/span><\/li>\n<\/ul>\n<p><strong>Science outreach<\/strong><\/p>\n<ul>\n<li>Gonzalez Rodriguez, M. F. <strong>(2022)<\/strong>, Hoe de Maya's ervoor gezorgd hebben dat er een uit insecten gewonnen kleurstof in je yoghurt zit.\u00a0 \u00a0<span style=\"color: #33cccc\"><a style=\"color: #33cccc\" href=\"https:\/\/www.lachispa.nl\/artikelen-kunst-cultuur\/de-genezende-werking-van-twee-films\/\">Permanent link<\/a>.<\/span><\/li>\n<li>Gonzalez Rodriguez, M. F. <strong>(2020)<\/strong>, De genezende werking van twee films. <em>La Chispa<\/em>. Special: Film, Music and Street Art. <span style=\"color: #33cccc\"><a style=\"color: #33cccc\" href=\"https:\/\/www.lachispa.nl\/artikelen-kunst-cultuur\/de-genezende-werking-van-twee-films\/\">Permanent link<\/a>.<\/span><\/li>\n<\/ul>\n<header class=\"entry-header\"><\/header>\n","protected":false},"excerpt":{"rendered":"<p>Peer-reviewed publications Gonzalez Rodriguez, M.F. (2022), Indigeneity in Latin American Cinema. London: Bloomsbury. Link to publisher. Gonzalez Rodriguez, M.F. (2022), Encoded Panacea: Infographics about Natural Medicines at the Crossroads between Communication, Innovation and Utopia. Interfaces num\u00e9riques 11(1). DOI Open access\u00a0 Gonzalez Rodriguez, M.F. (2022), Gender, Ideology and Latin American Children's Animated Television. In: Olson, D. &hellip; <\/p>\n<p class=\"link-more\"><a href=\"https:\/\/uni.hi.is\/mfg1\/pub1\" class=\"more-link\">Continue reading<span class=\"screen-reader-text\"> \"Publications\"<\/span><\/a><\/p>\n","protected":false},"author":1044,"featured_media":0,"parent":0,"menu_order":0,"comment_status":"closed","ping_status":"closed","template":"","meta":{"footnotes":""},"class_list":["post-575","page","type-page","status-publish","hentry"],"_links":{"self":[{"href":"https:\/\/uni.hi.is\/mfg1\/wp-json\/wp\/v2\/pages\/575","targetHints":{"allow":["GET"]}}],"collection":[{"href":"https:\/\/uni.hi.is\/mfg1\/wp-json\/wp\/v2\/pages"}],"about":[{"href":"https:\/\/uni.hi.is\/mfg1\/wp-json\/wp\/v2\/types\/page"}],"author":[{"embeddable":true,"href":"https:\/\/uni.hi.is\/mfg1\/wp-json\/wp\/v2\/users\/1044"}],"replies":[{"embeddable":true,"href":"https:\/\/uni.hi.is\/mfg1\/wp-json\/wp\/v2\/comments?post=575"}],"version-history":[{"count":24,"href":"https:\/\/uni.hi.is\/mfg1\/wp-json\/wp\/v2\/pages\/575\/revisions"}],"predecessor-version":[{"id":605,"href":"https:\/\/uni.hi.is\/mfg1\/wp-json\/wp\/v2\/pages\/575\/revisions\/605"}],"wp:attachment":[{"href":"https:\/\/uni.hi.is\/mfg1\/wp-json\/wp\/v2\/media?parent=575"}],"curies":[{"name":"wp","href":"https:\/\/api.w.org\/{rel}","templated":true}]}}