{"id":2,"date":"2022-01-13T13:29:10","date_gmt":"2022-01-13T13:29:10","guid":{"rendered":"https:\/\/uni.hi.is\/mtg\/?page_id=2"},"modified":"2022-01-13T14:36:24","modified_gmt":"2022-01-13T14:36:24","slug":"daemi-um-sidu","status":"publish","type":"page","link":"https:\/\/uni.hi.is\/mtg\/","title":{"rendered":"Magn\u00fas Tumi Gu\u00f0mundsson"},"content":{"rendered":"<table style=\"border-collapse: collapse;width: 100%\">\n<tbody>\n<tr>\n<td style=\"width: 36.0554%\"><span style=\"font-family: georgia, palatino, serif;font-size: 12pt\">Jar\u00f0e\u00f0lisfr\u00e6\u00f0ingur (Ph.D)<\/span><br \/>\n<span style=\"font-family: georgia, palatino, serif;font-size: 12pt\"><span style=\"font-family: georgia, palatino, serif;font-size: 12pt\">Pr\u00f3fessor vi\u00f0\u00a0<a href=\"http:\/\/www.hi.is\/\">H\u00e1sk\u00f3la \u00cdslands<\/a><\/span><\/span>&nbsp;<\/p>\n<p><span style=\"font-family: georgia, palatino, serif;font-size: 12pt\">mtg\u00a0<i>(hj\u00e1)<\/i>\u00a0hi.is<\/span><\/p>\n<p><span style=\"font-family: georgia, palatino, serif;font-size: 12pt\"><i>A\u00f0setur:<\/i><\/span><br \/>\n<span style=\"font-family: georgia, palatino, serif;font-size: 12pt\"><a href=\"http:\/\/www.jardvis.hi.is\/\">Jar\u00f0v\u00edsindastofnun H\u00e1sk\u00f3lans<\/a><\/span><br \/>\n<span style=\"font-family: georgia, palatino, serif;font-size: 12pt\">N\u00e1tt\u00farufr\u00e6\u00f0ah\u00fas, Askja, herbergi 332<\/span><br \/>\n<span style=\"font-family: georgia, palatino, serif;font-size: 12pt\">Sturlugata\u00a0 7<\/span><br \/>\n<span style=\"font-family: georgia, palatino, serif;font-size: 12pt\">IS-101 Reykjav\u00edk<\/span><\/p>\n<p><span style=\"font-family: georgia, palatino, serif;font-size: 12pt\"><i>S\u00edmi:<\/i>\u00a0525 5867 \/ 525 4800<\/span><\/td>\n<td style=\"width: 34.6227%\"><span style=\"font-family: georgia, palatino, serif;font-size: 12pt\">Geophysicist (Ph.D.)<\/span><br \/>\n<span style=\"font-family: georgia, palatino, serif;font-size: 12pt\"><span style=\"font-family: georgia, palatino, serif;font-size: 12pt\">Professor at the\u00a0<a href=\"http:\/\/english.hi.is\/\">University of Iceland<\/a><\/span><\/span>&nbsp;<\/p>\n<p><span style=\"font-family: georgia, palatino, serif;font-size: 12pt\">mtg\u00a0<i>(at)<\/i>\u00a0hi.is<\/span><\/p>\n<p><span style=\"font-family: georgia, palatino, serif;font-size: 12pt\"><i>Address:<\/i><\/span><br \/>\n<span style=\"font-family: georgia, palatino, serif;font-size: 12pt\"><a href=\"http:\/\/www.earthice.hi.is\/\">Institute of Earth Sciences<\/a><\/span><br \/>\n<span style=\"font-family: georgia, palatino, serif;font-size: 12pt\">Building of Natural Sciences, room 332<\/span><br \/>\n<span style=\"font-family: georgia, palatino, serif;font-size: 12pt\">Sturlugata\u00a0 7\u00a0<\/span><br \/>\n<span style=\"font-family: georgia, palatino, serif;font-size: 12pt\">IS-101 Reykjavik<\/span><br \/>\n<span style=\"font-family: georgia, palatino, serif;font-size: 12pt\">Iceland<\/span><\/p>\n<p><span style=\"font-family: georgia, palatino, serif;font-size: 12pt\"><i>Tel:<\/i>\u00a0 +(354) 525 5867<\/span><\/td>\n<td style=\"width: 29.3218%\"><img loading=\"lazy\" decoding=\"async\" class=\"size-medium wp-image-37 aligncenter\" src=\"https:\/\/uni.hi.is\/mtg\/files\/2022\/01\/MTG2016-227x300.jpg\" alt=\"\" width=\"227\" height=\"300\" srcset=\"https:\/\/uni.hi.is\/mtg\/files\/2022\/01\/MTG2016-227x300.jpg 227w, https:\/\/uni.hi.is\/mtg\/files\/2022\/01\/MTG2016-776x1024.jpg 776w, https:\/\/uni.hi.is\/mtg\/files\/2022\/01\/MTG2016-768x1014.jpg 768w, https:\/\/uni.hi.is\/mtg\/files\/2022\/01\/MTG2016-1164x1536.jpg 1164w, https:\/\/uni.hi.is\/mtg\/files\/2022\/01\/MTG2016.jpg 1212w\" sizes=\"auto, (max-width: 227px) 100vw, 227px\" \/><\/td>\n<\/tr>\n<\/tbody>\n<\/table>\n","protected":false},"excerpt":{"rendered":"<p>Jar\u00f0e\u00f0lisfr\u00e6\u00f0ingur (Ph.D) Pr\u00f3fessor vi\u00f0\u00a0H\u00e1sk\u00f3la \u00cdslands&nbsp; mtg\u00a0(hj\u00e1)\u00a0hi.is A\u00f0setur: Jar\u00f0v\u00edsindastofnun H\u00e1sk\u00f3lans N\u00e1tt\u00farufr\u00e6\u00f0ah\u00fas, Askja, herbergi 332 Sturlugata\u00a0 7 IS-101 Reykjav\u00edk S\u00edmi:\u00a0525 5867 \/ 525 4800 Geophysicist (Ph.D.) Professor at the\u00a0University of Iceland&nbsp; mtg\u00a0(at)\u00a0hi.is Address: Institute of Earth Sciences Building of Natural Sciences, room 332 Sturlugata\u00a0 7\u00a0 IS-101 Reykjavik Iceland Tel:\u00a0 +(354) 525 5867<\/p>\n","protected":false},"author":1576,"featured_media":0,"parent":0,"menu_order":0,"comment_status":"closed","ping_status":"open","template":"","meta":{"footnotes":""},"class_list":["post-2","page","type-page","status-publish","hentry"],"_links":{"self":[{"href":"https:\/\/uni.hi.is\/mtg\/wp-json\/wp\/v2\/pages\/2","targetHints":{"allow":["GET"]}}],"collection":[{"href":"https:\/\/uni.hi.is\/mtg\/wp-json\/wp\/v2\/pages"}],"about":[{"href":"https:\/\/uni.hi.is\/mtg\/wp-json\/wp\/v2\/types\/page"}],"author":[{"embeddable":true,"href":"https:\/\/uni.hi.is\/mtg\/wp-json\/wp\/v2\/users\/1576"}],"replies":[{"embeddable":true,"href":"https:\/\/uni.hi.is\/mtg\/wp-json\/wp\/v2\/comments?post=2"}],"version-history":[{"count":7,"href":"https:\/\/uni.hi.is\/mtg\/wp-json\/wp\/v2\/pages\/2\/revisions"}],"predecessor-version":[{"id":59,"href":"https:\/\/uni.hi.is\/mtg\/wp-json\/wp\/v2\/pages\/2\/revisions\/59"}],"wp:attachment":[{"href":"https:\/\/uni.hi.is\/mtg\/wp-json\/wp\/v2\/media?parent=2"}],"curies":[{"name":"wp","href":"https:\/\/api.w.org\/{rel}","templated":true}]}}