{"id":43,"date":"2022-01-13T14:21:07","date_gmt":"2022-01-13T14:21:07","guid":{"rendered":"https:\/\/uni.hi.is\/mtg\/?page_id=43"},"modified":"2022-01-13T14:21:07","modified_gmt":"2022-01-13T14:21:07","slug":"cv","status":"publish","type":"page","link":"https:\/\/uni.hi.is\/mtg\/cv\/","title":{"rendered":"CV"},"content":{"rendered":"<table style=\"border-collapse: collapse;width: 100%\">\n<tbody>\n<tr>\n<td style=\"width: 50%\" valign=\"top\"><span style=\"font-family: georgia, palatino, serif;font-size: 14pt\"><b>Uppruni<\/b><\/span><\/p>\n<p><span style=\"font-family: georgia, palatino, serif;font-size: 12pt\">F\u00e6ddur 8. ma\u00ed 1961 \u00ed Reykjav\u00edk.<\/span><br \/>\n<span style=\"font-family: georgia, palatino, serif;font-size: 12pt\">Maki:\u00a0<a href=\"http:\/\/www.annalindal.com\/\">Anna L\u00edndal<\/a>\u00a0myndlistarma\u00f0ur.<\/span><br \/>\n<span style=\"font-family: georgia, palatino, serif;font-size: 12pt\">B\u00f6rn: R\u00f6gnvaldur (f. 1989) og Katla Sigr\u00ed\u00f0ur (f. 1993).<\/span><\/p>\n<p>&nbsp;<\/td>\n<td style=\"width: 49.9637%\" valign=\"top\"><span style=\"font-family: georgia, palatino, serif;font-size: 14pt\"><b>Origin<\/b><\/span><\/p>\n<p><span style=\"font-family: georgia, palatino, serif;font-size: 12pt\">Born on 8 May 1961 in Reykjav\u00edk.<br \/>\nSpouse:\u00a0<a href=\"http:\/\/www.annalindal.com\/\">Anna L\u00edndal<\/a>, artist.<br \/>\nChildren: R\u00f6gnvaldur (b. 1989) and Katla Sigr\u00ed\u00f0ur (b. 1993).<br \/>\n<\/span><\/td>\n<\/tr>\n<tr>\n<td style=\"width: 50%\" valign=\"top\"><span style=\"font-family: georgia, palatino, serif;font-size: 12pt\"><br \/>\n<span style=\"font-size: 14pt\"><b>Menntun<\/b><\/span><\/span><span style=\"font-family: georgia, palatino, serif;font-size: 12pt\">1986-1990\u00a0<a href=\"http:\/\/www.ucl.ac.uk\/\">University College London<\/a>, framhaldsn\u00e1m \u00ed jar\u00f0e\u00f0lisfr\u00e6\u00f0i. Doktorspr\u00f3f (Ph.D) 1992. Doktorsritger\u00f0: Crustal structure of the subglacial Gr\u00edmsv\u00f6tn volcano, Vatnaj\u00f6kull, Iceland, from multiparameter geophysical surveys.<\/span><br \/>\n<span style=\"font-family: georgia, palatino, serif;font-size: 12pt\">1982-1986\u00a0<a href=\"http:\/\/www.hi.is\/\">H\u00e1sk\u00f3li \u00cdslands\u00a0<\/a>- B.S. \u00ed jar\u00f0e\u00f0lisfr\u00e6\u00f0i.<\/span><br \/>\n<span style=\"font-family: georgia, palatino, serif;font-size: 12pt\">1977-1981\u00a0<a href=\"http:\/\/www.msund.is\/\">Menntask\u00f3linn vi\u00f0 Sund<\/a>, Reykjav\u00edk (e\u00f0lisfr\u00e6\u00f0ideild)<\/span>&nbsp;<\/td>\n<td style=\"width: 49.9637%\" valign=\"top\"><span style=\"font-family: georgia, palatino, serif;font-size: 14pt\"><b>Education<\/b><\/span><\/p>\n<p><span style=\"font-family: georgia, palatino, serif;font-size: 12pt\">1986-1990\u00a0<a href=\"http:\/\/www.ucl.ac.uk\/\">University College London<\/a>, graduate studies in geophysics. Ph.D. in geophysics 1992. Title of thesis: Crustal structure of the subglacial Gr\u00edmsv\u00f6tn volcano, Vatnaj\u00f6kull, Iceland, from multiparameter geophysical surveys.<br \/>\n1982-1986\u00a0<a href=\"http:\/\/www.hi.is\/\">University of Iceland\u00a0<\/a>- B.S. in geophysics.<\/span><\/p>\n<p>&nbsp;<\/td>\n<\/tr>\n<tr>\n<td style=\"width: 50%\" valign=\"top\"><span style=\"font-family: georgia, palatino, serif;font-size: 12pt\"><br \/>\n<span style=\"font-size: 14pt\"><b>St\u00f6rf<\/b><\/span><\/span><span style=\"font-family: georgia, palatino, serif;font-size: 12pt\">2008- Pr\u00f3fessor \u00ed jar\u00f0e\u00f0lisfr\u00e6\u00f0i,\u00a0<a href=\"http:\/\/www.hi.is\/jardvisindadeild\/forsida\">jar\u00f0v\u00edsindadeild H\u00cd<\/a><\/span><br \/>\n<span style=\"font-family: georgia, palatino, serif;font-size: 12pt\">2002-2007 Pr\u00f3fessor \u00ed jar\u00f0e\u00f0lisfr\u00e6\u00f0i, raunv\u00edsindadeild H\u00cd<\/span><span style=\"font-family: georgia, palatino, serif;font-size: 12pt\"><br \/>\n1995-2001 D\u00f3sent \u00ed jar\u00f0e\u00f0lisfr\u00e6\u00f0i, e\u00f0lisfr\u00e6\u00f0iskor H\u00cd<br \/>\n1994 Lektor \u00ed h\u00e1lfu starfi, e\u00f0lisfr\u00e6\u00f0iskor H\u00cd<br \/>\n1991-1994 Verkefnisr\u00e1\u00f0inn s\u00e9rfr\u00e6\u00f0ingur \u00e1\u00a0<a href=\"http:\/\/www.raunvis.hi.is\/RaunvisHome.html\">Raunv\u00edsindastofnun H\u00e1sk\u00f3lans<\/a><br \/>\n-------<br \/>\n1988-1989 Jar\u00f0e\u00f0lisfr\u00e6\u00f0ilegar m\u00e6lingar fyrir Orkustofnun vegna mannvirkjager\u00f0ar.<br \/>\n1988-1989 A\u00f0sto\u00f0arkennari vi\u00f0 University College London<br \/>\n1985-1986 A\u00f0sto\u00f0arma\u00f0ur vi\u00f0 j\u00f6klaranns\u00f3knir \u00e1 Raunv\u00edsindastofnun<br \/>\n1982-1983 Stundakennari \u00ed st\u00e6r\u00f0fr\u00e6\u00f0i vi\u00f0 Menntask\u00f3lann vi\u00f0 Sund<br \/>\n1981-1982 A\u00f0sto\u00f0arma\u00f0ur \u00e1 Vatnsorkudeild Orkustofnunar<br \/>\n1980-1984 Sumarst\u00f6rf \u00e1 Orkustofnun: Vatnsorkudeild og Jar\u00f0hitadeild<br \/>\n1981-1982 Skrifa\u00f0i b\u00f3kina Fjallamennska (\u00fatg. \u00d6rn og \u00d6rlygur) \u00ed samvinnu vi\u00f0 Ara Trausta Gu\u00f0mundsson.<\/span><\/td>\n<td style=\"width: 49.9637%\" valign=\"top\"><span style=\"font-family: georgia, palatino, serif;font-size: 14pt\"><b>Employment<\/b><\/span><\/p>\n<p><span style=\"font-family: georgia, palatino, serif;font-size: 12pt\">2008- Professor of Geophysics at the Faculty\u00a0of Earth Sciences, University of Iceland.<br \/>\n2002-2007 Professor of Geophysics at the Department of Physics, University of Iceland.<br \/>\n1995-2001 Associate Professor of Geophysics at the Department of Physics, University of Iceland.<br \/>\n1991-1994 Reasearch associate at the\u00a0<a href=\"http:\/\/www.raunvis.hi.is\/\">Science Institute, Unversity of Iceland<\/a>.<br \/>\n1985-1986 Reasearch assistant at the\u00a0<a href=\"http:\/\/www.raunvis.hi.is\/\">Science Institute, Unversity of Iceland<\/a>.<br \/>\n1985-1986 Reasearch assistant at the National Energy Authority, Iceland.<\/span><\/p>\n<p>&nbsp;<\/td>\n<\/tr>\n<tr>\n<td style=\"width: 50%\" valign=\"top\"><span style=\"font-family: georgia, palatino, serif;font-size: 14pt\"><br \/>\n<b>Lei\u00f0beining framhaldsnema<\/b><\/span><span style=\"font-family: georgia, palatino, serif;font-size: 12pt\">N\u00faverandi framhaldsnemendur<\/span><br \/>\n<span style=\"font-family: georgia, palatino, serif;font-size: 12pt\">https:\/\/notendur.hi.is\/\/~mtg\/MTG-frhnem.htm<\/span><\/td>\n<td style=\"width: 49.9637%\" valign=\"top\"><span style=\"font-family: georgia, palatino, serif;font-size: 12pt\"><span style=\"font-size: 14pt\"><b><br \/>\nPublications<\/b><\/span> (see publication list at: <a href=\"https:\/\/uni.hi.is\/mtg\/ritryndar-greinar-reviwed-publ\">https:\/\/uni.hi.is\/mtg\/ritryndar-greinar-reviwed-publ<\/a>)<\/span><span style=\"font-family: georgia, palatino, serif;font-size: 12pt\">Summary:<\/span><br \/>\n<span style=\"font-family: georgia, palatino, serif;font-size: 12pt\">1. Author and coauthor of about 100 reviewed papers in scientific journals and books.<\/span><br \/>\n<span style=\"font-family: georgia, palatino, serif;font-size: 12pt\">2. Author and coauthor of about 40 lightly or non-reviewed popular articles on scientific matters.<\/span><br \/>\n<span style=\"font-family: georgia, palatino, serif;font-size: 12pt\">3. Author and coauthor of about 30 scientific reports.<\/span><br \/>\n<span style=\"font-family: georgia, palatino, serif;font-size: 12pt\">4. Author of text in four photographic books on Iceland.<\/span>&nbsp;<\/td>\n<\/tr>\n<tr>\n<td style=\"width: 50%\"><\/td>\n<td style=\"width: 49.9637%\" valign=\"top\"><span style=\"font-family: georgia, palatino, serif;font-size: 12pt\"><br \/>\n<span style=\"font-size: 14pt\"><b>Administration<\/b><\/span><\/span><span style=\"font-family: georgia, palatino, serif;font-size: 12pt\">2016-2020 \u00a0 \u00a0 \u00a0Head, Faculty of Earth Sciences, Univ. Iceland<\/span><br \/>\n<span style=\"font-family: georgia, palatino, serif;font-size: 12pt\">2014-present \u00a0Faculty Selection Committee<\/span><br \/>\n<span style=\"font-family: georgia, palatino, serif;font-size: 12pt\">2008-2014 \u00a0 \u00a0 \u00a0Head, Faculty of Earth Sciences<\/span><br \/>\n<span style=\"font-family: georgia, palatino, serif;font-size: 12pt\">2008-2013\u00a0 \u00a0 \u00a0 Board, University of Iceland University Park, Univ. Iceland<\/span><br \/>\n<span style=\"font-family: georgia, palatino, serif;font-size: 12pt\">2008-2012 \u00a0 \u00a0 \u00a0<\/span><span style=\"font-family: georgia, palatino, serif;font-size: 12pt\">Director, Institute of Earth Sciences<\/span><br \/>\n<span style=\"font-family: georgia, palatino, serif;font-size: 12pt\">2007-2008\u00a0\u00a0\u00a0 \u00a0 Institute of Earth Sciences, Executive Committee<br \/>\n2005-2007\u00a0\u00a0\u00a0 \u00a0 Department Chair, Department of Physics, University of Iceland<br \/>\n1996-present\u00a0\u00a0Science Advisory Board, Civil Protection Department of the National\u00a0Commissioner of the Icelandic Police<br \/>\n1998-present\u00a0\u00a0President, Iceland Glaciological Society<br \/>\n2009-present\u00a0\u00a0NORDFORSK\u00a0 -\u00a0 Panel on Researcher network and Research training courses.<br \/>\n2009\u00a0\u00a0\u00a0 \u00a0\u00a0\u00a0 \u00a0 \u00a0 \u00a0Ex Officio Chair, Commission on Volcano-Ice Interactions<br \/>\n2008\u00a0\u00a0\u00a0 \u00a0\u00a0\u00a0 \u00a0 \u00a0 \u00a0IAVCEI General Assembly, local organizing committee<br \/>\n2008\u00a0\u00a0\u00a0 \u00a0\u00a0\u00a0 \u00a0 \u00a0 \u00a0Chair, joint IAVCEI and IACS Commission on Volcano-Ice Interactions<br \/>\n2006-2007\u00a0\u00a0\u00a0 \u00a0IAVCEI Working Group on Volcano-Ice Interactions.\u00a0 2007:\u00a0 Vice-Chair; 2006: Secretary<\/span><\/td>\n<\/tr>\n<tr>\n<td style=\"width: 50%\"><\/td>\n<td style=\"width: 49.9637%\" valign=\"top\"><span style=\"font-family: georgia, palatino, serif;font-size: 12pt\"><br \/>\n<span style=\"font-size: 14pt\"><b>Editorial experience<\/b><\/span><\/span><span style=\"font-family: georgia, palatino, serif;font-size: 12pt\">1. Journal of Glaciology, Scientific Editor, 2005 - 2008<\/span><br \/>\n<span style=\"font-family: georgia, palatino, serif;font-size: 12pt\">2. Annals of Glaciology, 48, 2008. Associate Editor.<\/span><br \/>\n<span style=\"font-family: georgia, palatino, serif;font-size: 12pt\">3. Journal of Geodynamics, 43 (1), 2007. Special Issue: Hotspot Iceland. (with W. Jacoby).<\/span><br \/>\n<span style=\"font-family: georgia, palatino, serif;font-size: 12pt\">4. H\u00e6ttumat vegna eldgosa og hlaupa fr\u00e1 vestanver\u00f0um M\u00fdrdalsj\u00f6kli og Eyjafjallaj\u00f6kli (in Icelandic: Eruptions in the western part of M\u00fdrdalsj\u00f6kull and Eyjafjallaj\u00f6kull: a risk assessment)(with \u00c1.G. Gylfason). The Icelandic Police Commissioner and the University of Iceland Press. 210 pages. 2005.<\/span>&nbsp;<\/td>\n<\/tr>\n<tr>\n<td style=\"width: 50%\"><\/td>\n<td style=\"width: 49.9637%\" valign=\"top\"><span style=\"font-family: georgia, palatino, serif;font-size: 12pt\"><br \/>\n<span style=\"font-size: 14pt\"><b>Professional societies<\/b><\/span><\/span><span style=\"font-family: georgia, palatino, serif;font-size: 12pt\"><b><\/b><a href=\"http:\/\/www.jorfi.is\/\">Iceland Glaciological Society (J\u00d6RFI)<\/a><br \/>\n<a href=\"http:\/\/www.agu.org\/\">American Geophysical Union (AGU)<\/a><br \/>\n<a href=\"http:\/\/www.egu.eu\/\">European Geosciences Union (EGU)<\/a><br \/>\n<a href=\"http:\/\/www.jfi.is\/\">Geoscience Society of Iceland (JFI)<\/a><a href=\"http:\/\/www.igsoc.org\/\"><br \/>\nInternational Glaciological Society (IGS)<\/a><br \/>\n<a href=\"http:\/\/www.iavcei.org\/\">IAVCEI-International Association of Volcanology and Chemistry of the Earth's Interior<\/a><br \/>\n<a href=\"http:\/\/www.visindafelag.is\/\">Societas Scientarium Islandica<\/a><\/span><\/p>\n<p><span style=\"font-family: georgia, palatino, serif;font-size: 12pt\">President of the\u00a0<a href=\"http:\/\/www.jorfi.is\/\">Iceland Glaciological Society<\/a>\u00a01998-.<br \/>\nMember of the board of the Iceland Glaciological Society 1996-1998.<br \/>\nMember of the board of the\u00a0<a href=\"http:\/\/www.jfi.is\/\">Geoscience Society of Iceland<\/a>\u00a01994-1998.<br \/>\n<\/span><\/td>\n<\/tr>\n<\/tbody>\n<\/table>\n","protected":false},"excerpt":{"rendered":"<p>Uppruni F\u00e6ddur 8. ma\u00ed 1961 \u00ed Reykjav\u00edk. Maki:\u00a0Anna L\u00edndal\u00a0myndlistarma\u00f0ur. B\u00f6rn: R\u00f6gnvaldur (f. 1989) og Katla Sigr\u00ed\u00f0ur (f. 1993). &nbsp; Origin Born on 8 May 1961 in Reykjav\u00edk. Spouse:\u00a0Anna L\u00edndal, artist. Children: R\u00f6gnvaldur (b. 1989) and Katla Sigr\u00ed\u00f0ur (b. 1993). Menntun1986-1990\u00a0University College London, framhaldsn\u00e1m \u00ed jar\u00f0e\u00f0lisfr\u00e6\u00f0i. Doktorspr\u00f3f (Ph.D) 1992. Doktorsritger\u00f0: Crustal structure of the subglacial Gr\u00edmsv\u00f6tn [&hellip;]<\/p>\n","protected":false},"author":1576,"featured_media":0,"parent":0,"menu_order":0,"comment_status":"closed","ping_status":"closed","template":"","meta":{"footnotes":""},"class_list":["post-43","page","type-page","status-publish","hentry"],"_links":{"self":[{"href":"https:\/\/uni.hi.is\/mtg\/wp-json\/wp\/v2\/pages\/43","targetHints":{"allow":["GET"]}}],"collection":[{"href":"https:\/\/uni.hi.is\/mtg\/wp-json\/wp\/v2\/pages"}],"about":[{"href":"https:\/\/uni.hi.is\/mtg\/wp-json\/wp\/v2\/types\/page"}],"author":[{"embeddable":true,"href":"https:\/\/uni.hi.is\/mtg\/wp-json\/wp\/v2\/users\/1576"}],"replies":[{"embeddable":true,"href":"https:\/\/uni.hi.is\/mtg\/wp-json\/wp\/v2\/comments?post=43"}],"version-history":[{"count":3,"href":"https:\/\/uni.hi.is\/mtg\/wp-json\/wp\/v2\/pages\/43\/revisions"}],"predecessor-version":[{"id":47,"href":"https:\/\/uni.hi.is\/mtg\/wp-json\/wp\/v2\/pages\/43\/revisions\/47"}],"wp:attachment":[{"href":"https:\/\/uni.hi.is\/mtg\/wp-json\/wp\/v2\/media?parent=43"}],"curies":[{"name":"wp","href":"https:\/\/api.w.org\/{rel}","templated":true}]}}