{"id":48,"date":"2022-01-13T14:29:47","date_gmt":"2022-01-13T14:29:47","guid":{"rendered":"https:\/\/uni.hi.is\/mtg\/?page_id=48"},"modified":"2022-01-13T14:34:03","modified_gmt":"2022-01-13T14:34:03","slug":"framhaldsnemendur-research-students","status":"publish","type":"page","link":"https:\/\/uni.hi.is\/mtg\/framhaldsnemendur-research-students\/","title":{"rendered":"Framhaldsnemendur \/ Research students"},"content":{"rendered":"<p><span style=\"font-size: 14pt;font-family: georgia, palatino, serif\"><strong>N\u00faverandi framhaldsnemar \/ Current research students<\/strong><\/span><\/p>\n<p><span style=\"font-size: 12pt;font-family: georgia, palatino, serif\"><b>Ph.D Students<\/b><\/span><\/p>\n<p><span style=\"font-family: georgia, palatino, serif\">Sara Sayadi, Ph.D project on \"Structure of Surtsey volcanic island from multi-disciplinary geophysical modelling\".<\/span><br \/>\n<span style=\"font-family: georgia, palatino, serif\">Started 2017. University of Iceland.\u00a0 (Supervisor).<\/span><br \/>\n<span style=\"font-size: 12pt;font-family: georgia, palatino, serif\"><br \/>\nArnar M\u00e1r Vilhj\u00e1lmsson, Ph.D project on \"Resistivity survey of Gr\u00edmsv\u00f6tn\".<br \/>\nStarted 2009.\u00a0 University of Iceland. (Advisor\/committee member).<\/span><\/p>\n<p><span style=\"font-family: georgia, palatino, serif\">Masoud Allahbakhshi, Ph.D project on \"High resolution deformation at fumaroles and geyser investigated by non-intrusive technologies\".<\/span><br \/>\n<span style=\"font-family: georgia, palatino, serif\">Started July 2016. University of Potsdam.\u00a0(Advisor\/committee member).<\/span><\/p>\n<p><span style=\"font-size: 12pt;font-family: georgia, palatino, serif\"><br \/>\n<big><\/big><b>MS Students<\/b><big><\/big><\/span><\/p>\n<p><span style=\"font-family: georgia, palatino, serif\">Anna Margr\u00e9t, MS project on ...<\/span><\/p>\n<p><span style=\"font-family: georgia, palatino, serif\">Irma Gn\u00e1 J\u00f3ngeirsd\u00f3ttir, MS project on\u00a0 Gj\u00e1lp 1996<\/span><\/p>\n<p>&nbsp;<\/p>\n<p><span style=\"font-family: georgia, palatino, serif\"><strong><span style=\"font-size: 14pt\">\u00datskrifa\u00f0ir framahaldsnemar \/ Previous research students<\/span><\/strong><\/span><\/p>\n<p><span style=\"font-size: 12pt;font-family: georgia, palatino, serif\"><b>Ph.D Supervisor<\/b><\/span><\/p>\n<p><span style=\"font-family: georgia, palatino, serif\"><strong>Hannah Reynolds<\/strong>, Ph.D thesis on \"<a href=\"https:\/\/hdl.handle.net\/20.500.11815\/669\">Subglacial volcanic and geothermal activity. Measurement and modelling of heat flow<\/a>\".\u00a0University of Iceland, Faculty of Earth Sciences. 18 December\u00a02017. 94 pp.<\/span><br \/>\n<span style=\"font-size: 12pt;font-family: georgia, palatino, serif\"><br \/>\n<strong>Bj\u00f6rn Oddsson<\/strong>, Ph.D thesis on \"<a href=\"http:\/\/hdl.handle.net\/1946\/25601\">Natural heat loss of geothermal areas and heat extraction from hot rocks and magma<\/a>\".\u00a0\u00a0University of Iceland, Faculty of Earth Sciences. 16 June\u00a02016. 106 pp.<\/span><br \/>\n<span style=\"font-size: 12pt;font-family: georgia, palatino, serif\"><br \/>\n<b>Alexander Jarosch<\/b>,\u00a0Ph.D. thesis on \"<a href=\"http:\/\/www.hi.is\/~mtg\/nemritg\/AJ-PHD_2007.pdf\">Full Stokes Ice Models and Subglacial Heat Sources. Numerical Simulations of Volcano-Ice Interaction<\/a>\" (pdf 6.2 MB). University of Iceland, Faculty of Science. 25 May\u00a02007. 89 pp.<\/span><\/p>\n<p><span style=\"font-size: 12pt;font-family: georgia, palatino, serif\"><br \/>\n<b>Ph.D Advisor\/Committee member<\/b><\/span><\/p>\n<p><span style=\"font-family: georgia, palatino, serif\"><strong>Carolyn Gorny<\/strong>, Ph.D-thesis:\u00a0 Emplacement setting and dynamics of widespread hyaloclastite-lava sheets, Snaebylisheidi Formation, south Iceland.\u00a0University of Otago. Spring\u00a02015.<\/span><br \/>\n<span style=\"font-size: 12pt;font-family: georgia, palatino, serif\"><br \/>\n<b>Tanya Jude-Eton<\/b>, Ph.D thesis on \"Eruption dynamics in subglacial emergent phreatomagmatic eruptions: A case study of the 2004 eruption at the Gr\u00edmsv\u00f6tn volcano, Iceland\".\u00a0University of Edinburgh.\u00a02011.<\/span><\/p>\n<p><span style=\"font-family: georgia, palatino, serif\"><b>Mary Chapman<\/b>, Ph.D. thesis on \"Possible Icelandic Analogues for Valles Marineris Interior Layered Deposits and Associated Outflow Channels on Mars\". Keele University, UK.\u00a02005.<\/span><\/p>\n<p><span style=\"font-family: georgia, palatino, serif\"><b>Svanbj\u00f6rg Helga Haraldsd\u00f3ttir<\/b>, Ph.D. thesis on \"Snow, snowdrift and avalanche hazard in a windy climate\". University of Iceland, Faculty of Science. 28 June\u00a02004. 125 pp.<\/span><\/p>\n<p><span style=\"font-family: georgia, palatino, serif\"><big><br \/>\n<\/big><b>MS Supervisor<\/b><big><\/big><\/span><\/p>\n<p><span style=\"font-family: georgia, palatino, serif\"><strong>Einar Sindri \u00d3lafsson<\/strong>, MS-thesis: <a href=\"http:\/\/hdl.handle.net\/1946\/39964\">The Surtsey eruption plume. Size, characteristics and constraints on tephra dispersal<\/a>. University of Iceland. September 2021. University of Iceland. 112 pp.<\/span><\/p>\n<p><span style=\"font-family: georgia, palatino, serif\"><strong>Sigr\u00fan Sif Sigur\u00f0ard\u00f3ttir<\/strong>, MS-thesis:\u00a0<a href=\"http:\/\/hdl.handle.net\/1946\/19908\">\"The Eldgj\u00e1 lava flow beneath M\u00fdrdalssandur, S-Iceland, mapping with magnetic measurements\"<\/a>. University of Iceland.\u00a0October\u00a02014.\u00a0 51\u00a0 pp.<\/span><br \/>\n<span style=\"font-size: 12pt;font-family: georgia, palatino, serif\"><br \/>\n<strong>Tinna J\u00f3nsd\u00f3ttir<\/strong>, MS-thesis:\u00a0<a href=\"http:\/\/hdl.handle.net\/1946\/20443\">\"Grain size distribution and characteristics of the tephra from the Vatna\u00f6ldur AD 871\u00b12 and Katla 1918 eruptions, Iceland\"<\/a>.\u00a0University of Iceland.\u00a0 January\u00a02015.\u00a0 140 pp.\u00a0<\/span><br \/>\n<span style=\"font-size: 12pt;font-family: georgia, palatino, serif\"><br \/>\n<b>Jeanne Marie Guniaux<\/b>, MS thesis: \"<a href=\"http:\/\/www.hi.is\/~mtg\/nemritg\/JeanneMGiniaux-MS_2013.pdf\">Gravity studies of the structure of the Vatna\u00f6ldur and Vei\u00f0iv\u00f6tn crater rows, South Central Iceland<\/a>\"\u00a0(pdf 7 MB). University of Iceland, Faculty of Earth Sciences. June\u00a02013. 82 pp.<\/span><br \/>\n<span style=\"font-size: 12pt;font-family: georgia, palatino, serif\"><b><br \/>\n<\/b><strong>Jorge Eduardo Montalvo Morales<\/strong>,\u00a0 MPaed:\u00a0\"<a href=\"http:\/\/www.hi.is\/~mtg\/nemritg\/JM-MPaed_2010.pdf\">Hazard Assessment and Risk Mitigation for Tourists at Hekla Volcano, South Iceland<\/a>\" (pdf 7.2 MB).\u00a0University of Iceland, Faculty of Earth Sciences. July\u00a02010. 70 pp.<\/span><br \/>\n<span style=\"font-size: 12pt;font-family: georgia, palatino, serif\"><b><br \/>\nBirgir Vilhelm \u00d3skarsson<\/b>, MS thesis: \"<a href=\"http:\/\/hdl.handle.net\/1946\/4375\">The Skerin ridge on Eyjafjallaj\u00f6kull, south Iceland: Morphology and magma-ice interaction in an ice-confined silicic fissure eruption<\/a>\".\u00a0University of Iceland, Faculty of Earth Sciences. September\u00a02009. 111 pp.<\/span><br \/>\n<span style=\"font-size: 12pt;font-family: georgia, palatino, serif\"><br \/>\n<b>\u00deorbj\u00f6rg \u00c1g\u00fastsd\u00f3ttir<\/b>,\u00a0MS thesis:\u00a0\"<a href=\"http:\/\/hdl.handle.net\/1946\/16072\">On the Dynamics of Rhyolite Dome Emplacement: Densities and Deformation Fields<\/a>\".\u00a0University of Iceland, Faculty of Earth Sciences. September\u00a02009. 118 pp.<\/span><br \/>\n<span style=\"font-size: 12pt;font-family: georgia, palatino, serif\"><br \/>\n<b>Bj\u00f6rn Oddsson<\/b>,\u00a0MS thesis: \"<a href=\"http:\/\/www.hi.is\/~mtg\/nemritg\/BO-MS_2007.pdf\">The Gr\u00edmsv\u00f6tn eruption in 2004: Dispersal and Total Mass of Tephra and Comparison with Plume Transport Models<\/a>\" (pdf 8.5 MB). University of Iceland, Faculty of Science, Department of Physics. October\u00a02007. 112 pp.<\/span><br \/>\n<span style=\"font-size: 12pt;font-family: georgia, palatino, serif\"><br \/>\n<b>Arnar M\u00e1r Vilhj\u00e1lmsson<\/b>,\u00a0MS thesis:\u00a0\"<a href=\"http:\/\/www.hi.is\/~mtg\/nemritg\/AMV-MS_2006-14MB.pdf\">A gravity study of hyaloclastite formations and lava fields around Kleifarvatn, Reykjanes Peninsula, Iceland<\/a>\" (pdf 14 MB). University of Iceland, Faculty of Natural Sciences, Department of Physics. October\u00a02006. 88 pp.<\/span><br \/>\n<span style=\"font-size: 12pt;font-family: georgia, palatino, serif\"><br \/>\n<b>Kirsty Langley<\/b>,\u00a0MS thesis: \"A morphological investigation of volcanic activity beneath Vatnaj\u00f6kull, Iceland, interpreted from radio echo sounding data\". University of Iceland, Faculty of Natural Sciences, Department of Physics. June\u00a02000. 129 pp.\u00a0<\/span><\/p>\n<p><span style=\"font-family: georgia, palatino, serif\"><b><br \/>\nMS Advisor\/Committee member<\/b><\/span><br \/>\n<span style=\"font-size: 12pt;font-family: georgia, palatino, serif\"><br \/>\n<strong>Einar Ragnar Sigur\u00f0sson<\/strong>, MS project on \"<a href=\"http:\/\/hdl.handle.net\/1946\/34511\">Paleomagnetic studies of hyaloclastite mountains, indications of duration of buildup<\/a>\".\u00a0University of Iceland, Faculty of Earth Sciences. October\u00a02019.\u00a0167 pp<\/span><br \/>\n<span style=\"font-size: 12pt;font-family: georgia, palatino, serif\"><br \/>\n<strong>Bergur Einarsson<\/strong>,\u00a0MS thesis on\u00a0\"<a href=\"http:\/\/www.hi.is\/~mtg\/nemritg\/BE-MS_2009.pdf\">J\u00f6kulhlaups in Skaft\u00e1: A study of a j\u00f6kulhlaup from the Western Skaft\u00e1 cauldron in the Vatnaj\u00f6kull ice cap, Iceland<\/a>\"\u00a0(pdf 5.4 MB).\u00a0University of Iceland, Faculty of Earth Sciences. January\u00a02009. 74 pp.<\/span><\/p>\n<p><span style=\"font-family: georgia, palatino, serif\"><b>Eyj\u00f3lfur Magn\u00fasson<\/b>, MS thesis on \"<a href=\"http:\/\/www.hi.is\/~mtg\/nemritg\/EM-MS_2003.pdf\">Airborne SAR data from S-Iceland: analyses, DEM improvements and glaciological applications<\/a>\" (pdf 22 MB). University of Iceland, Faculty of Natural Sciences. October\u00a02003. 130 pp.<\/span><br \/>\n<span style=\"font-size: 12pt;font-family: georgia, palatino, serif\"><br \/>\n<b>Arnar Hjartarson<\/b>,\u00a0MS thesis\u00a0on \"Analysis of Reservoir Data collected during Reinjection into the Laugaland Geothermal System in Eyjafj\u00f6r\u00f0ur, N-Iceland\". University of Iceland, Faculty of Natural Sciences, Department of Physics. June\u00a01999. 107 pp.<\/span><\/p>\n<p>&nbsp;<\/p>\n","protected":false},"excerpt":{"rendered":"<p>N\u00faverandi framhaldsnemar \/ Current research students Ph.D Students Sara Sayadi, Ph.D project on \"Structure of Surtsey volcanic island from multi-disciplinary geophysical modelling\". Started 2017. University of Iceland.\u00a0 (Supervisor). Arnar M\u00e1r Vilhj\u00e1lmsson, Ph.D project on \"Resistivity survey of Gr\u00edmsv\u00f6tn\". Started 2009.\u00a0 University of Iceland. (Advisor\/committee member). Masoud Allahbakhshi, Ph.D project on \"High resolution deformation at fumaroles [&hellip;]<\/p>\n","protected":false},"author":1576,"featured_media":0,"parent":0,"menu_order":0,"comment_status":"closed","ping_status":"closed","template":"","meta":{"footnotes":""},"class_list":["post-48","page","type-page","status-publish","hentry"],"_links":{"self":[{"href":"https:\/\/uni.hi.is\/mtg\/wp-json\/wp\/v2\/pages\/48","targetHints":{"allow":["GET"]}}],"collection":[{"href":"https:\/\/uni.hi.is\/mtg\/wp-json\/wp\/v2\/pages"}],"about":[{"href":"https:\/\/uni.hi.is\/mtg\/wp-json\/wp\/v2\/types\/page"}],"author":[{"embeddable":true,"href":"https:\/\/uni.hi.is\/mtg\/wp-json\/wp\/v2\/users\/1576"}],"replies":[{"embeddable":true,"href":"https:\/\/uni.hi.is\/mtg\/wp-json\/wp\/v2\/comments?post=48"}],"version-history":[{"count":6,"href":"https:\/\/uni.hi.is\/mtg\/wp-json\/wp\/v2\/pages\/48\/revisions"}],"predecessor-version":[{"id":58,"href":"https:\/\/uni.hi.is\/mtg\/wp-json\/wp\/v2\/pages\/48\/revisions\/58"}],"wp:attachment":[{"href":"https:\/\/uni.hi.is\/mtg\/wp-json\/wp\/v2\/media?parent=48"}],"curies":[{"name":"wp","href":"https:\/\/api.w.org\/{rel}","templated":true}]}}