{"id":52,"date":"2022-01-13T14:31:02","date_gmt":"2022-01-13T14:31:02","guid":{"rendered":"https:\/\/uni.hi.is\/mtg\/?page_id=52"},"modified":"2022-01-13T14:31:02","modified_gmt":"2022-01-13T14:31:02","slug":"rannsoknasvid-research-interests","status":"publish","type":"page","link":"https:\/\/uni.hi.is\/mtg\/rannsoknasvid-research-interests\/","title":{"rendered":"Ranns\u00f3knasvi\u00f0 \/ Research interests"},"content":{"rendered":"<table style=\"border-collapse: collapse;width: 100%\">\n<tbody>\n<tr>\n<td style=\"width: 50%\"><span style=\"font-family: georgia, palatino, serif;font-size: 12pt\">1. E\u00f0li eldvirkni undir j\u00f6klum, einkum samspil eldgosa og j\u00f6kla. \u00c1hrif j\u00f6kulsins \u00e1 l\u00f6gun og myndun eldfjalla og \u00e1hrif eldvirkninnar \u00e1 j\u00f6kulinn, m.a. \u00e1hrif \u00e1 \u00edsskri\u00f0 og vatnsrennsli undir j\u00f6klum. \u00c1hrif j\u00f6kulfargs \u00e1 eldvirkni.<\/span><\/p>\n<p><span style=\"font-family: georgia, palatino, serif;font-size: 12pt\">2. Bas\u00edsk sprengigos og \u00e1hrif utana\u00f0komandi vatns \u00e1 heg\u00f0un \u00feeirra.<\/span><\/p>\n<p><span style=\"font-family: georgia, palatino, serif;font-size: 12pt\">3. Innri ger\u00f0 megineldst\u00f6\u00f0va, lega innskota og kvikuh\u00f3lfa og samspil eldvirkni og jar\u00f0hita. S\u00e9r \u00ed lagi innri ger\u00f0 megineldst\u00f6\u00f0va undir j\u00f6klum og \u00e1hrif j\u00f6kulsins \u00e1 jar\u00f0hita og byggingu.<\/span><\/p>\n<p><span style=\"font-family: georgia, palatino, serif;font-size: 12pt\">4. Jar\u00f0e\u00f0lisfr\u00e6\u00f0ileg k\u00f6nnun, einkum \u00feyngdarm\u00e6lingar og n\u00fdting \u00feeirra vi\u00f0 k\u00f6nnun \u00e1 innri ger\u00f0 eldst\u00f6\u00f0va og vi\u00f0 a\u00f0 leysa \u00fdmis \u00f6nnur jar\u00f0fr\u00e6\u00f0ileg vandam\u00e1l.<\/span><\/td>\n<td style=\"width: 50%\"><span style=\"font-family: georgia, palatino, serif;font-size: 12pt\">1. Physical nature of subglacial volcanism, in particular the interaction of volcanoes and the overlying ice caps or ice sheets including the effects on ice flow and basal water flow.<\/span><\/p>\n<p><span style=\"font-family: georgia, palatino, serif;font-size: 12pt\">2. Explosive volcanism, especially basaltic magma-water interactions.<\/span><\/p>\n<p><span style=\"font-family: georgia, palatino, serif;font-size: 12pt\">3. Internal structure of volcanoes, especially subglacial volcanoes and the effects of the ice volcano interaction on structure and geothermal activity.<\/span><\/p>\n<p><span style=\"font-family: georgia, palatino, serif;font-size: 12pt\">4. Geophysical exploration, especially gravity surveying and its application to the study of volcanic structures.<\/span><\/td>\n<\/tr>\n<\/tbody>\n<\/table>\n","protected":false},"excerpt":{"rendered":"<p>1. E\u00f0li eldvirkni undir j\u00f6klum, einkum samspil eldgosa og j\u00f6kla. \u00c1hrif j\u00f6kulsins \u00e1 l\u00f6gun og myndun eldfjalla og \u00e1hrif eldvirkninnar \u00e1 j\u00f6kulinn, m.a. \u00e1hrif \u00e1 \u00edsskri\u00f0 og vatnsrennsli undir j\u00f6klum. \u00c1hrif j\u00f6kulfargs \u00e1 eldvirkni. 2. Bas\u00edsk sprengigos og \u00e1hrif utana\u00f0komandi vatns \u00e1 heg\u00f0un \u00feeirra. 3. Innri ger\u00f0 megineldst\u00f6\u00f0va, lega innskota og kvikuh\u00f3lfa og samspil eldvirkni [&hellip;]<\/p>\n","protected":false},"author":1576,"featured_media":0,"parent":0,"menu_order":0,"comment_status":"closed","ping_status":"closed","template":"","meta":{"footnotes":""},"class_list":["post-52","page","type-page","status-publish","hentry"],"_links":{"self":[{"href":"https:\/\/uni.hi.is\/mtg\/wp-json\/wp\/v2\/pages\/52","targetHints":{"allow":["GET"]}}],"collection":[{"href":"https:\/\/uni.hi.is\/mtg\/wp-json\/wp\/v2\/pages"}],"about":[{"href":"https:\/\/uni.hi.is\/mtg\/wp-json\/wp\/v2\/types\/page"}],"author":[{"embeddable":true,"href":"https:\/\/uni.hi.is\/mtg\/wp-json\/wp\/v2\/users\/1576"}],"replies":[{"embeddable":true,"href":"https:\/\/uni.hi.is\/mtg\/wp-json\/wp\/v2\/comments?post=52"}],"version-history":[{"count":1,"href":"https:\/\/uni.hi.is\/mtg\/wp-json\/wp\/v2\/pages\/52\/revisions"}],"predecessor-version":[{"id":53,"href":"https:\/\/uni.hi.is\/mtg\/wp-json\/wp\/v2\/pages\/52\/revisions\/53"}],"wp:attachment":[{"href":"https:\/\/uni.hi.is\/mtg\/wp-json\/wp\/v2\/media?parent=52"}],"curies":[{"name":"wp","href":"https:\/\/api.w.org\/{rel}","templated":true}]}}