{"id":157,"date":"2014-07-02T01:19:35","date_gmt":"2014-07-02T01:19:35","guid":{"rendered":"http:\/\/uni.hi.is\/rastrick\/?page_id=157"},"modified":"2017-07-12T13:06:19","modified_gmt":"2017-07-12T13:06:19","slug":"thjodfraedi","status":"publish","type":"page","link":"https:\/\/uni.hi.is\/rastrick\/thjodfraedi\/","title":{"rendered":"\u00dej\u00f3\u00f0fr\u00e6\u00f0i"},"content":{"rendered":"<p><a href=\"http:\/\/uni.hi.is\/rastrick\/files\/2017\/07\/B\u00e6lingur.jpg\"><img loading=\"lazy\" decoding=\"async\" class=\"alignnone size-medium wp-image-262\" src=\"http:\/\/uni.hi.is\/rastrick\/files\/2017\/07\/B\u00e6lingur-214x300.jpg\" alt=\"\" width=\"214\" height=\"300\" srcset=\"https:\/\/uni.hi.is\/rastrick\/files\/2017\/07\/B\u00e6lingur-214x300.jpg 214w, https:\/\/uni.hi.is\/rastrick\/files\/2017\/07\/B\u00e6lingur.jpg 470w\" sizes=\"auto, (max-width: 214px) 100vw, 214px\" \/><\/a><\/p>\n<p>\u00dej\u00f3\u00f0fr\u00e6\u00f0in rannsakar hversdagsmenningu, l\u00edfsh\u00e6tti og l\u00edfss\u00fdn \u00e1 okkar d\u00f6gum og \u00e1\u00f0ur fyrr. \u00dej\u00f3\u00f0fr\u00e6\u00f0in rannsakar daglegt l\u00edf og daglegt brau\u00f0: s\u00f6gur og sagnir, heimilis- og atvinnuh\u00e6tti, tr\u00fa og t\u00f3nlist, si\u00f0i og venjur, h\u00e1t\u00ed\u00f0ir og leiki, f\u00f6t, t\u00edsku og matarh\u00e6tti um heim allan. \u00c1hersla er l\u00f6g\u00f0 \u00e1 hvernig f\u00f3lk m\u00f3tar l\u00edf sitt og umhverfi undir kringumst\u00e6\u00f0um sem \u00fea\u00f0 hefur ekki m\u00f3ta\u00f0 sj\u00e1lft og hvernig f\u00f3lk talar saman og lifir \u00ed samf\u00e9lagi hvert vi\u00f0 anna\u00f0 \u00ed \u00feeim margv\u00edslegu h\u00f3pum sem \u00fea\u00f0 tilheyrir \u2013 sem \u00cdslendingar, Argent\u00ednumenn, Valsmenn, unglingar, innflytjendur, Evr\u00f3pub\u00faar, Flateyringar, \u00f3perus\u00f6ngvarar, flugfreyjur, f\u00edklar, o.s.frv.<\/p>\n<p><a href=\"http:\/\/www.hi.is\/node\/300399\">\u00dej\u00f3\u00f0fr\u00e6\u00f0i vi\u00f0 H\u00cd<\/a><\/p>\n<p><a href=\"http:\/\/uni.hi.is\/rastrick\/files\/2017\/07\/Segull.jpg\"><img loading=\"lazy\" decoding=\"async\" class=\"alignnone size-medium wp-image-261\" src=\"http:\/\/uni.hi.is\/rastrick\/files\/2017\/07\/Segull-300x193.jpg\" alt=\"\" width=\"300\" height=\"193\" srcset=\"https:\/\/uni.hi.is\/rastrick\/files\/2017\/07\/Segull-300x193.jpg 300w, https:\/\/uni.hi.is\/rastrick\/files\/2017\/07\/Segull-768x494.jpg 768w, https:\/\/uni.hi.is\/rastrick\/files\/2017\/07\/Segull-1024x659.jpg 1024w, https:\/\/uni.hi.is\/rastrick\/files\/2017\/07\/Segull.jpg 1411w\" sizes=\"auto, (max-width: 300px) 100vw, 300px\" \/><\/a><\/p>\n","protected":false},"excerpt":{"rendered":"<p>\u00dej\u00f3\u00f0fr\u00e6\u00f0in rannsakar hversdagsmenningu, l\u00edfsh\u00e6tti og l\u00edfss\u00fdn \u00e1 okkar d\u00f6gum og \u00e1\u00f0ur fyrr. \u00dej\u00f3\u00f0fr\u00e6\u00f0in rannsakar daglegt l\u00edf og daglegt brau\u00f0: s\u00f6gur og sagnir, heimilis- og atvinnuh\u00e6tti, tr\u00fa og t\u00f3nlist, si\u00f0i og venjur, h\u00e1t\u00ed\u00f0ir og leiki, f\u00f6t, t\u00edsku og matarh\u00e6tti um heim allan. \u00c1hersla er l\u00f6g\u00f0 \u00e1 hvernig f\u00f3lk m\u00f3tar l\u00edf sitt og umhverfi undir kringumst\u00e6\u00f0um sem [&hellip;]<\/p>\n","protected":false},"author":1198,"featured_media":0,"parent":0,"menu_order":0,"comment_status":"closed","ping_status":"closed","template":"","meta":{"footnotes":""},"class_list":["post-157","page","type-page","status-publish","hentry"],"_links":{"self":[{"href":"https:\/\/uni.hi.is\/rastrick\/wp-json\/wp\/v2\/pages\/157","targetHints":{"allow":["GET"]}}],"collection":[{"href":"https:\/\/uni.hi.is\/rastrick\/wp-json\/wp\/v2\/pages"}],"about":[{"href":"https:\/\/uni.hi.is\/rastrick\/wp-json\/wp\/v2\/types\/page"}],"author":[{"embeddable":true,"href":"https:\/\/uni.hi.is\/rastrick\/wp-json\/wp\/v2\/users\/1198"}],"replies":[{"embeddable":true,"href":"https:\/\/uni.hi.is\/rastrick\/wp-json\/wp\/v2\/comments?post=157"}],"version-history":[{"count":7,"href":"https:\/\/uni.hi.is\/rastrick\/wp-json\/wp\/v2\/pages\/157\/revisions"}],"predecessor-version":[{"id":161,"href":"https:\/\/uni.hi.is\/rastrick\/wp-json\/wp\/v2\/pages\/157\/revisions\/161"}],"wp:attachment":[{"href":"https:\/\/uni.hi.is\/rastrick\/wp-json\/wp\/v2\/media?parent=157"}],"curies":[{"name":"wp","href":"https:\/\/api.w.org\/{rel}","templated":true}]}}