{"id":46,"date":"2011-07-14T16:56:20","date_gmt":"2011-07-14T16:56:20","guid":{"rendered":"http:\/\/uni.hi.is\/olr1\/?page_id=46"},"modified":"2021-11-02T09:44:08","modified_gmt":"2021-11-02T09:44:08","slug":"books","status":"publish","type":"page","link":"https:\/\/uni.hi.is\/rastrick\/books\/","title":{"rendered":"Books"},"content":{"rendered":"<table style=\"width: 99.2262%\">\n<tbody>\n<tr>\n<td style=\"width: 118px\"><strong>\u00a0<\/strong><\/td>\n<td style=\"width: 748px\">\n<p style=\"text-align: center\"><strong><a href=\"https:\/\/uni.hi.is\/rastrick\/files\/2021\/11\/Kapa-Kristin-1.jpg\"><img loading=\"lazy\" decoding=\"async\" class=\"alignnone wp-image-380\" src=\"https:\/\/uni.hi.is\/rastrick\/files\/2021\/11\/Kapa-Kristin-1-202x300.jpg\" alt=\"\" width=\"150\" height=\"223\" srcset=\"https:\/\/uni.hi.is\/rastrick\/files\/2021\/11\/Kapa-Kristin-1-202x300.jpg 202w, https:\/\/uni.hi.is\/rastrick\/files\/2021\/11\/Kapa-Kristin-1.jpg 686w\" sizes=\"auto, (max-width: 150px) 100vw, 150px\" \/> \u00a0 \u00a0 \u00a0 \u00a0 \u00a0 \u00a0 <\/a><a href=\"https:\/\/uni.hi.is\/rastrick\/files\/2021\/11\/Kapa-bokatidindi.jpg\"><img loading=\"lazy\" decoding=\"async\" class=\"alignnone wp-image-379\" src=\"https:\/\/uni.hi.is\/rastrick\/files\/2021\/11\/Kapa-bokatidindi-201x300.jpg\" alt=\"\" width=\"150\" height=\"224\" srcset=\"https:\/\/uni.hi.is\/rastrick\/files\/2021\/11\/Kapa-bokatidindi-201x300.jpg 201w, https:\/\/uni.hi.is\/rastrick\/files\/2021\/11\/Kapa-bokatidindi-685x1024.jpg 685w, https:\/\/uni.hi.is\/rastrick\/files\/2021\/11\/Kapa-bokatidindi.jpg 686w\" sizes=\"auto, (max-width: 150px) 100vw, 150px\" \/><\/a><\/strong><\/p>\n<p style=\"text-align: left\"><strong>Ritr\u00f6\u00f0 \u00ed f\u00e9lagsv\u00edsindum<\/strong><br \/>\nRitstj\u00f3ri: \u00d3lafur Rastrick<\/p>\n<p><strong>Krist\u00edn Loftsd\u00f3ttir. <em>Kyn\u00fe\u00e1ttaford\u00f3mar \u2013 \u00ed stuttu m\u00e1li (<\/em>2020)<\/strong><em><br \/>\n<\/em>\u00cd b\u00f3kinni eru kyn\u00fe\u00e1ttahugmyndir teknar til sko\u00f0unar. Markmi\u00f0 b\u00f3karinnar er tv\u00ed\u00fe\u00e6tt. Annars vegar a\u00f0 gefa greinarg\u00f3\u00f0a sk\u00fdringu \u00e1 kyn\u00fe\u00e1ttaford\u00f3mum \u00ed lj\u00f3si n\u00fdlegrar fr\u00e6\u00f0ilegrar umr\u00e6\u00f0u og hins vegar a\u00f0 s\u00fdna hvernig kyn\u00fe\u00e1ttahugmyndir hafa birst \u00ed \u00edslenskri umr\u00e6\u00f0u \u00ed \u00fdmsum myndum, b\u00e6\u00f0i \u00ed fort\u00ed\u00f0 og samt\u00edma. <a href=\"https:\/\/haskolautgafan.hi.is\/kynthattafordomar_i_stuttu_mali\">H\u00e1sk\u00f3la\u00fatg\u00e1fan<\/a><\/p>\n<p><strong>Gunnar \u00de\u00f3r J\u00f3hannesson og Katr\u00edn Anna Lund. <em>\u00c1fangasta\u00f0ir - \u00ed stuttu m\u00e1li<\/em> (2021)<\/strong><br \/>\nMarkmi\u00f0 b\u00f3karinnar er a\u00f0 draga upp n\u00fdja mynd af \u00fev\u00ed hvernig \u00e1fangasta\u00f0ir ver\u00f0a til og \u00fer\u00f3ast. Me\u00f0 hli\u00f0sj\u00f3n af uppbyggingu fer\u00f0amennsku \u00e1 Str\u00f6ndum er r\u00fdnt \u00ed samband fer\u00f0a\u00fej\u00f3nustu og samf\u00e9laga og s\u00fdnt hvernig n\u00e1tt\u00fara og menning eru samofin svi\u00f0 en ekki a\u00f0greind eins og oft er l\u00e1ti\u00f0 \u00ed ve\u00f0ri vaka. Me\u00f0 \u00feessu er spj\u00f3tum beint a\u00f0 hef\u00f0bundnum ranns\u00f3knara\u00f0fer\u00f0um fer\u00f0am\u00e1lafr\u00e6\u00f0innar og bent \u00e1 n\u00fdjar lei\u00f0ir til a\u00f0 n\u00e1lgast og veita inns\u00fdn \u00ed margbreytileika fer\u00f0amennskunnar og \u00e1fangasta\u00f0a fer\u00f0amanna.<\/td>\n<\/tr>\n<tr>\n<td style=\"width: 118px\">........................<\/td>\n<td style=\"padding-left: 30px;width: 748px\"><strong>\u00a0<\/strong><\/td>\n<\/tr>\n<tr style=\"height: 191px\">\n<td style=\"height: 191px;width: 118px\"><a href=\"http:\/\/uni.hi.is\/rastrick\/files\/2011\/07\/Fors\u00ed\u00f0a-1.jpg\"><img loading=\"lazy\" decoding=\"async\" class=\"wp-image-229 aligncenter\" src=\"http:\/\/uni.hi.is\/rastrick\/files\/2011\/07\/Fors\u00ed\u00f0a-1-203x300.jpg\" alt=\"Fors\u00ed\u00f0a 1\" width=\"155\" height=\"229\" srcset=\"https:\/\/uni.hi.is\/rastrick\/files\/2011\/07\/Fors\u00ed\u00f0a-1-203x300.jpg 203w, https:\/\/uni.hi.is\/rastrick\/files\/2011\/07\/Fors\u00ed\u00f0a-1.jpg 674w\" sizes=\"auto, (max-width: 155px) 100vw, 155px\" \/><\/a><\/td>\n<td style=\"padding-left: 30px;height: 191px;width: 748px\"><strong>Menningararfur \u00e1 \u00cdslandi: Gagnr\u00fdni og greining<\/strong><br \/>\nRitstj. \u00d3lafur Rastrick og Valdimar Tr. Hafstein.<br \/>\n\u00cd b\u00f3kinni spyrja fj\u00f3rt\u00e1n h\u00f6fundar gagnr\u00fdninna spurninga um menningararf, hvernig hann er nota\u00f0ur, af hverju og til hvers: Torfb\u00e6ir og timburh\u00fas, handrit og h\u00e1rlokkar, b\u00e1tar og b\u00faningar, s\u00farmatur og skyr, s\u00f6guskilti og s\u00f6gufr\u00e6gir kvensk\u00f6rungar. Hvernig stendur \u00e1 \u00fev\u00ed a\u00f0 sumu g\u00f6mlu er hampa\u00f0 sem \u00f3metanlegum menningararfi \u00e1 me\u00f0an anna\u00f0 er l\u00e9ttv\u00e6gt fundi\u00f0 og leyft a\u00f0 drabbast ni\u00f0ur?\u00a0 H\u00f6fundarnir l\u00fdsa menningararfi sem sameiningar- og sundrungarafli, hugtaki sem f\u00f3lk tekur til handargagns, hreyfiafli er dr\u00edfur \u00e1fram athafnir \u00feess, sj\u00f3narhorni \u00e1 daglegt l\u00edf og umhverfi, hugsj\u00f3n, au\u00f0lind og \u00fer\u00e6tuepli. <a href=\"http:\/\/haskolautgafan.hi.is\/\">http:\/\/haskolautgafan.hi.is\/<\/a><span style=\"font-size: large\"><br \/>\n<\/span><\/td>\n<\/tr>\n<tr style=\"height: 24px\">\n<td style=\"height: 24px;width: 118px\">........................<\/td>\n<td style=\"padding-left: 30px;height: 24px;width: 748px\"><\/td>\n<\/tr>\n<tr style=\"height: 190px\">\n<td style=\"height: 190px;width: 118px\"><a href=\"http:\/\/uni.hi.is\/rastrick\/files\/2013\/09\/k\u00e1pa-h\u00e1b-e1380063778551.jpg\" target=\"_blank\" rel=\"noopener\"><img loading=\"lazy\" decoding=\"async\" class=\"aligncenter wp-image-110 size-full\" src=\"http:\/\/uni.hi.is\/rastrick\/files\/2013\/09\/k\u00e1pa-h\u00e1b-e1380063778551.jpg\" alt=\"k\u00e1pa h\u00e1b\" width=\"150\" height=\"221\" \/><\/a><\/td>\n<td style=\"padding-left: 30px;height: 190px;width: 748px\"><strong>H\u00e1borgin: Menning, fagurfr\u00e6\u00f0i og p\u00f3lit\u00edk \u00ed upphafi tuttugustu aldar<br \/>\n<\/strong>H\u00e1sk\u00f3la\u00fatg\u00e1fan og Sagnfr\u00e6\u00f0istofnun 2013. B\u00f3kin fjallar um samband fagurfr\u00e6\u00f0i, menningar og umb\u00f3tastj\u00f3rnm\u00e1la \u00e1 \u00cdslandi fr\u00e1 lokum n\u00edtj\u00e1ndu aldar og fram til um 1930. Henni er \u00e6tla\u00f0 a\u00f0 svara spurningum um hva\u00f0a hugmyndir mennta- og stj\u00f3rnm\u00e1lamenn ger\u00f0u s\u00e9r um f\u00e9lagslegt hlutverk \u00edslenskrar menningar \u00e1 mikilv\u00e6gu m\u00f3tunarskei\u00f0i hennar. Einnig eru sko\u00f0u\u00f0 \u00e1hrif stj\u00f3rnm\u00e1lamanna \u00e1 menningarm\u00e1l og hvernig \u00feau birtust \u00ed m\u00f3tun listastefnu, skipulagi h\u00f6fu\u00f0sta\u00f0arins e\u00f0a svi\u00f0setningu al\u00feingish\u00e1t\u00ed\u00f0arinnar. Greint er hvernig menningarstj\u00f3rnm\u00e1lum var \u00e6tla\u00f0 a\u00f0 lyfta \u00fej\u00f3\u00f0inni \u00e1 h\u00e6rra stig menningar og si\u00f0menntunar og s\u00fdna henni sj\u00e1lfri og umheiminum fram \u00e1 a\u00f0 \u00ed landinu byggi menningar\u00fej\u00f3\u00f0 sem \u00e6tti s\u00e9r tilverur\u00e9tt \u00ed fullvalda \u00fej\u00f3\u00f0r\u00edki sem \u00fej\u00f3\u00f0 me\u00f0al \u00fej\u00f3\u00f0a.\u00a0 <a href=\"http:\/\/haskolautgafan.hi.is\/\">http:\/\/haskolautgafan.hi.is\/<\/a><\/td>\n<\/tr>\n<tr style=\"height: 42.6333px\">\n<td style=\"height: 42.6333px;width: 118px\">........................<\/td>\n<td style=\"padding-left: 30px;height: 42.6333px;width: 748px\"><\/td>\n<\/tr>\n<tr style=\"height: 190px\">\n<td style=\"height: 190px;width: 118px\"><a href=\"http:\/\/uni.hi.is\/rastrick\/files\/2014\/08\/culture5.jpg\"><img loading=\"lazy\" decoding=\"async\" class=\"alignnone size-medium wp-image-238\" src=\"http:\/\/uni.hi.is\/rastrick\/files\/2014\/08\/culture5-211x300.jpg\" alt=\"culture5\" width=\"211\" height=\"300\" srcset=\"https:\/\/uni.hi.is\/rastrick\/files\/2014\/08\/culture5-211x300.jpg 211w, https:\/\/uni.hi.is\/rastrick\/files\/2014\/08\/culture5.jpg 670w\" sizes=\"auto, (max-width: 211px) 100vw, 211px\" \/><\/a><\/td>\n<td style=\"padding-left: 30px;height: 190px;width: 748px\"><strong>Constructing Cultural Identity, Representing Social Power<\/strong>.<br \/>\nEds. Cana Bilsel, Kim Esmark, Niyazi Kizilyurek and \u00d3lafur Rastrick. Edizione Plus, Pisa, 2010.Final volume of the CLIOHRES.net thematic work group on power and culture. A collection of thirteen chapeters dealing with the role of culture in remodelling and contesting political identities, exploring political values and gender images and the representation of power through art, architecture and in European history. If there is one lesson to be learned from this book, it is that what seems obvious rarely is so, and that culture constitutes a way in which power is not only supported and resisted, but also discussed and debated, often with unintended results. Further details: <a href=\"http:\/\/www.cliohres.net\/\">Cliohres.net<\/a><\/td>\n<\/tr>\n<\/tbody>\n<\/table>\n<p>&nbsp;<\/p>\n","protected":false},"excerpt":{"rendered":"<p>\u00a0 \u00a0 \u00a0 \u00a0 \u00a0 \u00a0 \u00a0 Ritr\u00f6\u00f0 \u00ed f\u00e9lagsv\u00edsindum Ritstj\u00f3ri: \u00d3lafur Rastrick Krist\u00edn Loftsd\u00f3ttir. Kyn\u00fe\u00e1ttaford\u00f3mar \u2013 \u00ed stuttu m\u00e1li (2020) \u00cd b\u00f3kinni eru kyn\u00fe\u00e1ttahugmyndir teknar til sko\u00f0unar. Markmi\u00f0 b\u00f3karinnar er tv\u00ed\u00fe\u00e6tt. Annars vegar a\u00f0 gefa greinarg\u00f3\u00f0a sk\u00fdringu \u00e1 kyn\u00fe\u00e1ttaford\u00f3mum \u00ed lj\u00f3si n\u00fdlegrar fr\u00e6\u00f0ilegrar umr\u00e6\u00f0u og hins vegar a\u00f0 s\u00fdna hvernig kyn\u00fe\u00e1ttahugmyndir hafa birst \u00ed [&hellip;]<\/p>\n","protected":false},"author":1198,"featured_media":0,"parent":0,"menu_order":0,"comment_status":"closed","ping_status":"closed","template":"","meta":{"footnotes":""},"class_list":["post-46","page","type-page","status-publish","hentry"],"_links":{"self":[{"href":"https:\/\/uni.hi.is\/rastrick\/wp-json\/wp\/v2\/pages\/46","targetHints":{"allow":["GET"]}}],"collection":[{"href":"https:\/\/uni.hi.is\/rastrick\/wp-json\/wp\/v2\/pages"}],"about":[{"href":"https:\/\/uni.hi.is\/rastrick\/wp-json\/wp\/v2\/types\/page"}],"author":[{"embeddable":true,"href":"https:\/\/uni.hi.is\/rastrick\/wp-json\/wp\/v2\/users\/1198"}],"replies":[{"embeddable":true,"href":"https:\/\/uni.hi.is\/rastrick\/wp-json\/wp\/v2\/comments?post=46"}],"version-history":[{"count":24,"href":"https:\/\/uni.hi.is\/rastrick\/wp-json\/wp\/v2\/pages\/46\/revisions"}],"predecessor-version":[{"id":382,"href":"https:\/\/uni.hi.is\/rastrick\/wp-json\/wp\/v2\/pages\/46\/revisions\/382"}],"wp:attachment":[{"href":"https:\/\/uni.hi.is\/rastrick\/wp-json\/wp\/v2\/media?parent=46"}],"curies":[{"name":"wp","href":"https:\/\/api.w.org\/{rel}","templated":true}]}}