{"id":57,"date":"2011-07-14T18:49:23","date_gmt":"2011-07-14T18:49:23","guid":{"rendered":"http:\/\/uni.hi.is\/olr1\/?page_id=57"},"modified":"2021-11-02T08:54:48","modified_gmt":"2021-11-02T08:54:48","slug":"papers","status":"publish","type":"page","link":"https:\/\/uni.hi.is\/rastrick\/papers\/","title":{"rendered":"Presentations"},"content":{"rendered":"<p>2020: \u201cR\u00fdmi torfb\u00e6jarins og l\u00edkamleg f\u00f6tlun [The turf-house space and physical disability]. Paper presented at <em>\u00dej\u00f3\u00f0arspegll symposium<\/em> at the University of Iceland 30 Okt. 2020.<\/p>\n<p>2019: \u201cJazzf\u00e1r og \u00fej\u00f3\u00f0bundin menning [Jazz anxitety and national culture]\u201c. Paper presented at the 13th conference on the Icelandic society (R\u00e1\u00f0stefnan um \u00edslenska \u00fej\u00f3\u00f0f\u00e9lagi\u00f0), University of H\u00f3lar, Iceland, 16-17 May 2019.<\/p>\n<p>2019: \"Place-attachment and cultural memory amongst Lithuanians in Iceland\". Paper presented at the International Society for Ethnology and Folklore 14th Congress, Santiago de Compostela, Spain, 14-17 April 2019.<\/p>\n<p>2019: \"Foreign driftage: On the politics of cultural reception in 20th century Iceland\". Paper presented at the international conference: Mobilities and Transnationalism in the 21st Century, University of Iceland, 28-30 April, 2019.<\/p>\n<p>2019: Jazz-\u00f3gn: Vi\u00f0taka, sj\u00e1lfsmynd og umb\u00f3tastj\u00f3rnm\u00e1l [Dangers of jazz: Reception, identity and political reform]. Paper presented at Hugarflug symposium, Icelandic Academy of the Arts, 15 Feb. 2019.<\/p>\n<p>2018: \"Sta\u00f0artengsl innflytjenda\". Paper presented at <em>\u00dej\u00f3\u00f0arspegll symposium<\/em> at the University of Iceland 26 Okt. 2018.<\/p>\n<p>2018: \"\u201cSonic Porn\u201d: Menace of Jazz in Iceland\" Paper presented at the 2018 International Society for Cultural History conference: Performance, Politics, and Play, September 13-16, 2018, New York City.<\/p>\n<p>2018: \"Djass og menningarangist\" [Jazz and cultural anxiety]. <em>Fullveldismara\u00feon Reykjav\u00edkur Akadem\u00edunnar<\/em>, 18. \u00e1g\u00fast 2018.<\/p>\n<p>2018: \"Repugnance, reform and the figment of civilisation in early 20th century Iceland.\" Paper presented at the conference: Imagineers in Circus and Science: Scientific knowledge and creative imagination, Humanities Research Centre at the Australian National University, 3-5 April 2018.<\/p>\n<p>2018: \u201cCultural heritage and National Sovereignity: The Case of Iceland\u201d. Cultural Heritage Seminar Series. Alfred Deakin Institute for Citizenship and Globalisation. Deakin University, Melbourne, Australia. 27 Feb. 2018.<\/p>\n<p>2017: \u201cFort\u00ed\u00f0leiki mi\u00f0borgarinnar\u201d [City-centre Pastness]. Paper given at the session Bergm\u00e1l: Cultural heritage and ethnology at \u00dej\u00f3\u00f0arspegill \u2013 University of Iceland Social Sciences Conference 3 Nov. 2017.<\/p>\n<p>2017: \u201cAf erlendu vogreki: \u00cdslensk \u00fej\u00f3\u00f0menning og vi\u00f0taka \u201e\u00f3\u00e6skilegra\u201c menningar\u00e1hrifa\u201d. [Foreign driftage: Icelandic national culture and the reception of \u2018undesireable\u2019 cultural influences]. Public lecture given at the National Museum of Iceland 10 Oct. 2017 in connection with the exhibition Iceland in the World \u2013 the World in Iceland: A Transnational Perspective.<\/p>\n<p>2017: \u201c\u201dEmphathy and equality\u201d: Immigrants and cultural policy\u201d. Paper given at the Mobilities and Transnational Iceland symposium at Laugarvatn 31 Mar. 2017.<\/p>\n<p>2017: \u201cHeritage by Negotiation: The Case of Old Buildings and Urban Renewal in Reykjav\u00edk\u201d. Paper given at the Imperatives of participation panel at SIEF2017 13th Congress, Ways of Dwelling: Crisis - Craft \u2013 Creativity: G\u00f6ttingen, Germany 26-30 March 2017.<\/p>\n<p>2016: \u201cReformative strategies and bodily conduct. BASE \u2013 SIEF working group on body, affects, senses and emotions. Inaugural workshop hosted by Centre for European Studies and Department of Arts and Cultural Sciences, Lund University, 7-8 October 2016.<\/p>\n<p>2016: \u201cAl\u00feingish\u00e1t\u00ed\u00f0in 1930.\u201d Erindi flutt \u00e1 \u00deingv\u00f6llum 16. j\u00fan\u00ed 2016.<\/p>\n<p>2016: \u201cActing on the body: Heritage as a governing strategy for disciplining the female body in 20th century Iceland.\u201d Association for Critical Heritage Studies. Third Biennial Concerence, Montral, Canada, 3rd - 8th June, 2016<\/p>\n<p>2016: \u201cMenningararfur a\u00f0 n\u00fagildi.\u201d <em>Hvernig metum vi\u00f0 hi\u00f0 \u00f3metanlega?<\/em> R\u00e1\u00f0stefna a\u00f0 H\u00f3plum \u00ed Hjaltadal 31. mars \u2013 1. apr\u00edl 2016 \u00e1 vegum Gu\u00f0brandsstofnunar \u00ed samstarfi vi\u00f0 Bandalag \u00edslenskra listamanna, Listah\u00e1sk\u00f3la \u00cdslands, \u00dej\u00f3\u00f0minjasafni\u00f0 og \u00cdslensku- og menningardeild H\u00e1sk\u00f3la \u00cdslands.<\/p>\n<p>2016: \u201cAf hverju, til hvers og fyrir hverja viljum vi\u00f0 var\u00f0veita g\u00f6mul h\u00fas og hva\u00f0 gerist \u00feegar vi\u00f0 f\u00f6rum a\u00f0 hugsa um \u00feau sem menningararf?\u201d <em>Menningararfur \u2013 verndarstefna og skipulagsm\u00e1l. M\u00e1l\u00feing Umhverfis- og skipulagssvi\u00f0s Reykjav\u00edkurborgar<\/em> \u00e1 Kjarvalsst\u00f6\u00f0um 15. mars 2016.<\/p>\n<p>2016: \u201cRoma and the Politics of Cultural Heritage\u201d, paper given at: <em>Working with Roma: Methodological Challenges in Dealing with Roma Past and Present<\/em> organised at Institutul de Istoie Orala at Babes-Bolyai University, Cluj-Napoca, Romania, 25\u201326 Feb. 2016.<\/p>\n<p>2015: With Snj\u00f3laug G. J\u00f3hannesd\u00f3ttir, \u201cH\u00fasg\u00f6gn mi\u00f0borgarinnar: Gildi og merking gamalla tiburh\u00fasa \u00ed mi\u00f0borg Reykajv\u00edkur\u201d, paper given at <em>\u00dej\u00f3\u00f0arspegll symposium<\/em> H\u00e1sk\u00f3la \u00cdslands 30. okt. 2015.<\/p>\n<p>2015: With Katr\u00edn D. Gu\u00f0mundsd\u00f3ttir, \u201cHrif sundlaugarinnar\u201d, paper given at <em>\u00dej\u00f3\u00f0arspegll symposium<\/em> H\u00e1sk\u00f3la \u00cdslands 30. okt. 2015.<\/p>\n<p>2015: Vernacular cottages in central Reykjavik. Manifold meanings and shifting significance. Paper given at SIEF2015 12th Congress: Zagreb, Croatia. 21\u201325 June 2015.<\/p>\n<p>2015: With \u00d6rn D. J\u00f3nsson: Geothermal resources and everyday practices of wellness: The swimming pool culture of Iceland. Paper given at SIEF2015 12th Congress, Zagreb, Croatia, 21-25 June 2015.<\/p>\n<p>2015: \u201eN\u00fdja \u00fej\u00f3\u00f0h\u00e1ttafr\u00e6\u00f0in: \u00cdslensk menningarsaga eftir 2000\u201c, erindi \u00e1 m\u00e1lstofunni Hvar stendur \u00edslensk sagnfr\u00e6\u00f0i? N\u00fdir straumar og stefnur \u00e1 <em>Hugv\u00edsinda\u00feingi <\/em>H\u00e1sk\u00f3la \u00cdslands 14. mars 2015.<\/p>\n<p>2015: \u201eCultural Heritage\u201c, m\u00e1l\u00feing \u00e1 vegum Untoro-verkefnisins vi\u00f0 Institutul de Istoie Orala vi\u00f0 Babes-Bolyai h\u00e1sk\u00f3la \u00ed Cluj-Napoca 26. febr\u00faar 2015.<\/p>\n<p>2015: \u201eAf \u00fareltu drasli og arfleif\u00f0 \u00fej\u00f3\u00f0ar. Sj\u00f3narhorn \u00e1 menningararfshugtaki\u00f0\u201c, erindi \u00e1 m\u00e1l\u00feingi \u00e1 vegum Ranns\u00f3knaseturs \u00ed safnafr\u00e6\u00f0um vi\u00f0 H\u00e1sk\u00f3la \u00cdslands: <em>Torfh\u00fas sem menningararfur<\/em> 12. febr\u00faar 2015.<\/p>\n<p>2014: \u201e\u00dej\u00f3\u00f0leg heg\u00f0un og l\u00edkamleg \u00fej\u00f3\u00f0areinkenni\u201c, erindi \u00e1 \u00dej\u00f3\u00f0arspegli H\u00e1sk\u00f3la \u00cdslands 31. okt. 2014.<\/p>\n<p>2014: \u201eBourgeois Aesthetics and Male Physicality in Post-Colonial Iceland\u201c, erindi flutt \u00e1 r\u00e1\u00f0stefnunni Emerging Identities in Masculinity Research - Masculinities Studies in the North sem haldin var vi\u00f0 H\u00e1sk\u00f3la \u00cdslands 4.-6. j\u00fan\u00ed.<\/p>\n<p>2014:<b> <\/b>\u201ePlacing Iceland on the Anthropometric Map: National Character, Physical Features and the Allure of Numbers\u201c, erindi flutt \u00e1 r\u00e1\u00f0stefnunni A Place in the World. Iceland in the Imperial System and the Constuction of a North Atlantic Region. \u00dej\u00f3\u00f0minjasafn \u00cdslands 9.-10. ma\u00ed.<\/p>\n<p>2013: \u201eHexi\u00f0 hami\u00f0. Menningarlegar l\u00edkamserf\u00f0ir og st\u00fdring sj\u00e1lfstj\u00f3rnar\u201c, h\u00e1degisfyrirlestur F\u00e9lags \u00fej\u00f3\u00f0fr\u00e6\u00f0inga \u00e1 \u00cdslands 13. n\u00f3vember 2013 \u00e1 \u00dej\u00f3\u00f0minjasafni \u00cdslands.<\/p>\n<p>2013: \u201e\u00cdslenski l\u00edkaminn \u00ed or\u00f0r\u00e6\u00f0u millistr\u00ed\u00f0s\u00e1ranna\u201c, erindi \u00e1 \u00dej\u00f3\u00f0aspegli - r\u00e1\u00f0stefnu \u00ed f\u00e9lagsv\u00edsindum XIV, 25. okt\u00f3ber 2013 \u00ed H\u00e1sk\u00f3la \u00cdslands.<\/p>\n<p>2013: Imagining Greenland as an Icelandic Colony, paper given at the symposium <em>Claiming the North: (Re-)territorializing the \"Westnordic Arctic\"<\/em>, Oct. 4th 2013. Hosted by Centre for Arctic Policy Studies at the University of Iceland, Denmark and the New North Atlantic and EDDA \u2013 Center of Excellence.<\/p>\n<p>2012: \u201eArfurinn og \u00fatlendingar\u201c, erindi \u00e1 r\u00e1\u00f0stefnu Ranns\u00f3knarmi\u00f0st\u00f6\u00f0var fer\u00f0am\u00e1la \u00ed h\u00e1t\u00ed\u00f0arsal H\u00e1sk\u00f3la \u00cdslands, m\u00e1nudaginn 10. desember 2012: \u201eEr komi\u00f0 n\u00f3g af gestum? \u00deolm\u00f6rk, fj\u00f6ldatakm\u00f6rk og gjaldheimta\u201c.<\/p>\n<p>2012: \u201eHoldtekja menningararfs: \u00dej\u00f3\u00f0menning, si\u00f0menntun og kvenl\u00edkaminn \u00e1 \u00e1runum milli str\u00ed\u00f0a\u201c, erindi flutt \u00e1 m\u00e1lstofunni Menningararfur \u00e1 \u00cdslandi \u00e1 \u00dej\u00f3\u00f0arspegli. Ranns\u00f3knir \u00ed f\u00e9lagsv\u00edsindum XIII, 26. okt\u00f3ber 2012.<\/p>\n<p>2012: \u201e\u00cdslensk menning: P\u00e6lingar, p\u00f3lit\u00edk, prakt\u00edk\u201c, fyrirlestur \u00e1 r\u00e1\u00f0stefnu Reykjav\u00edkurAkadem\u00edunnar 22. september 2012: \u201eHugmyndir 21. aldar: I\u00f0kun kyns og \u00fej\u00f3\u00f0ar\u201c.<\/p>\n<p>2012: \u201eStj\u00f3rnm\u00e1l lasta og dygg\u00f0a\u201c, erindi flutt \u00e1 m\u00e1lstofunni Menningarsaga stj\u00f3rnm\u00e1lanna \u00e1 Fj\u00f3r\u00f0a \u00edslenska s\u00f6gu\u00feinginu, H\u00e1sk\u00f3la \u00cdslands, 9. j\u00fan\u00ed 2012.<\/p>\n<p>2012: \u201eCorruption and restoration: Advise on the authentic Icelandic physique\u201c, erindi flutt \u00e1 Association of Critical Heritage Studies - Inaugural Conference: Re\/thinking Heritage, Gautaborgarh\u00e1sk\u00f3la 5.\u20138. j\u00fan\u00ed 2012.<\/p>\n<p>2012: \u201eSpilling og betrun. Menning sem f\u00e9lagslegt stj\u00f3rnt\u00e6ki \u00e1 \u00e1runum milli str\u00ed\u00f0a\u201c, fyrirlestur \u00e1 a\u00f0alfundi Sagnfr\u00e6\u00f0ingaf\u00e9lags \u00cdslands, 22. mars 2012.<\/p>\n<p>2012: \u201eHagn\u00fdting fort\u00ed\u00f0ar vi\u00f0 h\u00f6nnun mannlegs umhverfis\u201c, erindi flutt \u00e1 Hugv\u00edsinda\u00feingi H\u00e1sk\u00f3la \u00cdslands, 10. mars 2012.<\/p>\n<p>2011: \u201cUm postul\u00ednshunda og verkefni \u00edslenskrar menningarsagnfr\u00e6\u00f0i ann\u00f3 1930\u201c [On the objectives of Icelandic cultural history in year 1930], paper given at the Humanities Symposium at the University of Iceland 26<sup>th<\/sup> March 2011.<\/p>\n<p>2009: \u201cPhysical Appearnce and Moral Conduct of the Female Subject in Inter-War Iceland\u201d, paper given at the session \u2018Cultural governance: Rationalities, technologies and ethics\u2019 at the 4<sup>th<\/sup> Nordic Conference on Cultural Policy Research, University of Jyv\u00e4skyl\u00e4, 19<sup>th<\/sup>\u201322<sup>nd<\/sup> August 2009.<\/p>\n<p>2009: \u201cList \u00ed \u00fe\u00e1gu l\u00edfs: Jean-Marie Guyau og \u00c1g\u00fast H. Bjarnason\u201c, paper given at Hugv\u00edsinda\u00feing, annual conference of the School of Humanities, University og Iceland, 13<sup>th<\/sup>-14<sup>th<\/sup> March 2009.<\/p>\n<p>2008: \u201cRationalities of Cultural Governance. The case of the Friends of the Arts Association of Iceland, 1916\u20131932\u201d, paper given at the research colloquium in Jyv\u00e4skyl\u00e4, 6<sup>th<\/sup>\u20138<sup>th<\/sup> November 2008: Cultural Policy Research: Conceptual, Spatial and Temporal Approaches, University of Jyv\u00e4skyl\u00e4.<\/p>\n<p>2008: \u201cMishlj\u00f3mar \u00ed menningararfsor\u00f0r\u00e6\u00f0unni\u201d, [Dissonants in the cultural heritage discourse] paper given at the Icelandic Academy of the Arts, <em>R\u00e9ttur til menningar \u2013 \u00edslenskur menningararfur \u00ed lj\u00f3si hnattv\u00e6\u00f0ingar<\/em>, 14<sup>th<\/sup> Feb. Symposium series held by the Ministery of Foreign Affairs in relation with Iceland\u2019s candidacy to UN Security Counsil 2009.<\/p>\n<p>2007: \u201cCultural governance and the problem of state: Politics of reform and the governmentalisation of music in early twentieth century Iceland\u201d, paper given at <em>Den tredje nordiska konferensen f\u00f6r kulturpolitisk forskning<\/em>. H\u00f8gskolen i Telemark (HiT), B\u00f8, 23.-24. August 2007.<\/p>\n<p>2006: \u201cArt and Government at the Millennial Celebrations in Iceland in 1930\u201d, paper given at the international summerschool: Comparative Cultural Policy Studies - Sharing the Variety of European Cultural Policies. University of Jyv\u00e4skyl\u00e4, Finland, August.<\/p>\n<p>2006: \u201cMenningararfur \u00ed fj\u00f6lmenningarsamf\u00e9lagi: Einsleitni, fj\u00f6lhyggja, tv\u00edbendni\u201d, [Cultural Heritage in Multicultural Society], paper given at the Third Icelandic History Convention. Reykjav\u00edk 18.\u201321. May.<\/p>\n<p>2005: \u201cCultural Policy and Moral Reform in Iceland during the 1920\u2019s\u201d, <em>Proceedings. Den andra nordiska konferensen f\u00f6r kulturpolitisk forskning<\/em>. Bor\u00e5s 25\u201326 augusti 2005. Centrum f\u00f6r kulturpolitisk forskning. H\u00f6gskolan i Bor\u00e5s, Sweede, pp. 232\u2013238.<\/p>\n<p>2005: \u201cThe Emergence of \u2018Icelandic Culture\u2019 in the Interwar Period\u201d, paper given at the ESRC Centre for Research on Socio-Cultural Change (CRESC) Inaugural Conference: Culture and Social Change: Disiplinary Exchanges, 11.\u201313. July. University of Manchester.<!--:--><!--:zh-->2011: \u201cUm postul\u00ednshunda og verkefni \u00edslenskrar menningarsagnfr\u00e6\u00f0i ann\u00f3 1930\u201c [On the objectives of Icelandic cultural history in year 1930], paper given at the Humanities Symposium at the University of Iceland 26<sup>th<\/sup> March 2011.<\/p>\n","protected":false},"excerpt":{"rendered":"<p>2020: \u201cR\u00fdmi torfb\u00e6jarins og l\u00edkamleg f\u00f6tlun [The turf-house space and physical disability]. Paper presented at \u00dej\u00f3\u00f0arspegll symposium at the University of Iceland 30 Okt. 2020. 2019: \u201cJazzf\u00e1r og \u00fej\u00f3\u00f0bundin menning [Jazz anxitety and national culture]\u201c. Paper presented at the 13th conference on the Icelandic society (R\u00e1\u00f0stefnan um \u00edslenska \u00fej\u00f3\u00f0f\u00e9lagi\u00f0), University of H\u00f3lar, Iceland, 16-17 May [&hellip;]<\/p>\n","protected":false},"author":1198,"featured_media":0,"parent":0,"menu_order":0,"comment_status":"closed","ping_status":"closed","template":"","meta":{"footnotes":""},"class_list":["post-57","page","type-page","status-publish","hentry"],"_links":{"self":[{"href":"https:\/\/uni.hi.is\/rastrick\/wp-json\/wp\/v2\/pages\/57","targetHints":{"allow":["GET"]}}],"collection":[{"href":"https:\/\/uni.hi.is\/rastrick\/wp-json\/wp\/v2\/pages"}],"about":[{"href":"https:\/\/uni.hi.is\/rastrick\/wp-json\/wp\/v2\/types\/page"}],"author":[{"embeddable":true,"href":"https:\/\/uni.hi.is\/rastrick\/wp-json\/wp\/v2\/users\/1198"}],"replies":[{"embeddable":true,"href":"https:\/\/uni.hi.is\/rastrick\/wp-json\/wp\/v2\/comments?post=57"}],"version-history":[{"count":9,"href":"https:\/\/uni.hi.is\/rastrick\/wp-json\/wp\/v2\/pages\/57\/revisions"}],"predecessor-version":[{"id":376,"href":"https:\/\/uni.hi.is\/rastrick\/wp-json\/wp\/v2\/pages\/57\/revisions\/376"}],"wp:attachment":[{"href":"https:\/\/uni.hi.is\/rastrick\/wp-json\/wp\/v2\/media?parent=57"}],"curies":[{"name":"wp","href":"https:\/\/api.w.org\/{rel}","templated":true}]}}