{"id":115,"date":"2017-10-25T11:42:45","date_gmt":"2017-10-25T11:42:45","guid":{"rendered":"http:\/\/uni.hi.is\/rbth\/?page_id=115"},"modified":"2017-10-25T12:52:22","modified_gmt":"2017-10-25T12:52:22","slug":"leikrit","status":"publish","type":"page","link":"https:\/\/uni.hi.is\/rbth\/leikrit\/","title":{"rendered":"Leikrit"},"content":{"rendered":"<p><a href=\"http:\/\/uni.hi.is\/rbth\/files\/2017\/10\/S-t-u-b-b-u-r.pdf\">S t u b b u r<\/a><\/p>\n<p><a href=\"http:\/\/uni.hi.is\/rbth\/files\/2017\/10\/Fyrstu-fi\u00f0rildin.pdf\">Fyrstu fi\u00f0rildin<\/a><\/p>\n<p><a href=\"http:\/\/uni.hi.is\/rbth\/files\/2017\/10\/Snorri-Sturluson-leikrit.pdf\">Snorri Sturluson leikrit<\/a><\/p>\n<p><a href=\"http:\/\/uni.hi.is\/rbth\/files\/2017\/10\/Litla-fr\u00e6i\u00f0.pdf\">Litla fr\u00e6i\u00f0<\/a><\/p>\n<p><a href=\"http:\/\/uni.hi.is\/rbth\/files\/2017\/10\/R-a-u-\u00f0-h-e-t-t-a.pdf\">R a u \u00f0 h e t t a<\/a><\/p>\n<p><a href=\"http:\/\/uni.hi.is\/rbth\/files\/2017\/10\/R-a-u-\u00f0-h-\u00fa-f-a.pdf\">R a u \u00f0 h \u00fa f a<\/a><\/p>\n<p><a href=\"http:\/\/uni.hi.is\/rbth\/files\/2017\/10\/SAGAN-AF-HLINI-K\u00d3NGSSYNI-.pdf\">SAGAN AF HLINI K\u00d3NGSSYNI<\/a><\/p>\n<p><a href=\"http:\/\/uni.hi.is\/rbth\/files\/2017\/10\/Pilturinn-sem-kunni-ekki-a\u00f0-skj\u00e1lfa.pdf\">Pilturinn sem kunni ekki a\u00f0 skj\u00e1lfa<\/a><\/p>\n<p><a href=\"http:\/\/uni.hi.is\/rbth\/files\/2017\/10\/Gj\u00f6f-s\u00f3larinnar.pdf\">Gj\u00f6f s\u00f3larinnar<\/a><\/p>\n<p><a href=\"http:\/\/uni.hi.is\/rbth\/files\/2017\/10\/J\u00f3lagu\u00f0spjalli\u00f0-.pdf\">J\u00f3lagu\u00f0spjalli\u00f0<\/a><\/p>\n<p><a href=\"http:\/\/uni.hi.is\/rbth\/files\/2017\/10\/Gullna-Hli\u00f0i\u00f0-.pdf\">Gullna Hli\u00f0i\u00f0<\/a><\/p>\n<p><a href=\"http:\/\/uni.hi.is\/rbth\/files\/2017\/10\/N\u00e6turgalinn.pdf\">N\u00e6turgalinn<\/a><\/p>\n<p><a href=\"http:\/\/uni.hi.is\/rbth\/files\/2017\/09\/Gj\u00f6f-s\u00f3larinnar-1.pdf\">Gj\u00f6f s\u00f3larinnar<\/a><\/p>\n<p><a href=\"http:\/\/uni.hi.is\/rbth\/files\/2017\/09\/Handrit-af-\u00derymskvi\u00f0u-.pdf\">Handrit af \u00derymskvi\u00f0u<\/a><\/p>\n<p><a href=\"http:\/\/uni.hi.is\/rbth\/files\/2017\/10\/Litla-fr\u00e6i\u00f0.pdf\">Litla fr\u00e6i\u00f0<\/a><\/p>\n","protected":false},"excerpt":{"rendered":"<p>S t u b b u r Fyrstu fi\u00f0rildin Snorri Sturluson leikrit Litla fr\u00e6i\u00f0 R a u \u00f0 h e t t a R a u \u00f0 h \u00fa f a SAGAN AF HLINI K\u00d3NGSSYNI Pilturinn sem kunni ekki a\u00f0 &hellip; <a href=\"https:\/\/uni.hi.is\/rbth\/leikrit\/\">Halda \u00e1fram a\u00f0 lesa <span class=\"meta-nav\">&rarr;<\/span><\/a><\/p>\n","protected":false},"author":1460,"featured_media":8,"parent":0,"menu_order":0,"comment_status":"closed","ping_status":"closed","template":"","meta":{"footnotes":""},"class_list":["post-115","page","type-page","status-publish","has-post-thumbnail","hentry"],"_links":{"self":[{"href":"https:\/\/uni.hi.is\/rbth\/wp-json\/wp\/v2\/pages\/115","targetHints":{"allow":["GET"]}}],"collection":[{"href":"https:\/\/uni.hi.is\/rbth\/wp-json\/wp\/v2\/pages"}],"about":[{"href":"https:\/\/uni.hi.is\/rbth\/wp-json\/wp\/v2\/types\/page"}],"author":[{"embeddable":true,"href":"https:\/\/uni.hi.is\/rbth\/wp-json\/wp\/v2\/users\/1460"}],"replies":[{"embeddable":true,"href":"https:\/\/uni.hi.is\/rbth\/wp-json\/wp\/v2\/comments?post=115"}],"version-history":[{"count":4,"href":"https:\/\/uni.hi.is\/rbth\/wp-json\/wp\/v2\/pages\/115\/revisions"}],"predecessor-version":[{"id":226,"href":"https:\/\/uni.hi.is\/rbth\/wp-json\/wp\/v2\/pages\/115\/revisions\/226"}],"wp:featuredmedia":[{"embeddable":true,"href":"https:\/\/uni.hi.is\/rbth\/wp-json\/wp\/v2\/media\/8"}],"wp:attachment":[{"href":"https:\/\/uni.hi.is\/rbth\/wp-json\/wp\/v2\/media?parent=115"}],"curies":[{"name":"wp","href":"https:\/\/api.w.org\/{rel}","templated":true}]}}