{"id":19,"date":"2017-09-05T18:13:13","date_gmt":"2017-09-05T18:13:13","guid":{"rendered":"http:\/\/uni.hi.is\/rbth\/?page_id=19"},"modified":"2017-09-05T18:33:12","modified_gmt":"2017-09-05T18:33:12","slug":"leikum-af-list","status":"publish","type":"page","link":"https:\/\/uni.hi.is\/rbth\/leikum-af-list\/","title":{"rendered":"Leikum af list"},"content":{"rendered":"<p>\u00c1 \u00feessari s\u00ed\u00f0ur er vanda\u00f0 kennsluefni sem tengir sama \u00edslensku, tal og hlustun, tala\u00f0 m\u00e1l og frams\u00f6gn, leiklist, l\u00edfsleikni, t\u00f3nmennt og b\u00f3kmenntir. Kennsluefni\u00f0 er h\u00e6gt a\u00f0 nota \u00e1 milli sk\u00f3lastiga \u00fe.e.a.s. fr\u00e1 leiksk\u00f3la upp \u00ed grunnsk\u00f3la. \u00dear sem kennsluefni\u00f0 tekir \u00e1 t\u00f3nmennt, leiklist, b\u00f3kmenntum og \u00edslensku \u00e6ttu kennarar a\u00f0 geta nota\u00f0 \u00fea\u00f0 \u00e1 fj\u00f6lbreyttan h\u00e1tt. Einnig er fj\u00f6ldinn allar af leikritum fyrir \u00f6ll stigin. \u00c9g sem leiklistarkennari tel mikilv\u00e6gt a\u00f0 auka frambo\u00f0 \u00e1 efni sem tengist leiklist og leikr\u00e6nu ferli er \u00feessi s\u00ed\u00f0a er hugsu\u00f0 sem gullkista fyrir \u00fe\u00e1 sem hafa \u00e1huga \u00e1 a\u00f0 nota leiklist \u00ed sk\u00f3lastarfi.<\/p>\n","protected":false},"excerpt":{"rendered":"<p>\u00c1 \u00feessari s\u00ed\u00f0ur er vanda\u00f0 kennsluefni sem tengir sama \u00edslensku, tal og hlustun, tala\u00f0 m\u00e1l og frams\u00f6gn, leiklist, l\u00edfsleikni, t\u00f3nmennt og b\u00f3kmenntir. Kennsluefni\u00f0 er h\u00e6gt a\u00f0 nota \u00e1 milli sk\u00f3lastiga \u00fe.e.a.s. fr\u00e1 leiksk\u00f3la upp \u00ed grunnsk\u00f3la. \u00dear sem kennsluefni\u00f0 tekir &hellip; <a href=\"https:\/\/uni.hi.is\/rbth\/leikum-af-list\/\">Halda \u00e1fram a\u00f0 lesa <span class=\"meta-nav\">&rarr;<\/span><\/a><\/p>\n","protected":false},"author":1460,"featured_media":0,"parent":0,"menu_order":0,"comment_status":"closed","ping_status":"closed","template":"","meta":{"footnotes":""},"class_list":["post-19","page","type-page","status-publish","hentry"],"_links":{"self":[{"href":"https:\/\/uni.hi.is\/rbth\/wp-json\/wp\/v2\/pages\/19","targetHints":{"allow":["GET"]}}],"collection":[{"href":"https:\/\/uni.hi.is\/rbth\/wp-json\/wp\/v2\/pages"}],"about":[{"href":"https:\/\/uni.hi.is\/rbth\/wp-json\/wp\/v2\/types\/page"}],"author":[{"embeddable":true,"href":"https:\/\/uni.hi.is\/rbth\/wp-json\/wp\/v2\/users\/1460"}],"replies":[{"embeddable":true,"href":"https:\/\/uni.hi.is\/rbth\/wp-json\/wp\/v2\/comments?post=19"}],"version-history":[{"count":2,"href":"https:\/\/uni.hi.is\/rbth\/wp-json\/wp\/v2\/pages\/19\/revisions"}],"predecessor-version":[{"id":32,"href":"https:\/\/uni.hi.is\/rbth\/wp-json\/wp\/v2\/pages\/19\/revisions\/32"}],"wp:attachment":[{"href":"https:\/\/uni.hi.is\/rbth\/wp-json\/wp\/v2\/media?parent=19"}],"curies":[{"name":"wp","href":"https:\/\/api.w.org\/{rel}","templated":true}]}}