{"id":2,"date":"2017-09-01T15:50:55","date_gmt":"2017-09-01T15:50:55","guid":{"rendered":"http:\/\/uni.hi.is\/rbth\/?page_id=2"},"modified":"2017-10-25T12:54:35","modified_gmt":"2017-10-25T12:54:35","slug":"daemi-um-sidu","status":"publish","type":"page","link":"https:\/\/uni.hi.is\/rbth\/daemi-um-sidu\/","title":{"rendered":"S\u00f6gur og myndir"},"content":{"rendered":"<p><a href=\"http:\/\/uni.hi.is\/rbth\/files\/2017\/09\/Camille-og-s\u00f3lbl\u00f3mi\u00f0.pdf\">Camille og s\u00f3lbl\u00f3mi\u00f0<\/a><\/p>\n<p><img loading=\"lazy\" decoding=\"async\" src=\"http:\/\/uni.hi.is\/rbth\/files\/2017\/09\/camille.forsida-150x150.jpg\" alt=\"\" width=\"150\" height=\"150\" class=\"alignnone size-thumbnail wp-image-161\" \/><\/p>\n<p><img loading=\"lazy\" decoding=\"async\" src=\"http:\/\/uni.hi.is\/rbth\/files\/2017\/09\/camille.30-31-150x150.jpg\" alt=\"\" width=\"150\" height=\"150\" class=\"alignnone size-thumbnail wp-image-160\" \/><\/p>\n<p><img loading=\"lazy\" decoding=\"async\" src=\"http:\/\/uni.hi.is\/rbth\/files\/2017\/09\/camille.28-150x150.jpg\" alt=\"\" width=\"150\" height=\"150\" class=\"alignnone size-thumbnail wp-image-158\" \/><\/p>\n<p><img loading=\"lazy\" decoding=\"async\" src=\"http:\/\/uni.hi.is\/rbth\/files\/2017\/09\/camille.29-150x150.jpg\" alt=\"\" width=\"150\" height=\"150\" class=\"alignnone size-thumbnail wp-image-159\" \/><\/p>\n<p><img loading=\"lazy\" decoding=\"async\" src=\"http:\/\/uni.hi.is\/rbth\/files\/2017\/09\/camille.27-150x150.jpg\" alt=\"\" width=\"150\" height=\"150\" class=\"alignnone size-thumbnail wp-image-157\" \/><\/p>\n<p><img loading=\"lazy\" decoding=\"async\" src=\"http:\/\/uni.hi.is\/rbth\/files\/2017\/09\/camille.25-150x150.jpg\" alt=\"\" width=\"150\" height=\"150\" class=\"alignnone size-thumbnail wp-image-155\" \/><\/p>\n<p><img loading=\"lazy\" decoding=\"async\" src=\"http:\/\/uni.hi.is\/rbth\/files\/2017\/09\/camille.26-150x150.jpg\" alt=\"\" width=\"150\" height=\"150\" class=\"alignnone size-thumbnail wp-image-156\" \/><\/p>\n<p><img loading=\"lazy\" decoding=\"async\" src=\"http:\/\/uni.hi.is\/rbth\/files\/2017\/09\/camille.24-150x150.jpg\" alt=\"\" width=\"150\" height=\"150\" class=\"alignnone size-thumbnail wp-image-154\" \/><\/p>\n<p><img loading=\"lazy\" decoding=\"async\" src=\"http:\/\/uni.hi.is\/rbth\/files\/2017\/09\/camille.22-23-150x150.jpg\" alt=\"\" width=\"150\" height=\"150\" class=\"alignnone size-thumbnail wp-image-153\" \/><\/p>\n<p><img loading=\"lazy\" decoding=\"async\" src=\"http:\/\/uni.hi.is\/rbth\/files\/2017\/09\/camille.21-150x150.jpg\" alt=\"\" width=\"150\" height=\"150\" class=\"alignnone size-thumbnail wp-image-152\" \/><\/p>\n<p><img loading=\"lazy\" decoding=\"async\" src=\"http:\/\/uni.hi.is\/rbth\/files\/2017\/09\/camille.20-150x150.jpg\" alt=\"\" width=\"150\" height=\"150\" class=\"alignnone size-thumbnail wp-image-151\" \/><\/p>\n<p><img loading=\"lazy\" decoding=\"async\" src=\"http:\/\/uni.hi.is\/rbth\/files\/2017\/09\/camille.18-19-150x150.jpg\" alt=\"\" width=\"150\" height=\"150\" class=\"alignnone size-thumbnail wp-image-150\" \/><\/p>\n<p><img loading=\"lazy\" decoding=\"async\" src=\"http:\/\/uni.hi.is\/rbth\/files\/2017\/09\/camille.16-17-150x150.jpg\" alt=\"\" width=\"150\" height=\"150\" class=\"alignnone size-thumbnail wp-image-149\" \/><\/p>\n<p><img loading=\"lazy\" decoding=\"async\" src=\"http:\/\/uni.hi.is\/rbth\/files\/2017\/09\/camille.15-150x150.jpg\" alt=\"\" width=\"150\" height=\"150\" class=\"alignnone size-thumbnail wp-image-148\" \/><\/p>\n<p><img loading=\"lazy\" decoding=\"async\" src=\"http:\/\/uni.hi.is\/rbth\/files\/2017\/09\/camille.13-150x150.jpg\" alt=\"\" width=\"150\" height=\"150\" class=\"alignnone size-thumbnail wp-image-146\" \/><\/p>\n<p><img loading=\"lazy\" decoding=\"async\" src=\"http:\/\/uni.hi.is\/rbth\/files\/2017\/09\/camille.14-150x150.jpg\" alt=\"\" width=\"150\" height=\"150\" class=\"alignnone size-thumbnail wp-image-147\" \/><\/p>\n<p><img loading=\"lazy\" decoding=\"async\" src=\"http:\/\/uni.hi.is\/rbth\/files\/2017\/09\/camille.11-150x150.jpg\" alt=\"\" width=\"150\" height=\"150\" class=\"alignnone size-thumbnail wp-image-144\" \/><\/p>\n<p><img loading=\"lazy\" decoding=\"async\" src=\"http:\/\/uni.hi.is\/rbth\/files\/2017\/09\/camille.12-150x150.jpg\" alt=\"\" width=\"150\" height=\"150\" class=\"alignnone size-thumbnail wp-image-145\" \/><\/p>\n<p><img loading=\"lazy\" decoding=\"async\" src=\"http:\/\/uni.hi.is\/rbth\/files\/2017\/09\/camille.10-150x150.jpg\" alt=\"\" width=\"150\" height=\"150\" class=\"alignnone size-thumbnail wp-image-143\" \/><\/p>\n<p><img loading=\"lazy\" decoding=\"async\" src=\"http:\/\/uni.hi.is\/rbth\/files\/2017\/09\/camille.8-150x150.jpg\" alt=\"\" width=\"150\" height=\"150\" class=\"alignnone size-thumbnail wp-image-141\" \/><\/p>\n<p><img loading=\"lazy\" decoding=\"async\" src=\"http:\/\/uni.hi.is\/rbth\/files\/2017\/09\/camille.9-150x150.jpg\" alt=\"\" width=\"150\" height=\"150\" class=\"alignnone size-thumbnail wp-image-142\" \/><\/p>\n<p><img loading=\"lazy\" decoding=\"async\" src=\"http:\/\/uni.hi.is\/rbth\/files\/2017\/09\/camille.6-7-150x150.jpg\" alt=\"\" width=\"150\" height=\"150\" class=\"alignnone size-thumbnail wp-image-140\" \/><\/p>\n<p><img loading=\"lazy\" decoding=\"async\" src=\"http:\/\/uni.hi.is\/rbth\/files\/2017\/09\/camille.4-5-150x150.jpg\" alt=\"\" width=\"150\" height=\"150\" class=\"alignnone size-thumbnail wp-image-139\" \/><\/p>\n<p><img loading=\"lazy\" decoding=\"async\" src=\"http:\/\/uni.hi.is\/rbth\/files\/2017\/09\/camille.3-150x150.jpg\" alt=\"\" width=\"150\" height=\"150\" class=\"alignnone size-thumbnail wp-image-138\" \/><\/p>\n<div id=\"attachment_137\" style=\"width: 160px\" class=\"wp-caption alignnone\"><img loading=\"lazy\" decoding=\"async\" aria-describedby=\"caption-attachment-137\" src=\"http:\/\/uni.hi.is\/rbth\/files\/2017\/09\/camille.2-150x150.jpg\" alt=\"\" width=\"150\" height=\"150\" class=\"size-thumbnail wp-image-137\" \/><p id=\"caption-attachment-137\" class=\"wp-caption-text\">Myndir me\u00f0 s\u00f6gunni um Camille og s\u00f3lbl\u00f3mi\u00f0<\/p><\/div>\n<p><a href=\"http:\/\/uni.hi.is\/rbth\/files\/2017\/09\/Gj\u00f6f-s\u00f3larinnar-3.pdf\">Gj\u00f6f s\u00f3larinnar<\/a>&lt;a <\/p>\n<div id='gallery-1' class='gallery galleryid-2 gallery-columns-3 gallery-size-thumbnail'><dl class='gallery-item'>\n\t\t\t<dt class='gallery-icon landscape'>\n\t\t\t\t<a href='https:\/\/uni.hi.is\/rbth\/daemi-um-sidu\/gift_27\/'><img loading=\"lazy\" decoding=\"async\" width=\"150\" height=\"150\" src=\"https:\/\/uni.hi.is\/rbth\/files\/2017\/09\/gift_27-150x150.jpg\" class=\"attachment-thumbnail size-thumbnail\" alt=\"\" \/><\/a>\n\t\t\t<\/dt><\/dl><dl class='gallery-item'>\n\t\t\t<dt class='gallery-icon landscape'>\n\t\t\t\t<a href='https:\/\/uni.hi.is\/rbth\/daemi-um-sidu\/gift_28\/'><img loading=\"lazy\" decoding=\"async\" width=\"150\" height=\"150\" src=\"https:\/\/uni.hi.is\/rbth\/files\/2017\/09\/gift_28-150x150.jpg\" class=\"attachment-thumbnail size-thumbnail\" alt=\"\" \/><\/a>\n\t\t\t<\/dt><\/dl><dl class='gallery-item'>\n\t\t\t<dt class='gallery-icon landscape'>\n\t\t\t\t<a href='https:\/\/uni.hi.is\/rbth\/daemi-um-sidu\/gift_forsida\/'><img loading=\"lazy\" decoding=\"async\" width=\"150\" height=\"150\" src=\"https:\/\/uni.hi.is\/rbth\/files\/2017\/09\/gift_forsida-150x150.jpg\" class=\"attachment-thumbnail size-thumbnail\" alt=\"\" \/><\/a>\n\t\t\t<\/dt><\/dl><br style=\"clear: both\" \/><dl class='gallery-item'>\n\t\t\t<dt class='gallery-icon landscape'>\n\t\t\t\t<a href='https:\/\/uni.hi.is\/rbth\/daemi-um-sidu\/gift_29\/'><img loading=\"lazy\" decoding=\"async\" width=\"150\" height=\"150\" src=\"https:\/\/uni.hi.is\/rbth\/files\/2017\/09\/gift_29-150x150.jpg\" class=\"attachment-thumbnail size-thumbnail\" alt=\"\" \/><\/a>\n\t\t\t<\/dt><\/dl><dl class='gallery-item'>\n\t\t\t<dt class='gallery-icon landscape'>\n\t\t\t\t<a href='https:\/\/uni.hi.is\/rbth\/daemi-um-sidu\/gift_saurblad\/'><img loading=\"lazy\" decoding=\"async\" width=\"150\" height=\"150\" src=\"https:\/\/uni.hi.is\/rbth\/files\/2017\/09\/gift_saurblad-150x150.jpg\" class=\"attachment-thumbnail size-thumbnail\" alt=\"\" \/><\/a>\n\t\t\t<\/dt><\/dl><dl class='gallery-item'>\n\t\t\t<dt class='gallery-icon landscape'>\n\t\t\t\t<a href='https:\/\/uni.hi.is\/rbth\/daemi-um-sidu\/gift_titilsida-2\/'><img loading=\"lazy\" decoding=\"async\" width=\"150\" height=\"150\" src=\"https:\/\/uni.hi.is\/rbth\/files\/2017\/09\/gift_titilsida-1-150x150.jpg\" class=\"attachment-thumbnail size-thumbnail\" alt=\"\" \/><\/a>\n\t\t\t<\/dt><\/dl><br style=\"clear: both\" \/><dl class='gallery-item'>\n\t\t\t<dt class='gallery-icon landscape'>\n\t\t\t\t<a href='https:\/\/uni.hi.is\/rbth\/daemi-um-sidu\/gift_21\/'><img loading=\"lazy\" decoding=\"async\" width=\"150\" height=\"150\" src=\"https:\/\/uni.hi.is\/rbth\/files\/2017\/09\/gift_21-150x150.jpg\" class=\"attachment-thumbnail size-thumbnail\" alt=\"\" \/><\/a>\n\t\t\t<\/dt><\/dl><dl class='gallery-item'>\n\t\t\t<dt class='gallery-icon landscape'>\n\t\t\t\t<a href='https:\/\/uni.hi.is\/rbth\/daemi-um-sidu\/gift_22-23-copy\/'><img loading=\"lazy\" decoding=\"async\" width=\"150\" height=\"150\" src=\"https:\/\/uni.hi.is\/rbth\/files\/2017\/09\/gift_22-23-copy-150x150.jpg\" class=\"attachment-thumbnail size-thumbnail\" alt=\"\" \/><\/a>\n\t\t\t<\/dt><\/dl><dl class='gallery-item'>\n\t\t\t<dt class='gallery-icon landscape'>\n\t\t\t\t<a href='https:\/\/uni.hi.is\/rbth\/daemi-um-sidu\/gift_22-23\/'><img loading=\"lazy\" decoding=\"async\" width=\"150\" height=\"150\" src=\"https:\/\/uni.hi.is\/rbth\/files\/2017\/09\/gift_22-23-150x150.jpg\" class=\"attachment-thumbnail size-thumbnail\" alt=\"\" \/><\/a>\n\t\t\t<\/dt><\/dl><br style=\"clear: both\" \/><dl class='gallery-item'>\n\t\t\t<dt class='gallery-icon portrait'>\n\t\t\t\t<a href='https:\/\/uni.hi.is\/rbth\/daemi-um-sidu\/gift_24\/'><img loading=\"lazy\" decoding=\"async\" width=\"150\" height=\"150\" src=\"https:\/\/uni.hi.is\/rbth\/files\/2017\/09\/gift_24-150x150.jpg\" class=\"attachment-thumbnail size-thumbnail\" alt=\"\" \/><\/a>\n\t\t\t<\/dt><\/dl><dl class='gallery-item'>\n\t\t\t<dt class='gallery-icon landscape'>\n\t\t\t\t<a href='https:\/\/uni.hi.is\/rbth\/daemi-um-sidu\/gift_25\/'><img loading=\"lazy\" decoding=\"async\" width=\"150\" height=\"150\" src=\"https:\/\/uni.hi.is\/rbth\/files\/2017\/09\/gift_25-150x150.jpg\" class=\"attachment-thumbnail size-thumbnail\" alt=\"\" \/><\/a>\n\t\t\t<\/dt><\/dl><dl class='gallery-item'>\n\t\t\t<dt class='gallery-icon landscape'>\n\t\t\t\t<a href='https:\/\/uni.hi.is\/rbth\/daemi-um-sidu\/gift_26\/'><img loading=\"lazy\" decoding=\"async\" width=\"150\" height=\"150\" src=\"https:\/\/uni.hi.is\/rbth\/files\/2017\/09\/gift_26-150x150.jpg\" class=\"attachment-thumbnail size-thumbnail\" alt=\"\" \/><\/a>\n\t\t\t<\/dt><\/dl><br style=\"clear: both\" \/><dl class='gallery-item'>\n\t\t\t<dt class='gallery-icon landscape'>\n\t\t\t\t<a href='https:\/\/uni.hi.is\/rbth\/daemi-um-sidu\/gift_20\/'><img loading=\"lazy\" decoding=\"async\" width=\"150\" height=\"150\" src=\"https:\/\/uni.hi.is\/rbth\/files\/2017\/09\/gift_20-150x150.jpg\" class=\"attachment-thumbnail size-thumbnail\" alt=\"\" \/><\/a>\n\t\t\t<\/dt><\/dl><dl class='gallery-item'>\n\t\t\t<dt class='gallery-icon landscape'>\n\t\t\t\t<a href='https:\/\/uni.hi.is\/rbth\/daemi-um-sidu\/gift_21-copy\/'><img loading=\"lazy\" decoding=\"async\" width=\"150\" height=\"150\" src=\"https:\/\/uni.hi.is\/rbth\/files\/2017\/09\/gift_21-copy-150x150.jpg\" class=\"attachment-thumbnail size-thumbnail\" alt=\"\" \/><\/a>\n\t\t\t<\/dt><\/dl><dl class='gallery-item'>\n\t\t\t<dt class='gallery-icon landscape'>\n\t\t\t\t<a href='https:\/\/uni.hi.is\/rbth\/daemi-um-sidu\/gift_18-19\/'><img loading=\"lazy\" decoding=\"async\" width=\"150\" height=\"150\" src=\"https:\/\/uni.hi.is\/rbth\/files\/2017\/09\/gift_18-19-150x150.jpg\" class=\"attachment-thumbnail size-thumbnail\" alt=\"\" \/><\/a>\n\t\t\t<\/dt><\/dl><br style=\"clear: both\" \/><dl class='gallery-item'>\n\t\t\t<dt class='gallery-icon landscape'>\n\t\t\t\t<a href='https:\/\/uni.hi.is\/rbth\/daemi-um-sidu\/gift_17\/'><img loading=\"lazy\" decoding=\"async\" width=\"150\" height=\"150\" src=\"https:\/\/uni.hi.is\/rbth\/files\/2017\/09\/gift_17-150x150.jpg\" class=\"attachment-thumbnail size-thumbnail\" alt=\"\" \/><\/a>\n\t\t\t<\/dt><\/dl><dl class='gallery-item'>\n\t\t\t<dt class='gallery-icon landscape'>\n\t\t\t\t<a href='https:\/\/uni.hi.is\/rbth\/daemi-um-sidu\/gift_15\/'><img loading=\"lazy\" decoding=\"async\" width=\"150\" height=\"150\" src=\"https:\/\/uni.hi.is\/rbth\/files\/2017\/09\/gift_15-150x150.jpg\" class=\"attachment-thumbnail size-thumbnail\" alt=\"\" \/><\/a>\n\t\t\t<\/dt><\/dl><dl class='gallery-item'>\n\t\t\t<dt class='gallery-icon landscape'>\n\t\t\t\t<a href='https:\/\/uni.hi.is\/rbth\/daemi-um-sidu\/gift_16\/'><img loading=\"lazy\" decoding=\"async\" width=\"150\" height=\"150\" src=\"https:\/\/uni.hi.is\/rbth\/files\/2017\/09\/gift_16-150x150.jpg\" class=\"attachment-thumbnail size-thumbnail\" alt=\"\" \/><\/a>\n\t\t\t<\/dt><\/dl><br style=\"clear: both\" \/><dl class='gallery-item'>\n\t\t\t<dt class='gallery-icon landscape'>\n\t\t\t\t<a href='https:\/\/uni.hi.is\/rbth\/daemi-um-sidu\/gift_8\/'><img loading=\"lazy\" decoding=\"async\" width=\"150\" height=\"150\" src=\"https:\/\/uni.hi.is\/rbth\/files\/2017\/09\/gift_8-150x150.jpg\" class=\"attachment-thumbnail size-thumbnail\" alt=\"\" \/><\/a>\n\t\t\t<\/dt><\/dl><dl class='gallery-item'>\n\t\t\t<dt class='gallery-icon portrait'>\n\t\t\t\t<a href='https:\/\/uni.hi.is\/rbth\/daemi-um-sidu\/gift_9\/'><img loading=\"lazy\" decoding=\"async\" width=\"150\" height=\"150\" src=\"https:\/\/uni.hi.is\/rbth\/files\/2017\/09\/gift_9-150x150.jpg\" class=\"attachment-thumbnail size-thumbnail\" alt=\"\" \/><\/a>\n\t\t\t<\/dt><\/dl><dl class='gallery-item'>\n\t\t\t<dt class='gallery-icon landscape'>\n\t\t\t\t<a href='https:\/\/uni.hi.is\/rbth\/daemi-um-sidu\/gift_10\/'><img loading=\"lazy\" decoding=\"async\" width=\"150\" height=\"150\" src=\"https:\/\/uni.hi.is\/rbth\/files\/2017\/09\/gift_10-150x150.jpg\" class=\"attachment-thumbnail size-thumbnail\" alt=\"\" \/><\/a>\n\t\t\t<\/dt><\/dl><br style=\"clear: both\" \/><dl class='gallery-item'>\n\t\t\t<dt class='gallery-icon landscape'>\n\t\t\t\t<a href='https:\/\/uni.hi.is\/rbth\/daemi-um-sidu\/gift_11\/'><img loading=\"lazy\" decoding=\"async\" width=\"150\" height=\"150\" src=\"https:\/\/uni.hi.is\/rbth\/files\/2017\/09\/gift_11-150x150.jpg\" class=\"attachment-thumbnail size-thumbnail\" alt=\"\" \/><\/a>\n\t\t\t<\/dt><\/dl><dl class='gallery-item'>\n\t\t\t<dt class='gallery-icon landscape'>\n\t\t\t\t<a href='https:\/\/uni.hi.is\/rbth\/daemi-um-sidu\/gift_12-13\/'><img loading=\"lazy\" decoding=\"async\" width=\"150\" height=\"150\" src=\"https:\/\/uni.hi.is\/rbth\/files\/2017\/09\/gift_12-13-150x150.jpg\" class=\"attachment-thumbnail size-thumbnail\" alt=\"\" \/><\/a>\n\t\t\t<\/dt><\/dl><dl class='gallery-item'>\n\t\t\t<dt class='gallery-icon portrait'>\n\t\t\t\t<a href='https:\/\/uni.hi.is\/rbth\/daemi-um-sidu\/gift_14\/'><img loading=\"lazy\" decoding=\"async\" width=\"150\" height=\"150\" src=\"https:\/\/uni.hi.is\/rbth\/files\/2017\/09\/gift_14-150x150.jpg\" class=\"attachment-thumbnail size-thumbnail\" alt=\"\" \/><\/a>\n\t\t\t<\/dt><\/dl><br style=\"clear: both\" \/><dl class='gallery-item'>\n\t\t\t<dt class='gallery-icon landscape'>\n\t\t\t\t<a href='https:\/\/uni.hi.is\/rbth\/daemi-um-sidu\/gift_7\/'><img loading=\"lazy\" decoding=\"async\" width=\"150\" height=\"150\" src=\"https:\/\/uni.hi.is\/rbth\/files\/2017\/09\/gift_7-150x150.jpg\" class=\"attachment-thumbnail size-thumbnail\" alt=\"\" \/><\/a>\n\t\t\t<\/dt><\/dl><dl class='gallery-item'>\n\t\t\t<dt class='gallery-icon landscape'>\n\t\t\t\t<a href='https:\/\/uni.hi.is\/rbth\/daemi-um-sidu\/gift_6\/'><img loading=\"lazy\" decoding=\"async\" width=\"150\" height=\"150\" src=\"https:\/\/uni.hi.is\/rbth\/files\/2017\/09\/gift_6-150x150.jpg\" class=\"attachment-thumbnail size-thumbnail\" alt=\"\" aria-describedby=\"gallery-1-162\" \/><\/a>\n\t\t\t<\/dt>\n\t\t\t\t<dd class='wp-caption-text gallery-caption' id='gallery-1-162'>\n\t\t\t\tGj\u00f6f s\u00f3larinnar\n\t\t\t\t<\/dd><\/dl>\n\t\t\t<br style='clear: both' \/>\n\t\t<\/div>\n\n<p><a href=\"http:\/\/uni.hi.is\/rbth\/files\/2017\/09\/Handrit-af-\u00derymskvi\u00f0u-1-1.pdf\">Handrit af \u00derymskvi\u00f0u<\/a><\/p>\n","protected":false},"excerpt":{"rendered":"<p>Camille og s\u00f3lbl\u00f3mi\u00f0 Gj\u00f6f s\u00f3larinnar&lt;a Handrit af \u00derymskvi\u00f0u<\/p>\n","protected":false},"author":1460,"featured_media":0,"parent":0,"menu_order":0,"comment_status":"closed","ping_status":"open","template":"","meta":{"footnotes":""},"class_list":["post-2","page","type-page","status-publish","hentry"],"_links":{"self":[{"href":"https:\/\/uni.hi.is\/rbth\/wp-json\/wp\/v2\/pages\/2","targetHints":{"allow":["GET"]}}],"collection":[{"href":"https:\/\/uni.hi.is\/rbth\/wp-json\/wp\/v2\/pages"}],"about":[{"href":"https:\/\/uni.hi.is\/rbth\/wp-json\/wp\/v2\/types\/page"}],"author":[{"embeddable":true,"href":"https:\/\/uni.hi.is\/rbth\/wp-json\/wp\/v2\/users\/1460"}],"replies":[{"embeddable":true,"href":"https:\/\/uni.hi.is\/rbth\/wp-json\/wp\/v2\/comments?post=2"}],"version-history":[{"count":14,"href":"https:\/\/uni.hi.is\/rbth\/wp-json\/wp\/v2\/pages\/2\/revisions"}],"predecessor-version":[{"id":227,"href":"https:\/\/uni.hi.is\/rbth\/wp-json\/wp\/v2\/pages\/2\/revisions\/227"}],"wp:attachment":[{"href":"https:\/\/uni.hi.is\/rbth\/wp-json\/wp\/v2\/media?parent=2"}],"curies":[{"name":"wp","href":"https:\/\/api.w.org\/{rel}","templated":true}]}}