{"id":69,"date":"2017-09-05T18:48:37","date_gmt":"2017-09-05T18:48:37","guid":{"rendered":"http:\/\/uni.hi.is\/rbth\/?page_id=69"},"modified":"2017-10-25T12:48:53","modified_gmt":"2017-10-25T12:48:53","slug":"yngsta-stig","status":"publish","type":"page","link":"https:\/\/uni.hi.is\/rbth\/yngsta-stig\/","title":{"rendered":"Yngsta stig"},"content":{"rendered":"<p><a href=\"http:\/\/uni.hi.is\/rbth\/files\/2017\/09\/G\u00f6ngin-1.pdf\">G\u00f6ngin<\/a><\/p>\n<p><a href=\"http:\/\/uni.hi.is\/rbth\/files\/2017\/09\/Kristnitakan-\u00e1ri\u00f0-1000.pdf\">Kristnitakan \u00e1ri\u00f0 1000<\/a><\/p>\n<p><a href=\"http:\/\/uni.hi.is\/rbth\/files\/2017\/09\/Heimkoman.pdf\">Heimkoman<\/a><\/p>\n<p><a href=\"http:\/\/uni.hi.is\/rbth\/files\/2017\/09\/\u00datsk\u00fdringar-kennslua\u00f0fer\u00f0a-\u00ed-leiklist-1-1.pdf\">\u00datsk\u00fdringar kennslua\u00f0fer\u00f0a \u00ed leiklist<\/a><\/p>\n<p><a href=\"http:\/\/uni.hi.is\/rbth\/files\/2017\/09\/B\u00edllinn.pdf\">B\u00edllinn<\/a><\/p>\n<p><a href=\"http:\/\/uni.hi.is\/rbth\/files\/2017\/09\/\u00c6vint\u00fdrasmi\u00f0jan.pdf\">\u00c6vint\u00fdrasmi\u00f0jan<\/a><\/p>\n<p><a href=\"http:\/\/uni.hi.is\/rbth\/files\/2017\/09\/\u00datsk\u00fdringar-kennslua\u00f0fer\u00f0a-\u00ed-leiklist-.pdf\">\u00datsk\u00fdringar kennslua\u00f0fer\u00f0a \u00ed leiklist<\/a><\/p>\n<p><a href=\"http:\/\/uni.hi.is\/rbth\/files\/2017\/09\/G\u00f6ngin.pdf\">G\u00f6ngin<\/a><\/p>\n<p><a href=\"http:\/\/uni.hi.is\/rbth\/files\/2017\/09\/Fatan-hans-Bigga.pdf\">Fatan hans Bigga<\/a><\/p>\n<p><a href=\"http:\/\/uni.hi.is\/rbth\/files\/2017\/09\/Gj\u00f6f-s\u00f3larinnar.pdf\">Gj\u00f6f s\u00f3larinnar<\/a><\/p>\n<p><a href=\"http:\/\/uni.hi.is\/rbth\/files\/2017\/09\/Lautarfer\u00f0-bangsa-1.pdf\">Lautarfer\u00f0 bangsa<\/a><\/p>\n","protected":false},"excerpt":{"rendered":"<p>G\u00f6ngin Kristnitakan \u00e1ri\u00f0 1000 Heimkoman \u00datsk\u00fdringar kennslua\u00f0fer\u00f0a \u00ed leiklist B\u00edllinn \u00c6vint\u00fdrasmi\u00f0jan \u00datsk\u00fdringar kennslua\u00f0fer\u00f0a \u00ed leiklist G\u00f6ngin Fatan hans Bigga Gj\u00f6f s\u00f3larinnar Lautarfer\u00f0 bangsa<\/p>\n","protected":false},"author":1460,"featured_media":0,"parent":0,"menu_order":0,"comment_status":"closed","ping_status":"closed","template":"","meta":{"footnotes":""},"class_list":["post-69","page","type-page","status-publish","hentry"],"_links":{"self":[{"href":"https:\/\/uni.hi.is\/rbth\/wp-json\/wp\/v2\/pages\/69","targetHints":{"allow":["GET"]}}],"collection":[{"href":"https:\/\/uni.hi.is\/rbth\/wp-json\/wp\/v2\/pages"}],"about":[{"href":"https:\/\/uni.hi.is\/rbth\/wp-json\/wp\/v2\/types\/page"}],"author":[{"embeddable":true,"href":"https:\/\/uni.hi.is\/rbth\/wp-json\/wp\/v2\/users\/1460"}],"replies":[{"embeddable":true,"href":"https:\/\/uni.hi.is\/rbth\/wp-json\/wp\/v2\/comments?post=69"}],"version-history":[{"count":4,"href":"https:\/\/uni.hi.is\/rbth\/wp-json\/wp\/v2\/pages\/69\/revisions"}],"predecessor-version":[{"id":222,"href":"https:\/\/uni.hi.is\/rbth\/wp-json\/wp\/v2\/pages\/69\/revisions\/222"}],"wp:attachment":[{"href":"https:\/\/uni.hi.is\/rbth\/wp-json\/wp\/v2\/media?parent=69"}],"curies":[{"name":"wp","href":"https:\/\/api.w.org\/{rel}","templated":true}]}}