{"id":72,"date":"2017-09-05T18:49:04","date_gmt":"2017-09-05T18:49:04","guid":{"rendered":"http:\/\/uni.hi.is\/rbth\/?page_id=72"},"modified":"2017-10-25T12:55:36","modified_gmt":"2017-10-25T12:55:36","slug":"midstig","status":"publish","type":"page","link":"https:\/\/uni.hi.is\/rbth\/midstig\/","title":{"rendered":"Mi\u00f0stig"},"content":{"rendered":"<p><a href=\"http:\/\/uni.hi.is\/rbth\/files\/2017\/09\/Egils-saga.pdf\">Egils saga<\/a><img loading=\"lazy\" decoding=\"async\" src=\"http:\/\/uni.hi.is\/rbth\/files\/2017\/09\/cropped-gift_titilsida-150x150.jpg\" alt=\"\" width=\"150\" height=\"150\" class=\"alignnone size-thumbnail wp-image-48\" srcset=\"https:\/\/uni.hi.is\/rbth\/files\/2017\/09\/cropped-gift_titilsida-150x150.jpg 150w, https:\/\/uni.hi.is\/rbth\/files\/2017\/09\/cropped-gift_titilsida-300x300.jpg 300w, https:\/\/uni.hi.is\/rbth\/files\/2017\/09\/cropped-gift_titilsida-270x270.jpg 270w, https:\/\/uni.hi.is\/rbth\/files\/2017\/09\/cropped-gift_titilsida-192x192.jpg 192w, https:\/\/uni.hi.is\/rbth\/files\/2017\/09\/cropped-gift_titilsida-180x180.jpg 180w, https:\/\/uni.hi.is\/rbth\/files\/2017\/09\/cropped-gift_titilsida-32x32.jpg 32w, https:\/\/uni.hi.is\/rbth\/files\/2017\/09\/cropped-gift_titilsida.jpg 512w\" sizes=\"auto, (max-width: 150px) 100vw, 150px\" \/><\/p>\n<p><a href=\"http:\/\/uni.hi.is\/rbth\/files\/2017\/10\/J\u00f3lagu\u00f0spjalli\u00f0-.pdf\">J\u00f3lagu\u00f0spjalli\u00f0<\/a><\/p>\n<p><a href=\"http:\/\/uni.hi.is\/rbth\/files\/2017\/09\/\u00datsk\u00fdringar-kennslua\u00f0fer\u00f0a-\u00ed-leiklist-1-3.pdf\">\u00datsk\u00fdringar kennslua\u00f0fer\u00f0a \u00ed leiklist<\/a><\/p>\n<p><a href=\"http:\/\/uni.hi.is\/rbth\/files\/2017\/09\/Benjam\u00edn-d\u00fafa-1.pdf\">Benjam\u00edn d\u00fafa<\/a><\/p>\n<p><a href=\"http:\/\/uni.hi.is\/rbth\/files\/2017\/09\/Heimkoman-framkv\u00e6mdal\u00fdsing-me\u00f0-handriti.pdf\">Heimkoman, framkv\u00e6mdal\u00fdsing me\u00f0 handriti<\/a><\/p>\n<p><a href=\"http:\/\/uni.hi.is\/rbth\/files\/2017\/09\/Kristnitakan-\u00e1ri\u00f0-1000-1.pdf\">Kristnitakan \u00e1ri\u00f0 1000<\/a><\/p>\n<p><a href=\"http:\/\/uni.hi.is\/rbth\/files\/2017\/09\/G\u00f6ngin-2.pdf\">G\u00f6ngin<\/a><\/p>\n<p><a href=\"http:\/\/uni.hi.is\/rbth\/files\/2017\/09\/Snorra-saga-1.pdf\">Snorra saga<\/a><\/p>\n<p><a href=\"http:\/\/uni.hi.is\/rbth\/files\/2017\/09\/Heimkoman-1.pdf\">Heimkoman<\/a><\/p>\n<p><a href=\"http:\/\/uni.hi.is\/rbth\/files\/2017\/09\/Unni\u00f0-me\u00f0-\u00e6vint\u00fdratexta-1-1.pdf\">Unni\u00f0 me\u00f0 \u00e6vint\u00fdratexta<\/a><\/p>\n<p><a href=\"http:\/\/uni.hi.is\/rbth\/files\/2017\/09\/\u00datsk\u00fdringar-kennslua\u00f0fer\u00f0a-\u00ed-leiklist-1-4.pdf\">\u00datsk\u00fdringar kennslua\u00f0fer\u00f0a \u00ed leiklist<\/a><\/p>\n","protected":false},"excerpt":{"rendered":"<p>Egils saga J\u00f3lagu\u00f0spjalli\u00f0 \u00datsk\u00fdringar kennslua\u00f0fer\u00f0a \u00ed leiklist Benjam\u00edn d\u00fafa Heimkoman, framkv\u00e6mdal\u00fdsing me\u00f0 handriti Kristnitakan \u00e1ri\u00f0 1000 G\u00f6ngin Snorra saga Heimkoman Unni\u00f0 me\u00f0 \u00e6vint\u00fdratexta \u00datsk\u00fdringar kennslua\u00f0fer\u00f0a \u00ed leiklist<\/p>\n","protected":false},"author":1460,"featured_media":0,"parent":0,"menu_order":3,"comment_status":"closed","ping_status":"closed","template":"","meta":{"footnotes":""},"class_list":["post-72","page","type-page","status-publish","hentry"],"_links":{"self":[{"href":"https:\/\/uni.hi.is\/rbth\/wp-json\/wp\/v2\/pages\/72","targetHints":{"allow":["GET"]}}],"collection":[{"href":"https:\/\/uni.hi.is\/rbth\/wp-json\/wp\/v2\/pages"}],"about":[{"href":"https:\/\/uni.hi.is\/rbth\/wp-json\/wp\/v2\/types\/page"}],"author":[{"embeddable":true,"href":"https:\/\/uni.hi.is\/rbth\/wp-json\/wp\/v2\/users\/1460"}],"replies":[{"embeddable":true,"href":"https:\/\/uni.hi.is\/rbth\/wp-json\/wp\/v2\/comments?post=72"}],"version-history":[{"count":6,"href":"https:\/\/uni.hi.is\/rbth\/wp-json\/wp\/v2\/pages\/72\/revisions"}],"predecessor-version":[{"id":228,"href":"https:\/\/uni.hi.is\/rbth\/wp-json\/wp\/v2\/pages\/72\/revisions\/228"}],"wp:attachment":[{"href":"https:\/\/uni.hi.is\/rbth\/wp-json\/wp\/v2\/media?parent=72"}],"curies":[{"name":"wp","href":"https:\/\/api.w.org\/{rel}","templated":true}]}}