{"id":99,"date":"2015-11-18T03:56:14","date_gmt":"2015-11-18T03:56:14","guid":{"rendered":"http:\/\/uni.hi.is\/rosatti\/?page_id=99"},"modified":"2025-12-11T18:16:27","modified_gmt":"2025-12-11T18:16:27","slug":"lectures-in-conferences-congresses-seminars-and-other-cultural-events","status":"publish","type":"page","link":"https:\/\/uni.hi.is\/rosatti\/lectures-in-conferences-congresses-seminars-and-other-cultural-events\/","title":{"rendered":"Lectures"},"content":{"rendered":"<p><strong><img loading=\"lazy\" decoding=\"async\" class=\"alignnone size-medium wp-image-116\" src=\"http:\/\/uni.hi.is\/rosatti\/files\/2016\/09\/cropped-Foto-italianisti-216x300.jpg\" alt=\"cropped-Foto-italianisti.jpg\" width=\"216\" height=\"300\" srcset=\"https:\/\/uni.hi.is\/rosatti\/files\/2016\/09\/cropped-Foto-italianisti-216x300.jpg 216w, https:\/\/uni.hi.is\/rosatti\/files\/2016\/09\/cropped-Foto-italianisti-768x1069.jpg 768w, https:\/\/uni.hi.is\/rosatti\/files\/2016\/09\/cropped-Foto-italianisti-736x1024.jpg 736w, https:\/\/uni.hi.is\/rosatti\/files\/2016\/09\/cropped-Foto-italianisti.jpg 1000w\" sizes=\"auto, (max-width: 216px) 100vw, 216px\" \/><\/strong><\/p>\n<p><strong>2025<\/strong>: Adam Mickiewicz University, Poznan, 3th-4th April.<\/p>\n<p>International conference: <em>I contesti dell'italiano: variabilit\u00e0 nella lingua, didattica, letteratura e cultura<\/em>.<\/p>\n<p><em><strong>C'\u00e8 resistenza e Resistenza: <\/strong><\/em><strong>La malora<\/strong><em><strong> di Beppe Fenoglio.<\/strong><\/em><\/p>\n<p>&nbsp;<\/p>\n<p><strong>2024<\/strong>: Universit\u00e4t Freiburg, 7th-9th March. Freiburg im Breisgau.<\/p>\n<p>International conference: XIII. Italianistiktag 2024. <em>Categorie, formazione, trasformazione, (inter)azione<\/em>.<\/p>\n<p><strong><em>Clemente rebora \"vociano\" e \"lombardo\": due categorie da rivedere.<\/em><\/strong><\/p>\n<p>&nbsp;<\/p>\n<p><strong>2023<\/strong>: Jagiellonian University, Krak\u00f3w, 27th-28th October.<\/p>\n<p>International conference: <em>Mezzo secolo di italianistica a Cracovia. <\/em><\/p>\n<p><em>L'italia e il suo patrimonio culturale, letterario e linguistico.<\/em><\/p>\n<p><em><strong>Lo \"stilismo lombardo\" dei <\/strong><\/em><strong>Frammenti lirici<\/strong><em><strong> di Rebora: una categoria da rivedere?<\/strong><\/em><\/p>\n<p>&nbsp;<\/p>\n<p><strong>2023<\/strong>: Copenhagen University, 7th-9th June.<\/p>\n<p>Intarnational conference: <em>Panorama attuale dell'italianistica in Scandinavia.<\/em><\/p>\n<p>XIII Congresso degli Italianisti Scandinavi.<\/p>\n<p><strong><em>Un'opinione da poeta di fronte alla realt\u00e0: <\/em>Memoriale<em> di Paolo Volponi.<\/em><\/strong><\/p>\n<p>&nbsp;<\/p>\n<p><strong>2019<\/strong>: University of Catania, 16th-18th October.<\/p>\n<p>International conference: <em>I linguaggi del potere<\/em>.<\/p>\n<p><em><strong>Le lettere di Clemente Rebora tra guerra e dopoguerra: il rapporto con il potere e quello con lo stile.<\/strong><\/em><\/p>\n<p>&nbsp;<\/p>\n<p><strong>2019<\/strong>: University of Helsinki and University of Tallinn, 13<sup>th<\/sup>-14<sup>th<\/sup> June.<\/p>\n<p>Scandinavian Italianists, 12<sup>th<\/sup> International Congress.<\/p>\n<p><strong>Dall'imagine tesa <em>(1920 ca.). Prefigurazione o sterile invocazione del divino? Un'analisi controcorrente della lirica di <\/em><\/strong><strong><em>Clemente Rebora.<\/em><\/strong><\/p>\n<p>&nbsp;<\/p>\n<p><strong>2018<\/strong>: Gu\u00f0brandsstofa - Stofnun Vigd\u00edsar Finnbogad\u00f3ttur \u00ed erlendum m\u00e1lum.<\/p>\n<p>M\u00e1l\u00feing \u00e1 H\u00f3lum, 24<sup>th<\/sup>- 25<sup>th<\/sup> November. Symposium: <em>Syndin \u00ed t\u00edma og \u00f3t\u00edma.<\/em><\/p>\n<p><em><strong>Parad\u00eds \u00ed Gu\u00f0d\u00f3mleik Dantes: d\u00fdrlingar, vitringar, postular og and\u00fa\u00f0 \u00feeirra \u00e1 ka\u00fe\u00f3lsku kirkjunni.<\/strong><\/em><\/p>\n<p>(Paradise in Dante's <em>Comedy<\/em>: Saints, Men of Wisdom, Apostles and their aversion of the Catholic Church).<\/p>\n<p>&nbsp;<\/p>\n<p><strong>2018<\/strong>: University of Iceland. Hugv\u00edsinda\u00feing, 10<sup>th<\/sup>- 11<sup>th<\/sup> March.<\/p>\n<p><em><strong>S\u00fdnir og syndir, samheldni og sundrung \u00ed Gle\u00f0ileiknum Gu\u00f0d\u00f3mlega.<\/strong><\/em><\/p>\n<p>(Visions and Sins, Unity and Dissolution in the <em>Divine Comedy<\/em>).<\/p>\n<p>&nbsp;<\/p>\n<p><strong>2018<\/strong>: University of Iceland, 7<sup>th<\/sup> - 8<sup>th<\/sup> June.<\/p>\n<p>International conference: <em>Sponde, confini, trincee: l'Italia nell'Europa post-1918.<\/em><\/p>\n<p><em><strong>Clemente Rebora \"politico\" (1920-1922).<\/strong><\/em><\/p>\n<p>&nbsp;<\/p>\n<p><strong>2017<\/strong>: University of Warsaw (Uniwersytet Warszawski), 6<sup>th<\/sup>- 8<sup>th<\/sup> April.<\/p>\n<p>International conference: <em>Dal dialogo al polilogo: L'Italia nel mondo. Lingue, letterature e culture in contatto.<\/em><\/p>\n<p><em><strong>Le traduzioni e il loro rapporto con l'evoluzione ideologica e spirituale del traduttore: il caso di Clemente Rebora.<\/strong><\/em><\/p>\n<p>&nbsp;<\/p>\n<p><strong>2016<\/strong>: University of Sfax (Tunisia), 25<sup>th<\/sup>-27<sup>th <\/sup>February.<\/p>\n<p>International conference: <em>L'esilio tra corpo e anima<\/em>.<\/p>\n<p><em><strong>La grande emigrazione italiana (1860-1920): uno studio socio-letterario.<\/strong><\/em><\/p>\n<p>&nbsp;<\/p>\n<p><strong>2016<\/strong>: University of Iceland. Hugv\u00edsinda\u00feing, 11<sup>th<\/sup>-12<sup>th<\/sup> March.<\/p>\n<p><em><strong>Elena Ferrante. Fr\u00e1s\u00f6gn af \"fram\u00farskarandi\" <\/strong><\/em><\/p>\n<p><em><strong>sk\u00e1lds\u00f6gu og \u00f3nau\u00f0synlegri sk\u00e1ldkonu<\/strong><\/em> (Elena Ferrante. Report on a \"brilliant\"<\/p>\n<p>novel and an unnecessary woman writer).<\/p>\n<p>&nbsp;<\/p>\n<p><strong>2016<\/strong>: \u00a0University of Dalarna (Falun, Sweden), 9<sup>th<\/sup>-11<sup>th<\/sup> June.<\/p>\n<p>Scandinavian Italianists, 11<sup>th<\/sup> International Congress.<\/p>\n<p><em><strong>Il frammentismo di Clemente Rebora<\/strong>.<\/em><\/p>\n<p>&nbsp;<\/p>\n<p><strong>2015<\/strong>: \u00a0University of Iceland. Hugv\u00edsinda\u00feing, 13<sup>th<\/sup>-14<sup>th<\/sup> March.<\/p>\n<p><em><strong>Lj\u00f3si\u00f0 \u00ed <\/strong><\/em><strong>Gle\u00f0ileiknum gu\u00f0d\u00f3mlega <\/strong>(The light in the <em>Divine\u00a0<\/em><em>Comedy<\/em>).<\/p>\n<p>&nbsp;<\/p>\n<p><strong>2014<\/strong>:\u00a0 University of Iceland, 12<sup>th<\/sup>-15<sup>th<\/sup> August.<\/p>\n<p>Scandinavian Romanists 19<sup>th<\/sup> International Congress.<\/p>\n<p><em><strong>Poesia, amore e morte. Il misterioso \u201ccaso\u201d di Isabella <\/strong><\/em><\/p>\n<p><em><strong>di Morra (1515-20 \u2013 1545-50)<\/strong> <\/em>(Poetry, love and death.<\/p>\n<p>Isabella di Morra\u2019s misterious \u201ccase\u201d).<\/p>\n<p><strong><em>\u00a0<\/em><\/strong><\/p>\n<p><strong>2014<\/strong>:<strong><em>\u00a0 <\/em><\/strong>University of Iceland. Hugv\u00edsinda\u00feing:<\/p>\n<p><em><strong>Kvenfrelsi og undirokun. S\u00e9rkennileg \u00feverst\u00e6\u00f0a hj\u00e1 \u00ferem <\/strong><\/em><\/p>\n<p><em><strong>\u00edt\u00f6lskum <\/strong><strong>kvenrith\u00f6fundum \u00ed lok 19. aldar <\/strong><\/em>(Female\u00a0 emancipation<\/p>\n<p>and submission. Peculiar ambiguities in three female Italian<\/p>\n<p>writers of the late nineteenth century).<\/p>\n<p><strong><em>\u00a0<\/em><\/strong><\/p>\n<p><strong>2013<\/strong>:\u00a0\u00a0 University of Iceland, 13<sup>th<\/sup>-15<sup>th<\/sup> June.<\/p>\n<p>Scandinavian Italianists, 10<sup>th<\/sup> International Congress.<\/p>\n<p><em><strong>Pasolini e noi: vecchie nuove questioni linguistiche <\/strong><\/em>(Pasolini and us. Old new linguistic questions).<\/p>\n<p>&nbsp;<\/p>\n<p><strong>2013<\/strong>:\u00a0\u00a0 University of Iceland. Hugv\u00edsinda\u00feing:<\/p>\n<p><em><strong>\u201cLangfer\u00f0in\u201d, sm\u00e1saga eftir Leonardo Sciascia. Ford\u00f3mar og\u00a0 <\/strong><\/em><\/p>\n<p><em><strong>klisjur um f\u00f3lksflutninga \u00ed \u00edt\u00f6lskum b\u00f3kmenntum tuttugustu<\/strong><\/em><\/p>\n<p><strong><em>Aldar<\/em>. <\/strong>(\u00abThe Long Journey\u00bb, a short tale by L. Sciascia. Prejudices and<\/p>\n<p>stereotypes about emigrants in the Italian literature of the twentieth century).<\/p>\n<p>&nbsp;<\/p>\n<p><strong>2012<\/strong>: Seminar on Literature and Arts (Organized by the Section of<\/p>\n<p>Italian, University of Iceland): <strong><em>La Liguria, i Liguri, Genova e il mare<\/em>.<\/strong><\/p>\n<p>&nbsp;<\/p>\n<p><strong>2012<\/strong>:\u00a0\u00a0 University of Iceland. Hugv\u00edsinda\u00feing:<\/p>\n<p><em><strong>Method and style in Calvino\u2019s <\/strong><\/em><strong>Six Memos for the Next\u00a0<\/strong><strong>Millennium<\/strong><em><strong>.<\/strong><\/em><\/p>\n<p><strong>\u00a0<\/strong><\/p>\n<p><strong>2011<\/strong>:\u00a0\u00a0 Seminar on Literature and Arts (Organized by the Section of<\/p>\n<p>Italian, University of Iceland):<\/p>\n<p><strong><em>I libri degli italiani<\/em> <\/strong>(<em>The Books of the Italians<\/em>).<\/p>\n<p><strong>\u00a0\u00a0 <\/strong><\/p>\n<p><strong>2011<\/strong>: University of Iceland. Hugv\u00edsinda\u00feing:<\/p>\n<p><strong><em>Isabella Di Morra: a Misterious Life, a Literary death?<\/em><\/strong><\/p>\n<p>&nbsp;<\/p>\n<p><strong>2010<\/strong>:\u00a0 University of Iceland. International seminar in honor of Vigd\u00eds<\/p>\n<p>Finnbogad\u00f3ttir <em>Preserving the Future: Sustainability of Language, <\/em><\/p>\n<p><em>Culture and Nature<\/em>:<\/p>\n<p><strong><em>Analogie fra linguaggio scientifico e critica letteraria <\/em><\/strong><\/p>\n<p><strong><em>in due opere di Galileo<\/em><\/strong> (<em>Similarities between scientific language <\/em><\/p>\n<p><em>and literary critic in two of Galileo\u2019s works<\/em>).<\/p>\n<p>&nbsp;<\/p>\n<p><strong>2009<\/strong>: University of Iceland. International seminar on Galileo Galilei in<\/p>\n<p>occasion of the 400th anniversary of Galilean discoveries:<\/p>\n<p><strong><em>Galileo Galilei: a New Italian Scientific Language<\/em><\/strong>.<\/p>\n<p>&nbsp;<\/p>\n<p><strong>2009<\/strong>: University of Iceland. Hugv\u00edsinda\u00feing:<\/p>\n<p><strong><em>Intellectuals Between Dissociation and Dissenting<\/em><\/strong>.<\/p>\n<p><strong>\u00a0<\/strong><\/p>\n<p><strong>2008<\/strong>:<strong>\u00a0 <\/strong>University of Iceland. Hugv\u00edsinda\u00feing:<\/p>\n<p><strong><em>\u00cdtal\u00eda \u00ed Reisub\u00f3k \u00d3lafs Egilssonar: Sta\u00f0reyndir og \u00edmyndun<\/em><\/strong>.<\/p>\n","protected":false},"excerpt":{"rendered":"<p>2025: Adam Mickiewicz University, Poznan, 3th-4th April. International conference: I contesti dell'italiano: variabilit\u00e0 nella lingua, didattica, letteratura e cultura. C'\u00e8 resistenza e Resistenza: La malora di Beppe Fenoglio. &nbsp; 2024: Universit\u00e4t Freiburg, 7th-9th March. Freiburg im Breisgau. International conference: XIII. Italianistiktag 2024. Categorie, formazione, trasformazione, (inter)azione. Clemente rebora \"vociano\" e \"lombardo\": due categorie da rivedere. [&hellip;]<\/p>\n","protected":false},"author":422,"featured_media":0,"parent":0,"menu_order":0,"comment_status":"closed","ping_status":"closed","template":"","meta":{"footnotes":""},"class_list":["post-99","page","type-page","status-publish","hentry"],"_links":{"self":[{"href":"https:\/\/uni.hi.is\/rosatti\/wp-json\/wp\/v2\/pages\/99","targetHints":{"allow":["GET"]}}],"collection":[{"href":"https:\/\/uni.hi.is\/rosatti\/wp-json\/wp\/v2\/pages"}],"about":[{"href":"https:\/\/uni.hi.is\/rosatti\/wp-json\/wp\/v2\/types\/page"}],"author":[{"embeddable":true,"href":"https:\/\/uni.hi.is\/rosatti\/wp-json\/wp\/v2\/users\/422"}],"replies":[{"embeddable":true,"href":"https:\/\/uni.hi.is\/rosatti\/wp-json\/wp\/v2\/comments?post=99"}],"version-history":[{"count":12,"href":"https:\/\/uni.hi.is\/rosatti\/wp-json\/wp\/v2\/pages\/99\/revisions"}],"predecessor-version":[{"id":241,"href":"https:\/\/uni.hi.is\/rosatti\/wp-json\/wp\/v2\/pages\/99\/revisions\/241"}],"wp:attachment":[{"href":"https:\/\/uni.hi.is\/rosatti\/wp-json\/wp\/v2\/media?parent=99"}],"curies":[{"name":"wp","href":"https:\/\/api.w.org\/{rel}","templated":true}]}}