{"id":163,"date":"2022-01-08T22:24:44","date_gmt":"2022-01-08T22:24:44","guid":{"rendered":"https:\/\/uni.hi.is\/sb\/?page_id=163"},"modified":"2022-01-08T22:24:44","modified_gmt":"2022-01-08T22:24:44","slug":"cv-short","status":"publish","type":"page","link":"https:\/\/uni.hi.is\/sb\/cv-short\/","title":{"rendered":"CV short"},"content":{"rendered":"<p><span style=\"font-family: arial, helvetica, sans-serif\"><strong>Education<\/strong>:\u00a0\u00a0\u00a0<\/span><\/p>\n<ul>\n<li><span style=\"font-family: arial, helvetica, sans-serif\">PhD,\u00a0Mechanial Engineering\u00a0<a href=\"http:\/\/oregonstate.edu\">Oregon State University<\/a>, USA, 1987<\/span><\/li>\n<li><span style=\"font-family: arial, helvetica, sans-serif\">MS,\u00a0Mechanial Engineering\u00a0<a href=\"http:\/\/oregonstate.edu\/\">Oregon State University<\/a>, USA, 1984<\/span><\/li>\n<li><span style=\"font-family: arial, helvetica, sans-serif\">CS, Mechanial Engineering\u00a0<a href=\"http:\/\/www.hi.is\">University of Iceland<\/a>, Iceland,\u00a0 1981<\/span><\/li>\n<\/ul>\n<p><span style=\"font-family: arial, helvetica, sans-serif\"><strong>Employment<\/strong>:<\/span><\/p>\n<ul>\n<li><span style=\"font-family: arial, helvetica, sans-serif\">1996 - \u00a0 \u00a0 \u00a0 \u00a0 \u00a0 \u00a0Professor, <a title=\"Industrial Engineering, Mechanical Engineering and Computer Science\" href=\"http:\/\/www.hi.is\/idnadarverkfraedi_velaverkfraedi_og_tolvunarfraedideild\/forsida\" target=\"_blank\" rel=\"noopener\">Mechanical Engineering<\/a>\u00a0University of Iceland<\/span><\/li>\n<li><span style=\"font-family: arial, helvetica, sans-serif\">1989 - 1996 \u00a0Associate Professor,\u00a0Mechanical Engineering\u00a0University of Iceland<\/span><\/li>\n<li><span style=\"font-family: arial, helvetica, sans-serif\">1987 - 1989 \u00a0 Researcher,\u00a0<a href=\"http:\/\/www.kth.se\/\">The Royal Institute of Technology, Stockholm, Sweden<\/a><\/span><\/li>\n<\/ul>\n<p><span style=\"font-family: arial, helvetica, sans-serif\"><strong>Other<\/strong>:\u00a0\u00a0<\/span><\/p>\n<ul>\n<li><span style=\"font-family: arial, helvetica, sans-serif\">Dean of the\u00a0Faculty of Engineering, University of Iceland,\u00a02001-2007<\/span><\/li>\n<li><span style=\"font-family: arial, helvetica, sans-serif\">Vice Dean of the Faculty of Engineering, University of Iceland 1997-1999<\/span><\/li>\n<li><span style=\"font-family: arial, helvetica, sans-serif\">Department Head,\u00a0Mechanical Engineering\u00a0University of Iceland,1993-1995<\/span><\/li>\n<li><span style=\"font-family: arial, helvetica, sans-serif\">On the board of the Association of Chartered Engineers (<a href=\"http:\/\/www.vfi.is\">VF\u00cd<\/a>) 1995-1998<\/span><\/li>\n<li><span style=\"font-family: arial, helvetica, sans-serif\">Chairman of the Helga J\u00f3nsd\u00f3ttir and Sigurli\u00f0i Kristj\u00e1nsson Memorial Fund <a href=\"http:\/\/minninghelguogsigurlida.is\/\">http:\/\/minninghelguogsigurlida.is\/<\/a><\/span><\/li>\n<\/ul>\n","protected":false},"excerpt":{"rendered":"<p>Education:\u00a0\u00a0\u00a0 PhD,\u00a0Mechanial Engineering\u00a0Oregon State University, USA, 1987 MS,\u00a0Mechanial Engineering\u00a0Oregon State University, USA, 1984 CS, Mechanial Engineering\u00a0University of Iceland, Iceland,\u00a0 1981 Employment: 1996 - \u00a0 \u00a0 \u00a0 \u00a0 \u00a0 \u00a0Professor, Mechanical Engineering\u00a0University of Iceland 1989 - 1996 \u00a0Associate Professor,\u00a0Mechanical Engineering\u00a0University of &hellip; <a href=\"https:\/\/uni.hi.is\/sb\/cv-short\/\">Continue reading <span class=\"meta-nav\">&rarr;<\/span><\/a><\/p>\n","protected":false},"author":637,"featured_media":0,"parent":0,"menu_order":0,"comment_status":"closed","ping_status":"closed","template":"","meta":{"footnotes":""},"class_list":["post-163","page","type-page","status-publish","hentry"],"_links":{"self":[{"href":"https:\/\/uni.hi.is\/sb\/wp-json\/wp\/v2\/pages\/163","targetHints":{"allow":["GET"]}}],"collection":[{"href":"https:\/\/uni.hi.is\/sb\/wp-json\/wp\/v2\/pages"}],"about":[{"href":"https:\/\/uni.hi.is\/sb\/wp-json\/wp\/v2\/types\/page"}],"author":[{"embeddable":true,"href":"https:\/\/uni.hi.is\/sb\/wp-json\/wp\/v2\/users\/637"}],"replies":[{"embeddable":true,"href":"https:\/\/uni.hi.is\/sb\/wp-json\/wp\/v2\/comments?post=163"}],"version-history":[{"count":2,"href":"https:\/\/uni.hi.is\/sb\/wp-json\/wp\/v2\/pages\/163\/revisions"}],"predecessor-version":[{"id":167,"href":"https:\/\/uni.hi.is\/sb\/wp-json\/wp\/v2\/pages\/163\/revisions\/167"}],"wp:attachment":[{"href":"https:\/\/uni.hi.is\/sb\/wp-json\/wp\/v2\/media?parent=163"}],"curies":[{"name":"wp","href":"https:\/\/api.w.org\/{rel}","templated":true}]}}