{"id":63,"date":"2013-06-03T21:30:36","date_gmt":"2013-06-03T21:30:36","guid":{"rendered":"http:\/\/uni.hi.is\/sb\/?page_id=63"},"modified":"2022-01-08T22:59:00","modified_gmt":"2022-01-08T22:59:00","slug":"publications","status":"publish","type":"page","link":"https:\/\/uni.hi.is\/sb\/publications\/","title":{"rendered":"<!--:en-->Publications<!--:-->"},"content":{"rendered":"<p><!--:en--><\/p>\n<p><span style=\"font-family: arial, helvetica, sans-serif\">Updated publication list is here <a href=\"https:\/\/scholar.google.is\/citations?hl=en&amp;user=FCiv3vkAAAAJ&amp;view_op=list_works&amp;sortby=pubdate\">google schoolar<\/a> or here <a href=\"https:\/\/orcid.org\/0000-0001-9435-2258\">ORCID<\/a><\/span><\/p>\n<p><span style=\"font-family: arial, helvetica, sans-serif\">Daliet, O.J., IV; Briem, K.; Brynj\u00f3lfsson, S.; Sigur\u00f0sson, H.B. Combined Effects of External Moments and Muscle Activations on ACL Loading during Numerical Simulations of a Female Model in OpenSim.\u00a0Appl. Sci.\u00a02021,\u00a011, 11971. https:\/\/doi.org\/10.3390\/app112411971<\/span><\/p>\n<p><span style=\"font-family: arial, helvetica, sans-serif\">Anna L. \u00c1rmannsd\u00f3ttir, Christophe Lecomte, Sigur\u00f0ur Brynj\u00f3lfsson, Krist\u00edn Briem, Task dependent changes in mechanical and biomechanical measures result from manipulating stiffness settings in a prosthetic foot, Clinical Biomechanics, Volume 89, 2021,<br \/>\nhttps:\/\/doi.org\/10.1016\/j.clinbiomech.2021.105476.<\/span><\/p>\n<p><span style=\"font-family: arial, helvetica, sans-serif\">Christophe Lecomte, Anna L\u00e1ra \u00c1rmannsd\u00f3ttir, Felix Starker, Kristin Briem, Sigur\u00f0ur Brynj\u00f3lfsson, Comparison Method of Biomechanical Analysis of Trans-Tibial Amputee Gait with a Mechanical Test Machine Simulation, Appl. Sci. 2021, 11(12), 5318; <a href=\"https:\/\/doi.org\/10.3390\/app11125318\">https:\/\/doi.org\/10.3390\/app11125318<\/a>\u00a0<\/span><\/p>\n<p><span style=\"font-family: arial, helvetica, sans-serif\">W Xu, A Macdonald, S Brynjolfsson, \u00d3P J\u00f3nsson, W Fu, Environmental Impact Assessment and Sustainability of Microalgae Production, Microalgal Biotechnology, 2021, <a href=\"https:\/\/doi.org\/10.1039\/9781839162473-00380\">https:\/\/doi.org\/10.1039\/9781839162473-00380<\/a><\/span><\/p>\n<p><span style=\"font-family: arial, helvetica, sans-serif\">ChristopheLecomte, Anna L\u00e1ra \u00c1rmannsd\u00f3ttir, Felix Starker,\u00a0 Heimir Tryggvason, Kristin Briem, Sigur\u00f0ur Brynjolfsson, Variable stiffness foot design and validation, Journal of Biomechanics, Volume 122, 9 June 2021, 110440, https:\/\/doi.org\/10.1016\/j.jbiomech.2021.110440<\/span><\/p>\n<p><span style=\"font-family: arial, helvetica, sans-serif\">C. Barakat, M. Riedel, S. Brynj\u00f3lfsson, G. Cavallaro, J. Busch and R. Sedona, \"Design and Evaluation of an HPC-based Expert System to speed-up Retail Data Analysis using Residual Networks Combined with Parallel Association Rule Mining and Scalable Recommenders,\"\u00a02021 44th International Convention on Information, Communication and Electronic Technology (MIPRO), 2021, pp. 248-253, doi: 10.23919\/MIPRO52101.2021.9596796.<\/span><\/p>\n<p><span style=\"font-family: arial, helvetica, sans-serif\">C. Barakat, S. Fritsch, M. Riedel and S. Brynj\u00f3lfsson, \"An HPC-Driven Data Science Platform to Speed-up Time Series Data Analysis of Patients with the Acute Respiratory Distress Syndrome,\"\u00a02021 44th International Convention on Information, Communication and Electronic Technology (MIPRO), 2021, pp. 311-316, doi: 10.23919\/MIPRO52101.2021.9596840.<\/span><\/p>\n<p><span style=\"font-family: arial, helvetica, sans-serif\">Zhiqian Yi, Yixi Su, Sigurdur Brynjolfsson, Kristin Olafsd\u00f3ttir, Weiqi Fu, Chapter 3 - Bioactive polysaccharides and their derivatives from microalgae: biosynthesis, applications, and challenges, Editor(s): Atta-ur-Rahman, Studies in Natural Products Chemistry, Elsevier, Volume 71, 2021, Pages 67-85, ISSN 1572-5995, ISBN 9780323910958, https:\/\/doi.org\/10.1016\/B978-0-323-91095-8.00007-6.<\/span><\/p>\n<p><span style=\"font-family: arial, helvetica, sans-serif\">Libardo A Lugo, Ragnheidur I Thorarinsdottir, Sigfus Bjornsson, Olafur P Palsson, Hakon Skulason, Skuli Johannsson, Sigurdur Brynjolfsson, Remediation of Aquaculture Wastewater Using the Microalga Chlorella sorokiniana, Water, v12\/11, p. 3144. 2020, doi\/10.3390\/w12113144<\/span><\/p>\n<p><span style=\"font-family: arial, helvetica, sans-serif\">Weiqi Fu, Amphun Chaiboonchoe, Bushra Dohai, Mehar Sultana, Kristos, Baffour, Amnah Alzahmi, James Weston, Dina Al Khairy, Sarah Daakour, Ashish Jaiswal, David R. Nelson, Alexandra, Mystikou, Sigurdur Brynjolfsson, Kourosh Salehi-Ashtiani, GPCR Genes as Activators of Surface Colonization Pathways in a Model Marine Diatom, iScience, V 23, Issue 8, 21 August 2020<\/span><\/p>\n<p><span style=\"font-family: arial, helvetica, sans-serif\">Christophe Lecomte, Felix Starker, El\u00edsabet \u00de. Gu\u00f0nad\u00f3ttir, S\u00e6r\u00fan Rafnsd\u00f3ttir, Kjartan Gu\u00f0mundsson, Kristin Briem, Sigur\u00f0ur Brynjolfsson, Functional joint center of prosthetic feet during level ground and incline walking. Medical Engineering &amp; Physics, V 81, July 2020, Pages 13-21.<\/span><\/p>\n<p><span style=\"font-family: arial, helvetica, sans-serif\">Lars Truttmanna, Yixi Su, Seonki Lee, Michael Burkhardt, Sigurdur Brynjolfsson, Tzyy Haur Chong, Bing Wu, Gravity-driven membrane (GDM) filtration of algae-polluted surface water, Journal of Water Process Engineering, Volume 36, August 2020, 101257, doi.org\/10.1016\/j.jwpe.2020.101257<\/span><\/p>\n<p><span style=\"font-family: arial, helvetica, sans-serif\">Zhiqian Yi, Yixi Su, Paulina Cherek, David R. Nelson, Jianping Lin,Ottar Rolfsson, Hua Wu, Kourosh Salehi-Ashtiani, Sigurdur Brynjolfsson &amp; Weiqi Fu, Combined artificial high-silicate medium and LED illumination promote carotenoid accumulation in the marine diatom Phaeodactylum tricornutum. Microb Cell Fact 18, 209 (2019) doi:10.1186\/s12934-019-1263-1<\/span><\/p>\n<p><span style=\"font-family: arial, helvetica, sans-serif\">Weiqi Fu, Steinn Gudmundsson, Kristine Wichuk, SirusPalsson, Bernhard O. Palsson, KouroshSalehi-Ashtiani, Sigur\u00f0ur Brynj\u00f3lfsson, Sugar-stimulated CO2 sequestration by the green microalga Chlorella vulgaris, Science of The Total Environment, Volume 654, 1 March 2019, Pages 275-283<\/span><\/p>\n<p><span style=\"font-family: arial, helvetica, sans-serif\">W Fu, S Gudmundsson, K Wichuk, S Palsson, BO Palsson, Sigurdur Brynjolfsson, Dataset on economic analysis of mass production of algae in LED-based photobioreactors, Data in Brief 22, 137-139, 2019<\/span><\/p>\n<p><span style=\"font-family: arial, helvetica, sans-serif\">Weiqi Fu, SteinnGudmundsson, Kristine Wichuk, SirusPalsson, Bernhard O.Palsson, KouroshSalehi-Ashtiani, Sigur\u00f0urBrynj\u00f3lfsson,\u00a0Sugar-stimulated CO2\u00a0sequestration by the green microalga\u00a0Chlorella vulgaris,\u00a0Science of The Total Environment,\u00a0Volume 654,\u00a01 March 2019, Pages 275-283<\/span><\/p>\n<p><span style=\"font-family: arial, helvetica, sans-serif\">Weiqi Fu, Steinn Gudmundsson, Kristine Wichuk, Sirus Palsson, Bernhard O. Palsson, Kourosh Salehi-Ashtiani, Sigur\u00f0ur Brynj\u00f3lfsson<\/span><br \/>\n<span style=\"font-family: arial, helvetica, sans-serif\">Dataset on economic analysis of mass production of algae in LED-based photobioreactors, Data in Brief, Volume 22, February 2019, Pages 137-139<\/span><\/p>\n<p><span style=\"font-family: arial, helvetica, sans-serif\">Su Y., Yi Z., Bj\u00f6rnsd\u00f3ttir S.H., Brynjolfsson S., Fu W. (2018)\u00a0Adaptive Laboratory Evolution for Enhanced Carotenoid Production in Microalgae.\u00a0In: Barreiro C., Barredo JL. (eds) Microbial Carotenoids. Methods in Molecular Biology, vol 1852. Humana Press, New York, NY<\/span><\/p>\n<p><span style=\"font-family: arial, helvetica, sans-serif\">Yi, Z.; Su, Y.; Xu, M.; Bergmann, A.; Ingthorsson, S.; Rolfsson, O.; Salehi-Ashtiani, K.; Brynjolfsson, S.; Fu, W.Chemical Mutagenesis and Fluorescence-Based High-Throughput Screening for Enhanced Accumulation of Carotenoids in a Model Marine Diatom Phaeodactylum tricornutum.\u00a0Mar. Drugs\u00a02018,\u00a016, 272.\u00a0<\/span><\/p>\n<p><span style=\"font-family: arial, helvetica, sans-serif\">James T Yurkovich, Daniel C Zielinski, Laurence Yang, Giuseppe Paglia, Ottar Rolfsson, \u00d3lafur E Sigurj\u00f3nsson, Jared T Broddrick, Aarash Bordbar, Kristine Wichuk, Sigur\u00f0ur Brynj\u00f3lfsson, Sirus Palsson, Sveinn Gudmundsson, Bernhard O Palsson , Quantitative time-course metabolomics in human red blood cells reveal the temperature dependence of human metabolic networks, Journal of Biological Chemistry 292 (48), 19556-19564 2017<\/span><\/p>\n<p><span style=\"font-family: arial, helvetica, sans-serif\">\u00d3ttar Rolfsson, Freyr Johannsson, Manuela Magnusdottir, Giuseppe Paglia, \u00d3lafur E Sigurjonsson, Aarash Bordbar, Sirus Palsson, Sigur\u00f0ur Brynj\u00f3lfsson, Sveinn Gu\u00f0mundsson, Bernhard Palsson , Mannose and fructose metabolism in red blood cells during cold storage in SAGM, Transfusion 57 (11), 2665-2676, 2017<\/span><\/p>\n<p><span style=\"font-family: arial, helvetica, sans-serif\">\u00d3 Rolfsson, \u00d3E Sigurjonsson, M Magnusdottir, F Johannsson, G Paglia, S Gu\u00f0mundsson, A Bordbar, S Palsson, S Brynj\u00f3lfsson, B Palsson, Metabolomics comparison of red cells stored in four additive solutions reveals differences in citrate anticoagulant permeability and metabolism, \u00a0\u00d3 Rolfsson, \u00d3E Sigurjonsson, M Magnusdottir, F Johannsson, G Paglia, Vox Sanguinis 112 (4), 326-335 1 2017<\/span><\/p>\n<p><span style=\"font-family: arial, helvetica, sans-serif\">Exploring Valuable Lipids in Diatoms, Z Yi, M Xu, X Di, S Brynjolfsson, W Fu, Frontiers in Marine Science 4, 17 4 2017<\/span><\/p>\n<p><span style=\"font-family: arial, helvetica, sans-serif\">W Fu, DR Nelson, Z Yi, M Xu, B Khraiwesh, K Jijakli, A Chaiboonchoe, A Alzahmi, D Al-Khairy, S Brynjolfsson, K Salehi-Ashtiani Bioactive Compounds From Microalgae: Current Development and Prospects, Studies in Natural Products Chemistry 54, 199-225\u00a0 1 2017,<\/span><\/p>\n<p><span style=\"font-family: arial, helvetica, sans-serif\">Z Yi, M Xu, M Magnusdottir, Y Zhang, S Brynjolfsson, W Fu, Effect of physical, chemical mutagenesis and adaptive evolution on the marine diatom Phaeodactylum tricornutum for enhanced carotenoid accumulation, Planta Medica 81 (S 01), P797 2016<\/span><\/p>\n<p><span style=\"font-family: arial, helvetica, sans-serif\">Alberto Noronha, Anna Dr\u00f6fn Dan\u00edelsd\u00f3ttir, Piotr Gawron, Freyr J\u00f3hannsson, Soff\u00eda J\u00f3nsd\u00f3ttir, Sindri Jarlsson, J\u00f3n P\u00e9tur Gunnarsson, Sigur\u00f0ur Brynj\u00f3lfsson, Reinhard Schneider, Ines Thiele, Ronan MT Fleming, \u00a0ReconMap: an interactive visualization of human metabolism, A Noronha, AD Dan\u00edelsd\u00f3ttir, P Gawron, F J\u00f3hannsson, S J\u00f3nsd\u00f3ttir, \u00a0Bioinformatics 33 (4), 605-607, 2016<\/span><\/p>\n<p><span style=\"font-family: arial, helvetica, sans-serif\">Zhiqian Yi, Maonian Xu, Manuela Magnusdottir, Yuetuan Zhang, Sigurdur Brynjolfsson and Weiqi Fu, Photo-Oxidative Stress-Driven Mutagenesis and Adaptive Evolution on the Marine Diatom Phaeodactylum tricornutum for Enhanced Carotenoid Accumulation Mar. Drugs 2015, 13(10), 6138-6151; doi:10.3390\/md13106138<\/span><\/p>\n<p><span style=\"font-family: arial, helvetica, sans-serif\">Weiqi Fu, Kristine Wichuk, Sigur\u00f0ur Brynj\u00f3lfsson, Developing diatoms for value-added products: Challenges and opportunities, New Biotechnology, Available online 13 April 2015, doi:10.1016\/j.nbt.2015.03.016.<\/span><\/p>\n<p><span style=\"font-family: arial, helvetica, sans-serif\">Tommaso Pacini , Weiqi Fu , Steinn Gudmundsson , Antonio Eugenio Chiaravalle , Sigurdur Brynjolfson , Bernhard \u00d8. Palsson , Giuseppe Astarita , and Giuseppe Paglia, Multidimensional analytical approach based on UHPLC-UV-ion mobility-MS for the screening of natural pigments, Anal. Chem., 2015, 87 (5), pp 2593\u20132599, DOI: 10.1021\/ac504707n<\/span><\/p>\n<p><span style=\"font-family: arial, helvetica, sans-serif\">Giuseppe Paglia, \u00d3lafur E. Sigurj\u00f3nsson, \u00d3ttar Rolfsson, Morten Bagge Hansen, Sigurdur Brynj\u00f3lfsson, Sveinn Gudmundsson and Bernhard O. Palsson,\u00a0<a href=\"http:\/\/onlinelibrary.wiley.com\/doi\/10.1111\/trf.12834\/abstract\">Metabolomic analysis of platelets during storage: a comparison between apheresis- and buffy coat\u2013derived platelet concentrates<\/a>, Transfusion, \u00a0first published online: 25 AUG 2014. DOI: 10.1111\/trf.12834.<\/span><\/p>\n<p><span style=\"font-family: arial, helvetica, sans-serif\"><span style=\"line-height: 24px\">Weiqi Fu, Sigur\u00f0ur Brynj\u00f3lfsson, Bernhard Palsson;\u00a0<\/span><a href=\"http:\/\/www.sciencedirect.com\/science\/article\/pii\/S187167841401752X\">Value-added carotenoid production in the pennate diatom Phaeodactylum tricornutum with light emitting diode based photobioreactors<\/a>,\u00a0New Biotechnology, Volume 31, Supplement, July 2014, Page S32<\/span><\/p>\n<p><span style=\"font-family: arial, helvetica, sans-serif\">Giuseppe Paglia, \u00d3lafur E. Sigurj\u00f3nsson, \u00d3ttar Rolfsson, Soley Valgeirsdottir, Morten Bagge Hansen, Sigur\u00f0ur Brynj\u00f3lfsson, Sveinn Gudmundsson, Bernhard O. Palsson,\u00a0<a href=\"http:\/\/onlinelibrary.wiley.com\/enhanced\/doi\/10.1111\/trf.12710\/\">Comprehensive metabolomic study of platelets reveals the expression of discrete metabolic phenotypes during storage<\/a>, Transfusion, ahead of print, first published:\u00a019 May 2014,DOI:\u00a010.1111\/trf.12710<\/span><\/p>\n<p><span style=\"font-family: arial, helvetica, sans-serif\">Wichuk K, Brynj\u00f3lfsson S, Fu W.\u00a0<a href=\"http:\/\/dx.doi.org\/10.4161\/bioe.28720\">Biotechnological production of value-added carotenoids from microalgae: Emerging technology and prospects<\/a>. Bioengineered 2014; 5:10 - 9; http:\/\/dx.doi.org\/10.4161\/bioe.28720<\/span><\/p>\n<p><span style=\"font-family: arial, helvetica, sans-serif\">Weiqi Fu, Giuseppe Paglia, Manuela Magn\u00fasd\u00f3ttir, El\u00edn A Steinarsd\u00f3ttir, Steinn Gudmundsson,Bernhard \u00d8 Palsson, \u00a0\u00d3lafur S Andr\u00e9sson and Sigur\u00f0ur Brynj\u00f3lfsson;\u00a0<a href=\"http:\/\/www.microbialcellfactories.com\/content\/13\/1\/3\/abstract\">Effects of abiotic stressors on lutein production in the green microalga Dunaliella salina<\/a>, Microbial Cell Factories 2014, 13:3 \u00a0doi:10.1186\/1475-2859-13-3, (2014)<\/span><\/p>\n<p><span style=\"font-family: arial, helvetica, sans-serif\">Fu, W., Gu\u00f0mundsson, \u00d3., Paglia, G., Herj\u00f3lfsson, G.,\u00a0Andr\u00e9sson, O.S., Palsson, B.\u00d8., Brynj\u00f3lfsson, S., \"<a href=\"http:\/\/www.springerlink.com\/content\/r045105h26035j61\/\">Enhancement of carotenoid biosynthesis in the green microalga\u00a0<i>Dunaliella salina<\/i>\u00a0with light-emitting diodes and adaptive laboratory evolution<\/a>\",\u00a0Applied Microbiology and Biotechnology,\u00a0Oct (2013) DOI 10.1007\/s00253-012-4502-5 .<\/span><\/p>\n<p><span style=\"font-family: arial, helvetica, sans-serif\">Fu, W., Magnusdottir, M., Brynjolfson, S., Palsson, B.\u00d8., Paglia, G., <a href=\"http:\/\/www.springerlink.com\/openurl.asp?genre=article&amp;id=doi:10.1007\/s00216-012-6434-4\">\"UPLC-UV-MS<sup>E <\/sup>method for quantification and identification of major carotenoid and chlorophyll species in algae\"<\/a>, Anal Bioanal Chem, 404:3145-3154\u00a0(2012).<\/span><\/p>\n<p><span style=\"font-family: arial, helvetica, sans-serif\">Fu, W., Gudmundsson, O., Feist A. M., Herjolfsson, G., Brynjolfsson, S., Palsson, B. O.,\u00a0<a href=\"http:\/\/dx.doi.org\/10.1016\/j.jbiotec.2012.07.004\">\"Maximizing biomass productivity and cell density of Chlorella vulgaris by using light-emitting diode-based photobioreactor\"<\/a>, Journal of Biotechnology. \u00a0Volume 161, Issue 3, 31 October 2012, Pages 242\u2013249.<\/span><\/p>\n<p><span style=\"font-family: arial, helvetica, sans-serif\">Helgason, B, Taddei, F , Palsson, H ,Schileo, Cristofolini, L, Viceconti, M; Brynjolfsson, S, <a href=\"http:\/\/www.sciencedirect.com\/science\/article\/pii\/S1350453307000938\"><i>A modified method for assigning material properties to FE models of bones<\/i>,<\/a> MEDICAL ENGINEERING &amp; PHYSICS, v 30 n 4, pp: 444-453, MAY 2008<\/span><\/p>\n<p><span style=\"font-family: arial, helvetica, sans-serif\">Helgason, B., Perilli, E., Schileo, E., Taddei, F., Viceconti, M., Brynj\u00f3lfsson, S., 2006. <i>Mathematical relationships between bone tissue density and mechanical properties<\/i>. CLINICAL BIOMECHANICS, v 23 n 2 pp 135-146<\/span><\/p>\n<p><span style=\"font-family: arial, helvetica, sans-serif\">Helgason, B,\u00a0 Viceconti, M; Runarsson, TP; Brynjolfsson,\u00a0 <i>On the mechanical stability of porous coated press fit titanium implants: A finite element study of a pushout test<\/i>, JOURNAL OF BIOMECHANICS\u00a0 Volume: 41\u00a0\u00a0 Issue: 8\u00a0\u00a0 Pages: 1675-1681,: 2008<\/span><\/p>\n<p><span style=\"font-family: arial, helvetica, sans-serif\">Helgason, B. and Brynjolfsson, S<i>., Stress analysis of a section of a human tibia based on CT-images<\/i>, 12th Nordic Baltic Conference on Biomedical Engineering and Medical Physics, Reykjavik, Iceland, 18-22 June 2002, pp. 64-65.<\/span><\/p>\n<p><!--:--><\/p>\n","protected":false},"excerpt":{"rendered":"<p>Updated publication list is here google schoolar or here ORCID Daliet, O.J., IV; Briem, K.; Brynj\u00f3lfsson, S.; Sigur\u00f0sson, H.B. Combined Effects of External Moments and Muscle Activations on ACL Loading during Numerical Simulations of a Female Model in OpenSim.\u00a0Appl. Sci.\u00a02021,\u00a011, &hellip; <a href=\"https:\/\/uni.hi.is\/sb\/publications\/\">Continue reading <span class=\"meta-nav\">&rarr;<\/span><\/a><\/p>\n","protected":false},"author":637,"featured_media":0,"parent":0,"menu_order":0,"comment_status":"closed","ping_status":"closed","template":"","meta":{"footnotes":""},"class_list":["post-63","page","type-page","status-publish","hentry"],"_links":{"self":[{"href":"https:\/\/uni.hi.is\/sb\/wp-json\/wp\/v2\/pages\/63","targetHints":{"allow":["GET"]}}],"collection":[{"href":"https:\/\/uni.hi.is\/sb\/wp-json\/wp\/v2\/pages"}],"about":[{"href":"https:\/\/uni.hi.is\/sb\/wp-json\/wp\/v2\/types\/page"}],"author":[{"embeddable":true,"href":"https:\/\/uni.hi.is\/sb\/wp-json\/wp\/v2\/users\/637"}],"replies":[{"embeddable":true,"href":"https:\/\/uni.hi.is\/sb\/wp-json\/wp\/v2\/comments?post=63"}],"version-history":[{"count":21,"href":"https:\/\/uni.hi.is\/sb\/wp-json\/wp\/v2\/pages\/63\/revisions"}],"predecessor-version":[{"id":179,"href":"https:\/\/uni.hi.is\/sb\/wp-json\/wp\/v2\/pages\/63\/revisions\/179"}],"wp:attachment":[{"href":"https:\/\/uni.hi.is\/sb\/wp-json\/wp\/v2\/media?parent=63"}],"curies":[{"name":"wp","href":"https:\/\/api.w.org\/{rel}","templated":true}]}}