{"id":156,"date":"2014-06-03T12:24:10","date_gmt":"2014-06-03T12:24:10","guid":{"rendered":"http:\/\/uni.hi.is\/sbh\/?page_id=156"},"modified":"2021-04-07T20:15:33","modified_gmt":"2021-04-07T20:15:33","slug":"publications-selection","status":"publish","type":"page","link":"https:\/\/uni.hi.is\/sbh\/?page_id=156","title":{"rendered":"Publications"},"content":{"rendered":"<p><strong>Books<br \/>\n<\/strong><\/p>\n<p><a href=\"https:\/\/opinvisindi.is\/handle\/20.500.11815\/2333\"><em>Mobility and Transnational Iceland: Current Transformations and Global Entanglements<\/em><\/a>. (2020). Reykjav\u00edk: University of Iceland Press.<\/p>\n<p><a href=\"https:\/\/opinvisindi.is\/handle\/20.500.11815\/1553\"><em>Saga listasafna \u00e1 \u00cdslandi<\/em><\/a>. (2019). Reykjav\u00edk: Ranns\u00f3knasetur \u00ed safnafr\u00e6\u00f0um.<\/p>\n<p><em><a href=\"https:\/\/opinvisindi.is\/handle\/20.500.11815\/683\">Death and Governmentality in Iceland: Neo-liberalism, Grief and the Nation- form.<\/a>\u00a0<\/em>(2018). Reykjav\u00edk: University of Iceland Press.<\/p>\n<p><a href=\"https:\/\/opinvisindi.is\/bitstream\/handle\/20.500.11815\/1552\/Byggdasofn%20a%20islandi_web.pdf?sequence=1&amp;isAllowed=y\"><em>Bygg\u00f0as\u00f6fn \u00e1 \u00cdslandi<\/em><\/a>. (2015). Reykjav\u00edk: Ranns\u00f3knasetur \u00ed safnafr\u00e6\u00f0um.<\/p>\n<p><a href=\"http:\/\/www.amazon.co.uk\/Phallological-Museum-Museen-Geschichte-Gegenwart\/dp\/3643904703\/ref=sr_1_1?ie=UTF8&amp;qid=1401795386&amp;sr=8-1&amp;keywords=phallological+museum\"><i>Phallological Museum<\/i><\/a>. (2014). Munster: LIT Verlag.<\/p>\n<p><a href=\"http:\/\/www.intervention.dk\/cat1\/unmask\/unmask.htm\"><i>Unmasking Deep Democracy: An Anthropology of Indigenous Media in Canada<\/i><\/a>. (2013). Aarhus: Intervention Press.<\/p>\n<p><a href=\"http:\/\/uofmpress.ca\/books\/detail\/indigenous-screen-cultures-in-canada\"><i>Indigenous Screen Cultures in Canada<\/i><\/a>. (2010). Winnipeg: University of Manitoba Press.<\/p>\n<p><i>\u00a0<a href=\"https:\/\/www.academia.edu\/12750143\/EITT_SINN_SKAL_HVER_DEYJA_1996_\">Eitt sinn skal hver deyja.<\/a><\/i> (1996). Reykjav\u00edk: Mokka Press.<\/p>\n<p><a href=\"http:\/\/www.amazon.com\/The-Construction-Viewer-Anthropology-Intervention\/dp\/8789825063\"><i>The Construction of the Viewer: Media Ethnography and the Anthropology of Audiences<\/i><\/a>. (1996). Aarhus: Intervention Press.<\/p>\n<p>&nbsp;<\/p>\n<p><strong>Articles, talks etc.<\/strong><\/p>\n<p><a href=\"https:\/\/hi.academia.edu\/Sigurj%C3%B3nBaldurHafsteinsson\">Academia.edu<\/a><\/p>\n<p><a href=\"http:\/\/www.researchgate.net\/profile\/Sigurjon_Hafsteinsson\">Research Gate<\/a><\/p>\n","protected":false},"excerpt":{"rendered":"<p>Books Mobility and Transnational Iceland: Current Transformations and Global Entanglements. (2020). Reykjav\u00edk: University of Iceland Press. Saga listasafna \u00e1 \u00cdslandi. (2019). Reykjav\u00edk: Ranns\u00f3knasetur \u00ed safnafr\u00e6\u00f0um. Death and Governmentality in Iceland: Neo-liberalism, Grief and the Nation- form.\u00a0(2018). Reykjav\u00edk: University of Iceland Press. Bygg\u00f0as\u00f6fn \u00e1 \u00cdslandi. (2015). Reykjav\u00edk: Ranns\u00f3knasetur \u00ed safnafr\u00e6\u00f0um. Phallological Museum. (2014). Munster: LIT Verlag. [&hellip;]<\/p>\n","protected":false},"author":331,"featured_media":0,"parent":0,"menu_order":0,"comment_status":"closed","ping_status":"closed","template":"","meta":{"footnotes":""},"class_list":["post-156","page","type-page","status-publish","hentry"],"_links":{"self":[{"href":"https:\/\/uni.hi.is\/sbh\/index.php?rest_route=\/wp\/v2\/pages\/156","targetHints":{"allow":["GET"]}}],"collection":[{"href":"https:\/\/uni.hi.is\/sbh\/index.php?rest_route=\/wp\/v2\/pages"}],"about":[{"href":"https:\/\/uni.hi.is\/sbh\/index.php?rest_route=\/wp\/v2\/types\/page"}],"author":[{"embeddable":true,"href":"https:\/\/uni.hi.is\/sbh\/index.php?rest_route=\/wp\/v2\/users\/331"}],"replies":[{"embeddable":true,"href":"https:\/\/uni.hi.is\/sbh\/index.php?rest_route=%2Fwp%2Fv2%2Fcomments&post=156"}],"version-history":[{"count":16,"href":"https:\/\/uni.hi.is\/sbh\/index.php?rest_route=\/wp\/v2\/pages\/156\/revisions"}],"predecessor-version":[{"id":307,"href":"https:\/\/uni.hi.is\/sbh\/index.php?rest_route=\/wp\/v2\/pages\/156\/revisions\/307"}],"wp:attachment":[{"href":"https:\/\/uni.hi.is\/sbh\/index.php?rest_route=%2Fwp%2Fv2%2Fmedia&parent=156"}],"curies":[{"name":"wp","href":"https:\/\/api.w.org\/{rel}","templated":true}]}}