{"id":158,"date":"2014-06-03T12:16:17","date_gmt":"2014-06-03T12:16:17","guid":{"rendered":"http:\/\/uni.hi.is\/sbh\/?page_id=158"},"modified":"2021-05-20T19:58:00","modified_gmt":"2021-05-20T19:58:00","slug":"phd-research-students","status":"publish","type":"page","link":"https:\/\/uni.hi.is\/sbh\/?page_id=158","title":{"rendered":"Research Students"},"content":{"rendered":"<p><strong>PhD Research Students (Supervisor)<\/strong><\/p>\n<p>\u00d3l\u00f6f Ger\u00f0ur Sigf\u00fasd\u00f3ttir. <em>Revealing Research: Museum Practice as Epistemic Work<\/em>.<\/p>\n<p>1. <a href=\"https:\/\/www.tandfonline.com\/doi\/abs\/10.1080\/09647775.2019.1691636?af=R&amp;journalCode=rmmc20\">Blind Spots: Museology on Museum Research<\/a> (2019).<\/p>\n<p>2. Curatorial Research as Boundary Work (forthcoming, 2021).<\/p>\n<p>Bj\u00f6rn P\u00e9tursson. <em>The Icelandic Maritime Museum as a Cultural Constitutio<\/em>n.<\/p>\n<p>Sigr\u00ed\u00f0ur Reg\u00edna Sigur\u00fe\u00f3rsd\u00f3ttir. <em>Preservation of Moving Images in Icelandic Museums, Archives and Libraries.<\/em><\/p>\n<p>Katr\u00edn Oddsd\u00f3ttir. <em>Constitutional Reforms in Iceland.<\/em><\/p>\n<p>&nbsp;<\/p>\n<p><strong>Graduated PhD students (Supervisor)<\/strong><\/p>\n<p><a href=\"https:\/\/hi.academia.edu\/AlmaDisKristinsdottir\">AlmaD\u00eds Kristinsd\u00f3ttir<\/a>. <em>Toward Sustainable Museum Education Practices: A Critical and Reflective Inquiry into the Professional Conduct of Museum Educators in Iceland. <\/em>2019<em>.<\/em><\/p>\n<ol>\n<li><a href=\"http:\/\/www.tandfonline.com\/doi\/full\/10.1080\/09647775.2016.1250104\">Toward Sustainable Museum Education Practices: Confronting Challenges and Uncertainties<\/a> (2016)<\/li>\n<li><a href=\"https:\/\/www108.lamp.le.ac.uk\/ojs1\/index.php\/mas\/article\/view\/2797\/2674\">Infectious Virus: Biophilia and Sustainable Museum Education Practices<\/a> (2018).<\/li>\n<li>Points of View: Presence and Absence of Voices in Museum Education Practices (forthcoming, <em>Museum Management and Curatorship<\/em>).<\/li>\n<li><a href=\"https:\/\/journals.uio.no\/museolog\/issue\/view\/673\">Organizational Structures and Museum Education Practices<\/a> (2019).<\/li>\n<\/ol>\n<p>&nbsp;<\/p>\n<p><a href=\"https:\/\/www.unak.is\/is\/moya\/ugla\/staff\/arndis-bergsdottir\">Arnd\u00eds Bergsd\u00f3ttir<\/a>. <em>Absence Comes to Matter: Entangled Becomings of a Feminist Museology<\/em>. 2017.<\/p>\n<ol>\n<li><a href=\"http:\/\/www.tandfonline.com\/doi\/full\/10.1080\/08038740.2016.1182945?scroll=top&amp;needAccess=true\">Museums and Feminist Matters: Considerations of a Feminist Museology<\/a> (2016)<\/li>\n<li>The Fleshyness of Absence: The Matter of Absence in a Feminist Museology (<em><a href=\"https:\/\/www.routledge.com\/Gender-and-Heritage-Performance-Place-and-Politics\/Grahn-Wilson\/p\/book\/9781138208148\">Gender and Heritage<\/a>).<\/em><\/li>\n<li>Women, Museums and Shared Absencepresences: A New-materialist Account of Entangled Stories and Differential Matterings at Snartarsta\u00f0ir Museum in Iceland.<\/li>\n<li><a href=\"http:\/\/www.tandfonline.com\/doi\/abs\/10.1080\/09647775.2017.1284018\">Cyborgian Entanglements: Post-human Feminism, Diffraction and the Science Exhibition \u00b4Bundled-up in Blue.\u00b4 <\/a>(2017)<\/li>\n<\/ol>\n","protected":false},"excerpt":{"rendered":"<p>PhD Research Students (Supervisor) \u00d3l\u00f6f Ger\u00f0ur Sigf\u00fasd\u00f3ttir. Revealing Research: Museum Practice as Epistemic Work. 1. Blind Spots: Museology on Museum Research (2019). 2. Curatorial Research as Boundary Work (forthcoming, 2021). Bj\u00f6rn P\u00e9tursson. The Icelandic Maritime Museum as a Cultural Constitution. Sigr\u00ed\u00f0ur Reg\u00edna Sigur\u00fe\u00f3rsd\u00f3ttir. Preservation of Moving Images in Icelandic Museums, Archives and Libraries. Katr\u00edn Oddsd\u00f3ttir. [&hellip;]<\/p>\n","protected":false},"author":331,"featured_media":0,"parent":0,"menu_order":0,"comment_status":"closed","ping_status":"closed","template":"","meta":{"footnotes":""},"class_list":["post-158","page","type-page","status-publish","hentry"],"_links":{"self":[{"href":"https:\/\/uni.hi.is\/sbh\/index.php?rest_route=\/wp\/v2\/pages\/158","targetHints":{"allow":["GET"]}}],"collection":[{"href":"https:\/\/uni.hi.is\/sbh\/index.php?rest_route=\/wp\/v2\/pages"}],"about":[{"href":"https:\/\/uni.hi.is\/sbh\/index.php?rest_route=\/wp\/v2\/types\/page"}],"author":[{"embeddable":true,"href":"https:\/\/uni.hi.is\/sbh\/index.php?rest_route=\/wp\/v2\/users\/331"}],"replies":[{"embeddable":true,"href":"https:\/\/uni.hi.is\/sbh\/index.php?rest_route=%2Fwp%2Fv2%2Fcomments&post=158"}],"version-history":[{"count":33,"href":"https:\/\/uni.hi.is\/sbh\/index.php?rest_route=\/wp\/v2\/pages\/158\/revisions"}],"predecessor-version":[{"id":310,"href":"https:\/\/uni.hi.is\/sbh\/index.php?rest_route=\/wp\/v2\/pages\/158\/revisions\/310"}],"wp:attachment":[{"href":"https:\/\/uni.hi.is\/sbh\/index.php?rest_route=%2Fwp%2Fv2%2Fmedia&parent=158"}],"curies":[{"name":"wp","href":"https:\/\/api.w.org\/{rel}","templated":true}]}}