{"id":12,"date":"2013-06-21T10:27:52","date_gmt":"2013-06-21T10:27:52","guid":{"rendered":"http:\/\/uni.hi.is\/sgsuman\/?page_id=12"},"modified":"2023-03-28T09:46:12","modified_gmt":"2023-03-28T09:46:12","slug":"publications-and-patents","status":"publish","type":"page","link":"https:\/\/uni.hi.is\/sgsuman\/research\/publications-and-patents\/","title":{"rendered":"Publications and Patents"},"content":{"rendered":"<div dir=\"ltr\">\n<div dir=\"ltr\">\n<p><a href=\"http:\/\/scholar.google.is\/citations?user=I2NeyRIAAAAJ&amp;hl=en\" target=\"_blank\" rel=\"noopener noreferrer\">Google Scholar Link<\/a><\/p>\n<\/div>\n<div dir=\"ltr\">\n<p><strong>Publications since 2016<\/strong><\/p>\n<\/div>\n<div dir=\"ltr\">\n<ol>\n<li>A. Castro-Ruiz, L. Grefe, E. Meija, S. G. Suman, Cobalt complexes with \u03b1-amino acid ligands catalyze the incorporation of CO2 into cyclic carbonates, <em>Dalton Trans<\/em>., <strong>2023<\/strong>, 52, 4186-4199.<\/li>\n<li>J. M. Gretarsdottir, I. H. Lambert, S. Sturup, S. G. Suman, In vitro Characterization of a Threonine-Ligated Molybdenyl-Sulfide Cluster as a Putative Cyanide Poisoning Antidote: Intracellular Distribution, Effects on Organic Osmolyte Homeostasis, and Induction of Cell Death, <em>ACS Pharmacol. Transl. Sci<\/em>., <strong>2022<\/strong>, 5(10), 907-918.<\/li>\n<li>S. G. Suman, T. Sn\u00e6bj\u00f6rnsson, O. Ragnarsd\u00f3ttir, A. V. Polukeev, O. F. Wendt, \u00a0\u201dSynthesis of Mixed Salts of the [Mo<sub>2<\/sub>O<sub>2<\/sub>(\u00b5-S)<sub>2<\/sub>(SCN)<sub>6-n<\/sub>L<sub>n<\/sub>]<sup>3-<\/sup> Anion, (n = 0-2); Structures of\u00a0[Mo<sub>2<\/sub>O<sub>2<\/sub>(\u00b5-S)<sub>2<\/sub>(SCN)<sub>5<\/sub>(CH<sub>3<\/sub>CN)]<sup>3-<\/sup>,\u00a0[Mo<sub>2<\/sub>O<sub>2<\/sub>(\u00b5-S)<sub>2<\/sub>(CN)<sub>5<\/sub>]<sup>3-<\/sup>, and\u00a0[Mo<sub>2<\/sub>O<sub>2<\/sub>(\u00b5-S)<sub>2<\/sub>(CN)<sub>2<\/sub>(O)]<sup>2-<\/sup>, and Probing the Ligand Exchange of Thiocyanate and Cyanide\",<em> Polyhedron, <strong>2021<\/strong>, 115447.<br \/>\n<\/em><\/li>\n<li>L. J. Monger, D. Razinkov, R. Bjornsson, S. G. Suman,\u00a0\"Synthesis, Characterization, and Reaction Studies of Pd(II) Tripeptide Complexes\"\u00a0<em>Molecules<\/em> <strong>2021<\/strong> Vol. 26, 17.<\/li>\n<li>A. Castro Ruiz, K. K. Damodaran, S. G. Suman, Towards a selective synthetic route for cobalt amino acid complexes and their application in ring opening polymerization of <em>rac<\/em>-lactide. <em>RSC Advances<\/em><strong> 2021<\/strong>, 11, 16326-16338<\/li>\n<li>D. Razinkov, H. I. Ingvarsdottir, \u00c1. Kvaran, S. Jonsdottir, S. G. Suman, Coordination Properties of Non-Rigid Phosphinoyldithioformate Complexes of the [Mo<sub>2<\/sub>O<sub>2<\/sub>(\u00b5-S)<sub>2<\/sub>]<sup>2+<\/sup> Cation in Catalytic Sulfur Transfer Reactions with Thiiranes, <em>Catalysts<\/em> <strong>2021<\/strong>, 11, 593-611.<\/li>\n<li>M. Gretarsdottir,\u00a0S. Jonsdottir,\u00a0W. Lewis,\u00a0T. W. Hambley,\u00a0and\u00a0S. G. Suman \u201eWater-Soluble \u03b1-Amino Acid Complexes of Molybdenum as Potential Antidotes for Cyanide Poisoning: Synthesis and Catalytic Studies of Threonine, Methionine, Serine, and Leucine Complexes\u201c, \u201d. <em>Inorg. Chem<\/em>. <strong>2020<\/strong>, 59(24) 18190\u201318204.<\/li>\n<li>L. J. Monger, G. R. Runarsdottir, S. G. Suman, \u201cDirected coordination study of [Pd(en)(H<sub>2<\/sub>O)<sub>2<\/sub>]<sup>2+<\/sup> with hetero-tripeptides containing C-terminal methyl esters employing NMR spectroscopy\u201d. <em>J. Biol. Inorg. Chem.<\/em> <b data-test=\"journal-volume\">25<\/b>,\u00a0811\u2013825 (<strong>2020<\/strong>).<\/li>\n<li>S. G. Suman, J. M. Gretarsdottir, P. E. Penwell, J. P. Gunnarsson, S. Frostason, S. Jonsdottir, K. K. Damodaran, and A. Hirschon \u201cReaction Chemistry of the syn-[Mo<sub>2<\/sub>O<sub>2<\/sub>(\u00b5-S)<sub>2<\/sub>(S<sub>2<\/sub>)(DMF)<sub>3<\/sub>] Complex with Cyanide and Catalytic Thiocyanate Formation\u201d,\u00a0<em>Inorg. Chem.,\u00a0<\/em><strong>2020<\/strong> <em>59<\/em> (11), 7644-7656.<\/li>\n<li>B. O. Birgisson, L. J. Monger, K. K. Damodaran, S. G. Suman, \u201cSynthesis and Characterization of Asymmetric [Mo<sub>2<\/sub>O<sub>2<\/sub>(m-S)<sub>2<\/sub>(S<sub>2<\/sub>)(L)] Complexes (L = bipy, en, dien) and their Heterogeneous Reaction with Propylene Sulfide.\u201d, <em>Inorg. Chim. Acta, <\/em><strong>2020<\/strong> (501) 119272-119281.<\/li>\n<li>S. G. Suman, J. M. Gretarsdottir, \u201cChemical and Clinical Aspects of Metal Containing Antidotes for Poisoning by Cyanide\u201d, Met. Ions Life Sci., Eds. A. Sigel, E. Freisinger, R. K. O. Sigel, Walter de Gruyter GmbH, Berlin, Germany, 2019, 19, 1-52, Chapter 14.<\/li>\n<li>\u00d3lafsson, S. N., Kvaran, \u00c1., Jonsdottir, S.,\u00a0Suman, S. G., \u201cNon-rigid Coordination Behavior of the Ambientate Phosphinoyldithioformate Ligands, [S<sub>2<\/sub>CP(O)R<sub>2<\/sub>]<sup>-<\/sup>, (R= Ph, CH<sub>2<\/sub>Ph) in Organometallic Lead(IV) and Mercury(II) Compounds.\u00a0<em>J. Organomet. Chem.,\u00a0<\/em><strong>2018<\/strong><em>,\u00a0<\/em>38-48<em>.<\/em><\/li>\n<li>Gretarsd\u00f3ttir, J. M, Bobersky, S., Metzler-Nolte, N.,\u00a0Suman, S.\u00a0G., \u201cCytotoxicity Studies of Water Soluble Coordination Compounds with a [Mo<sub>2<\/sub>O<sub>2<\/sub>S<sub>2<\/sub>]<sup>2+<\/sup>Core\u201d\u00a0<em>J. Inorg. Biochem<\/em>.\u00a0<strong>2016<\/strong>,\u00a0<em>160<\/em>, 166-171.<\/li>\n<li>\u00d3lafsson, S. N., Bjornsson, R., Helgason, O., Jonsdottir, S.,\u00a0Suman, S.\u00a0G., \u201cCoordination Geometry Determination of Stannane Compounds with Phosphinoyldithoformate Ligands using Multinuclear NMR, Sn M\u00f6ssbauer and DFT Methods\u201d\u00a0<em>J.Organomet. Chem.,<\/em><strong>2016,<\/strong><em>825-826,\u00a0<\/em>125-138<em>.<\/em><\/li>\n<\/ol>\n<p><strong>Poster Presentations<\/strong><\/p>\n<ol>\n<li>T. V. Oliveira, S. G. Suman, Water soluble bidentate ligand complexes of molybdenum as a potential antidotes for cyanide poisoning: Mechanistic approach for a public health issue. EuroBIC-16, Grenoble, France, July 2022<\/li>\n<li>N. Bed\u00f6, S. G. Suman, Interaction of Cytochrome c Oxidase with Complex 1 and Cyanide, EuroBIC-16, Grenoble, France, July 2022.<\/li>\n<li>A. Castro Ruiz, L. Grefe, E. Meija, S. G. Suman, Cobalt Complexes of \u03b1-Amino Acid Ligands for the Fixation of CO2 into Cyclic Carbonates, 44th ICCC, Rimini, Italy, August 2022.<\/li>\n<li>S. G. Suman, Aqueous catalysis of the reaction of cyanide and thiosulfate by biocompatible molybdenum sulfur complexes to combat cyanide toxicity, 44th ICCC, Rimini, Italy, August 2022.<\/li>\n<li>D. Razinkov, A. F. Sousa, S. G. Suman, Sustainable Biobased Furanic Polyester Materials, EFN\u00cdS conference, Reykjav\u00edk, August 2022.<\/li>\n<li>H. G. Gu\u00f0j\u00f3nsson, S. G. Suman, Application of MII[N2S2] complexes in Ring Opening Copolymerization, EFN\u00cdS conference, Reykjavik, August 2022.<\/li>\n<li>T. V. de Oliveira, S. G. Suman, \"Cyanide as a Public Health Issue: Mechanistic Approach with water soluble a-amino acid complexes with Molybdenum,\" eBIC 2021, July 20-22.<\/li>\n<li>N. Bed\u00f6, S. G. Suman, \"Interaction of Cytochrome c Oxidase with Molybdenum Complexes\", eBIC 2021, July 20-22.<\/li>\n<li>D. Razinkov, S. G. Suman, \u201cSynthesis of advanced optical materials for sensors in medical equipment\u201d. 20th Biomedical and Health Sciences Conference. Reykjavik, Iceland, June 2021.<\/li>\n<li>A. W. Kahlan, L. A. Hancock, S. G. Suman, \"Enantiomer Selectivity and Efficacy in Cyanide Poisoning Antidote\", 20th Biomedical and Health Sciences Conference. Reykjavik, Iceland, June 2021.<\/li>\n<li>A. Castro Ruiz, S. G. Suman, Biodegradable CO2-sourced polymers for medical applications. 20th Biomedical and Health Sciences Conference. Reykjavik, Iceland, June 2021.<\/li>\n<li>T. V. de Oliveira, J. M. Gretarsdottir, S. G. Suman, Cyanide as a public health issue: Mechanistic approach with water soluble \u03b1-amino-acid complexes of molybdenum as potential antidotes for cyanide poisoning. 20th Biomedical and Health Sciences Conference. Reykjavik, Iceland, June 2021.<\/li>\n<li>N. Bed\u00f6, S. G. Suman, Interaction of Cytochrome c Oxidase with Molybdenum Complexes and Cyanide. 20th Biomedical and Health Sciences Conference. Reykjavik, Iceland, June 2021.<\/li>\n<li>S. G. Suman L. A. Hancock, J. M. Gretarsdottir, S. Sturup, I. H. Lambert, Biological Studies of a Molybdenum based Cyanide Poisoning Antidote, OZOM12, Melbourne, Australia, July 2019.<\/li>\n<li>Monger, L. J., <strong>Suman, S. G<\/strong>., \u201cCatalytic Approach to Synthesis of Biodegradable and Biocompatible Materials\u201d, International Workshop on Advanced Materials for Healthcare Applications, Reykjavik, Iceland, May 2018.<\/li>\n<li>Razinkov, D., B\u00e6ringsd\u00f3ttir, B. B., <strong>Suman, S. G<\/strong>., \u201cSynthesis and Characterization of Molybdenum Oxo Complexes\u201d, International Workshop on Advanced Materials for Healthcare Applications, Reykjavik, Iceland, May 2018.<\/li>\n<li>Gretarsdottir, J. M., <strong>Suman, S. G<\/strong>., \u201cCellular Uptake and Catalytic Activity of a Molybdenum Drug\u201d, International Workshop on Advanced Materials for Healthcare Applications, Reykjavik, Iceland, May 2018.<\/li>\n<li>Gretarsdottir, J. M., <strong>Suman, S. G<\/strong>., \u201cCatalytic Activity of Molybdenum Complexes in the reaction of thiosulfate and cyanide\u201d, EUROBIC, Birmingham, United Kingdom, August 2018<\/li>\n<li>Monger, L. J., <strong>Suman, S. G<\/strong>., \u201cSynthesis and characterization of Ni(II) tripeptide complexes\u201d, EUROBIC, Birmingham, United Kingdom, August 2018.<\/li>\n<li>G. Suman, and Benedikt O Birgisson, \u201cHeterogeneous sulfur abstraction reaction employing [Mo<sub>2<\/sub>O<sub>2<\/sub>S<sub>2<\/sub>(S<sub>2<\/sub>)(L)], (L=en, dien, bipy) to form olefins\u201d, EuCheMS, Liverpool, United Kingdom, August 2018.<\/li>\n<li>Ger\u00f0ur R. Runarsdottir, Etelka Farkas,\u00a0<strong>Sigridur G. Suman<\/strong>, \u201cCoordination Affinity of {GSH(OMe)<sub>2<\/sub>(SMe)} towards Metal Ions in Aqueous Solution\u201d, EUROBIC-13, Budapest, Hungary, 2016.<\/li>\n<li>J\u00f3hanna M. Gretarsdottir, Stefan Sturup, Ian H. Lambert,\u00a0<strong>Sigridur G. Suman<\/strong>, \u201cCellular Uptake and Catalytic Activity of a Molybdenum Complex\u201d, Gordon Research Conferences, Metals in Medicine, Andover, New Hampshire, USA, June 2016.<\/li>\n<li><strong>Sigridur G. Suman<\/strong>, \u201cCatalytic Thiocyanate Formation\u201d, Gordon Research Conferences, Metals in Medicine, Andover, New Hampshire, USA, June 2016.<\/li>\n<li>Lindsey J. Monger, Heidar. M. Adalsteinsson, R. Bjornsson,\u00a0<strong>Sigridur G. Suman<\/strong>, \u201cSynthesis and Computational Study of Co(II) O,O,S-trimethylglutathione Complex\u201d CM1205, WHAM meeting, Ljubljana, Slovenia, March 2016.<\/li>\n<li>Hafd\u00eds I. Ingvarsdottir,\u00a0<strong>Sigridur G. Suman<\/strong>, \u201cSynthesis and Characterization of the [Mo<sub>2<\/sub>O<sub>2<\/sub>S<sub>4<\/sub>{S<sub>2<\/sub>CP(O)R<sub>2<\/sub>}<sub>2<\/sub>] complex\u201d, Nordic Organometallic Symposium, Reykjavik, Iceland, March 2016.<\/li>\n<li>Benedikt O. Birgisson,\u00a0<strong>Sigridur G. Suman<\/strong>, \u201cSynthesis and Characterization of the Neutral Asymmetric Complex, [Mo<sub>2<\/sub>O<sub>2<\/sub>S<sub>4<\/sub>(bipy)(DMF)]\u201d, Nordic Organometallic Symposium, Reykjavik, Iceland, March 2016.<\/li>\n<li>Gerdur R. Runarsdottir, Etelka Farkas,\u00a0<strong>Sigridur G. Suman<\/strong>, \u201cPotentiometric Studies of GABA with Cu(II) and Ni(II) in Aqueous Solution\u201d, Nordic Organometallic Symposium, Reykjavik, Iceland, March 2016.<\/li>\n<li>Sigurjon N. \u00d3lafsson, Sigridur Jonsdottir, Sal\u00f3me M. \u00d3lafsdottir,\u00a0<strong>Sigridur G. Suman<\/strong>, \u201cOrganometallic Silver Complexes with Ambidentate S<sub>2<\/sub>CP(O)R<sub>2<\/sub>ligand; Synthesis and Characterization\u201d, Nordic Organometallic Symposium, Reykjavik, Iceland, March 2016.<\/li>\n<li>Sigurjon N. \u00d3lafsson, Krishna K. Damodaran,\u00a0<strong>Sigridur G. Suman<\/strong>, \u201cOrganometallic Tin Complexes with Ambidentate S<sub>2<\/sub>CP(O)R<sub>2<\/sub>ligand; Preparation and Crystal Structure\u201d, Nordic Organometallic Symposium, Reykjavik, Iceland, March 2016.<\/li>\n<\/ol>\n<p><strong>Publications before 2016<\/strong><\/p>\n<ol>\n<li>Webster, D. C., Bennett, J., Kuebler, S., Kossuth, M. B., <b>Jonasdottir, S<\/b>.\u00a0 \u201cHigh Throughput Workflow for the Development of Coatings\u201d, <i>JCT CoatingsTech<\/i> (www.coatingstech.org), June 2004, pp. 34-39.<\/li>\n<li>Vadim Y. U. Kukushkin, Arke Oskarsson, Lars I. Elding, <b>S. Jonasdottir<\/b> (checker), \u201cTetrakis(propanenitrile)Platinum(II) Trifluoromethanesulfonate as a Suitable Intermediate in Synthetic Pt(II) Chemistry\u201d, Inorganic Syntheses, Vol. 31. (Ed. Alan H. Cowley), pp. 279-284, (1997),[Wiley].<\/li>\n<li><b>Jonasdottir, S<\/b>.; Kim C.-G.; Kampf J.; Coucouvanis D.\u00a0 \u201cMacrocyclic Catecholate Complexes as Ligands. Synthesis, Structural Characterization and Properties of the [MH<sub>2<\/sub>ETC] and {[Ni(ETC)<sub>2<\/sub>Cu}<sup>2-<\/sup> complexes (M = Ni, Co; H<sub>4<\/sub>ETC = the macrocyclic catechol, 2,3-ethylene-5,6:13,14-di(5\u2019-methylbzo)-9,10-(4\u2019,5\u2019-diol)-[14]-1,4,8,11-[N<sub>4<\/sub>]-7,12-diene)\u201d, <i>Inorganica Chimica Acta<\/i> 243 (1-2):\u00a0 255-270 (1996).<\/li>\n<li>Coucouvanis, D., <b>Jonasdottir, S. G<\/b>., Christodoulou, D., Kim, C.-G. &amp;. Kampf, J. W.\u00a0 \u201cMacrocyclic Catechol Complexes as Ligands in the Synthesis of Heterometallic Supramolecules\u201d, <i>Inorg. Chem.<\/i> 32:\u00a0 3591-3592 (1993).<\/li>\n<li>Coucouvanis, D., <b>Jonasdottir, S. G<\/b>., Christodoulou, D., Kim, C.-G. &amp;. Kampf, J. W. \u201cMultifunctional Macrocyclic Ligands.\u00a0 Synthesis and Characterization of Nickel(II)\u00a0 and Cobalt(II)\u00a0 Macrocyclic-Catechol Complexes and Their Dimeric, Antiferromagnetically Coupled, Semiquinone Derivatives\u201d, <i>Inorg. Chem.<\/i> 32:\u00a0 2987-2988 (1993).<\/li>\n<\/ol>\n<p><strong>Patents<\/strong><\/p>\n<ol>\n<li>A. Petrie, David Stout, Paul E. Penwell, <strong>Sigridur Suman<\/strong>, Allen Dodge, \u201cSynthesis of microcrystalline alpha alane\u201d, US Patent 9676625 B1, Published June 13, 2017.<\/li>\n<li>Mark A. Petrie, David Stout, Paul E. Penwell, <strong>Sigridur Suman<\/strong>, Allen Dodge, \u201cSynthesis of microcrystalline alpha alane\u201d, US Patent US20170275163 A1, Published September 28, 2017.<\/li>\n<li><strong>Sigridur Suman<\/strong>, \u201cMolybdenum compounds for use in the treatment of cyanide poisoning\u201d, US9682086 B2, Published June 20, 2017.<\/li>\n<li><strong>Suman, Sigridur G<\/strong>. \u201cM\u00f3lybden efnasamb\u00f6nd til notkunar vi\u00f0 me\u00f0fer\u00f0 \u00e1 s\u00fdan\u00ed\u00f0eitrun\u201d, Patent IS 2934B, Published January 15, 2016.<\/li>\n<li><strong>Suman, S. G<\/strong>., \u201cMolybdenum compounds for use in the treatment of cyanide poisoning\u201d. Patent WO2015044304 A1. Published April 2, 2015.<\/li>\n<li>Wilson, Jr., R. B., <b>Jonasdottir, S<\/b>. \u201cOlefin copolymers containing hydrolytically cleavable linkages and use thereof in degradable products\u201d, Patent US 7,592,408. Awarded 22. September, 2009.<\/li>\n<li>Wilson, Jr., R. B., <b>Jonasdottir, S.<\/b> \u201cOlefin copolymers containing hydrolytically cleavable linkages and use thereof in degradable products\u201d, Patent US 20080227940 A1. Awarded 18. September, 2008.<\/li>\n<li>Wilson, Jr., R. B., <b>Jonasdottir, S<\/b>. \u201cOlefin copolymers containing hydrolytically cleavable linkages and use thereof in degradable products\u201d, Patent US 7,399,817 B2. Awarded 15. July, 2008.<\/li>\n<li>Wilson, R. B. Jr., <b>Jonasdottir, S<\/b>. \u201cOlefin Copolymers Containing Hydrolytically Cleavable Linkages and Use Thereof in Degradable Products\u201d, Patent US 7,037,992 B2. Awarded 2. May, 2006.<\/li>\n<li>Wilson, R. B. Jr., <b>Jonasdottir, S<\/b>. \u201cOlefin Copolymers Containing Hydrolytically Cleavable Linkages and Use Thereof in Degradable Products\u201d, Patent US 20060079654 A1. Awarded 13. April, 2006.<\/li>\n<li>Wilson, Jr., R. B., <b>Jonasdottir, S<\/b>. \u201cHydrolytically degradable olefin copolymers\u201d, Patent US 6,534,610. Awarded 18. March, 2003.<\/li>\n<li>Wilson, Jr., R. B., <b>Jonasdottir, S<\/b>. \u201cOlefin copolymers containing hydrolytically cleavable linkages and use thereof in degradable products\u201d, Patent US 20030236371 A1. Awarded 25. December, 2003.<\/li>\n<li>Wilson, Jr., R. B., <b>Jonasdottir, S.<\/b> \u201cHydrolytically degradable olefin copolymers\u201d, Patent US 6,288,184. Awarded 11. September, 2001.<\/li>\n<\/ol>\n<\/div>\n<\/div>\n","protected":false},"excerpt":{"rendered":"<p>Google Scholar Link Publications since 2016 A. Castro-Ruiz, L. Grefe, E. Meija, S. G. Suman, Cobalt complexes with \u03b1-amino acid ligands catalyze the incorporation of CO2 into cyclic carbonates, Dalton Trans., 2023, 52, 4186-4199. J. M. Gretarsdottir, I. H. Lambert, &hellip; <a href=\"https:\/\/uni.hi.is\/sgsuman\/research\/publications-and-patents\/\">Halda \u00e1fram a\u00f0 lesa <span class=\"meta-nav\">&rarr;<\/span><\/a><\/p>\n","protected":false},"author":1186,"featured_media":0,"parent":81,"menu_order":0,"comment_status":"closed","ping_status":"closed","template":"","meta":{"footnotes":""},"class_list":["post-12","page","type-page","status-publish","hentry"],"_links":{"self":[{"href":"https:\/\/uni.hi.is\/sgsuman\/wp-json\/wp\/v2\/pages\/12","targetHints":{"allow":["GET"]}}],"collection":[{"href":"https:\/\/uni.hi.is\/sgsuman\/wp-json\/wp\/v2\/pages"}],"about":[{"href":"https:\/\/uni.hi.is\/sgsuman\/wp-json\/wp\/v2\/types\/page"}],"author":[{"embeddable":true,"href":"https:\/\/uni.hi.is\/sgsuman\/wp-json\/wp\/v2\/users\/1186"}],"replies":[{"embeddable":true,"href":"https:\/\/uni.hi.is\/sgsuman\/wp-json\/wp\/v2\/comments?post=12"}],"version-history":[{"count":81,"href":"https:\/\/uni.hi.is\/sgsuman\/wp-json\/wp\/v2\/pages\/12\/revisions"}],"predecessor-version":[{"id":371,"href":"https:\/\/uni.hi.is\/sgsuman\/wp-json\/wp\/v2\/pages\/12\/revisions\/371"}],"up":[{"embeddable":true,"href":"https:\/\/uni.hi.is\/sgsuman\/wp-json\/wp\/v2\/pages\/81"}],"wp:attachment":[{"href":"https:\/\/uni.hi.is\/sgsuman\/wp-json\/wp\/v2\/media?parent=12"}],"curies":[{"name":"wp","href":"https:\/\/api.w.org\/{rel}","templated":true}]}}