{"id":21,"date":"2013-06-21T10:36:42","date_gmt":"2013-06-21T10:36:42","guid":{"rendered":"http:\/\/uni.hi.is\/sgsuman\/?page_id=21"},"modified":"2025-10-16T12:02:42","modified_gmt":"2025-10-16T12:02:42","slug":"completed-recent-research-support","status":"publish","type":"page","link":"https:\/\/uni.hi.is\/sgsuman\/research\/completed-recent-research-support\/","title":{"rendered":"<!--:en-->Recent Research Support<!--:-->"},"content":{"rendered":"<p><strong>Current Research Support<\/strong><\/p>\n<p>Icelandic Technology Development Fund \u00a0 \u00a0 \u00a0 \u00a0 \u00a0 \u00a0 \u00a0 \u00a0 \u00a0 \u00a0 \u00a0 \u00a0 \u00a0 \u00a0 \u00a0 \u00a0 \u00a0 \u00a0Aug 2025\u2013May 2028<br \/>\n\u201cIn-vivo studies of efficacy of a molybdenum antidote for cyanide poisoning\u201d<br \/>\nGrant nr. 2524559<br \/>\nRole: Principal Investigator<\/p>\n<p>Icelandic Technology Development Fund \u00a0 \u00a0 \u00a0 \u00a0 \u00a0 \u00a0 \u00a0 \u00a0 \u00a0 \u00a0 \u00a0 \u00a0 \u00a0 \u00a0 \u00a0 \u00a0 \u00a0 \u00a0June 2024\u2013May 2027<br \/>\n\u201cSulfur-rich polymers: Advancing High-Tech Assembly in Industry\u201d<br \/>\nGrant nr. 2422618<br \/>\nRole: Principal Investigator<\/p>\n<p>University of Iceland Research Fund\u00a0 \u00a0 \u00a0 \u00a0 \u00a0 \u00a0 \u00a0 \u00a0 \u00a0 \u00a0 \u00a0 \u00a0 \u00a0 \u00a0 \u00a0 \u00a0 \u00a0 \u00a0 \u00a0 \u00a0 \u00a0Jan 2024 to Dec 2026<br \/>\n\u201cReactions of molybdenum complexes with thiosulfate\u201d<br \/>\nRole: Principal Investigator<\/p>\n<p><strong>Completed Research Support (Iceland and Federal USA)<br \/>\n<\/strong><\/p>\n<p class=\"DataField11pt-Single\">\n<p>University of Iceland Research Fund\u00a0 \u00a0 \u00a0 \u00a0 \u00a0 \u00a0 \u00a0 \u00a0 \u00a0 \u00a0 \u00a0 \u00a0 \u00a0 \u00a0 \u00a0 \u00a0 \u00a0 \u00a0 \u00a0 \u00a0 \u00a0Jan 2021 to Dec 2023<br \/>\n\u201cCo catalyzed copolymerization of alkenes and CO2\u201d<br \/>\nRole: Principal Investigator<\/p>\n<p class=\"DataField11pt-Single\"><span lang=\"EN-US\">The Icelandic Centre for Research \u00a0 \u00a0 \u00a0 \u00a0 \u00a0 \u00a0 \u00a0 \u00a0 \u00a0 \u00a0 \u00a0 \u00a0 \u00a0 \u00a0 \u00a0 \u00a0Jan 2019\u2013Dec 2022<br \/>\n\u201cReactivity and Fate of Molybdenum Compounds\u201d<br \/>\nGrant nr. 195726<br \/>\nRole: Principal Investigator<\/span><\/p>\n<p>University of Iceland Research Fund\u00a0 \u00a0 \u00a0 \u00a0 \u00a0 \u00a0 \u00a0 \u00a0 \u00a0 \u00a0 \u00a0 \u00a0 \u00a0 \u00a0 \u00a0 \u00a0 \u00a0 \u00a0 \u00a0 \u00a0 \u00a0Jan 2018 to Dec 2020<br \/>\n\u201cCatalysis of Sulfur Transfer Reactions\u201d<br \/>\nRole: Principal Investigator<\/p>\n<p>The Icelandic Centre for Research\u00a0 \u00a0 \u00a0 \u00a0 \u00a0 \u00a0 \u00a0 \u00a0 \u00a0 \u00a0 \u00a0 \u00a0 \u00a0 \u00a0 \u00a0Jan 2017 to Dec 2019<br \/>\n\u201cMetal Catalyzed Episulfidation of Alkenes\u201d<br \/>\nGrant nr. 173667<br \/>\nRole: Principal Investigator<\/p>\n<p class=\"DataField11pt-Single\"><span lang=\"EN-US\"><\/p>\n<p>Icelandic Technology Development Fund \u00a0 \u00a0 \u00a0 \u00a0 \u00a0 \u00a0 \u00a0 \u00a0 \u00a0 \u00a0 \u00a0 \u00a0 \u00a0 \u00a0 \u00a0 \u00a0 \u00a0 \u00a0Dec 2016\u2013Dec 2018<br \/>\n\u201cBl\u00e1s\u00fara\u201d<br \/>\nGrant nr. 164784<br \/>\nRole: Principal Investigator<\/span><\/p>\n<p>The Icelandic Centre for Research\u00a0 \u00a0 \u00a0 \u00a0 \u00a0 \u00a0 \u00a0 \u00a0 \u00a0 \u00a0 \u00a0 \u00a0 \u00a0 \u00a0 \u00a0Jan 2015 to Dec 2017<br \/>\n\u201cCobalt Mediated Activation of Carbon Dioxide\u201d<br \/>\nGrant nr. 152323<br \/>\nRole: Principal Investigator<\/p>\n<p>The Icelandic Centre for Research \u00a0 \u00a0 \u00a0 \u00a0 \u00a0 \u00a0 \u00a0 \u00a0 \u00a0 \u00a0 \u00a0 \u00a0 \u00a0 \u00a0 Jan 2014 to Dec 2016<br \/>\n\u201cMechanistic Studies of Thiocyanate Formation\u201d<br \/>\nGrant nr. 140945<br \/>\nRole: Principal Investigator<\/p>\n<p>Ranns\u00f3knarsj\u00f3\u00f0ur H\u00e1sk\u00f3la \u00cdslands\u00a0 \u00a0 \u00a0 \u00a0 \u00a0 \u00a0 \u00a0 \u00a0 \u00a0 \u00a0 \u00a0 \u00a0 \u00a0 \u00a0 \u00a0 \u00a0 \u00a0 \u00a0 \u00a0 \u00a0 \u00a0 \u00a0Jan 2013 to Dec 2016<br \/>\n\u201cCyanide Poisoning Treatment\u201d<br \/>\nRole: Principal Investigator<\/p>\n<p>National Student Innovation Fund (NSN)\u00a0 \u00a0 \u00a0 \u00a0 \u00a0 \u00a0 \u00a0 \u00a0 \u00a0 \u00a0 \u00a0 \u00a0 June 2013 to Aug 2013<br \/>\nUndergraduate Research Projects (three students)<br \/>\nRole: Advisor<\/p>\n<p>NIH NIEHS,\u00a0 \u00a0 \u00a0 \u00a0 \u00a0 \u00a0 \u00a0 \u00a0 \u00a0 \u00a0 \u00a0 \u00a0 \u00a0 \u00a0 \u00a0 \u00a0 \u00a0 \u00a0 \u00a0 \u00a0 \u00a0 \u00a0 \u00a0 \u00a0 \u00a0 \u00a0 \u00a0 \u00a0 \u00a0 \u00a0 \u00a0 \u00a0 \u00a0 \u00a0 \u00a0 \u00a0 \u00a0 \u00a0 \u00a0 \u00a0 \u00a0 \u00a0Sept 2008 to Nov 2012<br \/>\n\u201cCountermeasure for Chlorine Inhalation\u201d<br \/>\nGrant nr.\u00a0R21 ES020124<br \/>\nRole: Principal Investigator<\/p>\n<p>NIH NINDS\u00a0 \u00a0 \u00a0 \u00a0 \u00a0 \u00a0 \u00a0 \u00a0 \u00a0 \u00a0 \u00a0 \u00a0 \u00a0 \u00a0 \u00a0 \u00a0 \u00a0 \u00a0 \u00a0 \u00a0 \u00a0 \u00a0 \u00a0 \u00a0 \u00a0 \u00a0 \u00a0 \u00a0 \u00a0 \u00a0 \u00a0 \u00a0 \u00a0 \u00a0 \u00a0 \u00a0 \u00a0 \u00a0 \u00a0 \u00a0 \u00a0 \u00a0 \u00a0 Sep 2009 to Feb 2012<br \/>\n\u201cCatalytic Approach to Treatment of Cyanide Poisoning\u201d<br \/>\nGrant nr.\u00a0R21 NS0267265<br \/>\nRole: Principal Investigator<\/p>\n","protected":false},"excerpt":{"rendered":"<p>Current Research Support Icelandic Technology Development Fund \u00a0 \u00a0 \u00a0 \u00a0 \u00a0 \u00a0 \u00a0 \u00a0 \u00a0 \u00a0 \u00a0 \u00a0 \u00a0 \u00a0 \u00a0 \u00a0 \u00a0 \u00a0Aug 2025\u2013May 2028 \u201cIn-vivo studies of efficacy of a molybdenum antidote for cyanide poisoning\u201d Grant nr. &hellip; <a href=\"https:\/\/uni.hi.is\/sgsuman\/research\/completed-recent-research-support\/\">Halda \u00e1fram a\u00f0 lesa <span class=\"meta-nav\">&rarr;<\/span><\/a><\/p>\n","protected":false},"author":1186,"featured_media":0,"parent":81,"menu_order":0,"comment_status":"closed","ping_status":"closed","template":"","meta":{"footnotes":""},"class_list":["post-21","page","type-page","status-publish","hentry"],"_links":{"self":[{"href":"https:\/\/uni.hi.is\/sgsuman\/wp-json\/wp\/v2\/pages\/21","targetHints":{"allow":["GET"]}}],"collection":[{"href":"https:\/\/uni.hi.is\/sgsuman\/wp-json\/wp\/v2\/pages"}],"about":[{"href":"https:\/\/uni.hi.is\/sgsuman\/wp-json\/wp\/v2\/types\/page"}],"author":[{"embeddable":true,"href":"https:\/\/uni.hi.is\/sgsuman\/wp-json\/wp\/v2\/users\/1186"}],"replies":[{"embeddable":true,"href":"https:\/\/uni.hi.is\/sgsuman\/wp-json\/wp\/v2\/comments?post=21"}],"version-history":[{"count":47,"href":"https:\/\/uni.hi.is\/sgsuman\/wp-json\/wp\/v2\/pages\/21\/revisions"}],"predecessor-version":[{"id":174,"href":"https:\/\/uni.hi.is\/sgsuman\/wp-json\/wp\/v2\/pages\/21\/revisions\/174"}],"up":[{"embeddable":true,"href":"https:\/\/uni.hi.is\/sgsuman\/wp-json\/wp\/v2\/pages\/81"}],"wp:attachment":[{"href":"https:\/\/uni.hi.is\/sgsuman\/wp-json\/wp\/v2\/media?parent=21"}],"curies":[{"name":"wp","href":"https:\/\/api.w.org\/{rel}","templated":true}]}}