{"id":60,"date":"2014-02-10T16:50:06","date_gmt":"2014-02-10T16:50:06","guid":{"rendered":"http:\/\/uni.hi.is\/sgsuman\/?page_id=60"},"modified":"2023-01-24T10:01:16","modified_gmt":"2023-01-24T10:01:16","slug":"collaborations","status":"publish","type":"page","link":"https:\/\/uni.hi.is\/sgsuman\/collaborations\/","title":{"rendered":"Collaborations"},"content":{"rendered":"<p><strong>Collaborators<br \/>\n<\/strong><br \/>\nDr. <em>Andreia F. Sousa<\/em>, CICECO Researcher, University of Aveiro, Portugal<br \/>\nDr. <em>Stefan Sturup<\/em>, Dep. of Pharmacy, University of Copenhagen, Denmark<br \/>\nDr. <em>Ian H. Lambert<\/em>, Dep of Biology, University of Copenhagen, Denmark<br \/>\nProf. <em>Magn\u00fas M\u00e1r Kristj\u00e1nsson<\/em>, Science Institute, University of Iceland<br \/>\nProf. <em>Trevor W. Hambley<\/em>, University of Sydney, Australia<br \/>\nProf. <em>Ola Wendt<\/em>, Lund University, Sweden<br \/>\nProf. Emerita <em>Etelka Farkas<\/em>, University of Debrechen, Debrechen, Hungary<br \/>\nProf. <em>Clotilde Policar<\/em>, D\u00e9partement chimie de l'ENS, Paris, France<br \/>\nDr. <em>Ragnar Bj\u00f6rnsson<\/em>, CEA Researcher, LCBM, Grenoble, France<br \/>\nDr. Emeritus <em>Sigurj\u00f3n N. \u00d3lafsson<\/em>, University of Iceland, Reykjavik, Iceland<br \/>\nProf. <em>Nils Metzler-Nolte<\/em>, Ruhr University, Bochum, Germany<br \/>\nProf. <em>Egill Sk\u00falason<\/em>, University of Iceland, Iceland<br \/>\nProf. <em>Martin Albrecht, <\/em>Universit\u00e4t Bern, Bern, Switzerland<br \/>\nProf. <em>Gerard Boss<\/em>, MD, UCSD, San Diego, CA, USA<\/p>\n<p><strong>Institutes\/Companies<br \/>\n<\/strong><a href=\"http:\/\/www.sri.com\">SRI International, Menlo Park, CA, USA<\/a><\/p>\n<p><strong>Professional Memberships<br \/>\n<\/strong>2019-2023 \u00a0\u00a0\u00a0 National Delegate, Management Committee, CMST COST Action CA18220, <a href=\"https:\/\/fur4sustain.eu\/\">\u201cFUR4Sustain\u201d<\/a><\/p>\n<p>2019-2023 \u00a0\u00a0\u00a0 National Delegate, Management Committee, CMST COST Action CA18202, <a href=\"https:\/\/www.cost-nectar.eu\/\">\u201cNetwork for Equilibria and Chemical Thermodynamics Advanced Research\u201d<\/a><\/p>\n<p>2014-1017\u00a0\u00a0\u00a0\u00a0\u00a0\u00a0 National Delegate, Management Committee, CMST COST Action CM1205, <a href=\"http:\/\/www.cost.eu\/domains_actions\/cmst\/Actions\/CM1205\">\u201cCatalytic Routines for Small Molecule Activation\u201d<br \/>\n<\/a><br \/>\n2013-2016\u00a0\u00a0\u00a0\u00a0\u00a0\u00a0 National Delegate, Management Committee, CMST COST Action CM1105, <a href=\"http:\/\/www.cost.eu\/domains_actions\/cmst\/Actions\/CM1105\">\u201cFunctional Metal Complexes that Bind to Biomolecules\u201d<\/a><\/p>\n<p>2013 \u2013 present \u00a0\u00a0\u00a0\u00a0\u00a0\u00a0\u00a0\u00a0\u00a0\u00a0 Society of Biological Inorganic Chemistry (SBIC)<br \/>\n1989 \u2013 present \u00a0\u00a0\u00a0\u00a0\u00a0\u00a0\u00a0\u00a0\u00a0\u00a0\u00a0 American Chemical Society<br \/>\n1995 \u2013 present \u00a0\u00a0\u00a0\u00a0\u00a0\u00a0\u00a0\u00a0\u00a0\u00a0\u00a0 The University of Michigan Alumni Association<br \/>\n1997-2012 \u00a0 \u00a0 \u00a0 \u00a0 \u00a0 \u00a0 \u00a0 \u00a0 \u00a0 \u00a0 Golden Gate Polymer Forum<\/p>\n","protected":false},"excerpt":{"rendered":"<p>Collaborators Dr. Andreia F. Sousa, CICECO Researcher, University of Aveiro, Portugal Dr. Stefan Sturup, Dep. of Pharmacy, University of Copenhagen, Denmark Dr. Ian H. Lambert, Dep of Biology, University of Copenhagen, Denmark Prof. Magn\u00fas M\u00e1r Kristj\u00e1nsson, Science Institute, University of &hellip; <a href=\"https:\/\/uni.hi.is\/sgsuman\/collaborations\/\">Halda \u00e1fram a\u00f0 lesa <span class=\"meta-nav\">&rarr;<\/span><\/a><\/p>\n","protected":false},"author":1186,"featured_media":0,"parent":0,"menu_order":0,"comment_status":"closed","ping_status":"closed","template":"","meta":{"footnotes":""},"class_list":["post-60","page","type-page","status-publish","hentry"],"_links":{"self":[{"href":"https:\/\/uni.hi.is\/sgsuman\/wp-json\/wp\/v2\/pages\/60","targetHints":{"allow":["GET"]}}],"collection":[{"href":"https:\/\/uni.hi.is\/sgsuman\/wp-json\/wp\/v2\/pages"}],"about":[{"href":"https:\/\/uni.hi.is\/sgsuman\/wp-json\/wp\/v2\/types\/page"}],"author":[{"embeddable":true,"href":"https:\/\/uni.hi.is\/sgsuman\/wp-json\/wp\/v2\/users\/1186"}],"replies":[{"embeddable":true,"href":"https:\/\/uni.hi.is\/sgsuman\/wp-json\/wp\/v2\/comments?post=60"}],"version-history":[{"count":20,"href":"https:\/\/uni.hi.is\/sgsuman\/wp-json\/wp\/v2\/pages\/60\/revisions"}],"predecessor-version":[{"id":163,"href":"https:\/\/uni.hi.is\/sgsuman\/wp-json\/wp\/v2\/pages\/60\/revisions\/163"}],"wp:attachment":[{"href":"https:\/\/uni.hi.is\/sgsuman\/wp-json\/wp\/v2\/media?parent=60"}],"curies":[{"name":"wp","href":"https:\/\/api.w.org\/{rel}","templated":true}]}}