{"id":83,"date":"2014-02-10T17:55:43","date_gmt":"2014-02-10T17:55:43","guid":{"rendered":"http:\/\/uni.hi.is\/sgsuman\/?page_id=83"},"modified":"2025-10-16T11:43:42","modified_gmt":"2025-10-16T11:43:42","slug":"group-members","status":"publish","type":"page","link":"https:\/\/uni.hi.is\/sgsuman\/group-members\/","title":{"rendered":"Group Members"},"content":{"rendered":"<p style=\"text-align: justify\"><strong>Members<\/strong><br \/>\nDmitrii Razinkov, Postdoctoral Fellow<br \/>\nIra Volkova, PhD Student<br \/>\nBerglind R\u00fanarsd\u00f3ttir, MS Student<\/p>\n<p><strong>Former Group members<\/strong><br \/>\nThiago Valdares de Oliveira<br \/>\nDmitrii Razinkov, PhD 2024<br \/>\nHilmir G. Gu\u00f0j\u00f3nsson, MS 2024<br \/>\nAngel Andres Castro Ruiz, PhD 2023<br \/>\nNorbert Bed\u00f6, MS 2022<br \/>\nLindsey J. Monger, PhD 2021<br \/>\nDmitrii Razinkov, MS 2020<br \/>\nLinda A. Hancock, MS 2019<br \/>\nJohanna M. Gretarsdottir, PhD 2018<br \/>\nHafd\u00eds I. Ingvarsd\u00f3ttir, MS 2018<br \/>\nBenedikt O. Birgisson, MS 2017<br \/>\nGer\u00f0ur R. R\u00fanarsdottir, MS 2016<br \/>\nDr. Philipp Scharf, Postdoctoral Fellow 2014-2015<\/p>\n<p><strong>BS Projects<br \/>\n<\/strong>Inga \u00c1rn\u00fd Gunnarsd\u00f3ttir Kondrup, 2025<br \/>\nBerglind R\u00fanarsd\u00f3ttir, 2024<br \/>\nHilmir G. Gu\u00f0j\u00f3nsson, 2022<br \/>\nGu\u00f0fr\u00ed\u00f0ur Dan\u00edelsd\u00f3ttir, 2019<br \/>\nBergd\u00eds B. B\u00e6ringsd\u00f3ttir, 2018<br \/>\nOddn\u00fd Ragnarsd\u00f3ttir, 2017<br \/>\nStyrmir B. Svavarsson, 2016<br \/>\nVera Roth, 2016<br \/>\nBenedikt O. Birgisson, 2014<\/p>\n<p><strong>Interns<br \/>\n<\/strong>Simon T\u00f6nsing,<br \/>\nTheophile Renwa<br \/>\nMs Jaqueline Berger<\/p>\n<p>Dr. Michal Tup\u00fd, Postdoctoral Fellow,<br \/>\nBrno University of Technology, Brno, Czech Republic<\/p>\n<p>Ms Silvija Bajuk, MS Student,<br \/>\nUniversity of Ljubljana, Ljubljana, Slovenia<\/p>\n<p><strong>Undergraduate Summer Students<\/strong><br \/>\n<strong>2024<\/strong><br \/>\nBerglind R\u00fanarsdottir<br \/>\n<strong>2022<\/strong><br \/>\nHilmir G. Gu\u00f0j\u00f3nsson<br \/>\n<strong>2019<\/strong><br \/>\nOddn\u00fd Ragnarsd\u00f3ttir<br \/>\n<strong>2018<\/strong><br \/>\nSigtryggur B. Sigtryggsson<br \/>\nP\u00e1ll J\u00f6kull \u00deorsteinsson<br \/>\n<strong>2016<br \/>\n<\/strong>Sigtryggur B. Sigtryggsson<br \/>\nHildur L\u00fa\u00f0v\u00edksd\u00f3ttir<br \/>\n<strong>2014<br \/>\n<\/strong>J\u00f3hann D. Magn\u00fasson<br \/>\n<strong>2013<br \/>\n<\/strong>Jon Petur Gunnarsson<br \/>\nJ\u00f3n\u00edna S. Gu\u00f0mundsd\u00f3ttir<br \/>\nSindri Frostason<\/p>\n","protected":false},"excerpt":{"rendered":"<p>Members Dmitrii Razinkov, Postdoctoral Fellow Ira Volkova, PhD Student Berglind R\u00fanarsd\u00f3ttir, MS Student Former Group members Thiago Valdares de Oliveira Dmitrii Razinkov, PhD 2024 Hilmir G. Gu\u00f0j\u00f3nsson, MS 2024 Angel Andres Castro Ruiz, PhD 2023 Norbert Bed\u00f6, MS 2022 Lindsey &hellip; <a href=\"https:\/\/uni.hi.is\/sgsuman\/group-members\/\">Halda \u00e1fram a\u00f0 lesa <span class=\"meta-nav\">&rarr;<\/span><\/a><\/p>\n","protected":false},"author":1186,"featured_media":0,"parent":0,"menu_order":0,"comment_status":"closed","ping_status":"closed","template":"","meta":{"footnotes":""},"class_list":["post-83","page","type-page","status-publish","hentry"],"_links":{"self":[{"href":"https:\/\/uni.hi.is\/sgsuman\/wp-json\/wp\/v2\/pages\/83","targetHints":{"allow":["GET"]}}],"collection":[{"href":"https:\/\/uni.hi.is\/sgsuman\/wp-json\/wp\/v2\/pages"}],"about":[{"href":"https:\/\/uni.hi.is\/sgsuman\/wp-json\/wp\/v2\/types\/page"}],"author":[{"embeddable":true,"href":"https:\/\/uni.hi.is\/sgsuman\/wp-json\/wp\/v2\/users\/1186"}],"replies":[{"embeddable":true,"href":"https:\/\/uni.hi.is\/sgsuman\/wp-json\/wp\/v2\/comments?post=83"}],"version-history":[{"count":39,"href":"https:\/\/uni.hi.is\/sgsuman\/wp-json\/wp\/v2\/pages\/83\/revisions"}],"predecessor-version":[{"id":378,"href":"https:\/\/uni.hi.is\/sgsuman\/wp-json\/wp\/v2\/pages\/83\/revisions\/378"}],"wp:attachment":[{"href":"https:\/\/uni.hi.is\/sgsuman\/wp-json\/wp\/v2\/media?parent=83"}],"curies":[{"name":"wp","href":"https:\/\/api.w.org\/{rel}","templated":true}]}}