{"id":2,"date":"2010-05-12T15:41:53","date_gmt":"2010-05-12T15:41:53","guid":{"rendered":""},"modified":"2017-07-21T14:25:15","modified_gmt":"2017-07-21T14:25:15","slug":"about","status":"publish","type":"page","link":"https:\/\/uni.hi.is\/sigmg\/is\/","title":{"rendered":"Heim"},"content":{"rendered":"<p><strong><a href=\"http:\/\/uni.hi.is\/sigmg\/files\/2010\/05\/SMG_photo.jpg\"><img loading=\"lazy\" decoding=\"async\" class=\"alignleft size-thumbnail wp-image-41\" style=\"margin: 2px 6px 2px 6px\" title=\"SMG_photo\" src=\"http:\/\/uni.hi.is\/sigmg\/files\/2010\/05\/SMG_photo-150x150.jpg\" alt=\"\" width=\"150\" height=\"150\" \/><\/a><\/strong><\/p>\n<p><strong>Sigur\u00f0ur Magn\u00fas Gar\u00f0arsson Ph.D.<br \/>\n<\/strong>Forseti Verkfr\u00e6\u00f0i- og n\u00e1tt\u00faruv\u00edsindasvi\u00f0s<br \/>\nPr\u00f3fessor<br \/>\n(+354) 525 4659\u00a0 \/\u00a0 sigmg hja hi.is<\/p>\n<p><strong>Fr\u00e6\u00f0asvi\u00f0<\/strong><\/p>\n<p style=\"padding-left: 30px\">Umhverfisverkfr\u00e6\u00f0i, straumfr\u00e6\u00f0i, endurn\u00fdjanleg orka, vatnsaflsvirkjanir, vatnafr\u00e6\u00f0i, neysluvatnsg\u00e6\u00f0i, og reiknileg straumfr\u00e6\u00f0i<\/p>\n<p><strong>N\u00e1msferill<\/strong><\/p>\n<p style=\"padding-left: 30px\">Ph.D., Civil Engineering, University of Washington, 1997<br \/>\nM.Sc., Applied Mathematics, University of Washington, 1995<br \/>\nM.Sc., Civil Engineering, University of Washington, 1993<br \/>\nC.S., Lokapr\u00f3f \u00ed verkfr\u00e6\u00f0i, H\u00e1sk\u00f3li \u00cdslands, 1991<\/p>\n<p><strong>Starfsferill<\/strong><\/p>\n<div style=\"padding-left: 30px\">Forseti Verkfr\u00e6\u00f0i og n\u00e1tt\u00faruv\u00edsindasvi\u00f0s H\u00e1sk\u00f3la \u00cdslands, 2017-<br \/>\nPr\u00f3fessor. Umhverfis- og byggingarverkfr\u00e6\u00f0ideild, H\u00e1sk\u00f3li \u00cdslands, 2007-<br \/>\nForma\u00f0ur G\u00e6\u00f0anefndar H\u00e1sk\u00f3la \u00cdslands, 2015-<br \/>\nGestapr\u00f3fessor. Umhverfis- og byggingarverkfr\u00e6\u00f0id., Tufts University, USA, haust 2014<br \/>\nVaradeildarforseti. Umhverfis- og byggingarverkfr\u00e6\u00f0ideild, 2014-2017<br \/>\nDeildarforseti. Umhverfis- og byggingarverkfr\u00e6\u00f0ideild, 2008-2014<br \/>\nGestapr\u00f3fessor. Umhverfis- og byggingarverkfr., Uni. of Wasington, USA, haust 2010<br \/>\nSkorarforma\u00f0ur. Umhverfis- og byggingarverkfr\u00e6\u00f0iskor, 2007-2008<br \/>\nA\u00f0sto\u00f0arskorarforma\u00f0ur. Umhverfis- og byggingarverkfr\u00e6\u00f0iskor, 2005-2007<br \/>\nGestad\u00f3sent, Institute of Envir. and Resources, Technical Uni. of Denmark, vor 2006<br \/>\nD\u00f3sent. Umhverfis- og byggingarverkfr\u00e6\u00f0iskor, H\u00e1sk\u00f3li \u00cdslands, 2003-2006<br \/>\nVerkfr\u00e6\u00f0ingur. Verkfr\u00e6\u00f0istofa Sigur\u00f0ar Thoroddsen, 2000-2003<br \/>\nSenior Project Engineer. WEST Consultants, Inc., Seattle, USA, 1997-2000<\/p>\n<\/div>\n<div style=\"padding-left: 30px\"><\/div>\n<div style=\"padding-left: 30px\"><\/div>\n<p><\/p>","protected":false},"excerpt":{"rendered":"<p>Sigur\u00f0ur Magn\u00fas Gar\u00f0arsson Ph.D. Forseti Verkfr\u00e6\u00f0i- og n\u00e1tt\u00faruv\u00edsindasvi\u00f0s Pr\u00f3fessor (+354) 525 4659\u00a0 \/\u00a0 sigmg hja hi.is Fr\u00e6\u00f0asvi\u00f0 Umhverfisverkfr\u00e6\u00f0i, straumfr\u00e6\u00f0i, endurn\u00fdjanleg orka, vatnsaflsvirkjanir, vatnafr\u00e6\u00f0i, neysluvatnsg\u00e6\u00f0i, og reiknileg straumfr\u00e6\u00f0i N\u00e1msferill Ph.D., Civil Engineering, University of Washington, 1997 M.Sc., Applied Mathematics, University of Washington, 1995 M.Sc., Civil Engineering, University of Washington, 1993 C.S., Lokapr\u00f3f \u00ed verkfr\u00e6\u00f0i, H\u00e1sk\u00f3li \u00cdslands, [&hellip;]<\/p>\n","protected":false},"author":131,"featured_media":0,"parent":0,"menu_order":0,"comment_status":"closed","ping_status":"closed","template":"","meta":{"footnotes":""},"class_list":["post-2","page","type-page","status-publish","hentry"],"_links":{"self":[{"href":"https:\/\/uni.hi.is\/sigmg\/is\/wp-json\/wp\/v2\/pages\/2","targetHints":{"allow":["GET"]}}],"collection":[{"href":"https:\/\/uni.hi.is\/sigmg\/is\/wp-json\/wp\/v2\/pages"}],"about":[{"href":"https:\/\/uni.hi.is\/sigmg\/is\/wp-json\/wp\/v2\/types\/page"}],"author":[{"embeddable":true,"href":"https:\/\/uni.hi.is\/sigmg\/is\/wp-json\/wp\/v2\/users\/131"}],"replies":[{"embeddable":true,"href":"https:\/\/uni.hi.is\/sigmg\/is\/wp-json\/wp\/v2\/comments?post=2"}],"version-history":[{"count":82,"href":"https:\/\/uni.hi.is\/sigmg\/is\/wp-json\/wp\/v2\/pages\/2\/revisions"}],"predecessor-version":[{"id":369,"href":"https:\/\/uni.hi.is\/sigmg\/is\/wp-json\/wp\/v2\/pages\/2\/revisions\/369"}],"wp:attachment":[{"href":"https:\/\/uni.hi.is\/sigmg\/is\/wp-json\/wp\/v2\/media?parent=2"}],"curies":[{"name":"wp","href":"https:\/\/api.w.org\/{rel}","templated":true}]}}