{"id":47,"date":"2010-07-05T18:56:11","date_gmt":"2010-07-05T18:56:11","guid":{"rendered":"http:\/\/uni.hi.is\/sigmg\/?page_id=47"},"modified":"2018-07-06T11:39:22","modified_gmt":"2018-07-06T11:39:22","slug":"research","status":"publish","type":"page","link":"https:\/\/uni.hi.is\/sigmg\/is\/research\/","title":{"rendered":"Ranns\u00f3knir"},"content":{"rendered":"<p><strong>Ranns\u00f3knarh\u00f3pur \u00ed umhverfisstraumfr\u00e6\u00f0i <\/strong><\/p>\n<p>Ranns\u00f3knir undir stj\u00f3rn Sigur\u00f0ar Magn\u00fasar beinast a\u00f0 verkefnum \u00ed umhverfisstraumfr\u00e6\u00f0i (Environmental Fluid Dynamics).\u00a0 \u00c1herslusvi\u00f0 eru samspil v\u00f6kva og lofts vi\u00f0 umhverfi\u00f0 me\u00f0 \u00e1herslu \u00e1 hagn\u00fdtingu \u00ed straumfr\u00e6\u00f0ilegri h\u00f6nnun, og g\u00e6\u00f0i vatns.\u00a0 Ranns\u00f3knirnar eru fr\u00e6\u00f0ilegar, t\u00f6lvuhermanir, og m\u00e6lingar ger\u00f0ar \u00ed m\u00f6rkinni.<\/p>\n<p>Ni\u00f0urst\u00f6\u00f0ur ranns\u00f3kna eru birtar \u00ed <a title=\"Publications\" href=\"http:\/\/uni.hi.is\/sigmg\/is\/publications\/\">greinum<\/a>.<\/p>\n<p>Sigur\u00f0ur Magn\u00fas lei\u00f0ir ranns\u00f3knarklasann <a href=\"http:\/\/georg.cluster.is\/\">GEORG<\/a> (GEOthermal Research Group) sem hlaut <a href=\"https:\/\/www.rannis.is\/sjodir\/rannsoknir\/markaaetlun\/\">styrk<\/a> V\u00edsinda- og t\u00e6knir\u00e1\u00f0s 2009-2015. GEORG starfar n\u00fa sj\u00e1lfst\u00e6tt me\u00f0 fimm starfsmenn og er Sigur\u00f0ur Magn\u00fas stj\u00f3rnarforma\u00f0ur. GEORG er a\u00f0 skipuleggja <a href=\"https:\/\/geothermalworkshop.com\/program\/\">GEORG Geothermal Workshop 2018<\/a> \u00ed n\u00f3vember.<\/p>\n<p>Ranns\u00f3knarumsvif Vatnaverkfr\u00e6\u00f0istofu innan Verkfr\u00e6\u00f0istofnunnar m\u00e1 finna <a title=\"Vatnaverkfr\u00e6\u00f0istofa\" href=\"https:\/\/www.hi.is\/node\/307480\">h\u00e9r<\/a>.<\/p>\n<p><strong>N\u00faverandi nemendur \u00ed ranns\u00f3knarn\u00e1mi<\/strong><\/p>\n<ol>\n<li>Darri Ey\u00fe\u00f3rsson, doktorsnemi. Vinnutitill: Predictability of short term to seasonal ablation in different heterogeneous snow impacted catchments<\/li>\n<li>Andri Gunnarsson, doktorsnemi. Vinnutitill: Snow surface energy exchanges and snowmelt in Icelandic highlands<\/li>\n<li>Morgane Celine Priet-Mah\u00e9o, doktorsnemi (\u00ed doktorsnefnd). \u00a0Vinnutitill:\u00a0 Environmental research in Lake Lagarfljot<\/li>\n<li>Lahcen Bouhlali, doktorsnemi, H\u00e1sk\u00f3linn i Reykjav\u00edk (\u00ed doktorsnefnd). Vinnutitill: Lagrangian Dynamics in Convective Turbulence<\/li>\n<\/ol>\n<p><strong><strong>\u00datskrifa\u00f0ir doktorsnemendur<\/strong><\/strong><\/p>\n<ol>\n<li>Elizabeth Anne Unger, Ph.D. 2018 (\u00ed doktorsnefnd). \u00a0Titill: Renewable and Conventional Energy Sources, Cross-Border Interactions, and Electricity Prices within the Nord Pool Market. Elisabeth vinnur hj\u00e1 EOM Offshore LLC \u00ed USA<\/li>\n<li>Irina Kampel, University of Vienna, Ph.D. 2017 (\u00ed doktorsnefnd). \u00a0Titill: Vortex induced hydrodynamic impact upstream of sluice gates. Irina vinnur sem umhverfisverkfr\u00e6\u00f0ingur \u00ed Salzburg, Austurr\u00edk\u00ed<\/li>\n<li>Snj\u00f3laug \u00d3lafsd\u00f3ttir, Ph.D. 2014 (a\u00f0allei\u00f0beinandi).\u00a0 Titill: The Fate of Hydrogen Sulfide from Geothermal Power Plants in Iceland.\u00a0\u00a0Styrkt af\u00a0Landsvirkjun og Orkuveitu Reykjavikur. Snj\u00f3laug er eigandi Andr\u00fdmi R\u00e1\u00f0gjafar.<\/li>\n<li>Mar\u00eda J. Gunnarsd\u00f3ttir, Ph.D. 2012 (a\u00f0allei\u00f0beinandi). \u00a0Titill:\u00a0Water Safety Planning and safety of drinking water.\u00a0\u00a0Styrkt af Orkuranns\u00f3knasj\u00f3\u00f0 Orkuveitu Reykjav\u00edkur. Mar\u00eda vinnur sem s\u00e9rfr\u00e6\u00f0ingur \u00ed vatnsg\u00e6\u00f0um hj\u00e1 H\u00e1sk\u00f3la \u00cdslands.<\/li>\n<\/ol>\n<p><strong>\u00datskrifa\u00f0ir meistaranemendur<\/strong><\/p>\n<ol>\n<li>Sturla Sigur\u00f0arsson, M.Sc., 2017. Titill: Tengsl ni\u00f0urgangstilfella vi\u00f0 fr\u00e1vik \u00ed vatnsveitum og mikla \u00farkomu. Sturla vinnur hj\u00e1 Verkfr\u00e6\u00f0istofu Bjarna Vi\u00f0arssonar.<\/li>\n<li>Sidney Marschollek, M.Sc., 2017. Titill: Discharge Modelling of the Tungna\u00e1 River in Iceland using the Hype Model. Sidney vinnur hj\u00e1 Capgemini, \u00de\u00fdskalandi.<\/li>\n<li>Sn\u00e6varr \u00d6rn Georgsson, M.Sc., 2016. Titill: Samspil grunnvatns og rennsli Tungna\u00e1r. Sn\u00e6varr vinnur hj\u00e1 EFLU.<\/li>\n<li>Urbanus Kioko Mbithi, M.Sc., 2016. Titill: Interpretation of Feedzones to Map Sub-surface Permeability Structures and Natural State Simulation: A Case Study of Olkaria Domes Geothermal System in Kenya. Urbanus vinnur hj\u00e1 Kenya Electricity Generating Company Ltd (Kengen).<\/li>\n<li>Sveinn Gauti Einarsson, M.Sc., 2016. Titill: Feasibility of a wind farm at Sandv\u00edkurhei\u00f0i. Sveinn er sj\u00e1lfst\u00e6tt starfandi.<\/li>\n<li>Darri Ey\u00fe\u00f3rsson, M.Sc., 2015. Titill: Development of a multivariable ablation forecasting model for Br\u00faarj\u00f6kull in South East Iceland. Darri er \u00ed doktorsn\u00e1mi \u00ed H\u00e1sk\u00f3la \u00cdslands.<\/li>\n<li>Reynir \u00d3li \u00deorsteinsson, M.Sc., 2015. Titill: Improving spring melt calc. of surface runoff in the Upper \u00dej\u00f3rs\u00e1 River using measured snow accumulation. Reynir vinnur hj\u00e1 Vegager\u00f0inni.<\/li>\n<li>Bjarki \u00d3marsson, M.Sc., 2015. Titill: Ebb Shoal Water Depth at Hornafj\u00f6r\u00f0ur Tidal Inlet with Respect to Sediment Transport.\u00a0 Bjarki vinnur hj\u00e1 Vegager\u00f0inni.<\/li>\n<li>\u00c1sbj\u00f6rn Egilsson, M.Sc., 2015. Titill: Frumathugun \u00e1 virkjun M\u00fala\u00e1r \u00ed Gilsfir\u00f0i.\u00a0 \u00c1sbj\u00f6rn vinnur hj\u00e1 EFLU.<\/li>\n<li>Seyedeh Masoumeh Safavi, M.Sc., 2015 (co-advisor). Titill: Enhanced methane production using pulsed electric field pre-treatment. Seyedeh er hj\u00e1 DTU.<\/li>\n<li>Halla Brynd\u00eds J\u00f3nsd\u00f3ttir, M.Sc., 2014. Titill: Hermun frambur\u00f0ar \u00ed inntaksl\u00f3ni Lax\u00e1rvirkjana.<\/li>\n<li>Birta Krist\u00edn Helgad\u00f3ttir, M.Sc., 2014. Titill: \u00a0Possible impacts of climate change on the wind energy potential in B\u00farfell. Styrkt af Landsvirkjun.\u00a0 Birta vinnur hj\u00e1 EFLU.<\/li>\n<li>\u00d3lafur Birgir Dav\u00ed\u00f0sson, M.Sc., 2014 (co-advisor). Titill: Bayesian Flood Frequency Analysis using Monthly Maxima.\u00a0 \u00d3lafur vinnur hj\u00e1 DeCode.<\/li>\n<li>Kjartan El\u00edasson, M.Sc., 2014 (co-advisor).\u00a0 Titill: \u00a0Mapping Evaluation of the Future Arctic. Implications for Iceland. Kjartan vinnur hj\u00e1 Faxafl\u00f3ah\u00f6fnum.<\/li>\n<li>Helgi Sigur\u00f0arson, M.Sc., 2014 (co-advisor).\u00a0 Titill: \u00a0Bayesian Generalized Rating Curves. \u00a0Styrkt af ranns\u00f3knarsj\u00f3\u00f0. Helgi er doktorsnemi vi\u00f0 H\u00e1sk\u00f3la \u00cdslands.<\/li>\n<li>Kevin Franke, M.Sc., 2013.\u00a0 Titill: Investigation of the complex flow in high energy spillways by means of computational modelling and experiments.\u00a0 Styrkt af\u00a0Landsvirkjun.\u00a0 Kevin vinnur hj\u00e1 MWH Global, UK.<\/li>\n<li>G\u00edsli Steinn P\u00e9tursson, M.Sc., 2013.\u00a0 Titill: Model Investigation of a Low Froude number Roller Bucket at Urri\u00f0afoss HEP.\u00a0 Unni\u00f0 me\u00f0 og styrkt af Landsvirkjun.\u00a0 G\u00edsli Steinn vinnur hj\u00e1 Vatnaskil.<\/li>\n<li>\u00c1g\u00fast Gu\u00f0mundsson, M.Sc., 2013.\u00a0 Titill: Model Investigations of a Juvenile Fish Bypass System at Urri\u00f0afoss HEP.\u00a0 Unni\u00f0 me\u00f0 og styrkt af Landsvirkjun.\u00a0 \u00c1g\u00fast vinnur hj\u00e1 Vatnaskil.<\/li>\n<li>Anna Hei\u00f0ur Eyd\u00edsard\u00f3ttir, M.Sc., 2013 (me\u00f0lei\u00f0beinandi).\u00a0 Titill: Relating measured physical roughness of hydropower waterways to hydraulic roughness.\u00a0 Anna Hei\u00f0ur vinnur hj\u00e1 EFLU.<\/li>\n<li>Magn\u00fas Bernhard G\u00edslason, M.Sc., 2012 (me\u00f0lei\u00f0beinandi).\u00a0 Titill: Straumfr\u00e6\u00f0ileg hermun j\u00f6kulhlaups ni\u00f0ur su\u00f0urhl\u00ed\u00f0ar Eyjafjallaj\u00f6kuls \u00ed apr\u00edl 2010: \u00c1kv\u00f6r\u00f0un Manningsstu\u00f0ull.\u00a0 Magn\u00fas vinnur hj\u00e1 Hagstofu \u00cdslands.<\/li>\n<li>Andri Gunnarsson, M.Sc., 2012.\u00a0 Titill: Physical Model Investigation on the Hvammur HEP Spillway.\u00a0 Unni\u00f0 me\u00f0 og styrkt af Landsvirkjun.\u00a0 Andri vinnur hj\u00e1 Landsvirkjun.<\/li>\n<li>Helgi Gunnar Gunnarsson, M.Sc., 2012.\u00a0 Titill: \u00d6ldureiknil\u00edkan fyrir str\u00f6nd Akraness og Akranesh\u00f6fn.\u00a0 Unni\u00f0 me\u00f0 Siglingastofnun.\u00a0 Helgi vinnur hj\u00e1 Vatnaskil.<\/li>\n<li>Tinna \u00de\u00f3rarinsd\u00f3ttir, M.Sc., 2012.\u00a0 Titill: Development of a methodology for estimation of Technical Hydropower potential in Iceland using high resolution Hydrological Modeling.\u00a0 Unni\u00f0 me\u00f0 og styrkt af Ve\u00f0urstofu \u00cdslands. Tinna vinnur \u00e1 Ve\u00f0urstofu \u00cdslands.<\/li>\n<li>Fjalarr P\u00e1ll M\u00e1nason, M.Sc., 2012, (me\u00f0lei\u00f0beinandi).\u00a0 Titill: Bayesian flood analysis with added uncertainty in extreme discharge measurements. Fjalarr vinnur hj\u00e1 Mannvit.<\/li>\n<li>Fannar G\u00edslason, M.Sc., 2011. \u00a0Titill:\u00a0Sediment transport modelling along the South Coast of Iceland. Unni\u00f0 me\u00f0 og styrkt af Siglingastofnun.\u00a0\u00a0Unni\u00f0 me\u00f0 Siglingastofnun.\u00a0 Fannar vinnur hj\u00e1 Siglingastofnun.<\/li>\n<li>Kristinn M\u00e1r Ingimarsson, M.Sc., 2009, (me\u00f0lei\u00f0beinandi). \u00a0Titill:\u00a0Discharge Rating Curves Using Bayesian Statistics. \u00a0Unni\u00f0 \u00ed samvinnu vi\u00f0 Ve\u00f0urstofu \u00cdslands. \u00a0Kristinn vinnur hj\u00e1 Alcoa.<\/li>\n<li>Charles Ruesch, M.Sc., 2007 (\u00fatskrifa\u00f0ist fr\u00e1 Institut National des Sciences Appliqu\u00e9es de Lyon, Lyon, France) . \u00a0Titill:\u00a0K\u00e1rahnj\u00fakar Hydropower Project. H\u00e1lsl\u00f3n Reservoir: Influence of Sedimentation and Climate Change on Electricity Production during the next 100 years. \u00a0Unni\u00f0 \u00ed samvinnu vi\u00f0 Landsvirkjun.<\/li>\n<li>Eir\u00edkur G\u00edslason, M.Sc., 2007. \u00a0Titill:\u00a0Assessing avalanche hazard in ski areas with the SAMOS 2D snow avalanche model. \u00a0Unni\u00f0 me\u00f0 og styrkt af Ve\u00f0urstofu \u00cdslands. Eir\u00edkur vinnur hj\u00e1 Ve\u00f0urstofu \u00cdslands.<\/li>\n<li>Snj\u00f3laug \u00d3lafsd\u00f3ttir, M.Sc., 2007. \u00a0Titill:\u00a0Modeling of hydrogen sulfide concentration in Reykjavik City due to emissions from geothermal power plants. \u00a0Unni\u00f0 \u00ed samvinnu vi\u00f0 Umhverfissvi\u00f0 Reykjav\u00edkurborg og Umhverfisstofnun. \u00a0Styrkt af Umhverfissvi\u00f0i Reykjav\u00edkurborgar.\u00a0 Snj\u00f3laug er doktorsnemi vi\u00f0 Umhverfis- og byggingarverkfr\u00e6\u00f0i vi\u00f0 H\u00cd.<\/li>\n<li>Sveinbj\u00f6rn J\u00f3nsson, M.Sc., 2007. \u00a0Titill:\u00a0Fl\u00f3\u00f0rakning me\u00f0 takm\u00f6rku\u00f0um g\u00f6gnum. \u00a0Unni\u00f0 \u00ed samvinnu vi\u00f0 Vatnam\u00e6lingar. Sveinbj\u00f6rn vinnur hj\u00e1 Samskip.<\/li>\n<li>Mar\u00eda Stef\u00e1nsd\u00f3ttir, M.Sc., 2006 (\u00fatskrifa\u00f0ist fr\u00e1 University of Washington, USA). \u00a0Titill:\u00a0A simulation of the 9500 year glacial sediment delivery and deposition history of Lake Lagarfljot. \u00a0Unni\u00f0 \u00ed samvinnu vi\u00f0 University of Washington. \u00a0Mar\u00eda vinnur hj\u00e1 Mannvit.<\/li>\n<li>Mar\u00eda J. Gunnarsd\u00f3ttir, M.Sc., 2005. \u00a0Titill:\u00a0Neysluvatnsg\u00e6\u00f0i og vatnsvernd. \u00a0Unni\u00f0 \u00ed samvinnu vi\u00f0 Orkuveitu Reykjav\u00edkur. \u00a0Styrkt af Samorku.\u00a0 Mar\u00eda er n\u00fddoktor vi\u00f0 Umhverfis- og byggingarverkfr\u00e6\u00f0i vi\u00f0 H\u00cd.<\/li>\n<li>Reynir S\u00e6varsson, M.Sc., 2004. \u00a0Titill:\u00a0Greining \u00e1 Skerjafjar\u00f0arveitu. \u00a0Unni\u00f0 \u00ed samvinnu vi\u00f0 Orkuveitu Reykjav\u00edkur. \u00a0Styrkt af Fr\u00e1veitu Reykjav\u00edkur. \u00a0Reynir vinnur hj\u00e1 EFLU.<\/li>\n<\/ol>\n<p><\/p>","protected":false},"excerpt":{"rendered":"<p>Ranns\u00f3knarh\u00f3pur \u00ed umhverfisstraumfr\u00e6\u00f0i Ranns\u00f3knir undir stj\u00f3rn Sigur\u00f0ar Magn\u00fasar beinast a\u00f0 verkefnum \u00ed umhverfisstraumfr\u00e6\u00f0i (Environmental Fluid Dynamics).\u00a0 \u00c1herslusvi\u00f0 eru samspil v\u00f6kva og lofts vi\u00f0 umhverfi\u00f0 me\u00f0 \u00e1herslu \u00e1 hagn\u00fdtingu \u00ed straumfr\u00e6\u00f0ilegri h\u00f6nnun, og g\u00e6\u00f0i vatns.\u00a0 Ranns\u00f3knirnar eru fr\u00e6\u00f0ilegar, t\u00f6lvuhermanir, og m\u00e6lingar ger\u00f0ar \u00ed m\u00f6rkinni. Ni\u00f0urst\u00f6\u00f0ur ranns\u00f3kna eru birtar \u00ed greinum. Sigur\u00f0ur Magn\u00fas lei\u00f0ir ranns\u00f3knarklasann GEORG (GEOthermal [&hellip;]<\/p>\n","protected":false},"author":131,"featured_media":0,"parent":0,"menu_order":0,"comment_status":"closed","ping_status":"closed","template":"","meta":{"footnotes":""},"class_list":["post-47","page","type-page","status-publish","hentry"],"_links":{"self":[{"href":"https:\/\/uni.hi.is\/sigmg\/is\/wp-json\/wp\/v2\/pages\/47","targetHints":{"allow":["GET"]}}],"collection":[{"href":"https:\/\/uni.hi.is\/sigmg\/is\/wp-json\/wp\/v2\/pages"}],"about":[{"href":"https:\/\/uni.hi.is\/sigmg\/is\/wp-json\/wp\/v2\/types\/page"}],"author":[{"embeddable":true,"href":"https:\/\/uni.hi.is\/sigmg\/is\/wp-json\/wp\/v2\/users\/131"}],"replies":[{"embeddable":true,"href":"https:\/\/uni.hi.is\/sigmg\/is\/wp-json\/wp\/v2\/comments?post=47"}],"version-history":[{"count":97,"href":"https:\/\/uni.hi.is\/sigmg\/is\/wp-json\/wp\/v2\/pages\/47\/revisions"}],"predecessor-version":[{"id":395,"href":"https:\/\/uni.hi.is\/sigmg\/is\/wp-json\/wp\/v2\/pages\/47\/revisions\/395"}],"wp:attachment":[{"href":"https:\/\/uni.hi.is\/sigmg\/is\/wp-json\/wp\/v2\/media?parent=47"}],"curies":[{"name":"wp","href":"https:\/\/api.w.org\/{rel}","templated":true}]}}